{"id":13215,"date":"2022-10-11T16:42:26","date_gmt":"2022-10-11T14:42:26","guid":{"rendered":"http:\/\/tyditiao.com\/product\/mascara-aramid-ballistic-eadrom-masc-aghaidh-iomlan-le-bulletproof-nij-iiia\/"},"modified":"2026-01-26T09:19:25","modified_gmt":"2026-01-26T07:19:25","slug":"masc-ballistic-aramid-nij-iiia-aghaidh-lan-aghaidh-oirbheartaioch-bulletproof-masc","status":"publish","type":"product","link":"https:\/\/tyditiao.com\/ga\/product\/masc-ballistic-aramid-nij-iiia-aghaidh-lan-aghaidh-oirbheartaioch-bulletproof-masc\/","title":{"rendered":"mascara aramid ballistic \u00e9adrom, masc aghaidh ioml\u00e1n le bulletproof NIJ IIIA"},"content":{"rendered":"<p>Me\u00e1chan: 0.85 kg<\/p>\n<p>\u00c1bhar: Aramid<\/p>\n<p>Ti\u00fas: aramid 8mm tiubh agus sciath 1mm<\/p>\n<p>Aicme cosanta: NIJ 0101.06 leibh\u00e9al IIIA<\/p>\n<p>M\u00e9id: Oireann m\u00e9id amh\u00e1in do ch\u00e1ch<\/p>\n<p>Bail\u00edocht: 5 bliana<\/p>\n<p>C\u00e1sanna is infheidhme: cosaint t\u00ed, sl\u00e1nd\u00e1il, trealamh p\u00f3il\u00edneachta, comhraic iarbh\u00edr, cosplay<\/p>\n<p>Seirbh\u00eds OEM \/ ODM ar f\u00e1il arna iarraidh sin<\/p>\n<p>Liosta Pac\u00e1la: 1X Masc Bulletproof Aghaidh Ioml\u00e1n<\/p>\n","protected":false},"excerpt":{"rendered":"<p>Cosna\u00edonn na r\u00e9ims\u00ed is t\u00e1bhachta\u00ed le me\u00e1chan \u00edosta: cl\u00fadach ioml\u00e1n ar aghaidh an duine f\u00e9in le haghaidh cion<\/p>\n<p>\u00c1bhar: D\u00e9anta as sn\u00e1ith\u00edn\u00ed \u00e9adroma chun cinn Kevlar at\u00e1 15 huaire n\u00edos l\u00e1idre n\u00e1 cruach chun bagairt urchair a \u00edoslaghd\u00fa<\/p>\n<p>Dearadh Eirgeanama\u00edochta Uath\u00fail: ceannbhanda n\u00edol\u00f3n inchoigeartaithe 6 phointe agus stu\u00e1il bhreise oiri\u00fanach d\u2019aon chruth cinn agus feabhsa\u00edtear compord caithimh<\/p>\n<p>\u00das\u00e1id\u00ed is infheidhme: cosaint baile, oili\u00faint allamuigh, garda\u00ed coirp, pearsanra at\u00e1 ag gabh\u00e1il d&#8217;oibr\u00edochta\u00ed cont\u00fairteacha i r\u00e9ims\u00ed coinbhleachta armtha eachtracha, m\u00edleata, cosplay, etc.<\/p>\n","protected":false},"featured_media":11641,"comment_status":"open","ping_status":"closed","template":"","meta":[],"product_brand":[],"product_cat":[589],"product_tag":[],"woo-feed-brand":[50],"class_list":{"0":"post-13215","1":"product","2":"type-product","3":"status-publish","4":"has-post-thumbnail","6":"product_cat-masc-ballistic","7":"product_shipping_class-0-3-kg-ga","8":"woo-feed-brand-tyditiao","10":"first","11":"instock","12":"sale","13":"shipping-taxable","14":"purchasable","15":"product-type-simple"},"_links":{"self":[{"href":"https:\/\/tyditiao.com\/ga\/wp-json\/wp\/v2\/product\/13215","targetHints":{"allow":["GET"]}}],"collection":[{"href":"https:\/\/tyditiao.com\/ga\/wp-json\/wp\/v2\/product"}],"about":[{"href":"https:\/\/tyditiao.com\/ga\/wp-json\/wp\/v2\/types\/product"}],"replies":[{"embeddable":true,"href":"https:\/\/tyditiao.com\/ga\/wp-json\/wp\/v2\/comments?post=13215"}],"wp:featuredmedia":[{"embeddable":true,"href":"https:\/\/tyditiao.com\/ga\/wp-json\/wp\/v2\/media\/11641"}],"wp:attachment":[{"href":"https:\/\/tyditiao.com\/ga\/wp-json\/wp\/v2\/media?parent=13215"}],"wp:term":[{"taxonomy":"product_brand","embeddable":true,"href":"https:\/\/tyditiao.com\/ga\/wp-json\/wp\/v2\/product_brand?post=13215"},{"taxonomy":"product_cat","embeddable":true,"href":"https:\/\/tyditiao.com\/ga\/wp-json\/wp\/v2\/product_cat?post=13215"},{"taxonomy":"product_tag","embeddable":true,"href":"https:\/\/tyditiao.com\/ga\/wp-json\/wp\/v2\/product_tag?post=13215"},{"taxonomy":"woo-feed-brand","embeddable":true,"href":"https:\/\/tyditiao.com\/ga\/wp-json\/wp\/v2\/woo-feed-brand?post=13215"}],"curies":[{"name":"wp","href":"https:\/\/api.w.org\/{rel}","templated":true}]}}