{"id":13316,"date":"2023-03-05T03:25:17","date_gmt":"2023-05-22T13:54:33","guid":{"rendered":"http:\/\/tyditiao.com\/product\/clogad-oirbheartaiochta-wendy-3a-clogad-pleascadh-cruthunas-forsa-speisialta-eadrom-meid-speisialta-dath-saincheaptha-nasc-ceannaigh-tiomnaithe\/"},"modified":"2023-05-22T15:54:33","modified_gmt":"2023-05-22T13:54:33","slug":"wendy-oirbheartaiochta-helm-forsai-solais-speisialta-3a-pleascadh-cruthunas-helm-speisialta-meid-custom-dath-tiomanta-nasc-cheannach","status":"publish","type":"product","link":"https:\/\/tyditiao.com\/ga\/product\/wendy-oirbheartaiochta-helm-forsai-solais-speisialta-3a-pleascadh-cruthunas-helm-speisialta-meid-custom-dath-tiomanta-nasc-cheannach\/","title":{"rendered":"clogad oirbhearta\u00edochta WENDY 3A clogad pl\u00e9ascadh-cruth\u00fanas f\u00f3rsa speisialta \u00e9adrom m\u00e9id speisialta dath saincheaptha nasc ceannaigh tiomnaithe"},"content":{"rendered":"<p><strong>Maidir le WENDY Bulletproof clogad M\u00e9id:<\/strong> Maidir leis an clogad f\u00f3rsa\u00ed speisialta WENDY bulletproof, n\u00ed m\u00f3r d\u00fainn a leanas m\u00e9id m\u00f3r agus m\u00fanla\u00ed a th\u00e1irgeadh m\u00e9id beag chun freastal ar \u00fas\u00e1ideoir\u00ed le riachtanais \u00e9ags\u00fala. Is gn\u00e1thmh\u00e9id \u00e9 M\u00e9id M a oireann don chuid is m\u00f3 daoine. M\u00e1 cheapann t\u00fa gur f\u00e9idir le m\u00e9id beag freastal n\u00edos fearr ar do chuid riachtanas f\u00e9in n\u00f3 do n\u00f3sanna caitheamh, roghnaigh m\u00e9id beag, ar shl\u00ed eile roghnaigh m\u00e9id m\u00f3r.<\/p>\n<p><strong>Maidir le dath clogad urchair WENDY:<\/strong> Is iad na dathanna a dh\u00e9anaimid ollt\u00e1irgeadh go pr\u00edomha dubh, donn \u00e9adrom agus glas. Ach ag an am c\u00e9anna, t\u00e1 an cumas againn aon dath n\u00f3 patr\u00fain duaithn\u00edochta \u00e9ags\u00fala a theasta\u00edonn \u00f3 chustaim\u00e9ir\u00ed a th\u00e1irgeadh, mar shampla duaithn\u00edocht coillearnach, duaithn\u00edocht jungle, duaithn\u00edocht fh\u00e1sach, duaithn\u00edocht mara, duaithn\u00edocht uirbeach, etc. M\u00e1 t\u00e1 s\u00e9 beartaithe agat n\u00edos m\u00f3 n\u00e1 10 clogad a ord\u00fa. , d\u00e9an teagmh\u00e1il linn, gheobhaidh t\u00fa an tseirbh\u00eds datha saincheaptha seo saor in aisce, ach seol chugainn an patr\u00fan dath at\u00e1 uait<\/p>\n<p><strong>WENDY Leibh\u00e9al Urchair Oirbhearta\u00edochta Clogaddh\u00edonta:<\/strong> 0101.06 Leibh\u00e9al Caighde\u00e1nach IIIA<\/p>\n<p>COM\u00d3RTAS LE CAITHEAMH: T\u00e1 l\u00edne\u00e1il repellent uisce ar mhaol\u00fa c\u00far Zorbium le sciath frithmhiocr\u00f3bach a chailleann taise chun t\u00fa a choinne\u00e1il fionnuar agus tirim.<\/p>\n<p>COigeart\u00fa EASY: C\u00f3ras ceangl\u00f3ir CAM FIT \u00e9adrom de ghr\u00e1d m\u00edleata le c\u00f3ras d\u00fanta BOA le haghaidh coigeart\u00fa sl\u00e1n aon-l\u00e1imhe le haghaidh feisti\u00fa beacht.<\/p>\n<p>EXPANDABLE: T\u00e1 an c\u00f3ras gl\u00e9asta Rail 2.0 comhoiri\u00fanach le gach gabh\u00e1lais EXFIL Rail 2.0. Ligeann an t-iarnr\u00f3d gl\u00e9asta gimbal inch\u00falaithe agus an l\u00faib\u00edn gimbal ar an forehead n\u00edos m\u00f3 f\u00e9idearthachta\u00ed a chruth\u00fa do Wendy.<\/p>\n<p>Chomh maith leis an ngn\u00e1thfhionra\u00ed, t\u00e1 tr\u00ed stu\u00e1il tionchair agus ocht n-eochaircheap inchoigeartaithe ar an gclogad le haghaidh an oiri\u00fanachta agus an chompord is fearr.<\/p>\n","protected":false},"excerpt":{"rendered":"<p>Maidir le WENDY Bulletproof clogad M\u00e9id: Maidir leis an clogad f\u00f3rsa\u00ed speisialta WENDY bulletproof, n\u00ed m\u00f3r d\u00fainn a leanas m\u00e9id&#8230;<\/p>\n","protected":false},"featured_media":10615,"comment_status":"open","ping_status":"closed","template":"","meta":[],"product_brand":[],"product_cat":[710,708,709],"product_tag":[],"woo-feed-brand":[],"class_list":{"0":"post-13316","1":"product","2":"type-product","3":"status-publish","4":"has-post-thumbnail","6":"product_cat-clogad-bulletproof","7":"product_cat-gan-catagoir","8":"product_cat-wendy-ga","10":"first","11":"instock","12":"sale","13":"shipping-taxable","14":"purchasable","15":"product-type-variable","16":"has-default-attributes"},"_links":{"self":[{"href":"https:\/\/tyditiao.com\/ga\/wp-json\/wp\/v2\/product\/13316","targetHints":{"allow":["GET"]}}],"collection":[{"href":"https:\/\/tyditiao.com\/ga\/wp-json\/wp\/v2\/product"}],"about":[{"href":"https:\/\/tyditiao.com\/ga\/wp-json\/wp\/v2\/types\/product"}],"replies":[{"embeddable":true,"href":"https:\/\/tyditiao.com\/ga\/wp-json\/wp\/v2\/comments?post=13316"}],"wp:featuredmedia":[{"embeddable":true,"href":"https:\/\/tyditiao.com\/ga\/wp-json\/wp\/v2\/media\/10615"}],"wp:attachment":[{"href":"https:\/\/tyditiao.com\/ga\/wp-json\/wp\/v2\/media?parent=13316"}],"wp:term":[{"taxonomy":"product_brand","embeddable":true,"href":"https:\/\/tyditiao.com\/ga\/wp-json\/wp\/v2\/product_brand?post=13316"},{"taxonomy":"product_cat","embeddable":true,"href":"https:\/\/tyditiao.com\/ga\/wp-json\/wp\/v2\/product_cat?post=13316"},{"taxonomy":"product_tag","embeddable":true,"href":"https:\/\/tyditiao.com\/ga\/wp-json\/wp\/v2\/product_tag?post=13316"},{"taxonomy":"woo-feed-brand","embeddable":true,"href":"https:\/\/tyditiao.com\/ga\/wp-json\/wp\/v2\/woo-feed-brand?post=13316"}],"curies":[{"name":"wp","href":"https:\/\/api.w.org\/{rel}","templated":true}]}}