{"id":13496,"date":"2023-03-05T03:22:19","date_gmt":"2023-05-22T14:00:40","guid":{"rendered":"http:\/\/tyditiao.com\/product\/clogad-ballistic-mich2000-clogad-ballistic-oirbheartaiochta-3a-meid-speisialta-dath-saincheaptha-nasc-ceannaithe-tiomnaithe\/"},"modified":"2023-05-22T16:00:40","modified_gmt":"2023-05-22T14:00:40","slug":"mich2000-bulletproof-clogaid-3a-oirbheartaiochta-ballistic-clogaid-speisialta-meid-saincheaptha-dath-tiomanta-nasc-cheannach","status":"publish","type":"product","link":"https:\/\/tyditiao.com\/ga\/product\/mich2000-bulletproof-clogaid-3a-oirbheartaiochta-ballistic-clogaid-speisialta-meid-saincheaptha-dath-tiomanta-nasc-cheannach\/","title":{"rendered":"Clogad Ballistic Mich2000, clogad Ballistic Oirbhearta\u00edochta 3A, M\u00e9id Speisialta, Dath Saincheaptha, Nasc Ceannaithe Tiomnaithe"},"content":{"rendered":"<p><strong>Maidir le Mich2000 m\u00e9id clogad:<\/strong> T\u00e1imid tar \u00e9is a chur leis m\u00fanla\u00ed a th\u00e1irgeadh beag agus m\u00f3r don Mich 3A clogad oirbhearta\u00edochta ballistic chun freastal ar \u00fas\u00e1ideoir\u00ed le riachtanais \u00e9ags\u00fala. Is m\u00e9id rialta \u00e9 M\u00e9id M agus oireann don chuid is m\u00f3 daoine. M\u00e1 cheapann t\u00fa gur f\u00e9idir leis an m\u00e9id beag freastal n\u00edos fearr ar do chuid riachtanas f\u00e9in n\u00f3 do n\u00f3sanna caitheamh, roghnaigh an m\u00e9id beag, ar shl\u00ed eile roghnaigh an m\u00e9id m\u00f3r.<\/p>\n<p><strong> Maidir leis an dath clogad bulletproof Mich2000:<\/strong> Mich 3A clogad bulletproof oirbhearta\u00edochta, a chuirimid ar f\u00e1il go pr\u00edomha tr\u00ed dathanna: dubh, donn \u00e9adrom agus glas. Ach ag an am c\u00e9anna, t\u00e1 an cumas againn aon dath n\u00f3 patr\u00fain duaithn\u00edochta \u00e9ags\u00fala a shonra\u00edonn custaim\u00e9ir\u00ed a th\u00e1irgeadh, mar shampla duaithn\u00edocht coillearnach, duaithn\u00edocht jungle, duaithn\u00edocht fh\u00e1sach, duaithn\u00edocht mara agus duaithn\u00edocht uirbeach, etc. M\u00e1 t\u00e1 s\u00e9 beartaithe agat n\u00edos m\u00f3 n\u00e1 10 gclogad a ord\u00fa , d\u00e9an teagmh\u00e1il linn, gheobhaidh t\u00fa an tseirbh\u00eds datha saincheaptha seo saor in aisce, ach seol chugainn an patr\u00fan dath at\u00e1 uait.<\/p>\n<p>MICH2000 clogad bulletproof clogad: 0101.06 leibh\u00e9al caighde\u00e1nach IIIA<\/p>\n<p>\u00c1bhar: High Tenacity Kevlar-Dupont Aramid Sn\u00e1ith\u00edn<\/p>\n<p>T\u00e1 achar dromchla cosanta n\u00edos m\u00f3 ag Clogad Ballistic MICH2000 agus dearadh \u00edseal-ghearrtha a chl\u00fada\u00edonn taobhanna an chinn n\u00edos fearr, rud a bheidh n\u00edos tairbh\u00ed mura bhfuil s\u00e9 beartaithe agat go leor gabh\u00e1lais a fheisti\u00fa.<\/p>\n<p>T\u00e1 c\u00f3ras ceangail ceithre phointe an clogad ballistic Mich2000 cos\u00fail leis an gcosaint agus na strapa\u00ed a fhaightear ar sc\u00e1t\u00e1la agus clogaid rothair.<\/p>\n","protected":false},"excerpt":{"rendered":"<p>Maidir le Mich2000 m\u00e9id clogad: T\u00e1imid tar \u00e9is a chur leis m\u00fanla\u00ed a th\u00e1irgeadh beag agus m\u00f3r don Mich 3A&#8230;<\/p>\n","protected":false},"featured_media":9209,"comment_status":"open","ping_status":"closed","template":"","meta":[],"product_brand":[],"product_cat":[710,800],"product_tag":[],"woo-feed-brand":[],"class_list":{"0":"post-13496","1":"product","2":"type-product","3":"status-publish","4":"has-post-thumbnail","6":"product_cat-clogad-bulletproof","7":"product_cat-mich2000-ga","9":"first","10":"instock","11":"sale","12":"shipping-taxable","13":"purchasable","14":"product-type-variable","15":"has-default-attributes"},"_links":{"self":[{"href":"https:\/\/tyditiao.com\/ga\/wp-json\/wp\/v2\/product\/13496","targetHints":{"allow":["GET"]}}],"collection":[{"href":"https:\/\/tyditiao.com\/ga\/wp-json\/wp\/v2\/product"}],"about":[{"href":"https:\/\/tyditiao.com\/ga\/wp-json\/wp\/v2\/types\/product"}],"replies":[{"embeddable":true,"href":"https:\/\/tyditiao.com\/ga\/wp-json\/wp\/v2\/comments?post=13496"}],"wp:featuredmedia":[{"embeddable":true,"href":"https:\/\/tyditiao.com\/ga\/wp-json\/wp\/v2\/media\/9209"}],"wp:attachment":[{"href":"https:\/\/tyditiao.com\/ga\/wp-json\/wp\/v2\/media?parent=13496"}],"wp:term":[{"taxonomy":"product_brand","embeddable":true,"href":"https:\/\/tyditiao.com\/ga\/wp-json\/wp\/v2\/product_brand?post=13496"},{"taxonomy":"product_cat","embeddable":true,"href":"https:\/\/tyditiao.com\/ga\/wp-json\/wp\/v2\/product_cat?post=13496"},{"taxonomy":"product_tag","embeddable":true,"href":"https:\/\/tyditiao.com\/ga\/wp-json\/wp\/v2\/product_tag?post=13496"},{"taxonomy":"woo-feed-brand","embeddable":true,"href":"https:\/\/tyditiao.com\/ga\/wp-json\/wp\/v2\/woo-feed-brand?post=13496"}],"curies":[{"name":"wp","href":"https:\/\/api.w.org\/{rel}","templated":true}]}}