{"id":13686,"date":"2023-03-05T03:17:44","date_gmt":"2023-05-22T14:06:42","guid":{"rendered":"http:\/\/tyditiao.com\/product\/clogad-bulletproof-fast-clogad-bulletproof-eadrom-nij-iiia-meid-speisialta-dath-saincheaptha-nasc-ceannaigh-speisialta\/"},"modified":"2023-05-22T16:06:42","modified_gmt":"2023-05-22T14:06:42","slug":"fast-helm-bulletproof-nij-iiia-eadrom-ballistic-helm-size-saincheaptha-dath-tiomanta-cheannach-nasc","status":"publish","type":"product","link":"https:\/\/tyditiao.com\/ga\/product\/fast-helm-bulletproof-nij-iiia-eadrom-ballistic-helm-size-saincheaptha-dath-tiomanta-cheannach-nasc\/","title":{"rendered":"clogad bulletproof FAST, clogad bulletproof \u00e9adrom NIJ IIIA, m\u00e9id speisialta, dath saincheaptha, nasc ceannaigh speisialta"},"content":{"rendered":"<p><strong> M\u00e9id clogad bulletproof FAST:<\/strong> T\u00e1imid tar \u00e9is a chur leis m\u00fanla\u00ed t\u00e1irgeachta beag agus m\u00f3r do FAST solas clogad bulletproof chun freastal ar \u00fas\u00e1ideoir\u00ed le riachtanais \u00e9ags\u00fala. Is m\u00e9id rialta \u00e9 M agus oireann s\u00e9 don chuid is m\u00f3 daoine. M\u00e1 cheapann t\u00fa gur f\u00e9idir leis an m\u00e9id beag freastal ar do chuid riachtanas n\u00f3 n\u00f3sanna caitheamh, roghnaigh an m\u00e9id S, ar shl\u00ed eile roghnaigh an m\u00e9id L.<\/p>\n<p><strong>Dathanna clogad bulletproof Solas Fast:<\/strong> Is iad na dathanna de Fast Light clogaid bulletproof a chuirimid ar f\u00e1il go pr\u00edomha dubh, \u00e9adrom donn agus glas. Ach ag an am c\u00e9anna, t\u00e1imid in ann dathanna at\u00e1 sonraithe ag custaim\u00e9ir\u00ed n\u00f3 patr\u00fain duaithn\u00edochta \u00e9ags\u00fala a dh\u00e9anamh, mar shampla duaithn\u00edocht foraoise, duaithn\u00edocht jungle, duaithn\u00edocht fh\u00e1sach, duaithn\u00edocht farraige agus duaithn\u00edocht uirbeach. M\u00e1 t\u00e1 s\u00e9 beartaithe agat n\u00edos m\u00f3 n\u00e1 10 gclogad a ord\u00fa, d\u00e9an teagmh\u00e1il linn, gheobhaidh t\u00fa an tseirbh\u00eds datha saincheaptha seo saor in aisce, n\u00edl ort ach an patr\u00fan dath at\u00e1 uait a sheoladh chugainn.<\/p>\n<p>Leibh\u00e9al clogad d\u00fabailte FAST bulletproof: 0101.06 leibh\u00e9al caighde\u00e1nach IIIA<\/p>\n<p>\u00c1bhar: High Tenacity Kevlar-Dupont Aramid Sn\u00e1ith\u00edn<\/p>\n<p>I gcompar\u00e1id le gn\u00e1thchlogaid mh\u00edleata, t\u00e1 clogaid FAST 25% n\u00edos \u00e9adroime. Leis an gc\u00f3ras fionra\u00ed clogad, is f\u00e9idir le h\u00fas\u00e1ideoir\u00ed tightness n\u00f3 tightness an clogad a choigeart\u00fa go h\u00e9asca le cas an chnaipe don chompord is fearr.<\/p>\n","protected":false},"excerpt":{"rendered":"<p>M\u00e9id clogad bulletproof FAST: T\u00e1imid tar \u00e9is a chur leis m\u00fanla\u00ed t\u00e1irgeachta beag agus m\u00f3r do FAST solas clogad bulletproof&#8230;<\/p>\n","protected":false},"featured_media":10273,"comment_status":"open","ping_status":"closed","template":"","meta":[],"product_brand":[],"product_cat":[710,819],"product_tag":[],"woo-feed-brand":[],"class_list":{"0":"post-13686","1":"product","2":"type-product","3":"status-publish","4":"has-post-thumbnail","6":"product_cat-clogad-bulletproof","7":"product_cat-fast-ga","9":"first","10":"instock","11":"sale","12":"shipping-taxable","13":"purchasable","14":"product-type-variable","15":"has-default-attributes"},"_links":{"self":[{"href":"https:\/\/tyditiao.com\/ga\/wp-json\/wp\/v2\/product\/13686","targetHints":{"allow":["GET"]}}],"collection":[{"href":"https:\/\/tyditiao.com\/ga\/wp-json\/wp\/v2\/product"}],"about":[{"href":"https:\/\/tyditiao.com\/ga\/wp-json\/wp\/v2\/types\/product"}],"replies":[{"embeddable":true,"href":"https:\/\/tyditiao.com\/ga\/wp-json\/wp\/v2\/comments?post=13686"}],"wp:featuredmedia":[{"embeddable":true,"href":"https:\/\/tyditiao.com\/ga\/wp-json\/wp\/v2\/media\/10273"}],"wp:attachment":[{"href":"https:\/\/tyditiao.com\/ga\/wp-json\/wp\/v2\/media?parent=13686"}],"wp:term":[{"taxonomy":"product_brand","embeddable":true,"href":"https:\/\/tyditiao.com\/ga\/wp-json\/wp\/v2\/product_brand?post=13686"},{"taxonomy":"product_cat","embeddable":true,"href":"https:\/\/tyditiao.com\/ga\/wp-json\/wp\/v2\/product_cat?post=13686"},{"taxonomy":"product_tag","embeddable":true,"href":"https:\/\/tyditiao.com\/ga\/wp-json\/wp\/v2\/product_tag?post=13686"},{"taxonomy":"woo-feed-brand","embeddable":true,"href":"https:\/\/tyditiao.com\/ga\/wp-json\/wp\/v2\/woo-feed-brand?post=13686"}],"curies":[{"name":"wp","href":"https:\/\/api.w.org\/{rel}","templated":true}]}}