{"id":13969,"date":"2022-10-21T05:22:48","date_gmt":"2023-05-22T15:53:11","guid":{"rendered":"http:\/\/tyditiao.com\/product\/cruach-bulletproof-nij-iii-5mm-2-6kg-bulletproof-ciche-250x300mm\/"},"modified":"2023-05-22T17:53:11","modified_gmt":"2023-05-22T15:53:11","slug":"bulletproof-cruach-nij-leibheal-iii-5mm-2-6kg-bustier-bulletproof-250x300mm","status":"publish","type":"product","link":"https:\/\/tyditiao.com\/ga\/product\/bulletproof-cruach-nij-leibheal-iii-5mm-2-6kg-bustier-bulletproof-250x300mm\/","title":{"rendered":"Cruach Bulletproof, NIJ III, 5MM, 2.6KG, Bulletproof C\u00edche, 250X300MM"},"content":{"rendered":"<p>Me\u00e1chan: 2.6 kg<br \/>\n\u00c1bhar: cruach bulletproof;<br \/>\nTi\u00fas: 5MM<br \/>\nAicme cosanta: rang NIJ III (GA5)<\/p>\n<p>M\u00e9id: 25cm * 30cm<br \/>\nCruth: Trapezoid (bord trapezoid le coirn\u00e9il chamfered)<\/p>\n<p>Liosta Pac\u00e1il:<br \/>\n1 x Pl\u00e1ta Bulletproof Trapezooidal.<\/p>\n<p>F\u00f3gra:<br \/>\nN\u00edl an veist fhrithchaiteach san \u00e1ireamh<\/p>\n<p>\u00das\u00e1ideoir\u00ed: cosaint teaghlaigh, pearsanra a bhaineann le riosca, cosaint airgeadra bainc, pearsanra m\u00edleata eachtrach, pearsanra coinbhleachta armtha eachtrach, pearsanra sl\u00e1nd\u00e1la, mairn\u00e9alach, garda\u00ed teorann, etc.<\/p>\n","protected":false},"excerpt":{"rendered":"<p>D\u00e9anta as pl\u00e1ta cruach bulletproof speisialta: an leibh\u00e9al c\u00e9anna cosanta, leis an leas a bhaint as a bheith tana\u00ed agus \u00e9adrom.<\/p>\n<p>Ciseal maol\u00e1nach: T\u00e1 sraith de eochaircheap cad\u00e1is EVA turraing-cruth\u00fanas taobh istigh de gach pl\u00e1ta bulletproof, is f\u00e9idir a laghd\u00fa go h\u00e9ifeachtach an tionchar ar an gcorp an duine tar \u00e9is a bhuam\u00e1il<\/p>\n<p>Dearadh \u00e1irse d\u00fabailte: D\u00e9anann iarn\u00e1il mheicni\u00fail ar thaobh cl\u00e9 agus ar dheis an bhoird de r\u00e9ir prionsabail eirgeanama\u00edochta, go n-oireann na himill \u00e1irse go foirfe don chorp<\/p>\n<p>Iarratas: Ar mhaithe le s\u00e1bh\u00e1ilteacht, bain \u00fas\u00e1id as \u00e9 le veisteanna oirbhearta\u00edochta, seaic\u00e9id, backpacks ballistic, arm\u00far coirp \u00e9ags\u00fala, etc.<\/p>\n","protected":false},"featured_media":11983,"comment_status":"open","ping_status":"closed","template":"","meta":[],"product_brand":[],"product_cat":[883],"product_tag":[],"woo-feed-brand":[50],"class_list":{"0":"post-13969","1":"product","2":"type-product","3":"status-publish","4":"has-post-thumbnail","6":"product_cat-plata-cofra-bulletproof","7":"woo-feed-brand-tyditiao","9":"first","10":"instock","11":"sale","12":"shipping-taxable","13":"purchasable","14":"product-type-simple"},"_links":{"self":[{"href":"https:\/\/tyditiao.com\/ga\/wp-json\/wp\/v2\/product\/13969","targetHints":{"allow":["GET"]}}],"collection":[{"href":"https:\/\/tyditiao.com\/ga\/wp-json\/wp\/v2\/product"}],"about":[{"href":"https:\/\/tyditiao.com\/ga\/wp-json\/wp\/v2\/types\/product"}],"replies":[{"embeddable":true,"href":"https:\/\/tyditiao.com\/ga\/wp-json\/wp\/v2\/comments?post=13969"}],"wp:featuredmedia":[{"embeddable":true,"href":"https:\/\/tyditiao.com\/ga\/wp-json\/wp\/v2\/media\/11983"}],"wp:attachment":[{"href":"https:\/\/tyditiao.com\/ga\/wp-json\/wp\/v2\/media?parent=13969"}],"wp:term":[{"taxonomy":"product_brand","embeddable":true,"href":"https:\/\/tyditiao.com\/ga\/wp-json\/wp\/v2\/product_brand?post=13969"},{"taxonomy":"product_cat","embeddable":true,"href":"https:\/\/tyditiao.com\/ga\/wp-json\/wp\/v2\/product_cat?post=13969"},{"taxonomy":"product_tag","embeddable":true,"href":"https:\/\/tyditiao.com\/ga\/wp-json\/wp\/v2\/product_tag?post=13969"},{"taxonomy":"woo-feed-brand","embeddable":true,"href":"https:\/\/tyditiao.com\/ga\/wp-json\/wp\/v2\/woo-feed-brand?post=13969"}],"curies":[{"name":"wp","href":"https:\/\/api.w.org\/{rel}","templated":true}]}}