{"id":14037,"date":"2022-10-21T05:15:35","date_gmt":"2022-10-21T03:15:35","guid":{"rendered":"http:\/\/tyditiao.com\/product\/alumanape-nij-iv-23mm-2-9kg-plata-ciche-pileardhionach-250x300mm\/"},"modified":"2026-01-26T09:18:20","modified_gmt":"2026-01-26T07:18:20","slug":"alumana-nij-leibheal-iv-23mm-2-9kgnustro-bulletproof-250x300mm","status":"publish","type":"product","link":"https:\/\/tyditiao.com\/ga\/product\/alumana-nij-leibheal-iv-23mm-2-9kgnustro-bulletproof-250x300mm\/","title":{"rendered":"Al\u00famana+PE, NIJ IV, 23MM, 2.9KG, pl\u00e1ta c\u00edche pil\u00e9ardh\u00edonach, 250X300MM"},"content":{"rendered":"<p>Me\u00e1chan: 2.9 kg<br \/>\n\u00c1bhar: Al\u00famana + PE<br \/>\nTi\u00fas: 23MM<br \/>\nAicme cosanta: rang NIJ III (GA6)<\/p>\n<p>Ciseal seachtrach: fabraic poileistear dubh uiscedh\u00edonach;<br \/>\nTois\u00ed: 250x300mm \/ 9.8&#8217;x11.8&#8242;<br \/>\nCruth: Trapezoid (bord trapezoid le coirn\u00e9il chamfered)<\/p>\n<p>Liosta Pac\u00e1il:<br \/>\n1 x Pl\u00e1ta Bulletproof Trapezooidal.<\/p>\n<p>F\u00f3gra:<br \/>\nN\u00edl an veist fhrithchaiteach san \u00e1ireamh<\/p>\n<p>\u00das\u00e1ideoir\u00ed Sprioc: F\u00f3rsa\u00ed Armtha, SWAT, Homeland Sl\u00e1nd\u00e1il, Custaim agus Cosaint Teorann, Rial\u00fa Inimirce, agus daoine eile a bhfuil aghaidh bagairt\u00ed arm d&#8217;fh\u00e9adfadh a bheith feistithe le \u00e1r gcuid t\u00e1irg\u00ed. Faigheann daoine tortha\u00ed n\u00edos fearr agus n\u00edos l\u00fa taismeach. T\u00e1 an t\u00e1irge in oiri\u00faint n\u00edos fearr freisin do ch\u00e1sanna amhail misin chian-achair n\u00f3 misin chian-achair. Is rogha maith \u00e9 freisin do chosaint do theaghlaigh f\u00e9in<\/p>\n<p>Is iond\u00fail go nd\u00e9antar ions\u00e1nna pil\u00e9ardh\u00edonacha ceirmeacha as \u00e1bhair ar n\u00f3s PE ceirmeacha agus poileitil\u00e9in. Is \u00e9 an riail: nuair a bhuaileann pil\u00e9ar cart\u00fais pil\u00e9ardh\u00edonach, buaileann an pil\u00e9ar barr na sraithe criad\u00f3ireachta ar dt\u00fas. Tarchuirtear f\u00f3rsa tionchair ollmh\u00f3r an projectile chuig an gcomhshaol, ag ions\u00fa fuinneamh cin\u00e9iteach ollmh\u00f3r an di\u00farac\u00e1in. Nuair a th\u00e9ann an teilge\u00e1n tr\u00edd an gciseal ceirmeach, cailleann s\u00e9 an chuid is m\u00f3 d\u00e1 fhuinneamh cin\u00e9iteach. Nuair a shroicheann an teilge\u00e1n an ciseal poileitil\u00e9in, scaipeann an poileitil\u00e9in fuinneamh cin\u00e9iteach an teilge\u00e1in tr\u00edd an teilge\u00e1n agus na bl\u00fair\u00ed a sh\u00edneadh agus a fhilleadh, gan m\u00f3r\u00e1n \u00e9ifeacht ar an gcomhlacht, ag sol\u00e1thar cosaint den scoth.<\/p>\n","protected":false},"excerpt":{"rendered":"<p>Ag an r\u00e1t\u00e1il ballistic c\u00e9anna, t\u00e1 s\u00e9 n\u00edos \u00e9adroime n\u00e1 cruach agus n\u00edos saoire n\u00e1 chomhdh\u00faile sileacain, agus mar sin t\u00e1 cothroma\u00edocht mhaith ag ceirmeach ballistic al\u00famana.<\/p>\n<p>T\u00e1 an ciseal barr d\u00e9anta as fabraic poileistear uisce-dh\u00edonach, agus t\u00e1 an pain\u00e9al uiscedh\u00edonach agus stain-resistant.<\/p>\n<p>Ciseal maol\u00e1nach: T\u00e1 gach pl\u00e1ta bulletproof ceangailte le ciseal istigh an eochaircheap turraing-cruth\u00fanas EVA, a fh\u00e9adfaidh an tionchar ar an gcorp an duine a laghd\u00fa go h\u00e9ifeachtach tar \u00e9is an phl\u00e9asctha<\/p>\n<p>\u00c1bhar pl\u00e1ta: is \u00e9 an ciseal barr pl\u00e1ta ceirmeach al\u00famanaim, agus is \u00e9 an ciseal bun pl\u00e1ta PE bulletproof;<\/p>\n","protected":false},"featured_media":11964,"comment_status":"open","ping_status":"closed","template":"","meta":[],"product_brand":[],"product_cat":[883],"product_tag":[],"woo-feed-brand":[50],"class_list":{"0":"post-14037","1":"product","2":"type-product","3":"status-publish","4":"has-post-thumbnail","6":"product_cat-plata-cofra-bulletproof","7":"woo-feed-brand-tyditiao","9":"first","10":"instock","11":"sale","12":"shipping-taxable","13":"purchasable","14":"product-type-simple"},"_links":{"self":[{"href":"https:\/\/tyditiao.com\/ga\/wp-json\/wp\/v2\/product\/14037","targetHints":{"allow":["GET"]}}],"collection":[{"href":"https:\/\/tyditiao.com\/ga\/wp-json\/wp\/v2\/product"}],"about":[{"href":"https:\/\/tyditiao.com\/ga\/wp-json\/wp\/v2\/types\/product"}],"replies":[{"embeddable":true,"href":"https:\/\/tyditiao.com\/ga\/wp-json\/wp\/v2\/comments?post=14037"}],"wp:featuredmedia":[{"embeddable":true,"href":"https:\/\/tyditiao.com\/ga\/wp-json\/wp\/v2\/media\/11964"}],"wp:attachment":[{"href":"https:\/\/tyditiao.com\/ga\/wp-json\/wp\/v2\/media?parent=14037"}],"wp:term":[{"taxonomy":"product_brand","embeddable":true,"href":"https:\/\/tyditiao.com\/ga\/wp-json\/wp\/v2\/product_brand?post=14037"},{"taxonomy":"product_cat","embeddable":true,"href":"https:\/\/tyditiao.com\/ga\/wp-json\/wp\/v2\/product_cat?post=14037"},{"taxonomy":"product_tag","embeddable":true,"href":"https:\/\/tyditiao.com\/ga\/wp-json\/wp\/v2\/product_tag?post=14037"},{"taxonomy":"woo-feed-brand","embeddable":true,"href":"https:\/\/tyditiao.com\/ga\/wp-json\/wp\/v2\/woo-feed-brand?post=14037"}],"curies":[{"name":"wp","href":"https:\/\/api.w.org\/{rel}","templated":true}]}}