{"id":14075,"date":"2022-10-21T05:10:23","date_gmt":"2022-10-21T03:10:23","guid":{"rendered":"http:\/\/tyditiao.com\/product\/sicpe-nij-leibheal-iv-23mm-2-5kg-cuir-isteach-ballistic-ciche-dhionach-pilear-250x300mm\/"},"modified":"2026-01-26T09:18:31","modified_gmt":"2026-01-26T07:18:31","slug":"sicpe-nij-leibheal-iv-23mm-2-5kgn-breastplate-bullet-proof-250x300mm","status":"publish","type":"product","link":"https:\/\/tyditiao.com\/ga\/product\/sicpe-nij-leibheal-iv-23mm-2-5kgn-breastplate-bullet-proof-250x300mm\/","title":{"rendered":"SIC+PE, NIJ Leibh\u00e9al IV, 23MM, 2.5KG, cuir isteach ballistic c\u00edche-dh\u00edonach pil\u00e9ar, 250X300MM"},"content":{"rendered":"<p>Ainm: NIJ Gr\u00e1d IV Ultra-Light Silicon Carbide Bulletproof Plate<\/p>\n<p>Caighde\u00e1n: NIJ 0101.06 Aicme IV, is f\u00e9idir linn an tuarasc\u00e1il t\u00e1st\u00e1la comhfhreagrach a shol\u00e1thar.<\/p>\n<p>\u00c1bhar: SiC + UHMW-PE<\/p>\n<p>Me\u00e1chan: 2.5KG + 0.05KG \/ 2.20 + 0.11LB<\/p>\n<p>Ti\u00fas: 23mm<\/p>\n<p>Ciseal seachtrach: fabraic poileistear dubh uiscedh\u00edonach;<br \/>\nTois\u00ed: 250x300mm \/ 9.8&#8217;x11.8&#8242;<br \/>\nCruth: Trapezoid (bord trapezoid le coirn\u00e9il chamfered)<\/p>\n<p>Liosta Pac\u00e1il:<br \/>\n1 x Pl\u00e1ta Bulletproof Trapezooidal.<\/p>\n<p>F\u00f3gra:<br \/>\nN\u00edl an veist fhrithchaiteach san \u00e1ireamh<\/p>\n<p>\u00das\u00e1ideoir\u00ed Sprioc: NIJ Aicme IV Superlight Sic Bulletproof Pl\u00e1ta\u00ed le h\u00fas\u00e1id i gcoinne bagairt\u00ed a bhaineann le hairm. F\u00e9adfaidh f\u00f3rsa\u00ed armtha, gn\u00edomhaireachta\u00ed SWAT, gn\u00edomhaireachta\u00ed sl\u00e1nd\u00e1la inmhe\u00e1nacha, gn\u00edomhaireachta\u00ed custaim agus cosanta teorann, gn\u00edomhaireachta\u00ed rialaithe inimirce, agus gn\u00edomhaireachta\u00ed eile at\u00e1 i mbaol arm tine a bheith feistithe len\u00e1r dt\u00e1irg\u00ed. Faigheann daoine tortha\u00ed n\u00edos fearr agus n\u00edos l\u00fa taismeach. T\u00e1 an t\u00e1irge in oiri\u00faint n\u00edos fearr freisin do ch\u00e1sanna amhail misin chian-achair n\u00f3 misin chian-achair. Is rogha maith \u00e9 freisin do chosaint do theaghlaigh f\u00e9in<\/p>\n<p><!--n\u00edos m\u00f3--><\/p>\n<p>Paraim\u00e9adair teilge\u00e1in ar f\u00e9idir le NIJ IV a chosaint ina gcoinne:<\/p>\n<p>Tith\u00edocht Miotail Ioml\u00e1n 7.62 x 51mm M80 (FMJ) \/ Ball NATO;<\/p>\n<p>7.62 x 39mm AK47 Luaidhe Core (LC) \/ Cro\u00ed Cruach \u00c9adrom (MSC);<\/p>\n<p>5.56 x 45 mm M193 Luaidhe (LC) \/ NATO SS109 Ball;<\/p>\n<p>Is minic a \u00fas\u00e1idtear ions\u00e1igh bhailist\u00edocha in arm\u00far coirp n\u00f3 i veisteanna oirbhearta\u00edochta. T\u00e1 dh\u00e1 chine\u00e1l cart\u00fais bulletproof ann: tosaigh agus taobh. Cosna\u00edonn an pain\u00e9al tosaigh an c\u00f3fra agus ar ais, agus cosna\u00edonn na pain\u00e9il taobh taobhanna an chomhlachta. De ghn\u00e1th cosna\u00edonn na chamfers taobh tosaigh an ch\u00f3fra, agus cosna\u00edonn na cearn\u00f3ga an ch\u00fal.<\/p>\n<p>T\u00e1 ceithre chine\u00e1l \u00e1bhar pl\u00e1ta bulletproof ann: cruach pil\u00e9ardh\u00edonach, poileitil\u00e9in PE, PE + al\u00famana, PE + carbide sileacain. Ar f\u00e1il i r\u00e9imse samhlacha \u00e1bhar, is \u00e9 an ceallra\u00ed seo PE + sileacain \u00edon.<\/p>\n<p>Is iond\u00fail go nd\u00e9antar ions\u00e1nna pil\u00e9ardh\u00edonacha ceirmeacha as \u00e1bhair ar n\u00f3s PE ceirmeacha agus poileitil\u00e9in. Is \u00e9 an riail: nuair a bhuaileann pil\u00e9ar cart\u00fais pil\u00e9ardh\u00edonach, buaileann an pil\u00e9ar barr na ciseal ceirmeach ar dt\u00fas. Tarchuirtear f\u00f3rsa tionchair ollmh\u00f3r an di\u00farac\u00e1in chuig an gcomhshaol, ag ions\u00fa fuinneamh cin\u00e9iteach ollmh\u00f3r an teilge\u00e1in. Nuair a th\u00e9ann an teilge\u00e1n tr\u00edd an gciseal ceirmeach, cailleann s\u00e9 an chuid is m\u00f3 d\u00e1 fhuinneamh cin\u00e9iteach. Nuair a shroicheann an teilge\u00e1n an ciseal poileitil\u00e9in, scaipeann an poileitil\u00e9in fuinneamh cin\u00e9iteach an teilge\u00e1in tr\u00edd an teilge\u00e1n agus na bl\u00fair\u00ed a sh\u00edneadh agus a fhilleadh, gan m\u00f3r\u00e1n \u00e9ifeacht ar an gcomhlacht, ag sol\u00e1thar cosaint den scoth.<\/p>\n","protected":false},"excerpt":{"rendered":"<p>Pl\u00e1ta ballistic ultra-\u00e9adrom d\u00e9anta as chomhdh\u00faile sileacain gr\u00e1d IV NIJ is f\u00e9idir leis an bhagairt a bhaineann le babhta\u00ed raidhfil traidisi\u00fanta a sheasamh.<\/p>\n<p>Pr\u00f3iseas aib\u00ed: taispe\u00e1nfaidh feidhm\u00edocht chosanta cobhsa\u00ed agus den scoth.<\/p>\n<p>N\u00edos \u00e9adroime agus n\u00edos \u00e1isi\u00fala n\u00e1 pain\u00e9il ceirmeacha al\u00famana.<\/p>\n<p>T\u00e1 an ciseal barr d\u00e9anta as fabraic poileistear uisce-dh\u00edonach, agus t\u00e1 an pain\u00e9al uiscedh\u00edonach agus stain-resistant.<\/p>\n","protected":false},"featured_media":12040,"comment_status":"open","ping_status":"closed","template":"","meta":[],"product_brand":[],"product_cat":[883],"product_tag":[],"woo-feed-brand":[50],"class_list":{"0":"post-14075","1":"product","2":"type-product","3":"status-publish","4":"has-post-thumbnail","6":"product_cat-plata-cofra-bulletproof","7":"woo-feed-brand-tyditiao","9":"first","10":"instock","11":"sale","12":"shipping-taxable","13":"purchasable","14":"product-type-simple"},"_links":{"self":[{"href":"https:\/\/tyditiao.com\/ga\/wp-json\/wp\/v2\/product\/14075","targetHints":{"allow":["GET"]}}],"collection":[{"href":"https:\/\/tyditiao.com\/ga\/wp-json\/wp\/v2\/product"}],"about":[{"href":"https:\/\/tyditiao.com\/ga\/wp-json\/wp\/v2\/types\/product"}],"replies":[{"embeddable":true,"href":"https:\/\/tyditiao.com\/ga\/wp-json\/wp\/v2\/comments?post=14075"}],"wp:featuredmedia":[{"embeddable":true,"href":"https:\/\/tyditiao.com\/ga\/wp-json\/wp\/v2\/media\/12040"}],"wp:attachment":[{"href":"https:\/\/tyditiao.com\/ga\/wp-json\/wp\/v2\/media?parent=14075"}],"wp:term":[{"taxonomy":"product_brand","embeddable":true,"href":"https:\/\/tyditiao.com\/ga\/wp-json\/wp\/v2\/product_brand?post=14075"},{"taxonomy":"product_cat","embeddable":true,"href":"https:\/\/tyditiao.com\/ga\/wp-json\/wp\/v2\/product_cat?post=14075"},{"taxonomy":"product_tag","embeddable":true,"href":"https:\/\/tyditiao.com\/ga\/wp-json\/wp\/v2\/product_tag?post=14075"},{"taxonomy":"woo-feed-brand","embeddable":true,"href":"https:\/\/tyditiao.com\/ga\/wp-json\/wp\/v2\/woo-feed-brand?post=14075"}],"curies":[{"name":"wp","href":"https:\/\/api.w.org\/{rel}","templated":true}]}}