{"id":14113,"date":"2022-10-18T05:26:18","date_gmt":"2022-10-18T03:26:18","guid":{"rendered":"http:\/\/tyditiao.com\/product\/vest-eisiuna-tapa-oirbheartaiochta-seachtrach-vest-oirbheartaiochta-cs-le-plata-bulletproof-2xpe-iiia-10x12\/"},"modified":"2026-01-26T09:18:58","modified_gmt":"2026-01-26T07:18:58","slug":"zewnetrzna-oirbheartaiochta-dilsiu-le-scaoileadh-tapa-oirbheartaiochta-dilsiu-cs-le-bulletproof-plata-2xpe-iiia-10x12","status":"publish","type":"product","link":"https:\/\/tyditiao.com\/ga\/product\/zewnetrzna-oirbheartaiochta-dilsiu-le-scaoileadh-tapa-oirbheartaiochta-dilsiu-cs-le-bulletproof-plata-2xpe-iiia-10x12\/","title":{"rendered":"Vest Eisi\u00fana Tapa Oirbhearta\u00edochta Seachtrach, Vest Oirbhearta\u00edochta CS le Pl\u00e1ta Bulletproof 2XPE IIIA 10&#215;12"},"content":{"rendered":"<p>T\u00e1 taobhanna agus guaill\u00ed an t\u00e1irge seo inchoigeartaithe le Velcro, ionas gur f\u00e9idir le h\u00fas\u00e1ideoir\u00ed d&#8217;aon mh\u00e9id \u00e9 a chaitheamh.<br \/>\nCiseal istigh: \u00e1bhar ard-neart, uiscedh\u00edonach, saol fada agus cobhsa\u00ed.<br \/>\nCiseal Amuigh: Oxford, Cad\u00e1s n\u00f3 n\u00edol\u00f3n, Frithsheasmhach in Abrasion, Frithsheasmhach in Stait agus CRUA.<br \/>\nIs f\u00e9idir an seaic\u00e9ad a fheisti\u00fa le cuir isteach ballistic le haghaidh cosanta breise.<\/p>\n<p>Leibh\u00e9al cosanta: pl\u00e1ta pil\u00e9ardh\u00edonach PE r\u00e9amhshocraithe, NIJIIIA,<br \/>\nCuir isteach cosanta: UHMW-PE<br \/>\nTi\u00fas: \uff5e8mm\/\uff5e0.3&#8242;<br \/>\nBail\u00edocht: 5 bliana<br \/>\nCine\u00e1lacha teilge\u00e1in is f\u00e9idir a chosaint i gcoinne:<br \/>\nJacket Ioml\u00e1n Miotail 9mm (FMJ) \/ Ceann Babhta (RN)<br \/>\n.44 Hollow Jacket Uil\u00edoch (JHP)<\/p>\n<p>Sprioc\u00fas\u00e1ideoir\u00ed:<br \/>\nCosna\u00edonn veisteanna pil\u00e9ardh\u00edonta folaithe NIJ Aicme IIIA in aghaidh guaiseacha a bhaineann le hairm. Agus t\u00e1 n\u00edos m\u00f3 gabh\u00e1lais aige agus \u00e1it\u00edonn s\u00e9 limist\u00e9ar n\u00edos m\u00f3. Is f\u00e9idir m\u00e9id a choigeart\u00fa le Velcro ar na taobhanna agus na guaill\u00ed. Is f\u00e9idir len\u00e1r dt\u00e1irg\u00ed a bheith feistithe le f\u00f3rsa\u00ed armtha, gn\u00edomhaireachta\u00ed SWAT, gn\u00edomhaireachta\u00ed sl\u00e1nd\u00e1la inmhe\u00e1nacha, gn\u00edomhaireachta\u00ed custaim agus cosanta teorann, gn\u00edomhaireachta\u00ed rialaithe inimirce agus gn\u00edomhaireachta\u00ed eile at\u00e1 i mbaol arm tine. Faigheann daoine tortha\u00ed n\u00edos fearr agus n\u00edos l\u00fa \u00edospartaigh.<\/p>\n","protected":false},"excerpt":{"rendered":"<p>Scaoileadh tapa a bhaint amach: T\u00e1 an b\u00facla scaoileadh tapa waist \u00e9asca le feidhmi\u00fa.<\/p>\n<p>St\u00f3r\u00e1il cuimsith\u00ed: P\u00f3ca stash t\u00f3gtha, agus is f\u00e9idir an p\u00f3ca f\u00f3ntais a shuite\u00e1il n\u00f3 a bhaint de r\u00e9ir do riachtanas.<\/p>\n<p>Feistithe le pl\u00e1ta\u00ed urchair tosaigh agus c\u00fail NIJ IIIA: is f\u00e9idir leo d\u00e9ile\u00e1il le bagairt urchair piostail.<\/p>\n<p>M\u00c9ID inchoigeartaithe: M\u00e9id inchoigeartaithe le Velcro ar na taobhanna agus na guaill\u00ed.<\/p>\n","protected":false},"featured_media":11793,"comment_status":"open","ping_status":"closed","template":"","meta":[],"product_brand":[],"product_cat":[857],"product_tag":[],"woo-feed-brand":[50],"class_list":{"0":"post-14113","1":"product","2":"type-product","3":"status-publish","4":"has-post-thumbnail","6":"product_cat-dilsiu-oirbheartaiochta","7":"woo-feed-brand-tyditiao","9":"first","10":"instock","11":"sale","12":"shipping-taxable","13":"purchasable","14":"product-type-simple"},"_links":{"self":[{"href":"https:\/\/tyditiao.com\/ga\/wp-json\/wp\/v2\/product\/14113","targetHints":{"allow":["GET"]}}],"collection":[{"href":"https:\/\/tyditiao.com\/ga\/wp-json\/wp\/v2\/product"}],"about":[{"href":"https:\/\/tyditiao.com\/ga\/wp-json\/wp\/v2\/types\/product"}],"replies":[{"embeddable":true,"href":"https:\/\/tyditiao.com\/ga\/wp-json\/wp\/v2\/comments?post=14113"}],"wp:featuredmedia":[{"embeddable":true,"href":"https:\/\/tyditiao.com\/ga\/wp-json\/wp\/v2\/media\/11793"}],"wp:attachment":[{"href":"https:\/\/tyditiao.com\/ga\/wp-json\/wp\/v2\/media?parent=14113"}],"wp:term":[{"taxonomy":"product_brand","embeddable":true,"href":"https:\/\/tyditiao.com\/ga\/wp-json\/wp\/v2\/product_brand?post=14113"},{"taxonomy":"product_cat","embeddable":true,"href":"https:\/\/tyditiao.com\/ga\/wp-json\/wp\/v2\/product_cat?post=14113"},{"taxonomy":"product_tag","embeddable":true,"href":"https:\/\/tyditiao.com\/ga\/wp-json\/wp\/v2\/product_tag?post=14113"},{"taxonomy":"woo-feed-brand","embeddable":true,"href":"https:\/\/tyditiao.com\/ga\/wp-json\/wp\/v2\/woo-feed-brand?post=14113"}],"curies":[{"name":"wp","href":"https:\/\/api.w.org\/{rel}","templated":true}]}}