{"id":14137,"date":"2022-10-11T12:39:23","date_gmt":"2022-10-11T10:39:23","guid":{"rendered":"http:\/\/tyditiao.com\/product\/leath-mhasc-bulletproof-kevlar-nij-iiia-masc-aghaidh-bulletproof-aramid-do-chlogad-frithdhionach-oirbheartaiochta\/"},"modified":"2026-01-26T09:19:36","modified_gmt":"2026-01-26T07:19:36","slug":"ballistic-kevlar-nij-iiia-aramid-ballistic-masc-fit-with-oirbheartaiochta-ballistic-clogaid-wendy-quick-michigan-fit","status":"publish","type":"product","link":"https:\/\/tyditiao.com\/ga\/product\/ballistic-kevlar-nij-iiia-aramid-ballistic-masc-fit-with-oirbheartaiochta-ballistic-clogaid-wendy-quick-michigan-fit\/","title":{"rendered":"Leath-Mhasc Bulletproof Kevlar NIJ IIIA, Masc Aghaidh Bulletproof Aramid do Chlogad Frithdh\u00edonach Oirbhearta\u00edochta"},"content":{"rendered":"<p>Me\u00e1chan: 0.68 kg<\/p>\n<p>\u00c1bhar: Aramid<\/p>\n<p>Ti\u00fas: aramid 8mm tiubh agus sciath 1mm<\/p>\n<p>Aicme cosanta: NIJ 0101.06 leibh\u00e9al IIIA<\/p>\n<p>M\u00e9id: Oireann m\u00e9id amh\u00e1in do ch\u00e1ch<\/p>\n<p>Bail\u00edocht: 5 bliana<\/p>\n<p>C\u00e1sanna is infheidhme: cosaint t\u00ed, sl\u00e1nd\u00e1il, trealamh p\u00f3il\u00edneachta, comhraic iarbh\u00edr, cosplay<\/p>\n<p>Seirbh\u00eds OEM \/ ODM ar f\u00e1il arna iarraidh sin<\/p>\n<p>&nbsp;<\/p>\n<p>Liosta Pac\u00e1la: 1X Half Face Bulletproof Masc<\/p>\n","protected":false},"excerpt":{"rendered":"<p>\u00c1bhar: D\u00e9anta as sn\u00e1ith\u00edn\u00ed \u00e9adroma chun cinn Kevlar at\u00e1 15 huaire n\u00edos l\u00e1idre n\u00e1 cruach chun bagairt urchair a \u00edoslaghd\u00fa<\/p>\n<p>Dearadh Eirgeanama\u00edochta Uath\u00fail: ceannbhanda n\u00edol\u00f3n inchoigeartaithe 6 phointe agus stu\u00e1il bhreise oiri\u00fanach d\u2019aon chruth cinn agus feabhsa\u00edtear compord caithimh<\/p>\n<p>Inoiri\u00fanaitheacht mhaith: is f\u00e9idir \u00e9 a \u00fas\u00e1id le FAST, WENDY, MICH agus clogaid bulletproof eile, ag cl\u00fadach go hioml\u00e1n aghaidh an duine f\u00e9in<\/p>\n<p>\u00das\u00e1id\u00ed is infheidhme: cosaint baile, m\u00edleata, pearsanra at\u00e1 i mbun oibr\u00edochta\u00ed cont\u00fairteacha, oili\u00faint allamuigh, garda\u00ed coirp, pearsanra at\u00e1 i mbun oibr\u00edochta\u00ed cont\u00fairteacha i limist\u00e9ir coinbhleachta armtha eachtracha<\/p>\n","protected":false},"featured_media":11565,"comment_status":"open","ping_status":"closed","template":"","meta":[],"product_brand":[],"product_cat":[589],"product_tag":[],"woo-feed-brand":[50],"class_list":{"0":"post-14137","1":"product","2":"type-product","3":"status-publish","4":"has-post-thumbnail","6":"product_cat-masc-ballistic","7":"product_shipping_class-0-3-kg-ga","8":"woo-feed-brand-tyditiao","10":"first","11":"instock","12":"sale","13":"shipping-taxable","14":"purchasable","15":"product-type-simple"},"_links":{"self":[{"href":"https:\/\/tyditiao.com\/ga\/wp-json\/wp\/v2\/product\/14137","targetHints":{"allow":["GET"]}}],"collection":[{"href":"https:\/\/tyditiao.com\/ga\/wp-json\/wp\/v2\/product"}],"about":[{"href":"https:\/\/tyditiao.com\/ga\/wp-json\/wp\/v2\/types\/product"}],"replies":[{"embeddable":true,"href":"https:\/\/tyditiao.com\/ga\/wp-json\/wp\/v2\/comments?post=14137"}],"wp:featuredmedia":[{"embeddable":true,"href":"https:\/\/tyditiao.com\/ga\/wp-json\/wp\/v2\/media\/11565"}],"wp:attachment":[{"href":"https:\/\/tyditiao.com\/ga\/wp-json\/wp\/v2\/media?parent=14137"}],"wp:term":[{"taxonomy":"product_brand","embeddable":true,"href":"https:\/\/tyditiao.com\/ga\/wp-json\/wp\/v2\/product_brand?post=14137"},{"taxonomy":"product_cat","embeddable":true,"href":"https:\/\/tyditiao.com\/ga\/wp-json\/wp\/v2\/product_cat?post=14137"},{"taxonomy":"product_tag","embeddable":true,"href":"https:\/\/tyditiao.com\/ga\/wp-json\/wp\/v2\/product_tag?post=14137"},{"taxonomy":"woo-feed-brand","embeddable":true,"href":"https:\/\/tyditiao.com\/ga\/wp-json\/wp\/v2\/woo-feed-brand?post=14137"}],"curies":[{"name":"wp","href":"https:\/\/api.w.org\/{rel}","templated":true}]}}