{"id":14153,"date":"2022-06-13T04:38:14","date_gmt":"2023-05-23T01:34:12","guid":{"rendered":"http:\/\/tyditiao.com\/product\/clogad-cosanta-mileata-clogad-kevlar-aicme-iiia-clogad-mileata-wendy-oirbheartaiochta-dubh\/"},"modified":"2023-05-23T03:34:12","modified_gmt":"2023-05-23T01:34:12","slug":"wendy-bulletproof-clogaid-kevlar-clogaid-oirbheartaiochta-dubh","status":"publish","type":"product","link":"https:\/\/tyditiao.com\/ga\/product\/wendy-bulletproof-clogaid-kevlar-clogaid-oirbheartaiochta-dubh\/","title":{"rendered":"Clogad cosanta m\u00edleata, clogad Kevlar Aicme IIIA, clogad m\u00edleata wendy oirbhearta\u00edochta, dubh"},"content":{"rendered":"<p>T\u00e1 an clogad cosanta m\u00edleata oirbhearta\u00edochta wendy NIJ IIIA deartha le bheith s\u00e1r-\u00e9adrom agus an-chompordach le caitheamh. Cinnt\u00edonn coigeart\u00fa aon-l\u00e1imhe tapa agus \u00e9asca oiri\u00fanach beacht. T\u00e1 s\u00e9 feistithe freisin le pill\u00edn\u00ed ions\u00fa fuinnimh ardchaighde\u00e1in, ar f\u00e9idir leo an f\u00f3rsa tionchair a ions\u00fa go h\u00e9ifeachtach, d\u00edfhoirmi\u00fa an chomhlachta clogad a laghd\u00fa tar \u00e9is an pil\u00e9ar a bhuail, agus r\u00e1ta gortaithe agus d\u00e9ine an \u00fas\u00e1ideora a laghd\u00fa. T\u00e1 an clogad oirbhearta\u00edochta m\u00edleata wendy feistithe le r\u00e1ill\u00ed gl\u00e9asta uil\u00edoch agus headrest, ag tabhairt f\u00e9idearthachta\u00ed n\u00edos m\u00f3 Wendy. I gcompar\u00e1id le clogad bulletproof MICH, cialla\u00edonn an me\u00e1chan n\u00edos \u00e9adroime nach g\u00e1 n\u00edos m\u00f3 ualach a chur ar an gceann, ach is f\u00e9idir \u00e9 a \u00fas\u00e1id chun trealamh n\u00edos nua-aimseartha a iompar, at\u00e1 n\u00edos oiri\u00fana\u00ed le haghaidh malart\u00fa faisn\u00e9ise idir foirne.<\/p>\n<hr>\n<p><strong>Rang cosanta:<\/strong><\/p>\n<p>Is clogad bulletproof NIJ Level IIIA \u00e9 an clogad bulletproof seo de r\u00e9ir caighde\u00e1n NIJ 0101.06, agus is f\u00e9idir an tuarasc\u00e1il t\u00e1st\u00e1la comhfhreagrach a shol\u00e1thar.<\/p>\n<hr>\n<p><strong>Paraim\u00e9adair teilgean cosanta:<\/strong><\/p>\n<p>.44 Mag SJHP<br \/>\n.357 SIG FMJ FN<br \/>\n9mm FMJ RN<br \/>\n.357 Mag JSP<br \/>\n.40 S&#038;W FMJ<\/p>\n<p>Sol\u00e1thra\u00edonn s\u00e9 freisin cosaint i gcoinne an chuid is m\u00f3 bagairt\u00ed handgun chomh maith le bagairt\u00ed Aicme IIA agus II<\/p>\n<hr>\n<p><strong>Paraim\u00e9adair clogad urchair:<\/strong><br \/>\nAinm: Clogad cosanta m\u00edleata oirbhearta\u00edochta Wendy NIJ IIIA<\/p>\n<p>\u00c1bhar: Ard-Teanntachta Kevlar-DuPont Aramid Sn\u00e1ith\u00edn<\/p>\n<p>Iml\u00edne ceann: 52-60 cm<\/p>\n<p>L\u00edne\u00e1il: Coinn\u00edonn pill\u00edn\u00ed tionchair c\u00far Zorbium t\u00fa fionnuar agus tirim le l\u00edne\u00e1il uiscedh\u00edonach, compordach agus sciath antibacterial a chailleann an allais. Seachadann s\u00e9 n\u00edos l\u00fa n\u00e1 leath an fh\u00f3rsa a theasta\u00edonn le haghaidh suaitheadh athchleachtach faoi na coinn\u00edollacha comhshaoil go l\u00e9ir. Tagann an clogad caighde\u00e1nach le tr\u00ed pill\u00edn\u00ed tionchair breise agus ocht pill\u00edn\u00ed inchoigeartaithe is f\u00e9idir a shuite\u00e1il go sol\u00fabtha de r\u00e9ir riachtanais an \u00fas\u00e1ideora le haghaidh oiri\u00fanach agus compord is fearr.<\/p>\n<p>Gabh\u00e1lais roghnacha: maisc ocsaigine ins\u00e9idte, sciatha aghaidhe, sciatha taobh, sciatha taobh arm\u00fartha, sciatha cosanta, sciatha clogad, maisc bulletproof, etc.<\/p>\n<p>Dath clogad: Dubh<br \/>\nIs clogad \u00e9 an MICH a stopann babhta\u00ed piostail agus sol\u00e1thra\u00edonn s\u00e9 cosaint iontaofa i gcoinne smionagar agus smionagar ag titim.<br \/>\nlaghd\u00f3idh cosaint.<\/p>\n<hr>\n<p><strong>&#8220;Do dhaoine:<\/strong><br \/>\nL\u00e1imhse\u00e1lann an clogad ballistic NIJ llA Kevlar WENDY bagairt\u00ed piostail agus shrapnel, t\u00e1 nascacht ceangail n\u00edos m\u00f3 aige, t\u00e1 s\u00e9 n\u00edos \u00e9adroime agus n\u00edos comporda\u00ed le caitheamh. T\u00e1 an clogad seo oiri\u00fanach do gach cine\u00e1l \u00fas\u00e1ideoir\u00ed. Is f\u00e9idir le baill foirne \u00f3 ghn\u00edomhaireachta\u00ed amhail an lucht m\u00edleata, p\u00f3il\u00edn\u00ed, SWAT, sl\u00e1nd\u00e1il inmhe\u00e1nach, garda\u00ed custaim agus teorann a bheith feistithe le cumas feabhsaithe comhraic. Is rogha maith \u00e9 freisin maidir le cosaint t\u00ed agus cosplay.<\/p>\n<hr>\n<p>Seo \u00e9 \u00e1r siopa clogad cosanta oirbhearta\u00edochta le haghaidh 15% de thalamh an ard\u00e1n Allegro.<\/p>\n<p>M\u00e1s mian leat \u00e1r dt\u00e1irg\u00ed a cheannach n\u00f3 m\u00e1 t\u00e1 aon cheist agat faoi \u00e1r dt\u00e1irg\u00ed, le do thoil (<a href=\"http:\/\/tyditiao.com\/en\/contact\/\">d\u00e9an teagmh\u00e1il linn<\/a>) go pras, cuirfimid freagra chugat laistigh 1 l\u00e1 oibre. M\u00e1s mian leat n\u00edos m\u00f3 n\u00e1 5 clogaid bulletproof a ord\u00fa ag an am c\u00e9anna, gheobhaidh t\u00fa lascaine breise;<\/p>\n<p>&nbsp;<\/p>\n","protected":false},"excerpt":{"rendered":"<p>Feidhm\u00edocht mhaith bulletproof: Leibh\u00e9al NIJ lllA, cosaint ceann foirfe.<\/p>\n<p>Compordach le caitheamh: T\u00e1 l\u00edne\u00e1il uiscedh\u00edonach agus sciath antibacterial ag an diallait Tionchar Foam Zorbium a chailleann taise chun t\u00fa a choinne\u00e1il fionnuar agus tirim agus t\u00fa ag caitheamh air.<\/p>\n<p>COIGEART\u00da EASY: Sol\u00e1thra\u00edonn C\u00f3ras \u00c9adrom Clog FIT FIT M\u00edleata le C\u00f3ras D\u00fanadh BOA Coigeart\u00fa Aon-L\u00e1mh Tapa agus \u00c9asca agus Feisti\u00fa Beacht.<\/p>\n<p>C\u00c1IL\u00cdOCHT MAITH: T\u00e1 Clogad Cosanta M\u00edleata Oirbhearta\u00edochta Wendy NIJ IIIA d\u00e9anta as sn\u00e1ith\u00edn Aramid DuPont Kevlar an-mharthanach, resistant teasa agus n\u00ed dh\u00e9anfaidh s\u00e9 d\u00edfhoirmi\u00fa<\/p>\n<p>Extensibility Dea: T\u00e1 an C\u00f3ras Ceangail Iarnr\u00f3id 2.0 comhoiri\u00fanach le gach ceangl\u00f3ir EXFIL Rail 2.0. T\u00e1 r\u00e1ill\u00ed gl\u00e9asta gimbal dh\u00e1 thaobh agus gimbal forehead \u00e9asca a shuite\u00e1il agus a chumr\u00fa, cluas\u00e1in, soilse gunna, ceamara\u00ed, soilse strobe, feist\u00ed f\u00eds o\u00edche, ceamara\u00ed GoPro, agus sp\u00e9acla\u00ed NVG.<\/p>\n","protected":false},"featured_media":10539,"comment_status":"closed","ping_status":"closed","template":"","meta":[],"product_brand":[],"product_cat":[710,709],"product_tag":[],"woo-feed-brand":[50],"class_list":{"0":"post-14153","1":"product","2":"type-product","3":"status-publish","4":"has-post-thumbnail","6":"product_cat-clogad-bulletproof","7":"product_cat-wendy-ga","8":"woo-feed-brand-tyditiao","10":"first","11":"instock","12":"sale","13":"shipping-taxable","14":"purchasable","15":"product-type-simple"},"_links":{"self":[{"href":"https:\/\/tyditiao.com\/ga\/wp-json\/wp\/v2\/product\/14153","targetHints":{"allow":["GET"]}}],"collection":[{"href":"https:\/\/tyditiao.com\/ga\/wp-json\/wp\/v2\/product"}],"about":[{"href":"https:\/\/tyditiao.com\/ga\/wp-json\/wp\/v2\/types\/product"}],"replies":[{"embeddable":true,"href":"https:\/\/tyditiao.com\/ga\/wp-json\/wp\/v2\/comments?post=14153"}],"wp:featuredmedia":[{"embeddable":true,"href":"https:\/\/tyditiao.com\/ga\/wp-json\/wp\/v2\/media\/10539"}],"wp:attachment":[{"href":"https:\/\/tyditiao.com\/ga\/wp-json\/wp\/v2\/media?parent=14153"}],"wp:term":[{"taxonomy":"product_brand","embeddable":true,"href":"https:\/\/tyditiao.com\/ga\/wp-json\/wp\/v2\/product_brand?post=14153"},{"taxonomy":"product_cat","embeddable":true,"href":"https:\/\/tyditiao.com\/ga\/wp-json\/wp\/v2\/product_cat?post=14153"},{"taxonomy":"product_tag","embeddable":true,"href":"https:\/\/tyditiao.com\/ga\/wp-json\/wp\/v2\/product_tag?post=14153"},{"taxonomy":"woo-feed-brand","embeddable":true,"href":"https:\/\/tyditiao.com\/ga\/wp-json\/wp\/v2\/woo-feed-brand?post=14153"}],"curies":[{"name":"wp","href":"https:\/\/api.w.org\/{rel}","templated":true}]}}