{"id":14191,"date":"2022-06-13T04:32:01","date_gmt":"2022-06-13T02:32:01","guid":{"rendered":"http:\/\/tyditiao.com\/product\/clogad-kevlar-nua-clogad-mileata-aicme-iiia-foireann-clogaid-chomhraic-mhileata-wendy-glas\/"},"modified":"2026-01-26T09:19:58","modified_gmt":"2026-01-26T07:19:58","slug":"wendys-bulletproof-clogaid-kevlar-clogaid-oirbheartaiochta-uaine","status":"publish","type":"product","link":"https:\/\/tyditiao.com\/ga\/product\/wendys-bulletproof-clogaid-kevlar-clogaid-oirbheartaiochta-uaine\/","title":{"rendered":"Clogad Kevlar Nua, Clogad M\u00edleata Aicme IIIA, Foireann Clogaid Chomhraic Mh\u00edleata Wendy, Glas"},"content":{"rendered":"<p>Clogad Saighdi\u00fair \u00c9adrom T\u00e1 clogad Wendy deartha le bheith s\u00e1r-\u00e9adrom agus an-chompordach le caitheamh. T\u00e1 s\u00e9 feistithe freisin le hions\u00e1ite\u00e1in ardch\u00e1il\u00edochta fuinnimh, ar f\u00e9idir leo an f\u00f3rsa tionchair a ions\u00fa go h\u00e9ifeachtach, d\u00edfhoirmi\u00fa an chomhlachta clogad a laghd\u00fa nuair a bhuaileann an pil\u00e9ar an clogad, agus laghda\u00edtear r\u00e1ta d\u00edobh\u00e1la agus c\u00e9im an \u00fas\u00e1ideora. Dh\u00e1 thaobh le r\u00e1ill\u00ed gl\u00e9asta gl\u00e9as uil\u00edoch agus l\u00faib\u00edn gimbal ar an forehead, rud a ligeann do Wendy n\u00edos m\u00f3 f\u00e9idearthachta\u00ed a chruth\u00fa.<\/p>\n<hr \/>\n<p><strong>Rang cosanta:<\/strong><\/p>\n<p>Is clogad bulletproof NIJ Level IIIA \u00e9 an clogad bulletproof seo de r\u00e9ir caighde\u00e1n NIJ 0101.06, agus is f\u00e9idir an tuarasc\u00e1il t\u00e1st\u00e1la comhfhreagrach a shol\u00e1thar.<\/p>\n<hr \/>\n<p><strong>Paraim\u00e9adair teilgean cosanta:<\/strong><\/p>\n<p>.44 Mag SJHP<br \/>\n.357 SIG FMJ FN<br \/>\n9mm FMJ RN<br \/>\n.357 Mag JSP<br \/>\n.40 S&amp;W FMJ<\/p>\n<p>Sol\u00e1thra\u00edonn s\u00e9 freisin cosaint i gcoinne an chuid is m\u00f3 bagairt\u00ed handgun chomh maith le bagairt\u00ed Aicme IIA agus II<\/p>\n<hr \/>\n<p><strong>Paraim\u00e9adair clogad urchair:<\/strong><br \/>\nAinm: NIJ lllA WENDY clogad bulletproof<\/p>\n<p>\u00c1bhar: Ard-Teanntachta Kevlar-DuPont Aramid Sn\u00e1ith\u00edn<br \/>\nIml\u00edne ceann: 52-60 cm<\/p>\n<p>L\u00edne\u00e1il: Coinn\u00edonn Pada\u00ed Tionchair Foam Zorbium t\u00fa fionnuar agus tirim le stu\u00e1il uiscedh\u00edonach, compordach agus cl\u00fadach antibacterial a chailleann allais. Seachadann s\u00e9 n\u00edos l\u00fa n\u00e1 leath an fh\u00f3rsa a theasta\u00edonn le haghaidh suaitheadh athchleachtach faoi na coinn\u00edollacha comhshaoil go l\u00e9ir. Tagann an eochaircheap luiche caighde\u00e1nach le tr\u00ed pill\u00edn resistant tionchair agus ocht pill\u00edn\u00ed inchoigeartaithe do oiri\u00fanacht agus compord is fearr.<\/p>\n<p>Gabh\u00e1lais roghnacha: maisc ocsaigine ins\u00e9idte, sciatha aghaidhe, sciatha taobh, sciatha taobh arm\u00fartha, sciatha, sciatha clogad, maisc bulletproof, etc.<br \/>\nDath clogad: Glas<br \/>\nIs clogad \u00e9 an MICH a stopann babhta\u00ed piostail agus sol\u00e1thra\u00edonn s\u00e9 cosaint iontaofa i gcoinne smionagar agus smionagar ag titim.<br \/>\nlaghd\u00f3idh cosaint.<\/p>\n<hr \/>\n<p><strong>&#8220;Do dhaoine:<\/strong><br \/>\nL\u00e1imhse\u00e1lann an clogad ballistic NIJ lllA Kevlar WENDY bagairt\u00ed piostail agus shrapnel le ceangalt\u00e1n ceangail n\u00edos l\u00e1idre at\u00e1 n\u00edos \u00e9adroime agus n\u00edos comporda\u00ed le caitheamh. T\u00e1 an clogad seo oiri\u00fanach do gach cine\u00e1l \u00fas\u00e1ideoir\u00ed. Is f\u00e9idir le baill foirne \u00f3 ghn\u00edomhaireachta\u00ed amhail an lucht m\u00edleata, p\u00f3il\u00edn\u00ed, SWAT, sl\u00e1nd\u00e1il inmhe\u00e1nach, garda\u00ed custaim agus teorann a bheith feistithe le cumas feabhsaithe comhraic. Is rogha maith \u00e9 freisin maidir le cosaint t\u00ed agus cosplay.<\/p>\n<hr \/>\n<p>M\u00e1s mian leat \u00e1r dt\u00e1irg\u00ed a cheannach n\u00f3 m\u00e1 t\u00e1 aon cheist agat faoi \u00e1r dt\u00e1irg\u00ed;<br \/>\nM\u00e1 t\u00e1 aon riachtanais saincheaptha agat;<br \/>\nLe do thoil (<a href=\"https:\/\/tyditiao.com\/ga\/teagmhail\/\">d\u00e9an teagmh\u00e1il linn<\/a>) l\u00e1ithreach, tabharfaimid freagra duit laistigh de 1 l\u00e1 oibre<\/p>\n","protected":false},"excerpt":{"rendered":"<p>Dea-chaighde\u00e1n: T\u00e1 an clogad m\u00edleata de ghr\u00e1d teicni\u00fail d\u00e9anta as sn\u00e1ith\u00edn ard-neart DuPont Kevlar Aramid, at\u00e1 teas-resistant agus nach bhfuil s\u00e9 \u00e9asca a dh\u00edfhoirmi\u00fa<\/p>\n<p>Dea-fheidhm\u00edocht ballistic: NIJ leibh\u00e9al IIIA<\/p>\n<p>Compordach le caitheamh: T\u00e1 l\u00edne\u00e1il uiscedh\u00edonach agus sciath frithmhiocr\u00f3bach ag an gCluas\u00e1n Tionchair Foam Zorbium a chaillfidh taise chun t\u00fa a choinne\u00e1il fionnuar agus tirim.<\/p>\n<p>Coigeart\u00fa \u00c9asca: C\u00f3ras Gl\u00e9asta CAM FIT Cloigead M\u00edleata \u00c9adrom le C\u00f3ras D\u00fanadh BOA le haghaidh Coigeart\u00fa S\u00e1bh\u00e1ilte Aon-L\u00e1imhe le haghaidh Feisti\u00fa Beacht.<\/p>\n<p>EXPANDABLE: T\u00e1 an C\u00f3ras Ceangail Iarnr\u00f3id 2.0 comhoiri\u00fanach le gach ceangl\u00f3ir EXFIL Rail 2.0. Ligeann an t-iarnr\u00f3d gl\u00e9asta gimbal dh\u00e1 thaobh agus an l\u00faib\u00edn gimbal ar an gcl\u00e1r go bhfuil Wendy in ann n\u00edos m\u00f3 f\u00e9idearthachta\u00ed a chruth\u00fa.<\/p>\n","protected":false},"featured_media":10634,"comment_status":"open","ping_status":"closed","template":"","meta":[],"product_brand":[],"product_cat":[710,709],"product_tag":[],"woo-feed-brand":[50],"class_list":{"0":"post-14191","1":"product","2":"type-product","3":"status-publish","4":"has-post-thumbnail","6":"product_cat-clogad-bulletproof","7":"product_cat-wendy-ga","8":"woo-feed-brand-tyditiao","10":"first","11":"instock","12":"sale","13":"shipping-taxable","14":"purchasable","15":"product-type-simple"},"_links":{"self":[{"href":"https:\/\/tyditiao.com\/ga\/wp-json\/wp\/v2\/product\/14191","targetHints":{"allow":["GET"]}}],"collection":[{"href":"https:\/\/tyditiao.com\/ga\/wp-json\/wp\/v2\/product"}],"about":[{"href":"https:\/\/tyditiao.com\/ga\/wp-json\/wp\/v2\/types\/product"}],"replies":[{"embeddable":true,"href":"https:\/\/tyditiao.com\/ga\/wp-json\/wp\/v2\/comments?post=14191"}],"wp:featuredmedia":[{"embeddable":true,"href":"https:\/\/tyditiao.com\/ga\/wp-json\/wp\/v2\/media\/10634"}],"wp:attachment":[{"href":"https:\/\/tyditiao.com\/ga\/wp-json\/wp\/v2\/media?parent=14191"}],"wp:term":[{"taxonomy":"product_brand","embeddable":true,"href":"https:\/\/tyditiao.com\/ga\/wp-json\/wp\/v2\/product_brand?post=14191"},{"taxonomy":"product_cat","embeddable":true,"href":"https:\/\/tyditiao.com\/ga\/wp-json\/wp\/v2\/product_cat?post=14191"},{"taxonomy":"product_tag","embeddable":true,"href":"https:\/\/tyditiao.com\/ga\/wp-json\/wp\/v2\/product_tag?post=14191"},{"taxonomy":"woo-feed-brand","embeddable":true,"href":"https:\/\/tyditiao.com\/ga\/wp-json\/wp\/v2\/woo-feed-brand?post=14191"}],"curies":[{"name":"wp","href":"https:\/\/api.w.org\/{rel}","templated":true}]}}