{"id":14210,"date":"2022-06-13T04:11:33","date_gmt":"2023-05-23T01:55:17","guid":{"rendered":"http:\/\/tyditiao.com\/product\/clogad-mileata-polainnis-clogad-kevlar-oirbheartaiochta-aicme-iiia-clogad-fuinnimh-le-masc-gasta-dubh\/"},"modified":"2023-05-23T03:55:17","modified_gmt":"2023-05-23T01:55:17","slug":"mear-bulletproof-helm-tactical-kevlar-nijiiia-dubh","status":"publish","type":"product","link":"https:\/\/tyditiao.com\/ga\/product\/mear-bulletproof-helm-tactical-kevlar-nijiiia-dubh\/","title":{"rendered":"Clogad M\u00edleata Polainnis, Clogad Kevlar Oirbhearta\u00edochta Aicme IIIA, Clogad Fuinnimh le Masc Gasta, Dubh"},"content":{"rendered":"<p><strong>Rang cosanta:<\/strong><\/p>\n<p>Is clogad bulletproof NIJ Leibh\u00e9al IIIA \u00e9 an clogad bulletproof seo de r\u00e9ir caighde\u00e1n NIJ 0101.06, agus is f\u00e9idir an tuarasc\u00e1il t\u00e1st\u00e1la comhfhreagrach a shol\u00e1thar.<\/p>\n<hr>\n<p><strong>Paraim\u00e9adair teilgean cosanta:<\/strong><\/p>\n<p>.44 Mag SJHP<br \/>\n.357 SIG FMJ FN<br \/>\n9mm FMJ RN<br \/>\n.357 Mag JSP<br \/>\n.40 S&#038;W FMJ<\/p>\n<p>Sol\u00e1thra\u00edonn s\u00e9 freisin cosaint i gcoinne an chuid is m\u00f3 bagairt\u00ed handgun chomh maith le bagairt\u00ed Aicme IIA agus II<\/p>\n<hr>\n<p><strong>Paraim\u00e9adair clogad urchair:<\/strong><br \/>\nAinm: NIJ lllA clogad bulletproof FAST<\/p>\n<p>\u00c1bhar: Ard-Teanntachta Kevlar-DuPont Aramid Sn\u00e1ith\u00edn<br \/>\nIml\u00edne ceann: 52-64 cm<br \/>\nGabh\u00e1lais roghnacha: masc bulletproof, etc.<br \/>\nDath clogad: Dubh<br \/>\nIs clogad \u00e9 an MICH a stopann babhta\u00ed piostail agus sol\u00e1thra\u00edonn s\u00e9 cosaint iontaofa i gcoinne smionagar agus smionagar ag titim.<br \/>\nlaghd\u00f3idh cosaint.<\/p>\n<hr>\n<p><strong>&#8220;Do dhaoine:<\/strong><br \/>\nT\u00e1 an clogad ballistic NIJ lllA Kevlar FAST deartha chun d\u00e9ile\u00e1il le bagairt gunna\u00ed agus shrapnel, le ceangalt\u00e1in n\u00edos l\u00e1idre le haghaidh oiri\u00fanach n\u00edos \u00e9adroime agus n\u00edos comporda\u00ed. T\u00e1 an clogad seo oiri\u00fanach do gach cine\u00e1l \u00fas\u00e1ideoir\u00ed. Is f\u00e9idir le baill foirne \u00f3 ghn\u00edomhaireachta\u00ed amhail an lucht m\u00edleata, p\u00f3il\u00edn\u00ed, SWAT, sl\u00e1nd\u00e1il inmhe\u00e1nach, garda\u00ed custaim agus teorann a bheith feistithe le cumas comhraic feabhsaithe. Is rogha maith \u00e9 freisin maidir le cosaint t\u00ed agus cosplay.<\/p>\n<hr>\n<p><strong>Cad is clogad ballistic FAST ann?<\/strong><\/p>\n<p>clogad bulletproof FAST (B\u00e9arla: Future Assault Shell Technology Helmet, d\u00e1 ngairtear: FAST anseo feasta) Is clogad comhraic \u00e9 Clogaid Teicneola\u00edochta Shell Assault Future a d&#8217;fhorbair Institi\u00faid Taighde Arm na SA agus Ionad Taighde, Forbartha agus Innealt\u00f3ireachta Arm na SA Natick. T\u00e1 an clogad deartha chun compord a shol\u00e1thar d&#8217;oibreoir\u00ed oibr\u00edochta\u00ed speisialta agus iad ag sol\u00e1thar cosaint bhun\u00fasach ballistic. Taispe\u00e1nadh an clogad FAST don phobal den ch\u00e9ad uair ag SHOT SHOW in 2009 agus ghlac f\u00f3rsa\u00ed speisialta SAM a bh\u00ed ag oibri\u00fa san Afganast\u00e1in leis go luath. \u00das\u00e1idtear clogaid ballistic oirbhearta\u00edochta FAST go forleathan anois i bhf\u00f3rsa\u00ed speisialta agus i bhf\u00f3rsa\u00ed p\u00f3il\u00edneachta speisialta i dt\u00edortha \u00e9ags\u00fala. Ina theannta sin, is \u00e9 an clogad oirbhearta\u00edochta FAST anois an clogad comhraic caighde\u00e1nach d&#8217;Fh\u00f3rsa\u00ed Armtha na hIorua.<\/p>\n<hr>\n<p><strong>Gn\u00e9ithe den chlogad FAST Kevlar:<\/strong><\/p>\n<p>I gcompar\u00e1id le clogaid mh\u00edleata gn\u00e1th, t\u00e1 an clogad FAST 25% n\u00edos \u00e9adroime. Leis an gc\u00f3ras fionra\u00ed clogad, is f\u00e9idir le h\u00fas\u00e1ideoir\u00ed oiri\u00fanacht n\u00f3 tightness an clogad a choigeart\u00fa go h\u00e9asca le haghaidh an chompord is fearr. T\u00e1 clogaid FAST feistithe le r\u00e1ill\u00ed ARC ar an taobh cl\u00e9 agus ar dheis le haghaidh trealamh gl\u00e9asta cos\u00fail le l\u00f3icphoint\u00ed, cluas\u00e1in cealaithe torainn agus trealamh cumars\u00e1ide, chomh maith le f\u00eds o\u00edche n\u00f3 trealamh f\u00edse a shuite\u00e1il ar l\u00e1r an chlogaid tr\u00edd an adapter mount, a bhfuil a chomhrac speisialta , is f\u00e9idir a chur le bunt\u00e1iste n\u00edos m\u00f3 oirbhearta\u00edochta . Ligeann an diabhal a bhraithtear a ghabhann leis an gclogad d\u2019\u00fas\u00e1ideoir\u00ed bratach, arm n\u00f3 institi\u00faid a dt\u00edre a ghream\u00fa, chomh maith le stampa\u00ed aitheantais cu\u00ed mar chomhartha\u00ed glaonna agus cine\u00e1lacha fola. Ina theannta sin, mar gheall ar an dearadh mod\u00falach, n\u00ed hamh\u00e1in go n-\u00fas\u00e1ideann na m\u00edleata agus na p\u00f3il\u00edn\u00ed an leagan sibhialta den clogad FAST gan feidhm bulletproof, ach freisin go fonnmhar glactha ag l\u00fathchleasaithe lasmuigh, iriseoir\u00ed, tarrth\u00f3ir\u00ed agus oibrithe allamuigh eile.<\/p>\n<hr>\n<p><strong>An cosaint iontach \u00e9 an clogad ballistic oirbhearta\u00edochta FAST agus c\u00e9n f\u00e1th a bhfuil an oiread sin t\u00f3ir air?<\/strong><\/p>\n<p>T\u00e1 dh\u00e1 ch\u00fais ann: Ar dt\u00fas, t\u00e1 n\u00edos m\u00f3 agus n\u00edos m\u00f3 trealaimh theicni\u00fail do shaighdi\u00fair\u00ed aonair mar thoradh ar dhul chun cinn na teicneola\u00edochta, rud a \u00e9il\u00edonn ard\u00e1n chun gabh\u00e1lais theicni\u00fala a mhuirear\u00fa, a chaithfear a \u00edobairt ar chostas cosanta;<br \/>\nAr an dara dul s\u00edos, is f\u00f3rsa\u00ed speisialta iad \u00fas\u00e1ideoir\u00ed FAST den chuid is m\u00f3, agus ag achar comhraic n\u00ed thugann f\u00f3rsa\u00ed speisialta ach roinnt cosanta suas, d\u00e9antar an inaistritheacht agus an trealamh teicni\u00fail ar an ard\u00e1n a iomp\u00fa isteach i r\u00e1ta\u00ed marthanais, agus fi\u00fa in iarratais phraitici\u00fala, de ghn\u00e1th ach amh\u00e1in i gc\u00e1s clogaid tapa, t\u00e1 N\u00edl aon eilimint\u00ed ar go leor aonad, ach le haghaidh iniomparthachta.<\/p>\n<p>N\u00edl FAST bunaithe ar dhianchosaint N\u00ed leor aon earmuffanna d\u00e9thaobhacha Go pr\u00edomha ar mhaithe le caoithi\u00falacht na foirne ag caitheamh cluas\u00e1in agus gabh\u00e1lais bhreise Tugann clogaid oirbhearta\u00edochta \u00e9adroma cuid de chosaint suas bunt\u00e1ist\u00ed n\u00edos m\u00f3 sa chomhrac.<\/p>\n<p>\u00das\u00e1idtear clogaid FAST go forleathan i go leor t\u00edortha, agus t\u00e1 dearadh clogaid an-chos\u00fail le clogaid FAST Mheirice\u00e1 ag go leor t\u00edortha, mar shampla an R\u00fais, an Fhrainc, agus t\u00e1 clogaid na R\u00edochta Aontaithe deartha chun clo\u00ed le clogaid FAST, c\u00e9 go dtiocfaidh siad chun cinn le himeacht ama. T\u00e1 l\u00edon na gclogad seo ag athr\u00fa freisin, ach t\u00e1 cuma f\u00f3s cos\u00fail leis an clogad FAST, ar ch\u00faiseanna soil\u00e9ire, is f\u00e9idir leis an clogad seo an ceann a chosaint go h\u00e9ifeachtach agus saol an tsaighdi\u00fara a uasmh\u00e9ad\u00fa.<\/p>\n<hr>\n<p><strong>Praghas FAST clogad Kevlar?<\/strong><\/p>\n<p>Ceannaigh d\u00edreach \u00f3n\u00e1r su\u00edomh Gr\u00e9as\u00e1in agus s\u00e1bh\u00e1il 15% ar an ngn\u00e1thphraghas<\/p>\n<hr>\n<p>M\u00e1s mian leat \u00e1r dt\u00e1irg\u00ed a cheannach n\u00f3 m\u00e1 t\u00e1 aon cheist agat faoi \u00e1r dt\u00e1irg\u00ed;<br \/>\nM\u00e1 t\u00e1 aon riachtanais saincheaptha agat;<br \/>\nLe do thoil (<a href=\"http:\/\/tyditiao.com\/en\/contact\/\">d\u00e9an teagmh\u00e1il linn<\/a>) l\u00e1ithreach, tabharfaimid freagra duit laistigh de 1 l\u00e1 oibre<\/p>\n<p>&nbsp;<\/p>\n<p>&nbsp;<\/p>\n","protected":false},"excerpt":{"rendered":"<p>D\u00e9anta as sn\u00e1ith\u00edn ard-neart DuPont Kevlar Aramid, teas-resistant agus n\u00ed \u00e9asca a dh\u00edfhoirmi\u00fa<\/p>\n<p>NIJ Leibh\u00e9al IIIA<\/p>\n<p>Ceada\u00edonn an c\u00f3ras coigeartaithe iml\u00edne ceann duit iml\u00edne an chinn a choigeart\u00fa le cnaipe a bhr\u00fa chun oiri\u00fanacht id\u00e9alach an chlogaid a bhaint amach<\/p>\n<p>Treis\u00edtear an forehead le strapa\u00ed leaisteacha ar thaobhanna an ochtapas (bun an seast\u00e1n f\u00eds o\u00edche) chun sc\u00e1th\u00e1in, ceamara\u00ed, gloin\u00ed cosanta f\u00eds o\u00edche agus gl\u00e9asanna eile a cheangal<\/p>\n<p>Feistithe le r\u00e1ill\u00ed, gl\u00e9asta c\u00falph\u00e1irt\u00ed n\u00edos cumhachta\u00ed, is f\u00e9idir a bheith feistithe le c\u00f3ras solais l\u00e1idir agus soilse aitheantais beacon, is f\u00e9idir a bheith feistithe freisin le cosaint \u00e9isteachta<\/p>\n","protected":false},"featured_media":10330,"comment_status":"closed","ping_status":"closed","template":"","meta":[],"product_brand":[],"product_cat":[710,819],"product_tag":[],"woo-feed-brand":[50],"class_list":{"0":"post-14210","1":"product","2":"type-product","3":"status-publish","4":"has-post-thumbnail","6":"product_cat-clogad-bulletproof","7":"product_cat-fast-ga","8":"woo-feed-brand-tyditiao","10":"first","11":"instock","12":"sale","13":"shipping-taxable","14":"purchasable","15":"product-type-simple"},"_links":{"self":[{"href":"https:\/\/tyditiao.com\/ga\/wp-json\/wp\/v2\/product\/14210","targetHints":{"allow":["GET"]}}],"collection":[{"href":"https:\/\/tyditiao.com\/ga\/wp-json\/wp\/v2\/product"}],"about":[{"href":"https:\/\/tyditiao.com\/ga\/wp-json\/wp\/v2\/types\/product"}],"replies":[{"embeddable":true,"href":"https:\/\/tyditiao.com\/ga\/wp-json\/wp\/v2\/comments?post=14210"}],"wp:featuredmedia":[{"embeddable":true,"href":"https:\/\/tyditiao.com\/ga\/wp-json\/wp\/v2\/media\/10330"}],"wp:attachment":[{"href":"https:\/\/tyditiao.com\/ga\/wp-json\/wp\/v2\/media?parent=14210"}],"wp:term":[{"taxonomy":"product_brand","embeddable":true,"href":"https:\/\/tyditiao.com\/ga\/wp-json\/wp\/v2\/product_brand?post=14210"},{"taxonomy":"product_cat","embeddable":true,"href":"https:\/\/tyditiao.com\/ga\/wp-json\/wp\/v2\/product_cat?post=14210"},{"taxonomy":"product_tag","embeddable":true,"href":"https:\/\/tyditiao.com\/ga\/wp-json\/wp\/v2\/product_tag?post=14210"},{"taxonomy":"woo-feed-brand","embeddable":true,"href":"https:\/\/tyditiao.com\/ga\/wp-json\/wp\/v2\/woo-feed-brand?post=14210"}],"curies":[{"name":"wp","href":"https:\/\/api.w.org\/{rel}","templated":true}]}}