{"id":14247,"date":"2022-06-13T04:05:41","date_gmt":"2022-06-13T02:05:41","guid":{"rendered":"http:\/\/tyditiao.com\/product\/clogad-mileata-gearmanach-clogad-saighdiuir-aicme-iiia-clogad-mear-oirbheartaiochta-ballistic-glas\/"},"modified":"2026-03-14T23:16:53","modified_gmt":"2026-03-14T21:16:53","slug":"mear-bulletproof-helm-tactical-kevlar-nijiiia-uaine","status":"publish","type":"product","link":"https:\/\/tyditiao.com\/ga\/product\/mear-bulletproof-helm-tactical-kevlar-nijiiia-uaine\/","title":{"rendered":"Clogad M\u00edleata Gearm\u00e1nach, Clogad Saighdi\u00fair Aicme IIIA, Clogad Mear Oirbhearta\u00edochta Ballistic, Glas"},"content":{"rendered":"<p><strong>Rang cosanta:<\/strong><\/p>\n<p>Is clogad bulletproof NIJ Leibh\u00e9al IIIA \u00e9 an clogad bulletproof seo de r\u00e9ir caighde\u00e1n NIJ 0101.06, agus is f\u00e9idir an tuarasc\u00e1il t\u00e1st\u00e1la comhfhreagrach a shol\u00e1thar.<\/p>\n<hr \/>\n<p><strong>Paraim\u00e9adair teilgean cosanta:<\/strong><\/p>\n<p>.44 Mag SJHP<br \/>\n.357 SIG FMJ FN<br \/>\n9mm FMJ RN<br \/>\n.357 Mag JSP<br \/>\n.40 S&amp;W FMJ<\/p>\n<p>Sol\u00e1thra\u00edonn s\u00e9 freisin cosaint i gcoinne an chuid is m\u00f3 bagairt\u00ed handgun chomh maith le bagairt\u00ed Aicme IIA agus II<\/p>\n<hr \/>\n<p><strong>Paraim\u00e9adair clogad urchair:<\/strong><\/p>\n<p>Ainm: NIJ lllA clogad bulletproof FAST<\/p>\n<p>\u00c1bhar: Ard-Teanntachta Kevlar-DuPont Aramid Sn\u00e1ith\u00edn<br \/>\nIml\u00edne ceann: 52-64 cm<br \/>\nGabh\u00e1lais roghnacha: masc bulletproof, etc.<br \/>\nDath clogad: Glas<br \/>\nIs clogad \u00e9 an MICH a stopann babhta\u00ed piostail agus sol\u00e1thra\u00edonn s\u00e9 cosaint iontaofa i gcoinne smionagar agus smionagar ag titim.<br \/>\nlaghd\u00f3idh cosaint.<\/p>\n<hr \/>\n<p><strong>&#8220;Do dhaoine:<\/strong><\/p>\n<p>T\u00e1 an clogad ballistic NIJ lllA Kevlar FAST deartha chun d\u00e9ile\u00e1il le bagairt gunna\u00ed agus shrapnel, le ceangalt\u00e1in n\u00edos l\u00e1idre le haghaidh oiri\u00fanach n\u00edos \u00e9adroime agus n\u00edos comporda\u00ed. T\u00e1 an clogad seo oiri\u00fanach do gach cine\u00e1l \u00fas\u00e1ideoir\u00ed. Is f\u00e9idir le baill foirne \u00f3 ghn\u00edomhaireachta\u00ed amhail an lucht m\u00edleata, p\u00f3il\u00edn\u00ed, SWAT, sl\u00e1nd\u00e1il inmhe\u00e1nach, garda\u00ed custaim agus teorann a bheith feistithe le cumas comhraic feabhsaithe. Is rogha maith \u00e9 freisin maidir le cosaint t\u00ed agus cosplay.<\/p>\n<hr \/>\n<p><strong>Gn\u00e9ithe de Chlogad Ballistic Oirbhearta\u00edochta M\u00edleata FAST:<\/strong><\/p>\n<p>I gcompar\u00e1id le clogaid mh\u00edleata gn\u00e1th, t\u00e1 an clogad FAST 25% n\u00edos \u00e9adroime. A bhu\u00edochas le c\u00f3ras fionra\u00ed an chlogaid, is f\u00e9idir le h\u00fas\u00e1ideoir\u00ed oiri\u00fanacht n\u00f3 tightness an chlogaid a choigeart\u00fa go h\u00e9asca le haghaidh an chompord is fearr. T\u00e1 an clogad FAST feistithe le r\u00e1ill\u00ed ARC ar an taobh cl\u00e9 agus ar dheis le haghaidh gabh\u00e1lais gl\u00e9asta mar l\u00f3icphoint\u00ed, cluas\u00e1in cealaithe torainn agus trealamh cumars\u00e1ide, chomh maith le trealamh f\u00eds o\u00edche n\u00f3 f\u00edstaifeadta. Is f\u00e9idir an cuibheoir a ghl\u00e9asadh i l\u00e1r an chlogaid tr\u00edd an oiri\u00fant\u00f3ir Is troid speisialta \u00e9 seo a fh\u00e9adfaidh bunt\u00e1iste oirbhearta\u00edochta n\u00edos m\u00f3 a chur leis. Ina theannta sin, mar gheall ar an dearadh mod\u00falach, n\u00ed hamh\u00e1in go n-\u00fas\u00e1ideann na m\u00edleata agus na p\u00f3il\u00edn\u00ed an leagan sibhialta den clogad FAST neamh-bullet-cruth\u00fanas, ach freisin go nglactar leis go fonnmhar ag lucht sp\u00f3irt lasmuigh agus oibrithe allamuigh mar iriseoir\u00ed agus tarrth\u00f3ir\u00ed. Ina theannta sin, mar gheall ar an dearadh mod\u00falach, n\u00ed hamh\u00e1in go n-\u00fas\u00e1ideann na m\u00edleata agus na p\u00f3il\u00edn\u00ed an leagan sibhialta den clogad FAST neamh-bullet-cruth\u00fanas, ach freisin go nglactar leis go fonnmhar ag lucht sp\u00f3irt lasmuigh agus oibrithe allamuigh mar iriseoir\u00ed agus tarrth\u00f3ir\u00ed.<\/p>\n<hr \/>\n<p><strong>An sol\u00e1thra\u00edonn clogaid bhailist\u00edocha oirbhearta\u00edochta m\u00edleata FAST cosaint mhaith agus c\u00e9n f\u00e1th a bhfuil t\u00f3ir orthu?<\/strong><\/p>\n<p>T\u00e1 dh\u00e1 ch\u00fais ann: Ar dt\u00fas, t\u00e1 trealamh teicni\u00fail n\u00edos m\u00f3 agus n\u00edos m\u00f3 d\u00e9anta ag saighdi\u00fair\u00ed aonair le dul chun cinn na teicneola\u00edochta, a \u00e9il\u00edonn ard\u00e1n chun gabh\u00e1lais theicni\u00fala a lucht\u00fa, agus bh\u00ed orthu cosaint a \u00edobairt a roghn\u00fa;<br \/>\nAr an dara dul s\u00edos, is f\u00f3rsa\u00ed speisialta iad \u00fas\u00e1ideoir\u00ed FAST den chuid is m\u00f3, agus n\u00ed thugann na f\u00f3rsa\u00ed speisialta ach cosaint \u00e1irithe ar an achar comhraic, d\u00e9antar an inaistritheacht agus an trealamh teicni\u00fail ar an ard\u00e1n mar r\u00e1ta marthanais, fi\u00fa in iarratais phraitici\u00fala, de ghn\u00e1th ach amh\u00e1in le haghaidh clogaid tapa, n\u00edl siad. aonaid il eilimint\u00ed ar s\u00e9, ach le haghaidh iniomparthacht.<\/p>\n<p>N\u00edl FAST ag brath ar chosaint dhian N\u00edl aon chup\u00e1in cluaise ar an d\u00e1 thaobh go leor Den chuid is m\u00f3 ar mhaithe le compord na foirne ag caitheamh cluas\u00e1in agus gabh\u00e1lais bhreise T\u00e9ann clogaid oirbhearta\u00edochta \u00e9adroma go p\u00e1irteach le cosaint a dh\u00e9anamh n\u00edos m\u00f3 bunt\u00e1ist\u00ed sa chomhrac.<\/p>\n<p>\u00das\u00e1idtear clogaid FAST go forleathan i go leor t\u00edortha, agus t\u00e1 deara\u00ed clogaid an-chos\u00fail le clogaid FAST SAM ag go leor t\u00edortha, mar shampla clogaid na R\u00faise, na Fraince agus na Breataine at\u00e1 deartha de r\u00e9ir clogaid FAST, c\u00e9 go dtiocfaidh siad chun cinn le himeacht ama. T\u00e1 na clogaid seo ag athr\u00fa i gc\u00f3na\u00ed, ach f\u00f3s t\u00e1im an-chos\u00fail leis na clogaid FAST, ar ch\u00faiseanna soil\u00e9ire, a chosna\u00edonn an ceann go h\u00e9ifeachtach agus go n-uasmh\u00e9ada\u00edonn siad saol an tsaighdi\u00fara.<\/p>\n<hr \/>\n<p><strong>Praghas clogad ballistic oirbhearta\u00edochta m\u00edleata FAST?<\/strong><\/p>\n<p>Is \u00e9 seo \u00e1r siopa clogad s\u00e1bh\u00e1ilteachta oirbhearta\u00edochta, le do thoil a cheannach go d\u00edreach \u00f3n\u00e1r l\u00e1ithre\u00e1n gr\u00e9as\u00e1in, is f\u00e9idir leat a fh\u00e1il 15% as an bpraghas bunaidh<\/p>\n<p>M\u00e1s mian leat \u00e1r gcuid t\u00e1irg\u00ed a cheannach n\u00f3 m\u00e1 t\u00e1 aon cheist agat faoi \u00e1r dt\u00e1irg\u00ed, le do thoil (<a href=\"https:\/\/tyditiao.com\/ga\/teagmhail\/\">d\u00e9an teagmh\u00e1il linn<\/a>) go pras, cuirfimid freagra chugat laistigh 1 l\u00e1 oibre. M\u00e1s mian leat n\u00edos m\u00f3 n\u00e1 5 clogaid bulletproof a ord\u00fa ag an am c\u00e9anna, gheobhaidh t\u00fa lascaine breise;<\/p>\n","protected":false},"excerpt":{"rendered":"<p>D\u00e9anta as sn\u00e1ith\u00edn ard-neart DuPont Kevlar Aramid, teas-resistant agus n\u00ed \u00e9asca a dh\u00edfhoirmi\u00fa<\/p>\n<p>NIJ Leibh\u00e9al IIIA<\/p>\n<p>Is f\u00e9idir le c\u00f3ras coigeartaithe iml\u00edne ceann, an clogad a dh\u00e9anamh chun an \u00e9ifeacht caitheamh id\u00e9alach a bhaint amach<\/p>\n<p>Ceada\u00edonn an c\u00f3ras coigeartaithe iml\u00edne ceann duit iml\u00edne an chinn a choigeart\u00fa le cnaipe a bhr\u00fa chun oiri\u00fanacht id\u00e9alach an chlogaid a bhaint amach<\/p>\n<p>Treis\u00edtear an forehead le strapa\u00ed leaisteacha ar thaobhanna an ochtapas (bun an seast\u00e1n f\u00eds o\u00edche) chun sc\u00e1th\u00e1in, ceamara\u00ed, gloin\u00ed cosanta f\u00eds o\u00edche agus gl\u00e9asanna eile a cheangal<\/p>\n<p>Feistithe le r\u00e1ill\u00ed, gl\u00e9asta c\u00falph\u00e1irt\u00ed n\u00edos cumhachta\u00ed, is f\u00e9idir a bheith feistithe le c\u00f3ras solais l\u00e1idir agus soilse aitheantais beacon, is f\u00e9idir a bheith feistithe freisin le cosaint \u00e9isteachta<\/p>\n","protected":false},"featured_media":10311,"comment_status":"open","ping_status":"closed","template":"","meta":[],"product_brand":[],"product_cat":[710,819],"product_tag":[],"woo-feed-brand":[50],"class_list":{"0":"post-14247","1":"product","2":"type-product","3":"status-publish","4":"has-post-thumbnail","6":"product_cat-clogad-bulletproof","7":"product_cat-fast-ga","8":"woo-feed-brand-tyditiao","10":"first","11":"instock","12":"sale","13":"shipping-taxable","14":"purchasable","15":"product-type-simple"},"_links":{"self":[{"href":"https:\/\/tyditiao.com\/ga\/wp-json\/wp\/v2\/product\/14247","targetHints":{"allow":["GET"]}}],"collection":[{"href":"https:\/\/tyditiao.com\/ga\/wp-json\/wp\/v2\/product"}],"about":[{"href":"https:\/\/tyditiao.com\/ga\/wp-json\/wp\/v2\/types\/product"}],"replies":[{"embeddable":true,"href":"https:\/\/tyditiao.com\/ga\/wp-json\/wp\/v2\/comments?post=14247"}],"wp:featuredmedia":[{"embeddable":true,"href":"https:\/\/tyditiao.com\/ga\/wp-json\/wp\/v2\/media\/10311"}],"wp:attachment":[{"href":"https:\/\/tyditiao.com\/ga\/wp-json\/wp\/v2\/media?parent=14247"}],"wp:term":[{"taxonomy":"product_brand","embeddable":true,"href":"https:\/\/tyditiao.com\/ga\/wp-json\/wp\/v2\/product_brand?post=14247"},{"taxonomy":"product_cat","embeddable":true,"href":"https:\/\/tyditiao.com\/ga\/wp-json\/wp\/v2\/product_cat?post=14247"},{"taxonomy":"product_tag","embeddable":true,"href":"https:\/\/tyditiao.com\/ga\/wp-json\/wp\/v2\/product_tag?post=14247"},{"taxonomy":"woo-feed-brand","embeddable":true,"href":"https:\/\/tyditiao.com\/ga\/wp-json\/wp\/v2\/woo-feed-brand?post=14247"}],"curies":[{"name":"wp","href":"https:\/\/api.w.org\/{rel}","templated":true}]}}