{"id":14270,"date":"2022-06-13T03:55:46","date_gmt":"2023-05-23T03:48:25","guid":{"rendered":"http:\/\/tyditiao.com\/product\/clogad-mileata-clogad-ballistic-oirbheartaiochta-iiia-clogad-polannach-kevlar-glas\/"},"modified":"2026-03-14T23:16:56","modified_gmt":"2026-03-14T21:16:56","slug":"mich2000-bulletproof-helm-kevlar-leibheal-3-uaine","status":"publish","type":"product","link":"https:\/\/tyditiao.com\/ga\/product\/mich2000-bulletproof-helm-kevlar-leibheal-3-uaine\/","title":{"rendered":"Clogad M\u00edleata, Clogad Ballistic Oirbhearta\u00edochta IIIA, clogad Polannach Kevlar, Glas"},"content":{"rendered":"<p><strong>Rang cosanta:<\/strong><\/p>\n<p>Is clogad bulletproof NIJ Level IIIA \u00e9 an clogad bulletproof seo de r\u00e9ir caighde\u00e1n NIJ 0101.06, agus is f\u00e9idir an tuarasc\u00e1il t\u00e1st\u00e1la comhfhreagrach a shol\u00e1thar.<\/p>\n<p>C\u00e1il\u00edonn an t\u00e1irge seo freisin mar Chlogad Comhraic Feabhsaithe (ECH) nuair a \u00fas\u00e1idtear \u00e9 le pl\u00e1ta arm\u00fartha barr le haghaidh f\u00edorchosaint raidhfil<\/p>\n<hr>\n<p><strong>Paraim\u00e9adair teilgean cosanta:<\/strong><\/p>\n<p>.44 Mag SJHP<br \/>\n.357 SIG FMJ FN<br \/>\n9mm FMJ RN<br \/>\n.357 Mag JSP<br \/>\n.40 S&#038;W FMJ<\/p>\n<p>Sol\u00e1thra\u00edonn s\u00e9 freisin cosaint i gcoinne an chuid is m\u00f3 bagairt\u00ed handgun chomh maith le bagairt\u00ed Aicme IIA agus II<\/p>\n<hr>\n<p><strong>Paraim\u00e9adair clogad urchair:<\/strong><br \/>\nAinm: NIJ lllA MICH2000 clogad bulletproof<\/p>\n<p>\u00c1bhar: Ard-Teanntachta Kevlar-DuPont Aramid Sn\u00e1ith\u00edn<br \/>\nSag tar \u00e9is seoladh teilge\u00e1in: &lt;20mm<br \/>\nIml\u00edne ceann: 52-60 cm<br \/>\nL\u00edne\u00e1il: Coinn\u00edonn l\u00edne\u00e1il c\u00far in-athshuite mall an clogad compordach agus cuireann s\u00e9 cosc ar thuirse agus r\u00f3th\u00e9amh.<br \/>\nGabh\u00e1lais roghnacha: masc bulletproof, etc.<br \/>\nDath clogad: Glas<br \/>\nIs clogad \u00e9 an MICH a stopann babhta\u00ed piostail agus sol\u00e1thra\u00edonn s\u00e9 cosaint iontaofa i gcoinne smionagar agus smionagar ag titim.<br \/>\nlaghd\u00f3idh cosaint.<\/p>\n<hr>\n<p><strong>&#8220;Do dhaoine:<\/strong><br \/>\nL\u00e1imhse\u00e1lann Clogad Ballistic NIJ lllA Kevlar MICH2000 bagairt\u00ed piostail agus shrapnel le cumas ceangail n\u00edos m\u00f3 le haghaidh oiri\u00fanach n\u00edos \u00e9adroime agus n\u00edos comporda\u00ed. T\u00e1 an clogad seo oiri\u00fanach do gach cine\u00e1l \u00fas\u00e1ideoir\u00ed. Is f\u00e9idir le baill foirne \u00f3 ghn\u00edomhaireachta\u00ed amhail an lucht m\u00edleata, p\u00f3il\u00edn\u00ed, SWAT, sl\u00e1nd\u00e1il inmhe\u00e1nach, garda\u00ed custaim agus teorann a bheith feistithe le cumas feabhsaithe comhraic. Is rogha maith \u00e9 freisin maidir le cosaint t\u00ed agus cosplay.<\/p>\n<p>Is clogad \u00e9 an MICH a stopann babhta\u00ed piostail agus sol\u00e1thra\u00edonn s\u00e9 cosaint iontaofa i gcoinne smionagar agus smionagar ag titim. N\u00ed hamh\u00e1in go sol\u00e1thra\u00edonn an clogad ballistic mich an chosaint chuimsitheach riachtanach i gcoinne arm maol, bagairt\u00ed ballistic agus bagairt\u00ed eile, ach t\u00e1 s\u00e9 thar a bheith mod\u00falach agus compordach freisin. C\u00e1il\u00edonn an t\u00e1irge seo freisin mar Chlogad Comhraic Feabhsaithe (ECH) nuair a \u00fas\u00e1idtear \u00e9 i gcomhar leis an pl\u00e1ta arm\u00far uachtair chun f\u00edorchosaint a shol\u00e1thar don raidhfil. Sol\u00e1thra\u00edonn an gearrtha \u00edseal cl\u00fadach n\u00edos fearr ar an d\u00e1 thaobh den cheann n\u00e1 clogaid r\u00f3-chluas. Tagann na clogaid seo le cup\u00e1in cluaise freisin chun freastal ar chluas\u00e1in agus trealamh cumars\u00e1ide eile.<\/p>\n<hr>\n<p><strong>C\u00e9 acu is m\u00f3 t\u00f3ir, clogad ballistic oirbhearta\u00edochta MICH2000 n\u00f3 FAST?<\/strong><br \/>\nT\u00e1 dromchla cosanta n\u00edos m\u00f3 ag an MICH2000, rud at\u00e1 n\u00edos tairbh\u00ed mura bhfuil s\u00e9 ar intinn agat gabh\u00e1lais iolracha a shuite\u00e1il. M\u00e1 t\u00e1 s\u00e9 ar intinn agat a l\u00e1n trealaimh a roghn\u00fa, mar shampla (splashlight a chaitheamh, cluas\u00e1in agus trealamh cumars\u00e1ide a cheal\u00fa torainn, gloin\u00ed cosanta f\u00eds o\u00edche n\u00f3 trealamh f\u00edstaifeadta, etc.), moltar FAST a \u00fas\u00e1id, mar n\u00ed bheidh s\u00e9 freisin. trom a chur faoi deara br\u00fa ar do mhuine\u00e1l, a dh\u00e9anann difear go hind\u00edreach gn\u00edomha\u00edochta\u00ed cumas.<\/p>\n<hr>\n<p><strong>MICH2000 praghas clogad m\u00edleata<\/strong><br \/>\nCeannaigh ar \u00e1r su\u00edomh Gr\u00e9as\u00e1in agus s\u00e1bh\u00e1il 15% ar phraghas<\/p>\n<hr>\n<p>M\u00e1s mian leat \u00e1r dt\u00e1irg\u00ed a cheannach n\u00f3 m\u00e1 t\u00e1 aon cheist agat faoi \u00e1r dt\u00e1irg\u00ed;<br \/>\nM\u00e1 t\u00e1 aon riachtanais saincheaptha agat;<br \/>\nLe do thoil (<a href=\"http:\/\/tyditiao.com\/en\/contact\/\">d\u00e9an teagmh\u00e1il linn<\/a>) l\u00e1ithreach, tabharfaimid freagra duit laistigh de 1 l\u00e1 oibre<\/p>\n","protected":false},"excerpt":{"rendered":"<p>Dea-Ch\u00e1il\u00edocht: D\u00e9anta as sn\u00e1ith\u00edn Aramid DuPont Kevlar ardchaighde\u00e1in, resistant teasa agus n\u00ed d\u00edfhoirm\u00edtear go h\u00e9asca<\/p>\n<p>Dea-fheidhm\u00edocht ballistic: NIJ leibh\u00e9al IIIA<\/p>\n<p>Foam Cuimhne Cruth Mall: Fabraic wicking taise le haghaidh glanadh \u00e9asca, pill\u00edn\u00ed mod\u00falach is f\u00e9idir leis an \u00fas\u00e1ideoir deiridh a choigeart\u00fa<\/p>\n<p>C\u00f3ras sceanra triomaithe: ar a dtugtar bonn f\u00eds o\u00edche freisin, is f\u00e9idir \u00e9 a chomhcheangal le tuilsoilse, ceamara\u00ed, gl\u00e9asanna f\u00eds o\u00edche agus trealamh eile<\/p>\n<p>T\u00e1 gr\u00fapa\u00ed iarnr\u00f3id ar an taobh cl\u00e9 agus ar dheis: is f\u00e9idir iad a shuite\u00e1il le c\u00f3ras soilsithe l\u00e1idir, solas aitheantais comhartha, clapboard cosanta earphone<\/p>\n","protected":false},"featured_media":11413,"comment_status":"open","ping_status":"closed","template":"","meta":[],"product_brand":[],"product_cat":[710,800],"product_tag":[],"woo-feed-brand":[50],"class_list":{"0":"post-14270","1":"product","2":"type-product","3":"status-publish","4":"has-post-thumbnail","6":"product_cat-clogad-bulletproof","7":"product_cat-mich2000-ga","8":"woo-feed-brand-tyditiao","10":"first","11":"instock","12":"sale","13":"shipping-taxable","14":"purchasable","15":"product-type-simple"},"_links":{"self":[{"href":"https:\/\/tyditiao.com\/ga\/wp-json\/wp\/v2\/product\/14270","targetHints":{"allow":["GET"]}}],"collection":[{"href":"https:\/\/tyditiao.com\/ga\/wp-json\/wp\/v2\/product"}],"about":[{"href":"https:\/\/tyditiao.com\/ga\/wp-json\/wp\/v2\/types\/product"}],"replies":[{"embeddable":true,"href":"https:\/\/tyditiao.com\/ga\/wp-json\/wp\/v2\/comments?post=14270"}],"wp:featuredmedia":[{"embeddable":true,"href":"https:\/\/tyditiao.com\/ga\/wp-json\/wp\/v2\/media\/11413"}],"wp:attachment":[{"href":"https:\/\/tyditiao.com\/ga\/wp-json\/wp\/v2\/media?parent=14270"}],"wp:term":[{"taxonomy":"product_brand","embeddable":true,"href":"https:\/\/tyditiao.com\/ga\/wp-json\/wp\/v2\/product_brand?post=14270"},{"taxonomy":"product_cat","embeddable":true,"href":"https:\/\/tyditiao.com\/ga\/wp-json\/wp\/v2\/product_cat?post=14270"},{"taxonomy":"product_tag","embeddable":true,"href":"https:\/\/tyditiao.com\/ga\/wp-json\/wp\/v2\/product_tag?post=14270"},{"taxonomy":"woo-feed-brand","embeddable":true,"href":"https:\/\/tyditiao.com\/ga\/wp-json\/wp\/v2\/woo-feed-brand?post=14270"}],"curies":[{"name":"wp","href":"https:\/\/api.w.org\/{rel}","templated":true}]}}