{"id":14292,"date":"2022-06-13T03:53:55","date_gmt":"2022-06-13T01:53:55","guid":{"rendered":"http:\/\/tyditiao.com\/product\/armur-bulletproof-clogad-oirbheartaiochta-aicme-iiia-clogad-forsai-speisialta-mich2000-donn-eadrom\/"},"modified":"2026-01-26T09:20:26","modified_gmt":"2026-01-26T07:20:26","slug":"mich2000-bulletproof-helm-kevlar-leibheal-3-eadrom-donn","status":"publish","type":"product","link":"https:\/\/tyditiao.com\/ga\/product\/mich2000-bulletproof-helm-kevlar-leibheal-3-eadrom-donn\/","title":{"rendered":"Arm\u00far bulletproof, clogad oirbhearta\u00edochta Aicme IIIA, clogad f\u00f3rsa\u00ed speisialta mich2000, donn \u00e9adrom"},"content":{"rendered":"<p>Is clogad \u00e9 an MICH a stopann babhta\u00ed piostail agus sol\u00e1thra\u00edonn s\u00e9 cosaint iontaofa i gcoinne smionagar agus smionagar ag titim. Sol\u00e1thra\u00edonn an gearrtha \u00edseal cl\u00fadach n\u00edos fearr ar an d\u00e1 thaobh den cheann n\u00e1 clogaid r\u00f3-chluas. Tagann na clogaid seo le cup\u00e1in cluaise freisin chun freastal ar chluas\u00e1in agus trealamh cumars\u00e1ide eile.<\/p>\n<hr \/>\n<p><strong>Rang cosanta:<\/strong><\/p>\n<p>Is clogad bulletproof NIJ Level IIIA \u00e9 an clogad bulletproof seo de r\u00e9ir caighde\u00e1n NIJ 0101.06, agus is f\u00e9idir an tuarasc\u00e1il t\u00e1st\u00e1la comhfhreagrach a shol\u00e1thar.<\/p>\n<p>C\u00e1il\u00edonn an t\u00e1irge seo freisin mar Chlogad Comhraic Feabhsaithe (ECH) nuair a \u00fas\u00e1idtear \u00e9 le pl\u00e1ta arm\u00fartha barr le haghaidh f\u00edorchosaint raidhfil<\/p>\n<hr \/>\n<p><strong>Paraim\u00e9adair teilgean cosanta:<\/strong><\/p>\n<p>.44 Mag SJHP<br \/>\n.357 SIG FMJ FN<br \/>\n9mm FMJ RN<br \/>\n.357 Mag JSP<br \/>\n.40 S&amp;W FMJ<\/p>\n<p>Sol\u00e1thra\u00edonn s\u00e9 freisin cosaint i gcoinne an chuid is m\u00f3 bagairt\u00ed handgun chomh maith le bagairt\u00ed Aicme IIA agus II<\/p>\n<hr \/>\n<p><strong>Paraim\u00e9adair clogad urchair:<\/strong><br \/>\nAinm: NIJ lllA MICH2000 clogad bulletproof<\/p>\n<p>\u00c1bhar: Ard-Teanntachta Kevlar-DuPont Aramid Sn\u00e1ith\u00edn<br \/>\nIml\u00edne ceann: 52-60 cm (coigeart\u00fa c\u00falchist\u00ed dh\u00e1 ch\u00e9im agus strap smig inchoigeartaithe)<br \/>\nL\u00edne\u00e1il: Coinn\u00edonn l\u00edne\u00e1il c\u00far in-athshuite mall an clogad compordach agus cuireann s\u00e9 cosc ar thuirse agus r\u00f3th\u00e9amh.<br \/>\nGabh\u00e1lais roghnacha: masc bulletproof, etc.<br \/>\nDath clogad: Donn \u00c9adrom<br \/>\nIs clogad \u00e9 an MICH a stopann babhta\u00ed piostail agus sol\u00e1thra\u00edonn s\u00e9 cosaint iontaofa i gcoinne smionagar agus smionagar ag titim.<br \/>\nlaghd\u00f3idh cosaint.<\/p>\n<hr \/>\n<p><strong>&#8220;Do dhaoine:<\/strong><br \/>\nL\u00e1imhse\u00e1lann Clogad Ballistic NIJ lllA Kevlar MICH2000 bagairt\u00ed piostail agus shrapnel le cumas ceangail n\u00edos m\u00f3 le haghaidh oiri\u00fanach n\u00edos \u00e9adroime agus n\u00edos comporda\u00ed. T\u00e1 an clogad seo oiri\u00fanach do gach cine\u00e1l \u00fas\u00e1ideoir\u00ed. Is f\u00e9idir le baill foirne \u00f3 ghn\u00edomhaireachta\u00ed amhail an lucht m\u00edleata, p\u00f3il\u00edn\u00ed, SWAT, sl\u00e1nd\u00e1il inmhe\u00e1nach, garda\u00ed custaim agus teorann a bheith feistithe le cumas feabhsaithe comhraic. Is rogha maith \u00e9 freisin maidir le cosaint t\u00ed agus cosplay.<\/p>\n<hr \/>\n<p>M\u00e1s mian leat \u00e1r dt\u00e1irg\u00ed a cheannach n\u00f3 m\u00e1 t\u00e1 aon cheist agat faoi \u00e1r dt\u00e1irg\u00ed;<br \/>\nM\u00e1 t\u00e1 aon riachtanais saincheaptha agat;<br \/>\nLe do thoil (<a href=\"https:\/\/tyditiao.com\/ga\/teagmhail\/\">d\u00e9an teagmh\u00e1il linn<\/a>) l\u00e1ithreach, tabharfaimid freagra duit laistigh de 1 l\u00e1 oibre<\/p>\n","protected":false},"excerpt":{"rendered":"<p>Limist\u00e9ar cosanta m\u00f3r: T\u00e1 an limist\u00e9ar cosanta n\u00edos m\u00f3 n\u00e1 an clogaid bulletproof traidisi\u00fanta, ag sol\u00e1thar cosaint mhaith don chuid chluas<\/p>\n<p>Dea-Ch\u00e1il\u00edocht: D\u00e9anta as sn\u00e1ith\u00edn Aramid DuPont Kevlar ardchaighde\u00e1in, resistant teasa agus n\u00ed d\u00edfhoirm\u00edtear go h\u00e9asca<\/p>\n<p>Dea-fheidhm\u00edocht ballistic: NIJ leibh\u00e9al IIIA<\/p>\n<p>Ligeann c\u00f3ras triom\u00fa \u00e9isc sceall\u00f3ga agus sraith iarnr\u00f3id chl\u00e9 agus ar dheis duit headset socraithe, solas gunna, ceamara, liosta splanc, f\u00eds o\u00edche, ceamara GoPro, sp\u00e9acla\u00ed NVG a shuite\u00e1il<\/p>\n<p>Feidhm\u00edocht uasghr\u00e1daithe mhaith: masc ocsaigine in-uasghr\u00e1daithe, clogad, sciath taobh, sciath taobh arm\u00fartha, sciath cosanta, cl\u00fadach clogad<\/p>\n","protected":false},"featured_media":10197,"comment_status":"open","ping_status":"closed","template":"","meta":[],"product_brand":[],"product_cat":[710,800],"product_tag":[],"woo-feed-brand":[50],"class_list":{"0":"post-14292","1":"product","2":"type-product","3":"status-publish","4":"has-post-thumbnail","6":"product_cat-clogad-bulletproof","7":"product_cat-mich2000-ga","8":"woo-feed-brand-tyditiao","10":"first","11":"instock","12":"sale","13":"shipping-taxable","14":"purchasable","15":"product-type-simple"},"_links":{"self":[{"href":"https:\/\/tyditiao.com\/ga\/wp-json\/wp\/v2\/product\/14292","targetHints":{"allow":["GET"]}}],"collection":[{"href":"https:\/\/tyditiao.com\/ga\/wp-json\/wp\/v2\/product"}],"about":[{"href":"https:\/\/tyditiao.com\/ga\/wp-json\/wp\/v2\/types\/product"}],"replies":[{"embeddable":true,"href":"https:\/\/tyditiao.com\/ga\/wp-json\/wp\/v2\/comments?post=14292"}],"wp:featuredmedia":[{"embeddable":true,"href":"https:\/\/tyditiao.com\/ga\/wp-json\/wp\/v2\/media\/10197"}],"wp:attachment":[{"href":"https:\/\/tyditiao.com\/ga\/wp-json\/wp\/v2\/media?parent=14292"}],"wp:term":[{"taxonomy":"product_brand","embeddable":true,"href":"https:\/\/tyditiao.com\/ga\/wp-json\/wp\/v2\/product_brand?post=14292"},{"taxonomy":"product_cat","embeddable":true,"href":"https:\/\/tyditiao.com\/ga\/wp-json\/wp\/v2\/product_cat?post=14292"},{"taxonomy":"product_tag","embeddable":true,"href":"https:\/\/tyditiao.com\/ga\/wp-json\/wp\/v2\/product_tag?post=14292"},{"taxonomy":"woo-feed-brand","embeddable":true,"href":"https:\/\/tyditiao.com\/ga\/wp-json\/wp\/v2\/woo-feed-brand?post=14292"}],"curies":[{"name":"wp","href":"https:\/\/api.w.org\/{rel}","templated":true}]}}