{"id":14331,"date":"2022-10-21T05:25:40","date_gmt":"2022-10-21T03:25:40","guid":{"rendered":"http:\/\/tyditiao.com\/product\/uhmwpe-nij-leibheal-iiia-7mm-0-5kg-plata-cliabh-bulletproof-250x300mm\/"},"modified":"2026-01-26T09:18:13","modified_gmt":"2026-01-26T07:18:13","slug":"uhmwpe-nij-leibheal-iiia-7mm-0-5kgn-breastplate-bulletproof-250x300mm","status":"publish","type":"product","link":"https:\/\/tyditiao.com\/ga\/product\/uhmwpe-nij-leibheal-iiia-7mm-0-5kgn-breastplate-bulletproof-250x300mm\/","title":{"rendered":"UHMWPE, NIJ Leibh\u00e9al IIIA, 7MM, 0.5KG, Pl\u00e1ta Cliabh Bulletproof, 250X300MM"},"content":{"rendered":"<p>Me\u00e1chan: 0.5KG<br \/>\n\u00c1bhar: Corpoideachas<br \/>\nTi\u00fas: 7MM<br \/>\nAicme cosanta: leibh\u00e9al NIJ IIIA (GA4)<\/p>\n<p>Ciseal seachtrach: fabraic poileistear dubh uiscedh\u00edonach;<br \/>\nTois\u00ed: 250x300mm \/ 9.8&#8217;x11.8&#8242;<br \/>\nCruth: Trapezoid (bord trapezoid le coirn\u00e9il chamfered)<\/p>\n<p>Liosta Pac\u00e1il:<br \/>\n1 x Pl\u00e1ta Bulletproof Trapezooidal.<\/p>\n<p>F\u00f3gra:<br \/>\nN\u00edl an veist fhrithchaiteach san \u00e1ireamh<\/p>\n<p>\u00das\u00e1ideoir\u00ed Sprioc: F\u00f3rsa\u00ed Armtha, SWAT, Homeland Sl\u00e1nd\u00e1il, Custaim agus Cosaint Teorann, Rial\u00fa Inimirce, agus daoine eile a bhfuil aghaidh bagairt\u00ed arm d&#8217;fh\u00e9adfadh a bheith feistithe le \u00e1r gcuid t\u00e1irg\u00ed. Faigheann daoine tortha\u00ed n\u00edos fearr agus n\u00edos l\u00fa taismeach. T\u00e1 an t\u00e1irge in oiri\u00faint n\u00edos fearr freisin do ch\u00e1sanna amhail misin chian-achair n\u00f3 misin chian-achair. Is rogha maith \u00e9 freisin do chosaint do theaghlaigh f\u00e9in<\/p>\n","protected":false},"excerpt":{"rendered":"<p>T\u00e1 an l\u00edn\u00e9ar seo d\u00e9anta as sn\u00e1ith\u00edn PE \u00edon: is \u00e9 an bunt\u00e1iste me\u00e1chan \u00e9adrom agus seans n\u00edos l\u00fa dam\u00e1iste t\u00e1naisteach tar \u00e9is friochta. Nuair a bheidh s\u00e9 faoi ghlas, t\u00e1 an di\u00farac\u00e1n leabaithe sa lann le d\u00f3ch\u00falacht an-\u00edseal de rebound<\/p>\n<p>Pl\u00e1ta bulletproof Pure PE, gr\u00e1d NIJ IIIA: me\u00e1chan 0.5 kg, luaidhe-cruth\u00fanas, 54-cine\u00e1l, piostail 64-cine\u00e1l, gunna submachine 79-cine\u00e1l<\/p>\n<p>Ciseal maol\u00e1nach: T\u00e1 sraith de eochaircheap cad\u00e1is EVA turraing-cruth\u00fanas taobh istigh de gach pl\u00e1ta bulletproof, is f\u00e9idir a laghd\u00fa go h\u00e9ifeachtach an tionchar ar an gcorp an duine tar \u00e9is a bhuam\u00e1il<\/p>\n<p>Dearadh \u00e1irse d\u00fabailte: D\u00e9anann iarn\u00e1il mheicni\u00fail ar thaobh cl\u00e9 agus ar dheis an bhoird de r\u00e9ir prionsabail eirgeanama\u00edochta, go n-oireann na himill \u00e1irse go foirfe don chorp<\/p>\n","protected":false},"featured_media":12097,"comment_status":"open","ping_status":"closed","template":"","meta":[],"product_brand":[],"product_cat":[883],"product_tag":[],"woo-feed-brand":[50],"class_list":{"0":"post-14331","1":"product","2":"type-product","3":"status-publish","4":"has-post-thumbnail","6":"product_cat-plata-cofra-bulletproof","7":"woo-feed-brand-tyditiao","9":"first","10":"instock","11":"sale","12":"shipping-taxable","13":"purchasable","14":"product-type-simple"},"_links":{"self":[{"href":"https:\/\/tyditiao.com\/ga\/wp-json\/wp\/v2\/product\/14331","targetHints":{"allow":["GET"]}}],"collection":[{"href":"https:\/\/tyditiao.com\/ga\/wp-json\/wp\/v2\/product"}],"about":[{"href":"https:\/\/tyditiao.com\/ga\/wp-json\/wp\/v2\/types\/product"}],"replies":[{"embeddable":true,"href":"https:\/\/tyditiao.com\/ga\/wp-json\/wp\/v2\/comments?post=14331"}],"wp:featuredmedia":[{"embeddable":true,"href":"https:\/\/tyditiao.com\/ga\/wp-json\/wp\/v2\/media\/12097"}],"wp:attachment":[{"href":"https:\/\/tyditiao.com\/ga\/wp-json\/wp\/v2\/media?parent=14331"}],"wp:term":[{"taxonomy":"product_brand","embeddable":true,"href":"https:\/\/tyditiao.com\/ga\/wp-json\/wp\/v2\/product_brand?post=14331"},{"taxonomy":"product_cat","embeddable":true,"href":"https:\/\/tyditiao.com\/ga\/wp-json\/wp\/v2\/product_cat?post=14331"},{"taxonomy":"product_tag","embeddable":true,"href":"https:\/\/tyditiao.com\/ga\/wp-json\/wp\/v2\/product_tag?post=14331"},{"taxonomy":"woo-feed-brand","embeddable":true,"href":"https:\/\/tyditiao.com\/ga\/wp-json\/wp\/v2\/woo-feed-brand?post=14331"}],"curies":[{"name":"wp","href":"https:\/\/api.w.org\/{rel}","templated":true}]}}