{"id":14349,"date":"2022-06-13T03:50:24","date_gmt":"2022-06-13T01:50:24","guid":{"rendered":"http:\/\/tyditiao.com\/product\/fearas-oirbheartaiochta-aicme-iiia-clogad-pileardhionach-mileata-dubh\/"},"modified":"2026-03-17T13:18:07","modified_gmt":"2026-03-17T11:18:07","slug":"mich2000-bulletproof-helm-kevlar-leibheal-3-dubh","status":"publish","type":"product","link":"https:\/\/tyditiao.com\/ga\/product\/mich2000-bulletproof-helm-kevlar-leibheal-3-dubh\/","title":{"rendered":"Fearas oirbhearta\u00edochta Aicme IIIA, clogad pil\u00e9ardh\u00edonach m\u00edleata, dubh"},"content":{"rendered":"<p><strong>Rang cosanta:<\/strong><br \/>\nIs clogad bulletproof NIJ Leibh\u00e9al IIIA \u00e9 an clogad bulletproof seo de r\u00e9ir caighde\u00e1n NIJ 0101.06, agus is f\u00e9idir an tuarasc\u00e1il t\u00e1st\u00e1la comhfhreagrach a shol\u00e1thar.<\/p>\n<hr \/>\n<p><strong>Paraim\u00e9adair teilgean cosanta:<\/strong><br \/>\n.44 Mag SJHP<br \/>\n.357 SIG FMJ FN<br \/>\n9mm FMJ RN<br \/>\n.357 Mag JSP<br \/>\n.40 S&amp;W FMJ<\/p>\n<p>Sol\u00e1thra\u00edonn s\u00e9 freisin cosaint i gcoinne an chuid is m\u00f3 bagairt\u00ed handgun chomh maith le bagairt\u00ed Aicme IIA agus II<\/p>\n<hr \/>\n<p><strong>Paraim\u00e9adair clogad urchair:<\/strong><br \/>\nAinm: NIJ lllA MICH2000 clogad bulletproof<\/p>\n<p>\u00c1bhar: Ard-Teanntachta Kevlar-DuPont Aramid Sn\u00e1ith\u00edn<br \/>\nIml\u00edne ceann: 52-60 cm<br \/>\nL\u00edne\u00e1il: Coinn\u00edonn l\u00edne\u00e1il c\u00far in-athshuite mall an clogad compordach agus cuireann s\u00e9 cosc ar thuirse agus r\u00f3th\u00e9amh.<br \/>\nGabh\u00e1lais roghnacha: masc ocsaigine, sciath aghaidh, sciath taobh, sciath taobh arm\u00far, sciath, cl\u00fadach clogad, masc bulletproof, etc.<br \/>\nDath clogad: Dubh<br \/>\nIs clogad \u00e9 an MICH a stopann babhta\u00ed piostail agus sol\u00e1thra\u00edonn s\u00e9 cosaint iontaofa i gcoinne smionagar agus smionagar ag titim.<br \/>\nlaghd\u00f3idh cosaint.<\/p>\n<hr \/>\n<p><strong>&#8220;Do dhaoine:<\/strong><br \/>\nL\u00e1imhse\u00e1lann Clogad Ballistic NIJ lllA Kevlar MICH2000 bagairt\u00ed piostail agus shrapnel le cumas ceangail n\u00edos m\u00f3 le haghaidh oiri\u00fanach n\u00edos \u00e9adroime agus n\u00edos comporda\u00ed. T\u00e1 an clogad seo oiri\u00fanach do gach cine\u00e1l \u00fas\u00e1ideoir\u00ed. Is f\u00e9idir le baill foirne \u00f3 ghn\u00edomhaireachta\u00ed amhail an lucht m\u00edleata, p\u00f3il\u00edn\u00ed, SWAT, sl\u00e1nd\u00e1il inmhe\u00e1nach, garda\u00ed custaim agus teorann a bheith feistithe le cumas comhraic feabhsaithe. Is rogha maith \u00e9 freisin maidir le cosaint t\u00ed agus cosplay.<\/p>\n<hr \/>\n<p><strong>Cad \u00e9 clogad m\u00edleata MICH2000 Kevlar?<\/strong><br \/>\nIs clogad comhraic Meirice\u00e1nach \u00e9 an Clogad Cumars\u00e1ide Comhth\u00e1ite Mod\u00falach (MICH) agus ceann den iliomad clogad a \u00fas\u00e1ideann m\u00edleata na SA. D&#8217;fhorbair L\u00e1rionad C\u00f3rais Saighdi\u00fair Arm na SA \u00e9 mar an clogad comhraic cosanta den ch\u00e9ad ghl\u00fain eile a \u00fas\u00e1ideann m\u00edleata na SA. Ba \u00e9 an phr\u00edomhch\u00fais le forbairt an MICH n\u00e1 na PASGTanna cosanta ach trom a athshol\u00e1thar, toisc go raibh siad n\u00edos \u00e9adroime, n\u00edos comporda\u00ed, oiri\u00fanach n\u00edos fearr, agus go raibh siad n\u00edos \u00e9asca gabh\u00e1lais a shuite\u00e1il, go h\u00e1irithe trealamh f\u00eds o\u00edche agus cluas\u00e1in cumars\u00e1ide. N\u00ed chuireann s\u00e9 faoi deara strus gan gh\u00e1 ar an muine\u00e1l. Ar dt\u00fas, d&#8217;\u00fas\u00e1id SOCOM agus roinnt eintitis a raibh dl\u00fathbhaint acu go hioml\u00e1n beagnach leis. Go dt\u00ed seo, t\u00e1 an MICH agus a d\u00edorthaigh, an Clogad Comhraic Ardleibh\u00e9il agus an Clogad Comhraic Athraithe, tar \u00e9is an PASGT a athshol\u00e1thar go hioml\u00e1n i seirbh\u00eds ghn\u00edomhach Arm na SA agus \u00fas\u00e1idtear iad, go pointe \u00e1irithe ar a laghad, i ngach rann\u00f3g Arm na SA.<\/p>\n<hr \/>\n<p><strong>Gn\u00e9ithe de chlogad MICH2000 Kevlar:<\/strong><br \/>\nT\u00e1 me\u00e1chan an MICH thart ar 1.6 kg. T\u00e1 an MICH beag\u00e1n n\u00edos l\u00fa n\u00e1 an PASGT freisin, t\u00e1 raon 8% n\u00edos l\u00fa aige, \u00fas\u00e1ideann sn\u00e1ith\u00edn\u00ed Kevlar nua, n\u00edos forbartha, agus cuireann s\u00e9 cosaint piostail agus teilge\u00e1in n\u00edos fearr ar f\u00e1il. T\u00e1 c\u00f3ras cushioning agus c\u00f3ras ceangail ceithre phointe, cos\u00fail leis na cosant\u00f3ir\u00ed agus na strapa\u00ed ar chl\u00e1ir sc\u00e1t\u00e1la, clogaid rothair agus clogaid uisce, in ionad an ch\u00f3rais fionra\u00ed corda n\u00edol\u00f3n, sweatband agus strap smig a fhaightear ar chlogaid PASGT. Sol\u00e1thra\u00edonn an t-athr\u00fa seo cosaint tionchair agus compord n\u00edos m\u00f3 don duine f\u00e9in. T\u00e1 l\u00faib\u00edn gl\u00e9asta tosaigh aige le haghaidh gloin\u00ed cosanta f\u00eds o\u00edche (amhail AN\/PVS-14 n\u00f3 AN\/PVS-15), cos\u00fail leis an gceann ar an gclogad PASGT. T\u00e1 p\u00e9ire strapa\u00ed ar ch\u00fal aige freisin chun gloin\u00ed s\u00e1bh\u00e1ilteachta a cheangal, chomh maith le cl\u00fadach clogad \u00e9adach i bpatr\u00fain duaithn\u00edochta \u00e9ags\u00fala. I gcompar\u00e1id le contour &#8220;cuartha&#8221;, is \u00e9 PASGT go pr\u00edomha n\u00e1 na mala\u00ed a bhaint agus na taobhanna a ard\u00fa go pointe &#8220;\u00e1ras\u00e1n&#8221; ar an imeall n\u00edos \u00edsle taobh thiar de na temples. Laghda\u00edonn s\u00e9 seo me\u00e1chan beag\u00e1n agus ceada\u00edonn s\u00e9 feasacht staide n\u00edos fearr agus n\u00edos l\u00fa constaic\u00ed i r\u00e9imse radhairc an \u00fas\u00e1ideora, go h\u00e1irithe nuair a chuirtear le ch\u00e9ile iad le veisteanna pil\u00e9ardh\u00edonacha idircheap\u00f3ra. T\u00e1 gear\u00e1n d\u00e9anta ag saighdi\u00fair\u00ed roimhe seo go bhfuil an collar idirghabh\u00e1la ard agus an strap smig dh\u00e1 phointe ag br\u00fa ar ch\u00fal an chlogad PASGT ar aghaidh, agus nuair a dh\u00e9anann siad iarracht tine \u00f3 shu\u00edomh seans maith, sleamhna\u00edonn imeall an chlogaid thar a gcuid s\u00fal, a bhfuil i MICH. strap smig contoured agus ceithre phointe c\u00fangaithe.<\/p>\n<hr \/>\n<p><strong>C\u00e9 acu is m\u00f3 t\u00f3ir, clogad ballistic oirbhearta\u00edochta MICH2000 n\u00f3 FAST?<\/strong><br \/>\nT\u00e1 dromchla cosanta n\u00edos m\u00f3 ag an MICH2000, rud at\u00e1 n\u00edos tairbh\u00ed mura bhfuil s\u00e9 beartaithe agat go leor gabh\u00e1lais a shuite\u00e1il. M\u00e1 t\u00e1 s\u00e9 beartaithe agat go leor trealamh a roghn\u00fa, mar shampla (splashlight a chaitheamh, cluas\u00e1in agus trealamh cumars\u00e1ide a cheal\u00fa torainn, gloin\u00ed cosanta f\u00eds o\u00edche n\u00f3 trealamh f\u00edse, etc.), moltar FAST a roghn\u00fa, toisc nach mbeidh s\u00e9 r\u00f3-throm. , cuirfidh s\u00e9 br\u00fa ar an muine\u00e1l, rud a chuirfidh isteach go hind\u00edreach ar chumas gn\u00edomha\u00edochta.<\/p>\n<hr \/>\n<p><strong>MICH2000 praghas clogad m\u00edleata<\/strong><br \/>\nIs \u00e9 seo \u00e1r siopa clogad s\u00e1bh\u00e1ilteachta oirbhearta\u00edochta, le do thoil a cheannach go d\u00edreach \u00f3n\u00e1r l\u00e1ithre\u00e1n gr\u00e9as\u00e1in, is f\u00e9idir leat a fh\u00e1il 15% as an bpraghas bunaidh<\/p>\n<hr \/>\n<p>M\u00e1s mian leat \u00e1r dt\u00e1irg\u00ed a cheannach n\u00f3 m\u00e1 t\u00e1 aon cheist agat faoi \u00e1r dt\u00e1irg\u00ed;<br \/>\nM\u00e1 t\u00e1 aon riachtanais saincheaptha agat;<br \/>\nLe do thoil (<a href=\"https:\/\/tyditiao.com\/ga\/teagmhail\/\">d\u00e9an teagmh\u00e1il linn<\/a>) l\u00e1ithreach, tabharfaimid freagra duit laistigh de 1 l\u00e1 oibre<\/p>\n","protected":false},"excerpt":{"rendered":"<p>D\u00e9anta as sn\u00e1ith\u00edn ard-neart DuPont Kevlar Aramid, teas-resistant agus n\u00ed \u00e9asca a dh\u00edfhoirmi\u00fa<\/p>\n<p>NIJ Leibh\u00e9al IIIA<\/p>\n<p>Is f\u00e9idir le c\u00f3ras coigeartaithe iml\u00edne ceann, an clogad a dh\u00e9anamh chun an \u00e9ifeacht caitheamh id\u00e9alach a bhaint amach<\/p>\n<p>Treis\u00edtear an forehead le strapa\u00ed leaisteacha ar thaobhanna an ochtapas (bun an seast\u00e1n f\u00eds o\u00edche) chun sc\u00e1th\u00e1in, ceamara\u00ed, gloin\u00ed cosanta f\u00eds o\u00edche agus gl\u00e9asanna eile a cheangal<\/p>\n<p>Feistithe le r\u00e1ill\u00ed, gl\u00e9asta c\u00falph\u00e1irt\u00ed n\u00edos cumhachta\u00ed, is f\u00e9idir a bheith feistithe le c\u00f3ras solais l\u00e1idir agus soilse aitheantais beacon, is f\u00e9idir a bheith feistithe freisin le cosaint \u00e9isteachta<\/p>\n","protected":false},"featured_media":11394,"comment_status":"open","ping_status":"closed","template":"","meta":[],"product_brand":[],"product_cat":[710,800],"product_tag":[],"woo-feed-brand":[50],"class_list":{"0":"post-14349","1":"product","2":"type-product","3":"status-publish","4":"has-post-thumbnail","6":"product_cat-clogad-bulletproof","7":"product_cat-mich2000-ga","8":"woo-feed-brand-tyditiao","10":"first","11":"instock","12":"sale","13":"shipping-taxable","14":"purchasable","15":"product-type-simple"},"_links":{"self":[{"href":"https:\/\/tyditiao.com\/ga\/wp-json\/wp\/v2\/product\/14349","targetHints":{"allow":["GET"]}}],"collection":[{"href":"https:\/\/tyditiao.com\/ga\/wp-json\/wp\/v2\/product"}],"about":[{"href":"https:\/\/tyditiao.com\/ga\/wp-json\/wp\/v2\/types\/product"}],"replies":[{"embeddable":true,"href":"https:\/\/tyditiao.com\/ga\/wp-json\/wp\/v2\/comments?post=14349"}],"wp:featuredmedia":[{"embeddable":true,"href":"https:\/\/tyditiao.com\/ga\/wp-json\/wp\/v2\/media\/11394"}],"wp:attachment":[{"href":"https:\/\/tyditiao.com\/ga\/wp-json\/wp\/v2\/media?parent=14349"}],"wp:term":[{"taxonomy":"product_brand","embeddable":true,"href":"https:\/\/tyditiao.com\/ga\/wp-json\/wp\/v2\/product_brand?post=14349"},{"taxonomy":"product_cat","embeddable":true,"href":"https:\/\/tyditiao.com\/ga\/wp-json\/wp\/v2\/product_cat?post=14349"},{"taxonomy":"product_tag","embeddable":true,"href":"https:\/\/tyditiao.com\/ga\/wp-json\/wp\/v2\/product_tag?post=14349"},{"taxonomy":"woo-feed-brand","embeddable":true,"href":"https:\/\/tyditiao.com\/ga\/wp-json\/wp\/v2\/woo-feed-brand?post=14349"}],"curies":[{"name":"wp","href":"https:\/\/api.w.org\/{rel}","templated":true}]}}