{"id":16849,"date":"2025-04-17T11:28:35","date_gmt":"2025-04-17T09:28:35","guid":{"rendered":"https:\/\/tyditiao.com\/product\/clogad-ballistic-le-sciath-aghaidh-agus-garda-smig-tdtm-3-cosaint-iomlan-nij-iiia-oiriunach-le-haghaidh-coinniollacha-oirbheartaiochta-foircneacha\/"},"modified":"2025-04-22T09:03:32","modified_gmt":"2025-04-22T07:03:32","slug":"clogad-ballistic-le-sciath-aghaidh-agus-garda-smig-tdtm-3-cosaint-iomlan-nij-iiia-oiriunach-le-haghaidh-coinniollacha-oirbheartaiochta-foircneacha","status":"publish","type":"product","link":"https:\/\/tyditiao.com\/ga\/product\/clogad-ballistic-le-sciath-aghaidh-agus-garda-smig-tdtm-3-cosaint-iomlan-nij-iiia-oiriunach-le-haghaidh-coinniollacha-oirbheartaiochta-foircneacha\/","title":{"rendered":"clogad ballistic le sciath aghaidh agus garda smig, TDTM-3, cosaint ioml\u00e1n NIJ IIIA, oiri\u00fanach le haghaidh coinn\u00edollacha oirbhearta\u00edochta foircneacha"},"content":{"rendered":"<p>Gloine cruth\u00fanas urchair ard-neart: Sol\u00e1thra\u00edonn gloine ard-ch\u00e1il\u00edochta urchair-dh\u00edonach cosaint \u00e9ifeachtach do d\u2019aghaidh i gc\u00e1s pl\u00e9ascadh n\u00f3 imbhuailte, agus infheictheacht den scoth \u00e1 chinnti\u00fa.<\/p>\n<p>Mod\u00fal Garda Jaw: Mod\u00fal at\u00e1 deartha go sonrach chun an limist\u00e9ar jaw a chosaint, ag sol\u00e1thar cosaint bhreise don smig, ag cosaint i gcoinne gortuithe le linn oibr\u00edochta\u00ed oirbhearta\u00edochta.<\/p>\n<p>C\u00f3ras coigeartaithe compordach: Feistithe le c\u00f3ras fionra\u00ed inchoigeartaithe agus stu\u00e1il c\u00far cuimhne ard-dl\u00fais a shol\u00e1thra\u00edonn cushioning, ions\u00fa taise agus allais, agus a laghda\u00edonn tuirse le linn \u00fas\u00e1ide fada. Cinnt\u00edonn infhaighteacht m\u00e9ideanna \u00e9ags\u00fala (S, M, L, XL) oiri\u00fanach compordach do chruth an chinn. <\/p>\n<p>Gabh\u00e1lais Oirbhearta\u00edochta Gl\u00e9asta: T\u00e1 iliomad point\u00ed gl\u00e9asta ag an gclogad a cheada\u00edonn f\u00eds o\u00edche, trealamh cumars\u00e1ide agus gabh\u00e1lais oirbhearta\u00edochta eile a shuite\u00e1il go tapa, ag freastal ar riachtanais oibr\u00edochta\u00ed comhraic speisialaithe.<\/p>\n<p><strong>N\u00f3ta\u00ed Speisialta:<\/strong><\/p>\n<p>Sol\u00e1thra\u00edonn an clogad ballistic rang NIJ IIIA seo cosaint chuimsitheach ceann le linn oibr\u00edochta\u00ed oirbhearta\u00edochta. Dearadh go speisialta \u00e9 chun s\u00e1bh\u00e1ilteacht na saighdi\u00fair\u00ed a chinnti\u00fa i nd\u00e1la\u00ed foircneacha. Cib\u00e9 an gloine urchair-resistant \u00e9 ar an duine n\u00f3 mod\u00fail urchair-resistant ar an fh\u00f3d, sol\u00e1thra\u00edonn siad cosaint gan s\u00e1r\u00fa i gcoinne shrapnel, bl\u00fair\u00ed agus dam\u00e1iste tionchair. Cinnt\u00edonn an dearadh dea-smaoineamh agus an c\u00f3ras coigeartaithe compord an chompord uasta le linn comhraic fadt\u00e9armach. Cib\u00e9 an bhfuil s\u00e9 ar an gcatha, ar oibr\u00edocht forfheidhmithe dl\u00ed, n\u00f3 ar thimpeallacht oili\u00fana, is f\u00e9idir linn taca\u00edocht dhaingean a shol\u00e1thar duit.    <\/p>\n<p>Mura bhfuil aon r\u00e1iteas speisialta ann, is \u00e9 an chumra\u00edocht r\u00e9amhshocraithe: m\u00e9id L, dath glas. Ina theannta sin, cuirimid raon leathan dathanna ar f\u00e1il (gaineamh \/ dubh \/ glas \/ duaithn\u00edocht MC \/ mac t\u00edre donn) agus m\u00e9ideanna (S, M, L, XL) le roghn\u00fa as. <\/p>\n<p>Is cuma c\u00e1 bhfuil t\u00fa, is f\u00e9idir leat d&#8217;ord\u00fa a dh\u00e9anamh go d\u00edreach tr\u00edd an nasc seo agus do cheannach a dh\u00e9anamh gan aon fhadhb. Sonraigh an m\u00e9id agus an dath a theasta\u00edonn uait sna n\u00f3ta\u00ed ord\u00fa (mar shampla: XL-dubh) agus gheobhaidh t\u00fa do threalamh aisling. N\u00ed ghearrfaimid aon t\u00e1ill\u00ed breise as dathanna agus m\u00e9ideanna eile a roghn\u00fa.  <\/p>\n<hr>\n<p><strong>Maidir le c\u00e1sanna:<\/strong><\/p>\n<p>F\u00f3rsa\u00ed Oibr\u00edochta\u00ed Speisialta<br \/>\nForfheidhmi\u00fa i Timpeallachta\u00ed Ardriosca<br \/>\nSp\u00f3irt Oirbhearta\u00edochta Allamuigh agus Oili\u00faint L\u00e1mhach<br \/>\nMisin tarrth\u00e1la agus rialaithe c\u00edr\u00e9ibe<\/p>\n<hr>\n<p><strong>Paraim\u00e9adair teilgean cosanta:<\/strong><\/p>\n<p>.44 Mag SJHP<br \/>\n.357 SIG FMJ FN<br \/>\n9mm FMJ RN<br \/>\n.357 Mag JSP<br \/>\n.40 S&amp;W FMJ<\/p>\n<p>Sol\u00e1thra\u00edonn s\u00e9 cosaint freisin ar fhormh\u00f3r na mbagairt\u00ed arm tine, chomh maith le bagairt\u00ed Aicme IIA agus II.<\/p>\n<hr>\n<p><strong>paraim\u00e9adar:<\/strong><\/p>\n<p>M\u00fanla clogad: TDTM-3<br \/>\n\u00c1bhar: T\u00e1 clogad agus garda b\u00e9il d\u00e9anta as UHMWPE<br \/>\nMe\u00e1chan: thart ar 2.8 kg (clogad bulletproof + masc bulletproof + garda b\u00e9il)<br \/>\nM\u00e9id: S (53-59cm), M (53-59cm), L (56-59cm), L (58-62cm)<br \/>\nDath: Dubh \/ Glas \/ MC Camo \/ Mac T\u00edre Donn<br \/>\nStrucht\u00far: Corp clogad agus comhph\u00e1irteanna cosanta aghaidh (inscortha)<br \/>\nLimist\u00e9ar cosanta: comhlacht clogad \u2265 0.125 mm, gloin\u00ed cosanta \u2265 0.025 m, forehead \u2265 0.04 m<\/p>\n<p>&nbsp;<\/p>\n","protected":false},"excerpt":{"rendered":"<p>Cosaint chuimsitheach: Comhcheangla\u00edonn s\u00e9 sciath aghaidh urchair-resistant agus mod\u00fal cosanta jaw chun cosaint 360-c\u00e9im a shol\u00e1thar don cheann ioml\u00e1n, ag cinnti\u00fa s\u00e1bh\u00e1ilteacht ioml\u00e1n i dtimpeallachta\u00ed ard-riosca.<\/p>\n<p>L\u00e1rionad domhantarraingthe optamaithe, oiri\u00fanach cobhsa\u00ed: Cinnt\u00edonn an strucht\u00far clogad at\u00e1 deartha go beacht d\u00e1ileadh r\u00e9as\u00fanach l\u00e1r an domhantarraingthe, rud a chuireann deireadh le turraing\u00ed nuair a bh\u00edonn t\u00fa ag rith n\u00f3 ag l\u00e9im. Ligeann s\u00e9 seo duit sol\u00fabthacht agus saoirse a choinne\u00e1il agus t\u00fa ag d\u00edri\u00fa ar sheasamh, ag l\u00e1mhach, ag d\u00e9anamh ainlithe oirbhearta\u00edochta agus gn\u00edomha\u00edochta\u00ed eile. Laghda\u00edodh an me\u00e1chan ioml\u00e1n go dt\u00ed an leibh\u00e9al uasta is f\u00e9idir agus cosaint ioml\u00e1n \u00e1 chothabh\u00e1il.  <\/p>\n<p>Caighde\u00e1n Cosanta NIJ IIIA: Comhl\u00edonann s\u00e9 caighde\u00e1in NIJ IIIA, ag cosaint go h\u00e9ifeachtach i gcoinne ionsaithe \u00edseal-bhagairt\u00ed n\u00f3 me\u00e1nmh\u00e9ide mar urchair gunna l\u00e1imhe agus shrapnel, ag cur le s\u00e1bh\u00e1ilteacht oirbhearta\u00edochta.<\/p>\n","protected":false},"featured_media":16761,"comment_status":"open","ping_status":"closed","template":"","meta":[],"product_brand":[],"product_cat":[710,589],"product_tag":[],"woo-feed-brand":[50],"class_list":{"0":"post-16849","1":"product","2":"type-product","3":"status-publish","4":"has-post-thumbnail","6":"product_cat-clogad-bulletproof","7":"product_cat-masc-ballistic","8":"woo-feed-brand-tyditiao","10":"first","11":"instock","12":"sale","13":"shipping-taxable","14":"purchasable","15":"product-type-simple"},"_links":{"self":[{"href":"https:\/\/tyditiao.com\/ga\/wp-json\/wp\/v2\/product\/16849","targetHints":{"allow":["GET"]}}],"collection":[{"href":"https:\/\/tyditiao.com\/ga\/wp-json\/wp\/v2\/product"}],"about":[{"href":"https:\/\/tyditiao.com\/ga\/wp-json\/wp\/v2\/types\/product"}],"replies":[{"embeddable":true,"href":"https:\/\/tyditiao.com\/ga\/wp-json\/wp\/v2\/comments?post=16849"}],"wp:featuredmedia":[{"embeddable":true,"href":"https:\/\/tyditiao.com\/ga\/wp-json\/wp\/v2\/media\/16761"}],"wp:attachment":[{"href":"https:\/\/tyditiao.com\/ga\/wp-json\/wp\/v2\/media?parent=16849"}],"wp:term":[{"taxonomy":"product_brand","embeddable":true,"href":"https:\/\/tyditiao.com\/ga\/wp-json\/wp\/v2\/product_brand?post=16849"},{"taxonomy":"product_cat","embeddable":true,"href":"https:\/\/tyditiao.com\/ga\/wp-json\/wp\/v2\/product_cat?post=16849"},{"taxonomy":"product_tag","embeddable":true,"href":"https:\/\/tyditiao.com\/ga\/wp-json\/wp\/v2\/product_tag?post=16849"},{"taxonomy":"woo-feed-brand","embeddable":true,"href":"https:\/\/tyditiao.com\/ga\/wp-json\/wp\/v2\/woo-feed-brand?post=16849"}],"curies":[{"name":"wp","href":"https:\/\/api.w.org\/{rel}","templated":true}]}}