{"id":12850,"date":"2023-05-22T09:14:25","date_gmt":"2023-05-22T07:14:25","guid":{"rendered":"http:\/\/tyditiao.com\/dom\/"},"modified":"2025-01-04T19:40:46","modified_gmt":"2025-01-04T17:40:46","slug":"dom","status":"publish","type":"page","link":"https:\/\/tyditiao.com\/hr\/","title":{"rendered":"Dom"},"content":{"rendered":"\n<div class=\"wp-block-cover is-light\" style=\"min-height:240px;aspect-ratio:unset;\"><span aria-hidden=\"true\" class=\"wp-block-cover__background has-background-dim-20 has-background-dim\" style=\"background-color:#b7ad73\"><\/span><img loading=\"lazy\" decoding=\"async\" width=\"1401\" height=\"539\" class=\"wp-block-cover__image-background wp-image-1576\" alt=\"\" src=\"http:\/\/tyditiao.com\/wp-content\/uploads\/2022\/06\/2022-06-13_182159.png\" data-object-fit=\"cover\" srcset=\"https:\/\/tyditiao.com\/wp-content\/uploads\/2022\/06\/2022-06-13_182159.png 1401w, https:\/\/tyditiao.com\/wp-content\/uploads\/2022\/06\/2022-06-13_182159-600x231.png 600w, https:\/\/tyditiao.com\/wp-content\/uploads\/2022\/06\/2022-06-13_182159-300x115.png 300w, https:\/\/tyditiao.com\/wp-content\/uploads\/2022\/06\/2022-06-13_182159-1024x394.png 1024w, https:\/\/tyditiao.com\/wp-content\/uploads\/2022\/06\/2022-06-13_182159-768x295.png 768w, https:\/\/tyditiao.com\/wp-content\/uploads\/2022\/06\/2022-06-13_182159-1320x508.png 1320w\" sizes=\"auto, (max-width: 1401px) 100vw, 1401px\" \/><div class=\"wp-block-cover__inner-container is-layout-constrained wp-block-cover-is-layout-constrained\">\n<div class=\"wp-block-columns is-layout-flex wp-container-core-columns-is-layout-9d6595d7 wp-block-columns-is-layout-flex\">\n<div class=\"wp-block-column is-layout-flow wp-block-column-is-layout-flow\" style=\"flex-basis:25%\"><\/div>\n\n\n\n<div class=\"wp-block-column is-layout-flow wp-block-column-is-layout-flow\" style=\"flex-basis:50%\">\n<div style=\"height:20px\" aria-hidden=\"true\" class=\"wp-block-spacer\"><\/div>\n\n\n\n<p class=\"has-text-align-center custom-style has-text-color has-link-color has-large-font-size wp-elements-af2af2beaaf0261571383693a7369701\" style=\"color:#ffffff\">Specijalizirani smo za proizvodnju i prodaju raznih stilova takti\u010dkih vojnih balisti\u010dkih kaciga<\/p>\n<\/div>\n\n\n\n<div class=\"wp-block-column is-layout-flow wp-block-column-is-layout-flow\" style=\"flex-basis:25%\"><\/div>\n<\/div>\n<\/div><\/div>\n\n<div style=\"height:50px\" aria-hidden=\"true\" class=\"wp-block-spacer\"><\/div>\n\n<div class=\"wp-block-columns is-layout-flex wp-container-core-columns-is-layout-9d6595d7 wp-block-columns-is-layout-flex\">\n<div class=\"wp-block-column is-layout-flow wp-block-column-is-layout-flow\" style=\"flex-basis:10%\"><\/div>\n\n\n\n<div class=\"wp-block-column is-layout-flow wp-block-column-is-layout-flow\">\n<h2 class=\"wp-block-heading has-text-align-center\">PRODAJEMO BALISTI\u010cKE KACIGE<\/h2>\n\n\n\n<figure class=\"wp-block-gallery has-nested-images columns-4 is-cropped wp-block-gallery-1 is-layout-flex wp-block-gallery-is-layout-flex\">\n<figure class=\"wp-block-image size-medium\"><img decoding=\"async\" data-id=\"5154\" src=\"https:\/\/tyditiao.com\/wp-content\/uploads\/2022\/10\/&#x672A;&#x6807;&#x9898;-51-300x300.png\" alt=\"Vanjski balisti&#x10D;ki takti&#x10D;ki prsluk opremljen zaslonom otpornim na metke\" class=\"wp-image-5154\"\/><\/figure>\n\n\n<figure class=\"wp-block-image size-medium\"><img loading=\"lazy\" decoding=\"async\" width=\"300\" height=\"300\" data-id=\"1343\" src=\"http:\/\/tyditiao.com\/wp-content\/uploads\/2022\/06\/7-300x300.jpg\" alt=\"\" class=\"wp-image-1343\" srcset=\"https:\/\/tyditiao.com\/wp-content\/uploads\/2022\/06\/7-300x300.jpg 300w, https:\/\/tyditiao.com\/wp-content\/uploads\/2022\/06\/7-100x100.jpg 100w, https:\/\/tyditiao.com\/wp-content\/uploads\/2022\/06\/7-600x600.jpg 600w, https:\/\/tyditiao.com\/wp-content\/uploads\/2022\/06\/7-1024x1024.jpg 1024w, https:\/\/tyditiao.com\/wp-content\/uploads\/2022\/06\/7-150x150.jpg 150w, https:\/\/tyditiao.com\/wp-content\/uploads\/2022\/06\/7-768x768.jpg 768w, https:\/\/tyditiao.com\/wp-content\/uploads\/2022\/06\/7.jpg 1200w\" sizes=\"auto, (max-width: 300px) 100vw, 300px\" \/><\/figure>\n\n\n<figure class=\"wp-block-image size-medium\"><img decoding=\"async\" data-id=\"4955\" src=\"https:\/\/tyditiao.com\/wp-content\/uploads\/2022\/10\/&#x672A;&#x6807;&#x9898;-3-300x300.png\" alt=\"NIJ IIIA Takti&#x10D;ka balisti&#x10D;ka maska s punim licem - shema\" class=\"wp-image-4955\"\/><\/figure>\n\n\n<figure class=\"wp-block-image size-medium\"><img decoding=\"async\" data-id=\"5396\" src=\"https:\/\/tyditiao.com\/wp-content\/uploads\/2022\/10\/SICPE&#xFF0C;NIJ-Level-IV&#xFF0C;23MM&#xFF0C;2.5KG-300x300.png\" alt=\"SIC+PE&#xFF0C;NIJ Razina IV&#xFF0C;23MM&#xFF0C;2,5KG,Probojni oklop, 250X300MM\" class=\"wp-image-5396\"\/><\/figure><\/figure>\n\n\n\n<div style=\"height:50px\" aria-hidden=\"true\" class=\"wp-block-spacer\"><\/div>\n\n\n\n<h2 class=\"wp-block-heading has-text-align-center\">Pitanja<\/h2>\n\n\n\n<div style=\"height:30px\" aria-hidden=\"true\" class=\"wp-block-spacer\"><\/div>\n\n\n\n<div class=\"wp-block-columns is-layout-flex wp-container-core-columns-is-layout-9d6595d7 wp-block-columns-is-layout-flex\">\n<div class=\"wp-block-column is-layout-flow wp-block-column-is-layout-flow\">\n<h6 class=\"wp-block-heading\">Imate li fizi\u010dku tvornicu?<\/h6>\n\n\n\n<p>Da! Imamo fizi\u010dku tvornicu i ve\u0107 6 godina pru\u017eamo veleprodaju europskim i ameri\u010dkim prodava\u010dima kaciga. \u0160aljemo tone kaciga po cijelom svijetu svaki dan, a ovo je na\u0161a tvorni\u010dka trgovina.  <\/p>\n<\/div>\n\n\n\n<div class=\"wp-block-column is-layout-flow wp-block-column-is-layout-flow\">\n<h6 class=\"wp-block-heading\">Postoji li popust za kupnju izravno iz tvornice?<\/h6>\n\n\n\n<p>Naravno, naru\u010divanjem izravno s web stranice na\u0161e tvornice mo\u017eete u\u0161tedjeti vi\u0161e od 20% u usporedbi s prodajnom cijenom trgovca, jer izravno \u0161tedite svoje neizravne tro\u0161kove. U isto vrijeme, tako\u0111er namjeravamo dati profit krajnjem potro\u0161a\u010du kako bismo pro\u0161irili na\u0161e maloprodajno poslovanje. <\/p>\n<\/div>\n<\/div>\n\n\n\n<div class=\"wp-block-columns is-layout-flex wp-container-core-columns-is-layout-9d6595d7 wp-block-columns-is-layout-flex\">\n<div class=\"wp-block-column is-layout-flow wp-block-column-is-layout-flow\">\n<h6 class=\"wp-block-heading\">Koliki je tro\u0161ak dostave za artikl? Koliko brzo ga mogu dobiti?<\/h6>\n\n\n\n<p>FedEx naknade uklju\u010dene su u sve cijene kaciga, tako da ne morate dodatno platiti za dostavu. FEDEX Express vam mo\u017ee isporu\u010diti va\u0161u kacigu u roku od 6-14 radnih dana, a va\u0161 lokalni Fedex po\u0161iljatelj \u0107e vas nazvati \u010dim va\u0161 paket stigne u va\u0161 grad i poslati vam ga izravno. <\/p>\n<\/div>\n\n\n\n<div class=\"wp-block-column is-layout-flow wp-block-column-is-layout-flow\">\n<h6 class=\"wp-block-heading\">Odakle se narud\u017eba \u0161alje i jesam li siguran da \u0107u je primiti?<\/h6>\n\n\n\n<p>Isporukom iz na\u0161eg tvorni\u010dkog skladi\u0161ta u Kini, prodali smo veliki broj neprobojnih kaciga u Sjedinjene Dr\u017eave, Poljsku, Njema\u010dku, Japan i mnoge druge zemlje, a mi \u0107emo vam poslati broj za pra\u0107enje po\u0161tom nakon \u0161to roba bude otpremljena, mo\u017eete provjerite status isporuke u bilo kojem trenutku.<\/p>\n<\/div>\n<\/div>\n\n\n\n<div class=\"wp-block-columns is-layout-flex wp-container-core-columns-is-layout-9d6595d7 wp-block-columns-is-layout-flex\">\n<div class=\"wp-block-column is-layout-flow wp-block-column-is-layout-flow\">\n<h6 class=\"wp-block-heading\">Kako naru\u010diti i kako platiti<\/h6>\n\n\n\n<p>Prihva\u0107amo pla\u0107anje samo za narud\u017ebe putem Paypala i Western Uniona\u3002Ako jo\u0161 nemate Paypal, registrirajte se ovdje www.paypal.com za kupnju i pla\u0107anje na siguran na\u010din putem Paypala\u3002Ako odaberete pla\u0107anje putem Western Uniona, kontaktirajte nas kako bismo potvrdite podatke o uplati.<\/p>\n<\/div>\n\n\n\n<div class=\"wp-block-column is-layout-flow wp-block-column-is-layout-flow\">\n<h6 class=\"wp-block-heading\">Moram kupiti nekoliko kaciga istovremeno, mogu li dobiti dodatni popust?<\/h6>\n\n\n\n<p>Naravno, ako trebate vi\u0161e od 5 kaciga za vlastitu upotrebu ili lokalnog veletrgovca, obratite nam se izravno. Dobit \u0107ete jo\u0161 bolje cijene od na\u0161ih trenutnih online trgovina. Nemojte ga propustiti jer \u0107ete tako u\u0161tedjeti zna\u010dajne tro\u0161kove.  <\/p>\n<\/div>\n<\/div>\n\n\n\n<div style=\"height:50px\" aria-hidden=\"true\" class=\"wp-block-spacer\"><\/div>\n\n\n\n<h2 class=\"wp-block-heading has-text-align-center\">Besplatna dostava za sva podru\u010dja<\/h2>\n\n\n\n<h4 class=\"wp-block-heading has-text-align-center\">podru\u010dje dostave<\/h4>\n\n\n\n<p class=\"has-text-align-center\"><strong>Europa: <\/strong>Poljska, Litva, Njema\u010dka, Nizozemska, Ma\u0111arska, Velika Britanija, Francuska, Italija, \u0160panjolska, Austrija, Belgija, Luksemburg, Irska, Bugarska, Hrvatska, \u010ce\u0161ka, Estonija, Finska, Latvija, Malta, Portugal, Rumunjska, Slova\u010dka, Slovenija, \u0160vedska, Danska, Gr\u010dka, \u0160vicarska, Norve\u0161ka, Cipar<\/p>\n\n\n\n<p class=\"has-text-align-center\"><strong>Azija: <\/strong>Tajvan, Macau, Hong Kong, Singapur, Malezija, Tajland, Vijetnam, Filipini, Izrael, Turska, Koreja, Japan, Bahrein, Saudijska Arabija, Libanon, Ujedinjeni Arapski Emirati<\/p>\n\n\n\n<p class=\"has-text-align-center\"><strong>Sjeverna Amerika: <\/strong>Sjedinjene Dr\u017eave, Kanada, Meksiko<\/p>\n\n\n\n<p class=\"has-text-align-center\"><strong>Ju\u017ena Amerika: <\/strong>Brazil, \u010cile, Kolumbija<\/p>\n\n\n\n<p class=\"has-text-align-center\"><strong>Oceanija: <\/strong>Australija, Novi Zeland<\/p>\n\n\n\n<p class=\"has-text-align-center\"><strong>Afrika: <\/strong>Ju\u017ena Afrika<\/p>\n\n\n\n<p class=\"has-text-align-center\"><strong>Nova regija: <\/strong>Ukrajina (nema usluge dostave u spornom podru\u010dju i narud\u017eba \u0107e biti otkazana)<\/p>\n\n\n\n<h4 class=\"wp-block-heading has-text-align-center\">Besplatna dostava<\/h4>\n\n\n\n<p class=\"has-text-align-center\">Kako bismo pro\u0161irili veli\u010dinu maloprodajnog tr\u017ei\u0161ta, provodimo politiku besplatne dostave za sve gore navedene zemlje i regije, \u0161to zna\u010di da ne morate platiti nikakve tro\u0161kove dostave osim cijene samog proizvoda.<\/p>\n\n\n\n<h4 class=\"wp-block-heading has-text-align-center\">vrijeme isporuke narud\u017ebe<\/h4>\n\n\n\n<p class=\"has-text-align-center\"><strong>Vrijeme obrade narud\u017ebe: <\/strong>unutar 1-6 radnih dana nakon primitka uplate (broj po\u0161iljke \u0107emo poslati nakon predaje po\u0161iljke kurirskoj slu\u017ebi)<\/p>\n\n\n\n<p class=\"has-text-align-center\"><strong>Vrijeme ekspresne dostave:<\/strong> 6-14 radnih dana<\/p>\n\n\n\n<div style=\"height:50px\" aria-hidden=\"true\" class=\"wp-block-spacer\"><\/div>\n\n\n\n<h2 class=\"wp-block-heading has-text-align-center\">platiti<\/h2>\n\n\n\n<h4 class=\"wp-block-heading has-text-align-center\">Metode Pla\u010danja<\/h4>\n\n\n\n<p class=\"has-text-align-center\">Posjetite stranicu za pla\u0107anje kako biste platili unaprijed putem PAYPALA ili platili svoju narud\u017ebu putem Western Uniona.<\/p>\n\n\n\n<p class=\"has-text-align-center\"><strong>A. Idite na stranicu za naplatu i platite unaprijed putem PAYPALA<\/strong><br\/>1. Dodajte proizvod koji vam se svi\u0111a u ko\u0161aricu<br\/>2. Kliknite gumb ko\u0161arice u gornjem desnom kutu kako biste vidjeli i potvrdili koli\u010dinu proizvoda<br\/>3. Pritisnite gumb za narud\u017ebu za ulazak na stranicu za naplatu, navedite svoju adresu za dostavu, adresu e-po\u0161te i ostale podatke<br\/>4. Platite iznos narud\u017ebe putem PayPala<br\/>5. Kupnja zavr\u0161ena, \u010deka se preuzimanje robe<\/p>\n\n\n\n<p class=\"has-text-align-center\"><strong>B. Western Union pla\u0107anje za va\u0161u narud\u017ebu<\/strong><br\/>1. Komunikacija putem e-po\u0161te zahtijeva informacije kao \u0161to su proizvod i koli\u010dina, kao i adresu za preuzimanje<br\/>2. Prijenos za pla\u0107anje iznosa narud\u017ebe<br\/>3. Kupnja zavr\u0161ena, \u010deka se preuzimanje robe<\/p>\n\n\n\n<h4 class=\"wp-block-heading has-text-align-center\">Valuta podr\u0161ke<\/h4>\n\n\n\n<p class=\"has-text-align-center\">Prihva\u0107amo bilo koju od sljede\u0107ih valuta, tako da prilikom pla\u0107anja mo\u017eete odabrati valutu koja vam najvi\u0161e odgovara<\/p>\n\n\n\n<p class=\"has-text-align-center\">Novi tajvanski dolar (NT$) &#8211; TWD<br\/>Poljski zlot (PLN) &#8211; PLN<br\/>Ameri\u010dki dolar (SAD) ($) &#8211; USD<br\/>Funta sterlinga (\u00a3) &#8211; GBP<br\/>Euro (\u20ac) &#8211; EUR<br\/>Japanski jen (\u00a5) &#8211; JPY<br\/>Kanadski dolar ($) &#8211; CAD<br\/>\u010ce\u0161ka kruna (K\u010d) &#8211; CZK<br\/>Meksi\u010dki pezo ($) &#8211; MXN<\/p>\n\n\n\n<div style=\"height:50px\" aria-hidden=\"true\" class=\"wp-block-spacer\"><\/div>\n\n\n\n<h2 class=\"wp-block-heading has-text-align-center\">Politika povrata od 30 dana<\/h2>\n\n\n\n<h4 class=\"wp-block-heading has-text-align-center\">politika povrata<\/h4>\n\n\n\n<p class=\"has-text-align-center\">Imamo politiku povrata u roku od 30 dana, \u0161to zna\u010di da mo\u017eete zatra\u017eiti povrat unutar 30 dana od primitka artikla.<\/p>\n\n\n\n<p class=\"has-text-align-center\">Da biste ispunili uvjete za povrat, artikal mora biti u istom stanju kao i artikal koji ste primili, neno\u0161en ili nekori\u0161ten i u originalnom pakiranju. Trebat \u0107e vam i ra\u010dun ili dokaz o kupnji. <\/p>\n\n\n\n<p class=\"has-text-align-center\">Kako biste zapo\u010deli povrat, mo\u017eete nas kontaktirati na <strong>tyditiao@gmail.com<\/strong>. Ako je va\u0161 povrat prihva\u0107en, poslat \u0107emo vam naljepnicu za povrat s uputama o tome kako i gdje poslati va\u0161 paket. Predmeti koji nam se vrate bez prethodnog zahtjeva za povrat ne\u0107e biti prihva\u0107eni.  <\/p>\n\n\n\n<p class=\"has-text-align-center\">Uvijek nas mo\u017eete kontaktirati na <strong>tyditiao@gmail.com<\/strong> za sve probleme s povratom.<\/p>\n\n\n\n<h4 class=\"wp-block-heading has-text-align-center\">o\u0161te\u0107enja i problema<\/h4>\n\n\n\n<p class=\"has-text-align-center\">Provjerite svoju narud\u017ebu nakon primitka, ako je artikal o\u0161te\u0107en, neispravan ili ste primili krivi artikl, odmah nas kontaktirajte (<a href=\"https:\/\/tyditiao.com\/hr\/kontakt\/\">kontaktirajte nas<\/a>) kako bismo mogli prona\u0107i problem i odmah ga rije\u0161iti.<\/p>\n\n\n\n<h4 class=\"wp-block-heading has-text-align-center\">razmjena<\/h4>\n\n\n\n<p class=\"has-text-align-center\">Najbr\u017ei na\u010din da budete sigurni da \u0107ete dobiti ono \u0161to \u017eelite je da vratite artikl koji ve\u0107 imate, a nakon \u0161to va\u0161 povrat bude prihva\u0107en, kupite novi artikl zasebno.<\/p>\n\n\n\n<h4 class=\"wp-block-heading has-text-align-center\">povratak<\/h4>\n\n\n\n<p class=\"has-text-align-center\">Obavijestit \u0107emo vas kada va\u0161 povrat bude primljen i pregledan, a va\u0161 \u0107e povrat novca biti automatski vra\u0107en na va\u0161 izvorni na\u010din pla\u0107anja. Me\u0111utim, mo\u017ee potrajati neko vrijeme dok va\u0161a banka ili karti\u010darska ku\u0107a obradi i izvr\u0161i povrat uplate. <\/p>\n<\/div>\n\n\n\n<div class=\"wp-block-column is-layout-flow wp-block-column-is-layout-flow\" style=\"flex-basis:10%\"><\/div>\n<\/div>\n\n<p><\/p>\n","protected":false},"excerpt":{"rendered":"<p>PRODAJEMO BALISTI\u010cKE KACIGE Pitanja Imate li fizi\u010dku tvornicu? Da! Imamo fizi\u010dku tvornicu i ve\u0107 6 godina pru\u017eamo veleprodaju europskim i&#8230;<\/p>\n","protected":false},"author":1,"featured_media":0,"parent":0,"menu_order":0,"comment_status":"closed","ping_status":"closed","template":"","meta":{"footnotes":""},"class_list":["post-12850","page","type-page","status-publish","hentry"],"_links":{"self":[{"href":"https:\/\/tyditiao.com\/hr\/wp-json\/wp\/v2\/pages\/12850","targetHints":{"allow":["GET"]}}],"collection":[{"href":"https:\/\/tyditiao.com\/hr\/wp-json\/wp\/v2\/pages"}],"about":[{"href":"https:\/\/tyditiao.com\/hr\/wp-json\/wp\/v2\/types\/page"}],"author":[{"embeddable":true,"href":"https:\/\/tyditiao.com\/hr\/wp-json\/wp\/v2\/users\/1"}],"replies":[{"embeddable":true,"href":"https:\/\/tyditiao.com\/hr\/wp-json\/wp\/v2\/comments?post=12850"}],"version-history":[{"count":4,"href":"https:\/\/tyditiao.com\/hr\/wp-json\/wp\/v2\/pages\/12850\/revisions"}],"predecessor-version":[{"id":16414,"href":"https:\/\/tyditiao.com\/hr\/wp-json\/wp\/v2\/pages\/12850\/revisions\/16414"}],"wp:attachment":[{"href":"https:\/\/tyditiao.com\/hr\/wp-json\/wp\/v2\/media?parent=12850"}],"curies":[{"name":"wp","href":"https:\/\/api.w.org\/{rel}","templated":true}]}}