{"id":13135,"date":"2023-05-22T10:03:01","date_gmt":"2023-05-22T08:03:01","guid":{"rendered":"http:\/\/tyditiao.com\/oko\/"},"modified":"2025-01-05T05:00:54","modified_gmt":"2025-01-05T03:00:54","slug":"oko","status":"publish","type":"page","link":"https:\/\/tyditiao.com\/hr\/oko\/","title":{"rendered":"Oko"},"content":{"rendered":"\n<div class=\"wp-block-cover\" style=\"min-height:240px;aspect-ratio:unset;\"><span aria-hidden=\"true\" class=\"wp-block-cover__background has-background-dim\" style=\"background-color:#1a6b92\"><\/span><img loading=\"lazy\" decoding=\"async\" width=\"1945\" height=\"643\" class=\"wp-block-cover__image-background wp-image-1572\" alt=\"\" src=\"http:\/\/tyditiao.com\/wp-content\/uploads\/2022\/06\/2022-06-13_181459.png\" data-object-fit=\"cover\" srcset=\"https:\/\/tyditiao.com\/wp-content\/uploads\/2022\/06\/2022-06-13_181459.png 1945w, https:\/\/tyditiao.com\/wp-content\/uploads\/2022\/06\/2022-06-13_181459-600x198.png 600w, https:\/\/tyditiao.com\/wp-content\/uploads\/2022\/06\/2022-06-13_181459-300x99.png 300w, https:\/\/tyditiao.com\/wp-content\/uploads\/2022\/06\/2022-06-13_181459-1024x339.png 1024w, https:\/\/tyditiao.com\/wp-content\/uploads\/2022\/06\/2022-06-13_181459-768x254.png 768w, https:\/\/tyditiao.com\/wp-content\/uploads\/2022\/06\/2022-06-13_181459-1536x508.png 1536w, https:\/\/tyditiao.com\/wp-content\/uploads\/2022\/06\/2022-06-13_181459-1320x436.png 1320w\" sizes=\"auto, (max-width: 1945px) 100vw, 1945px\" \/><div class=\"wp-block-cover__inner-container is-layout-constrained wp-block-cover-is-layout-constrained\">\n<p class=\"has-text-align-center custom-style-2 has-woostify-heading-1-font-size\">o nama<\/p>\n<\/div><\/div>\n\n<div style=\"height:50px\" aria-hidden=\"true\" class=\"wp-block-spacer\"><\/div>\n\n<div class=\"wp-block-columns is-layout-flex wp-container-core-columns-is-layout-9d6595d7 wp-block-columns-is-layout-flex\">\n<div class=\"wp-block-column is-layout-flow wp-block-column-is-layout-flow\" style=\"flex-basis:10%\"><\/div>\n\n\n\n<div class=\"wp-block-column is-layout-flow wp-block-column-is-layout-flow\">\n<h4 class=\"wp-block-heading has-text-align-center\">neprobojna takti\u010dka kaciga u proizvodnji<\/h4>\n\n\n\n<div style=\"height:30px\" aria-hidden=\"true\" class=\"wp-block-spacer\"><\/div>\n\n\n\n<figure class=\"wp-block-gallery has-nested-images columns-5 is-cropped wp-block-gallery-1 is-layout-flex wp-block-gallery-is-layout-flex\">\n<figure class=\"wp-block-image size-medium\"><img loading=\"lazy\" decoding=\"async\" width=\"300\" height=\"300\" data-id=\"1795\" src=\"https:\/\/tyditiao.com\/wp-content\/uploads\/2022\/07\/IMG_5611-300x300.jpeg\" alt=\"takti&#x10D;ka za&#x161;titna kaciga vojna trgovina - Kevlar pancirna kaciga u proizvodnji\" class=\"wp-image-1795\" srcset=\"https:\/\/tyditiao.com\/wp-content\/uploads\/2022\/07\/IMG_5611-300x300.jpeg 300w, https:\/\/tyditiao.com\/wp-content\/uploads\/2022\/07\/IMG_5611-100x100.jpeg 100w, https:\/\/tyditiao.com\/wp-content\/uploads\/2022\/07\/IMG_5611-600x600.jpeg 600w, https:\/\/tyditiao.com\/wp-content\/uploads\/2022\/07\/IMG_5611-150x150.jpeg 150w, https:\/\/tyditiao.com\/wp-content\/uploads\/2022\/07\/IMG_5611.jpeg 614w\" sizes=\"auto, (max-width: 300px) 100vw, 300px\" \/><\/figure>\n\n\n<figure class=\"wp-block-image size-medium\"><img loading=\"lazy\" decoding=\"async\" width=\"300\" height=\"300\" data-id=\"1656\" src=\"https:\/\/tyditiao.com\/wp-content\/uploads\/2022\/06\/2022-06-15_162614-1-300x300.png\" alt=\"\" class=\"wp-image-1656\" srcset=\"https:\/\/tyditiao.com\/wp-content\/uploads\/2022\/06\/2022-06-15_162614-1-300x300.png 300w, https:\/\/tyditiao.com\/wp-content\/uploads\/2022\/06\/2022-06-15_162614-1-100x100.png 100w, https:\/\/tyditiao.com\/wp-content\/uploads\/2022\/06\/2022-06-15_162614-1-150x150.png 150w, https:\/\/tyditiao.com\/wp-content\/uploads\/2022\/06\/2022-06-15_162614-1.png 475w\" sizes=\"auto, (max-width: 300px) 100vw, 300px\" \/><\/figure>\n\n\n<figure class=\"wp-block-image size-medium\"><img loading=\"lazy\" decoding=\"async\" width=\"300\" height=\"300\" data-id=\"1657\" src=\"https:\/\/tyditiao.com\/wp-content\/uploads\/2022\/06\/2022-06-15_162211-1-300x300.png\" alt=\"takti&#x10D;ka za&#x161;titna kaciga vojna trgovina - Montirana pancirna kaciga\" class=\"wp-image-1657\" srcset=\"https:\/\/tyditiao.com\/wp-content\/uploads\/2022\/06\/2022-06-15_162211-1-300x300.png 300w, https:\/\/tyditiao.com\/wp-content\/uploads\/2022\/06\/2022-06-15_162211-1-100x100.png 100w, https:\/\/tyditiao.com\/wp-content\/uploads\/2022\/06\/2022-06-15_162211-1-600x600.png 600w, https:\/\/tyditiao.com\/wp-content\/uploads\/2022\/06\/2022-06-15_162211-1-150x150.png 150w, https:\/\/tyditiao.com\/wp-content\/uploads\/2022\/06\/2022-06-15_162211-1-768x768.png 768w, https:\/\/tyditiao.com\/wp-content\/uploads\/2022\/06\/2022-06-15_162211-1.png 780w\" sizes=\"auto, (max-width: 300px) 100vw, 300px\" \/><\/figure>\n\n\n<figure class=\"wp-block-image size-medium\"><img loading=\"lazy\" decoding=\"async\" width=\"300\" height=\"300\" data-id=\"1794\" src=\"https:\/\/tyditiao.com\/wp-content\/uploads\/2022\/07\/IMG_5607-300x300.jpeg\" alt=\"takti&#x10D;ka za&#x161;titna kaciga vojna trgovina - Nakon procesa bojanja\" class=\"wp-image-1794\" srcset=\"https:\/\/tyditiao.com\/wp-content\/uploads\/2022\/07\/IMG_5607-300x300.jpeg 300w, https:\/\/tyditiao.com\/wp-content\/uploads\/2022\/07\/IMG_5607-100x100.jpeg 100w, https:\/\/tyditiao.com\/wp-content\/uploads\/2022\/07\/IMG_5607-600x600.jpeg 600w, https:\/\/tyditiao.com\/wp-content\/uploads\/2022\/07\/IMG_5607-1024x1024.jpeg 1024w, https:\/\/tyditiao.com\/wp-content\/uploads\/2022\/07\/IMG_5607-150x150.jpeg 150w, https:\/\/tyditiao.com\/wp-content\/uploads\/2022\/07\/IMG_5607-768x768.jpeg 768w, https:\/\/tyditiao.com\/wp-content\/uploads\/2022\/07\/IMG_5607.jpeg 1034w\" sizes=\"auto, (max-width: 300px) 100vw, 300px\" \/><\/figure>\n\n\n<figure class=\"wp-block-image size-medium\"><img loading=\"lazy\" decoding=\"async\" width=\"300\" height=\"300\" data-id=\"1658\" src=\"https:\/\/tyditiao.com\/wp-content\/uploads\/2022\/06\/2022-06-15_162306-1-300x300.png\" alt=\"takti&#x10D;ka za&#x161;titna kaciga vojna trgovina - Nakon procesa lakiranja MICH\" class=\"wp-image-1658\" srcset=\"https:\/\/tyditiao.com\/wp-content\/uploads\/2022\/06\/2022-06-15_162306-1-300x300.png 300w, https:\/\/tyditiao.com\/wp-content\/uploads\/2022\/06\/2022-06-15_162306-1-100x100.png 100w, https:\/\/tyditiao.com\/wp-content\/uploads\/2022\/06\/2022-06-15_162306-1-600x600.png 600w, https:\/\/tyditiao.com\/wp-content\/uploads\/2022\/06\/2022-06-15_162306-1-150x150.png 150w, https:\/\/tyditiao.com\/wp-content\/uploads\/2022\/06\/2022-06-15_162306-1-768x768.png 768w, https:\/\/tyditiao.com\/wp-content\/uploads\/2022\/06\/2022-06-15_162306-1.png 880w\" sizes=\"auto, (max-width: 300px) 100vw, 300px\" \/><\/figure><\/figure>\n\n\n\n<div style=\"height:50px\" aria-hidden=\"true\" class=\"wp-block-spacer\"><\/div>\n<\/div>\n\n\n\n<div class=\"wp-block-column is-layout-flow wp-block-column-is-layout-flow\" style=\"flex-basis:10%\"><\/div>\n<\/div>\n\n<div class=\"wp-block-columns is-layout-flex wp-container-core-columns-is-layout-9d6595d7 wp-block-columns-is-layout-flex\">\n<div class=\"wp-block-column is-layout-flow wp-block-column-is-layout-flow\" style=\"flex-basis:15%\"><\/div>\n\n\n\n<div class=\"wp-block-column is-layout-flow wp-block-column-is-layout-flow\" style=\"flex-basis:70%\">\n<p class=\"has-text-align-center\">Na\u0161a tvrtka predana je pru\u017eanju profesionalnih neprobojnih kaciga kupcima, a sada smo postali poznati i tehnolo\u0161ki vode\u0107i proizvo\u0111a\u010d <a href=\"http:\/\/tyditiao.com\/shop\/\">neprobojnih kaciga<\/a> u industriji. Svi na\u0161i proizvodi testirani su prema standardu NIJ0101.06. <\/p>\n\n\n\n<p class=\"has-text-align-center\">Posljednjih godina pru\u017eili smo usluge mnogim klijentima iz Poljske, Njema\u010dke, \u0160vedske, Bliskog istoka, \u0160panjolske, Ju\u017ene Koreje i drugih zemalja i regija te smo s njima uspostavili dugoro\u010dnu suradnju. Ovi ure\u0111aji za\u0161titili su sre\u0107u nebrojenih \u017eivota i obitelji na koje smo najvi\u0161e ponosni i<br\/>To je ono \u0161to nas pokre\u0107e u budu\u0107nosti. <\/p>\n\n\n\n<p class=\"has-text-align-center\">Imamo sve vrste velike i male proizvodne opreme i savr\u0161en sustav upravljanja proizvodnjom. Zbog prirode proizvoda, veliku va\u017enost pridajemo kvaliteti proizvoda i testiramo u svakoj fazi proizvodnje kako bismo sprije\u010dili nekvalificirane proizvode. &#8220;Kvaliteta na prvom mjestu, reputacija na prvom mjestu&#8221; je filozofija i te\u017enja cijelog na\u0161eg tima, od istra\u017eivanja i razvoja, preko proizvodnje, do kontrole kvalitete, te\u017eimo izvrsnosti u svakoj vezi kako bismo pru\u017eili pouzdane i visokokvalitetne proizvode.   <\/p>\n<\/div>\n\n\n\n<div class=\"wp-block-column is-layout-flow wp-block-column-is-layout-flow\" style=\"flex-basis:15%\"><\/div>\n<\/div>\n","protected":false},"excerpt":{"rendered":"<p>neprobojna takti\u010dka kaciga u proizvodnji Na\u0161a tvrtka predana je pru\u017eanju profesionalnih neprobojnih kaciga kupcima, a sada smo postali poznati i&#8230;<\/p>\n","protected":false},"author":1,"featured_media":0,"parent":0,"menu_order":0,"comment_status":"closed","ping_status":"closed","template":"","meta":{"footnotes":""},"class_list":["post-13135","page","type-page","status-publish","hentry"],"_links":{"self":[{"href":"https:\/\/tyditiao.com\/hr\/wp-json\/wp\/v2\/pages\/13135","targetHints":{"allow":["GET"]}}],"collection":[{"href":"https:\/\/tyditiao.com\/hr\/wp-json\/wp\/v2\/pages"}],"about":[{"href":"https:\/\/tyditiao.com\/hr\/wp-json\/wp\/v2\/types\/page"}],"author":[{"embeddable":true,"href":"https:\/\/tyditiao.com\/hr\/wp-json\/wp\/v2\/users\/1"}],"replies":[{"embeddable":true,"href":"https:\/\/tyditiao.com\/hr\/wp-json\/wp\/v2\/comments?post=13135"}],"version-history":[{"count":3,"href":"https:\/\/tyditiao.com\/hr\/wp-json\/wp\/v2\/pages\/13135\/revisions"}],"predecessor-version":[{"id":16478,"href":"https:\/\/tyditiao.com\/hr\/wp-json\/wp\/v2\/pages\/13135\/revisions\/16478"}],"wp:attachment":[{"href":"https:\/\/tyditiao.com\/hr\/wp-json\/wp\/v2\/media?parent=13135"}],"curies":[{"name":"wp","href":"https:\/\/api.w.org\/{rel}","templated":true}]}}