{"id":13426,"date":"2023-03-05T03:22:19","date_gmt":"2023-05-22T13:58:04","guid":{"rendered":"http:\/\/tyditiao.com\/product\/mich2000-balisticka-kaciga-3a-takticka-balisticka-kaciga-posebna-velicina-prilagodena-boja-namjenska-veza-za-kupnju\/"},"modified":"2023-05-22T15:58:04","modified_gmt":"2023-05-22T13:58:04","slug":"mich2000-bulletproof-helmet-3a-tactical-ballistic-helmet-special-size-custom-color-dedicated-buy-link","status":"publish","type":"product","link":"https:\/\/tyditiao.com\/hr\/proizvod\/mich2000-bulletproof-helmet-3a-tactical-ballistic-helmet-special-size-custom-color-dedicated-buy-link\/","title":{"rendered":"Mich2000 balisti\u010dka kaciga, 3A takti\u010dka balisti\u010dka kaciga, posebna veli\u010dina, prilago\u0111ena boja, namjenska veza za kupnju"},"content":{"rendered":"<p><strong>O veli\u010dini kacige Mich2000:<\/strong> Dodali smo male i velike proizvodne kalupe za ovu takti\u010dku balisti\u010dku kacigu Mich 3A kako bismo zadovoljili korisnike s razli\u010ditim potrebama. Veli\u010dina M je uobi\u010dajena veli\u010dina i odgovara ve\u0107ini ljudi. Ako mislite da mala veli\u010dina mo\u017ee bolje zadovoljiti va\u0161e potrebe ili navike no\u0161enja, odaberite malu veli\u010dinu, u suprotnom odaberite veliku veli\u010dinu.<\/p>\n<p><strong>O boji Mich2000 neprobojne kacige:<\/strong> Mich 3A takti\u010dka neprobojna kaciga, uglavnom proizvodimo tri boje: crnu, svijetlosme\u0111u i zelenu. No, u isto vrijeme, imamo mogu\u0107nost proizvesti bilo koju boju ili razli\u010dite kamufla\u017ene uzorke koje odredi kupac, kao \u0161to su \u0161umska kamufla\u017ea, kamufla\u017ea d\u017eungle, pustinjska kamufla\u017ea, pomorska kamufla\u017ea i urbana kamufla\u017ea, itd. Ako planirate naru\u010diti vi\u0161e od 10 kaciga , kontaktirajte nas, dobit \u0107ete ovu uslugu prilago\u0111ene boje besplatno, samo nam po\u0161aljite uzorak boje koji \u017eelite.<\/p>\n<p>MICH2000 kaciga neprobojna kaciga: 0101.06 standardna IIIA razina<\/p>\n<p>Materijal: Kevlar-Dupont aramidna vlakna visoke \u010dvrsto\u0107e<\/p>\n<p>Balisti\u010dka kaciga MICH2000 ima ve\u0107u za\u0161titnu povr\u0161inu i duboki dizajn koji bolje pokriva bo\u010dne strane glave, \u0161to je jo\u0161 korisnije ako ne planirate stavljati puno dodataka.<\/p>\n<p>Sustav pri\u010dvr\u0161\u0107ivanja u \u010detiri to\u010dke balisti\u010dke kacige Mich2000 sli\u010dan je za\u0161titi i trakama koje se nalaze na kacigama za skateboard i bicikliste.<\/p>\n","protected":false},"excerpt":{"rendered":"<p>O veli\u010dini kacige Mich2000: Dodali smo male i velike proizvodne kalupe za ovu takti\u010dku balisti\u010dku kacigu Mich 3A kako bismo&#8230;<\/p>\n","protected":false},"featured_media":9201,"comment_status":"open","ping_status":"closed","template":"","meta":[],"product_brand":[],"product_cat":[638,793],"product_tag":[],"woo-feed-brand":[],"class_list":{"0":"post-13426","1":"product","2":"type-product","3":"status-publish","4":"has-post-thumbnail","6":"product_cat-kaciga-otporna-na-metke","7":"product_cat-mich2000-hr","9":"first","10":"instock","11":"sale","12":"shipping-taxable","13":"purchasable","14":"product-type-variable","15":"has-default-attributes"},"_links":{"self":[{"href":"https:\/\/tyditiao.com\/hr\/wp-json\/wp\/v2\/product\/13426","targetHints":{"allow":["GET"]}}],"collection":[{"href":"https:\/\/tyditiao.com\/hr\/wp-json\/wp\/v2\/product"}],"about":[{"href":"https:\/\/tyditiao.com\/hr\/wp-json\/wp\/v2\/types\/product"}],"replies":[{"embeddable":true,"href":"https:\/\/tyditiao.com\/hr\/wp-json\/wp\/v2\/comments?post=13426"}],"wp:featuredmedia":[{"embeddable":true,"href":"https:\/\/tyditiao.com\/hr\/wp-json\/wp\/v2\/media\/9201"}],"wp:attachment":[{"href":"https:\/\/tyditiao.com\/hr\/wp-json\/wp\/v2\/media?parent=13426"}],"wp:term":[{"taxonomy":"product_brand","embeddable":true,"href":"https:\/\/tyditiao.com\/hr\/wp-json\/wp\/v2\/product_brand?post=13426"},{"taxonomy":"product_cat","embeddable":true,"href":"https:\/\/tyditiao.com\/hr\/wp-json\/wp\/v2\/product_cat?post=13426"},{"taxonomy":"product_tag","embeddable":true,"href":"https:\/\/tyditiao.com\/hr\/wp-json\/wp\/v2\/product_tag?post=13426"},{"taxonomy":"woo-feed-brand","embeddable":true,"href":"https:\/\/tyditiao.com\/hr\/wp-json\/wp\/v2\/woo-feed-brand?post=13426"}],"curies":[{"name":"wp","href":"https:\/\/api.w.org\/{rel}","templated":true}]}}