{"id":13606,"date":"2023-03-05T03:17:44","date_gmt":"2023-05-22T14:04:09","guid":{"rendered":"http:\/\/tyditiao.com\/product\/fast-neprobojna-kaciga-nij-iiia-lagana-neprobojna-kaciga-posebna-velicina-prilagodena-boja-posebna-veza-za-kupnju\/"},"modified":"2023-05-22T16:04:09","modified_gmt":"2023-05-22T14:04:09","slug":"fast-helm-bulletproof-nij-iiia-light-ballistic-helm-special-size-custom-color-dedicated-purchase-link","status":"publish","type":"product","link":"https:\/\/tyditiao.com\/hr\/proizvod\/fast-helm-bulletproof-nij-iiia-light-ballistic-helm-special-size-custom-color-dedicated-purchase-link\/","title":{"rendered":"FAST neprobojna kaciga, NIJ IIIA lagana neprobojna kaciga, posebna veli\u010dina, prilago\u0111ena boja, posebna veza za kupnju"},"content":{"rendered":"<p><strong>FAST veli\u010dina neprobojne kacige:<\/strong> Dodali smo male i velike proizvodne kalupe za FAST laganu neprobojnu kacigu kako bismo zadovoljili korisnike s razli\u010ditim potrebama. M je uobi\u010dajena veli\u010dina i odgovara ve\u0107ini ljudi. Ako mislite da mala veli\u010dina mo\u017ee zadovoljiti va\u0161e zahtjeve ili navike no\u0161enja, odaberite S veli\u010dinu, u suprotnom odaberite L veli\u010dinu.<\/p>\n<p><strong>Boje neprobojnih kaciga Fast Light:<\/strong> Boje neprobojnih kaciga Fast Light koje proizvodimo uglavnom su crna, svijetlosme\u0111a i zelena. Ali u isto vrijeme, sposobni smo izraditi boje po \u017eelji kupca ili razli\u010dite kamufla\u017ene uzorke, kao \u0161to su \u0161umska kamufla\u017ea, kamufla\u017ea d\u017eungle, pustinjska kamufla\u017ea, kamufla\u017ea oceana i urbana kamufla\u017ea. Ako planirate naru\u010diti vi\u0161e od 10 kaciga, kontaktirajte nas, dobit \u0107ete ovu uslugu prilago\u0111ene boje besplatno, samo nam po\u0161aljite uzorak boje koji \u017eelite.<\/p>\n<p>FAST dvostruka neprobojna razina kacige: 0101.06 standardna IIIA razina<\/p>\n<p>Materijal: Kevlar-Dupont aramidna vlakna visoke \u010dvrsto\u0107e<\/p>\n<p>U usporedbi s obi\u010dnim vojnim kacigama, FAST kacige su 25% lak\u0161e. Sa sustavom ovjesa kacige, korisnici mogu jednostavno prilagoditi \u010dvrsto\u0107u ili \u010dvrsto\u0107u kacige okretanjem gumba za optimalnu udobnost.<\/p>\n","protected":false},"excerpt":{"rendered":"<p>FAST veli\u010dina neprobojne kacige: Dodali smo male i velike proizvodne kalupe za FAST laganu neprobojnu kacigu kako bismo zadovoljili korisnike&#8230;<\/p>\n","protected":false},"featured_media":10265,"comment_status":"open","ping_status":"closed","template":"","meta":[],"product_brand":[],"product_cat":[811,638],"product_tag":[],"woo-feed-brand":[],"class_list":{"0":"post-13606","1":"product","2":"type-product","3":"status-publish","4":"has-post-thumbnail","6":"product_cat-brzo","7":"product_cat-kaciga-otporna-na-metke","9":"first","10":"instock","11":"sale","12":"shipping-taxable","13":"purchasable","14":"product-type-variable","15":"has-default-attributes"},"_links":{"self":[{"href":"https:\/\/tyditiao.com\/hr\/wp-json\/wp\/v2\/product\/13606","targetHints":{"allow":["GET"]}}],"collection":[{"href":"https:\/\/tyditiao.com\/hr\/wp-json\/wp\/v2\/product"}],"about":[{"href":"https:\/\/tyditiao.com\/hr\/wp-json\/wp\/v2\/types\/product"}],"replies":[{"embeddable":true,"href":"https:\/\/tyditiao.com\/hr\/wp-json\/wp\/v2\/comments?post=13606"}],"wp:featuredmedia":[{"embeddable":true,"href":"https:\/\/tyditiao.com\/hr\/wp-json\/wp\/v2\/media\/10265"}],"wp:attachment":[{"href":"https:\/\/tyditiao.com\/hr\/wp-json\/wp\/v2\/media?parent=13606"}],"wp:term":[{"taxonomy":"product_brand","embeddable":true,"href":"https:\/\/tyditiao.com\/hr\/wp-json\/wp\/v2\/product_brand?post=13606"},{"taxonomy":"product_cat","embeddable":true,"href":"https:\/\/tyditiao.com\/hr\/wp-json\/wp\/v2\/product_cat?post=13606"},{"taxonomy":"product_tag","embeddable":true,"href":"https:\/\/tyditiao.com\/hr\/wp-json\/wp\/v2\/product_tag?post=13606"},{"taxonomy":"woo-feed-brand","embeddable":true,"href":"https:\/\/tyditiao.com\/hr\/wp-json\/wp\/v2\/woo-feed-brand?post=13606"}],"curies":[{"name":"wp","href":"https:\/\/api.w.org\/{rel}","templated":true}]}}