{"id":13789,"date":"2023-03-05T03:08:59","date_gmt":"2023-05-22T14:10:14","guid":{"rendered":"http:\/\/tyditiao.com\/product\/staticno-uze-od-punog-kevlara-uze-za-penjanje-padobranom-protupozarno-uze-8-105-mm-10-m\/"},"modified":"2023-05-22T16:10:14","modified_gmt":"2023-05-22T14:10:14","slug":"full-electrostatic-kevlar-penjanje-protupozarna-sigurnost-kisobran-uze-8-105-mm-10m","status":"publish","type":"product","link":"https:\/\/tyditiao.com\/hr\/proizvod\/full-electrostatic-kevlar-penjanje-protupozarna-sigurnost-kisobran-uze-8-105-mm-10m\/","title":{"rendered":"Stati\u010dno u\u017ee od punog kevlara, u\u017ee za penjanje padobranom, protupo\u017earno u\u017ee, 8, 10,5 mm (10 m)"},"content":{"rendered":"<p>Ako \u017eelite kupiti du\u017ee u\u017ee, npr. 50 metara, molimo da kupite u\u017ee 5*10 metara, a zatim ostavite poruku prodava\u010du da vam treba cijelo u\u017ee od 50 metara.<\/p>\n<p><strong>O karabinerima:<\/strong> Ako kupite konop du\u017ei od 10 metara, dajemo vam dva karabinera kao \u0161to je ozna\u010deno na slici. Mo\u017eete ga postaviti na oba kraja u\u017eeta ili ga mo\u017eete ostaviti samog i uklju\u010den je u paket. Samo nam se javite i javite nam svoju odluku<\/p>\n<p>Naziv proizvoda: Stati\u010dno u\u017ee od punog kevlara<br \/>\nMaterijal: Kevlar<br \/>\nBoja: Boja kao na slici<br \/>\nPromjer: 10,5 mm, 8 mm<br \/>\nNeto te\u017eina (\u00b15%): 10,5 mm (75 g\/m) 8 mm (43 g\/m)<br \/>\nVu\u010dna sila: 10,5 mm (40 kN\/4000 kg) 8 mm (28 kN\/2800 kg)<br \/>\nCertifikacija: CE EN1891:1998<br \/>\nZna\u010dajke: visoka \u010dvrsto\u0107a, otpornost na visoke temperature, dobra \u017eilavost, jaka otpornost na trganje<br \/>\nVi\u0161enamjenski: penjanje, \u0161irenje, ga\u0161enje po\u017eara, rad iz zraka, speleologija, vje\u0161anje itd.<\/p>\n<p>Prijateljski podsjetnik: kada radite ili se igrate na visini, provjerite i odr\u017eavajte svoju opremu kako biste izbjegli opasnost uzrokovanu pogre\u0161nim kori\u0161tenjem<\/p>\n","protected":false},"excerpt":{"rendered":"<p>Ako \u017eelite kupiti du\u017ee u\u017ee, npr. 50 metara, molimo da kupite u\u017ee 5*10 metara, a zatim ostavite poruku prodava\u010du da&#8230;<\/p>\n","protected":false},"featured_media":12564,"comment_status":"open","ping_status":"closed","template":"","meta":[],"product_brand":[],"product_cat":[830],"product_tag":[],"woo-feed-brand":[],"class_list":{"0":"post-13789","1":"product","2":"type-product","3":"status-publish","4":"has-post-thumbnail","6":"product_cat-sigurnosno-uze","8":"first","9":"instock","10":"shipping-taxable","11":"purchasable","12":"product-type-variable","13":"has-default-attributes"},"_links":{"self":[{"href":"https:\/\/tyditiao.com\/hr\/wp-json\/wp\/v2\/product\/13789","targetHints":{"allow":["GET"]}}],"collection":[{"href":"https:\/\/tyditiao.com\/hr\/wp-json\/wp\/v2\/product"}],"about":[{"href":"https:\/\/tyditiao.com\/hr\/wp-json\/wp\/v2\/types\/product"}],"replies":[{"embeddable":true,"href":"https:\/\/tyditiao.com\/hr\/wp-json\/wp\/v2\/comments?post=13789"}],"wp:featuredmedia":[{"embeddable":true,"href":"https:\/\/tyditiao.com\/hr\/wp-json\/wp\/v2\/media\/12564"}],"wp:attachment":[{"href":"https:\/\/tyditiao.com\/hr\/wp-json\/wp\/v2\/media?parent=13789"}],"wp:term":[{"taxonomy":"product_brand","embeddable":true,"href":"https:\/\/tyditiao.com\/hr\/wp-json\/wp\/v2\/product_brand?post=13789"},{"taxonomy":"product_cat","embeddable":true,"href":"https:\/\/tyditiao.com\/hr\/wp-json\/wp\/v2\/product_cat?post=13789"},{"taxonomy":"product_tag","embeddable":true,"href":"https:\/\/tyditiao.com\/hr\/wp-json\/wp\/v2\/product_tag?post=13789"},{"taxonomy":"woo-feed-brand","embeddable":true,"href":"https:\/\/tyditiao.com\/hr\/wp-json\/wp\/v2\/woo-feed-brand?post=13789"}],"curies":[{"name":"wp","href":"https:\/\/api.w.org\/{rel}","templated":true}]}}