{"id":13847,"date":"2023-03-05T02:51:52","date_gmt":"2023-05-22T14:16:18","guid":{"rendered":"http:\/\/tyditiao.com\/product\/aramidna-vanjska-obloga-najlonska-unutarnja-jezgra-staticno-uze-sigurnosno-uze-za-planinarenje-na-otvorenom-6810-5-10m\/"},"modified":"2023-05-22T16:16:18","modified_gmt":"2023-05-22T14:16:18","slug":"kevlar-vanjski-scoranylon-core-static-safety-rope-outdoor-6810-5-10m","status":"publish","type":"product","link":"https:\/\/tyditiao.com\/hr\/proizvod\/kevlar-vanjski-scoranylon-core-static-safety-rope-outdoor-6810-5-10m\/","title":{"rendered":"Aramidna vanjska obloga + najlonska unutarnja jezgra stati\u010dno u\u017ee Sigurnosno u\u017ee za planinarenje na otvorenom 6,8,10.5 (10m)"},"content":{"rendered":"<p>Ako trebate kupiti du\u017ee u\u017ee, npr. 80 metara, molimo vas da kupite u\u017ee 8*10 metara, a zatim ostavite poruku prodava\u010du da vam treba cijelo u\u017ee od 80 metara.<\/p>\n<p><strong>O karabinerima na oba kraja stati\u010dkog u\u017eeta:<\/strong> Ako je duljina u\u017eeta koju ste kupili ve\u0107a od 10 metara, dat \u0107emo vam dva karabinera ozna\u010dena na slici. Mo\u017eete odabrati da ga montirate na oba kraja u\u017eeta ili ga ne morate montirati i poslati s u\u017eetom u paketu, samo nam po\u0161aljite poruku i javite nam svoju odluku<\/p>\n<p>Naziv proizvoda: Aramidno vlakno + najlonsko stati\u010dno u\u017ee<br \/>\nBoja: Boja kao na slici<br \/>\nPromjer: 6 mm 8 mm 10 mm<br \/>\nNeto te\u017eina (\u00b15%): 6 mm (27 g\/m) 8 mm (42 g\/m) 10 mm (65 g\/m)<br \/>\nVu\u010dna sila: 6 mm (7 KN\/700 KG) 8 mm (16 KN\/1600 KG) 10 mm (36 KN\/3600 KG)<br \/>\nMaterijal izgleda: aramid<br \/>\nMaterijal jezgre: najlon<br \/>\nCertifikacija: CE EN1891:1998<br \/>\nVi\u0161enamjenski: penjanje, teleskopiranje, ga\u0161enje po\u017eara, rad na visini, dizalice itd.<\/p>\n","protected":false},"excerpt":{"rendered":"<p>Ako trebate kupiti du\u017ee u\u017ee, npr. 80 metara, molimo vas da kupite u\u017ee 8*10 metara, a zatim ostavite poruku prodava\u010du&#8230;<\/p>\n","protected":false},"featured_media":12545,"comment_status":"open","ping_status":"closed","template":"","meta":[],"product_brand":[],"product_cat":[830],"product_tag":[],"woo-feed-brand":[50],"class_list":{"0":"post-13847","1":"product","2":"type-product","3":"status-publish","4":"has-post-thumbnail","6":"product_cat-sigurnosno-uze","7":"woo-feed-brand-tyditiao","9":"first","10":"instock","11":"shipping-taxable","12":"purchasable","13":"product-type-variable","14":"has-default-attributes"},"_links":{"self":[{"href":"https:\/\/tyditiao.com\/hr\/wp-json\/wp\/v2\/product\/13847","targetHints":{"allow":["GET"]}}],"collection":[{"href":"https:\/\/tyditiao.com\/hr\/wp-json\/wp\/v2\/product"}],"about":[{"href":"https:\/\/tyditiao.com\/hr\/wp-json\/wp\/v2\/types\/product"}],"replies":[{"embeddable":true,"href":"https:\/\/tyditiao.com\/hr\/wp-json\/wp\/v2\/comments?post=13847"}],"wp:featuredmedia":[{"embeddable":true,"href":"https:\/\/tyditiao.com\/hr\/wp-json\/wp\/v2\/media\/12545"}],"wp:attachment":[{"href":"https:\/\/tyditiao.com\/hr\/wp-json\/wp\/v2\/media?parent=13847"}],"wp:term":[{"taxonomy":"product_brand","embeddable":true,"href":"https:\/\/tyditiao.com\/hr\/wp-json\/wp\/v2\/product_brand?post=13847"},{"taxonomy":"product_cat","embeddable":true,"href":"https:\/\/tyditiao.com\/hr\/wp-json\/wp\/v2\/product_cat?post=13847"},{"taxonomy":"product_tag","embeddable":true,"href":"https:\/\/tyditiao.com\/hr\/wp-json\/wp\/v2\/product_tag?post=13847"},{"taxonomy":"woo-feed-brand","embeddable":true,"href":"https:\/\/tyditiao.com\/hr\/wp-json\/wp\/v2\/woo-feed-brand?post=13847"}],"curies":[{"name":"wp","href":"https:\/\/api.w.org\/{rel}","templated":true}]}}