{"id":13939,"date":"2022-10-21T05:25:40","date_gmt":"2022-10-21T03:25:40","guid":{"rendered":"http:\/\/tyditiao.com\/product\/uhmwpe-nij-razina-iiia-7mm-05kg-neprobojna-prsa-250x300mm\/"},"modified":"2026-01-25T18:08:08","modified_gmt":"2026-01-25T16:08:08","slug":"uhmwpe-nij-level-iiia-7mm-0-5kgn-prsni-oklop-otporan-250x300mm","status":"publish","type":"product","link":"https:\/\/tyditiao.com\/hr\/proizvod\/uhmwpe-nij-level-iiia-7mm-0-5kgn-prsni-oklop-otporan-250x300mm\/","title":{"rendered":"UHMWPE, NIJ razina IIIA, 7MM, 0,5KG, neprobojna prsa, 250X300MM"},"content":{"rendered":"<p>Te\u017eina: 0,5KG<br \/>\nMaterijal: PE<br \/>\nDebljina: 7MM<br \/>\nKlasa za\u0161tite: NIJ IIIA razina (GA4)<\/p>\n<p>Vanjski sloj: crna vodootporna poliesterska tkanina;<br \/>\nDimenzije: 250&#215;300 mm \/ 9,8&#8217;x11,8&#8242;<br \/>\nOblik: Trapezoid (trapezoidna plo\u010da sa zako\u0161enim kutovima)<\/p>\n<p>Popis pakiranja:<br \/>\n1 x Trapezoidna neprobojna plo\u010da.<\/p>\n<p>Obavijest:<br \/>\nReflektiraju\u0107i prsluk nije uklju\u010den<\/p>\n<p>Ciljani korisnici: oru\u017eane snage, SWAT, domovinska sigurnost, carina i grani\u010dna za\u0161tita, imigracijska kontrola i drugi koji se suo\u010davaju s prijetnjama oru\u017ejem mogu biti opremljeni na\u0161im proizvodima. Ljudi posti\u017eu bolje rezultate i manje \u017ertava. Proizvod je tako\u0111er prikladniji za situacije kao \u0161to su misije na velikim udaljenostima ili misije na velikim udaljenostima. Tako\u0111er je dobar izbor za za\u0161titu vlastite obitelji<\/p>\n","protected":false},"excerpt":{"rendered":"<p>Ova podstava izra\u0111ena je od \u010distog PE vlakna: prednost je mala te\u017eina i manja mogu\u0107nost sekundarnog o\u0161te\u0107enja nakon pr\u017eenja. Jednom zaklju\u010dan, projektil je ugra\u0111en u o\u0161tricu s vrlo malom vjerojatno\u0161\u0107u odbijanja<\/p>\n<p>\u010cista PE plo\u010da otporna na metke, NIJ IIIA stupanj: te\u017eina 0,5 kg, otporan na olovo, pi\u0161tolj tipa 54, tip 64, mitraljez tipa 79<\/p>\n<p>Me\u0111uspremni sloj: unutar svake neprobojne plo\u010de nalazi se sloj EVA pamu\u010dnog jastu\u010di\u0107a otpornog na udarce, koji mo\u017ee u\u010dinkovito smanjiti utjecaj na ljudsko tijelo nakon bombardiranja<\/p>\n<p>Dizajn s dvostrukim lukom: Mehani\u010dko gla\u010danje na lijevoj i desnoj strani daske prema ergonomskim na\u010delima \u010dini da lu\u010dni rubovi savr\u0161eno pristaju uz tijelo<\/p>\n","protected":false},"featured_media":12089,"comment_status":"open","ping_status":"closed","template":"","meta":[],"product_brand":[],"product_cat":[868],"product_tag":[],"woo-feed-brand":[50],"class_list":{"0":"post-13939","1":"product","2":"type-product","3":"status-publish","4":"has-post-thumbnail","6":"product_cat-prsna-ploca-otporna-na-metke","7":"woo-feed-brand-tyditiao","9":"first","10":"instock","11":"sale","12":"shipping-taxable","13":"purchasable","14":"product-type-simple"},"_links":{"self":[{"href":"https:\/\/tyditiao.com\/hr\/wp-json\/wp\/v2\/product\/13939","targetHints":{"allow":["GET"]}}],"collection":[{"href":"https:\/\/tyditiao.com\/hr\/wp-json\/wp\/v2\/product"}],"about":[{"href":"https:\/\/tyditiao.com\/hr\/wp-json\/wp\/v2\/types\/product"}],"replies":[{"embeddable":true,"href":"https:\/\/tyditiao.com\/hr\/wp-json\/wp\/v2\/comments?post=13939"}],"wp:featuredmedia":[{"embeddable":true,"href":"https:\/\/tyditiao.com\/hr\/wp-json\/wp\/v2\/media\/12089"}],"wp:attachment":[{"href":"https:\/\/tyditiao.com\/hr\/wp-json\/wp\/v2\/media?parent=13939"}],"wp:term":[{"taxonomy":"product_brand","embeddable":true,"href":"https:\/\/tyditiao.com\/hr\/wp-json\/wp\/v2\/product_brand?post=13939"},{"taxonomy":"product_cat","embeddable":true,"href":"https:\/\/tyditiao.com\/hr\/wp-json\/wp\/v2\/product_cat?post=13939"},{"taxonomy":"product_tag","embeddable":true,"href":"https:\/\/tyditiao.com\/hr\/wp-json\/wp\/v2\/product_tag?post=13939"},{"taxonomy":"woo-feed-brand","embeddable":true,"href":"https:\/\/tyditiao.com\/hr\/wp-json\/wp\/v2\/woo-feed-brand?post=13939"}],"curies":[{"name":"wp","href":"https:\/\/api.w.org\/{rel}","templated":true}]}}