{"id":13980,"date":"2022-10-21T05:20:55","date_gmt":"2023-05-22T15:57:21","guid":{"rendered":"http:\/\/tyditiao.com\/product\/celik-otporan-na-metke-nij-iv-7mm-3kg-balisticki-oklop-otporan-na-metke-250x300mm\/"},"modified":"2025-09-29T15:50:12","modified_gmt":"2025-09-29T13:50:12","slug":"neprobojni-celik-nij-razina-iv-7mm-3kg-prsni-oklop-otporan-250x300mm","status":"publish","type":"product","link":"https:\/\/tyditiao.com\/hr\/proizvod\/neprobojni-celik-nij-razina-iv-7mm-3kg-prsni-oklop-otporan-250x300mm\/","title":{"rendered":"\u010celik otporan na metke, NIJ IV, 7MM, 3KG, balisti\u010dki oklop otporan na metke, 250X300MM"},"content":{"rendered":"<p>Te\u017eina: 3 kg<br \/>\nMaterijal: \u010delik otporan na metke;<br \/>\nDebljina: 7MM<br \/>\nKlasa za\u0161tite: NIJ IV (GA6)<\/p>\n<p>Veli\u010dina: 25cm * 30cm<br \/>\nOblik: Trapezoid (trapezoidna plo\u010da sa zako\u0161enim kutovima)<\/p>\n<p>Popis pakiranja:<br \/>\n1 x Trapezoidna neprobojna plo\u010da.<\/p>\n<p>Obavijest:<br \/>\nReflektiraju\u0107i prsluk nije uklju\u010den<\/p>\n<p>Korisnici: obiteljska obrana, osoblje povezano s rizikom, obrana bankovne valute, strano vojno osoblje, strano osoblje oru\u017eanih sukoba, sigurnosno osoblje, mornari, grani\u010dari itd.<\/p>\n","protected":false},"excerpt":{"rendered":"<p>Izra\u0111en od posebne \u010deli\u010dne plo\u010de otporne na metke: ista razina za\u0161tite, s predno\u0161\u0107u \u0161to je tanak i lagan.<\/p>\n<p>Me\u0111uspremni sloj: unutar svake neprobojne plo\u010de nalazi se sloj EVA pamu\u010dnog jastu\u010di\u0107a otpornog na udarce, koji mo\u017ee u\u010dinkovito smanjiti utjecaj na ljudsko tijelo nakon bombardiranja<\/p>\n<p>Dizajn s dvostrukim lukom: Mehani\u010dko gla\u010danje na lijevoj i desnoj strani daske prema ergonomskim na\u010delima \u010dini da lu\u010dni rubovi savr\u0161eno pristaju uz tijelo<\/p>\n<p>Primjena: Radi sigurnosti, koristite ga uz takti\u010dke prsluke, jakne, balisti\u010dke ruksake, razne prsluke itd.<\/p>\n","protected":false},"featured_media":11994,"comment_status":"open","ping_status":"closed","template":"","meta":[],"product_brand":[],"product_cat":[868],"product_tag":[],"woo-feed-brand":[50],"class_list":{"0":"post-13980","1":"product","2":"type-product","3":"status-publish","4":"has-post-thumbnail","6":"product_cat-prsna-ploca-otporna-na-metke","7":"woo-feed-brand-tyditiao","9":"first","10":"instock","11":"sale","12":"shipping-taxable","13":"purchasable","14":"product-type-simple"},"_links":{"self":[{"href":"https:\/\/tyditiao.com\/hr\/wp-json\/wp\/v2\/product\/13980","targetHints":{"allow":["GET"]}}],"collection":[{"href":"https:\/\/tyditiao.com\/hr\/wp-json\/wp\/v2\/product"}],"about":[{"href":"https:\/\/tyditiao.com\/hr\/wp-json\/wp\/v2\/types\/product"}],"replies":[{"embeddable":true,"href":"https:\/\/tyditiao.com\/hr\/wp-json\/wp\/v2\/comments?post=13980"}],"wp:featuredmedia":[{"embeddable":true,"href":"https:\/\/tyditiao.com\/hr\/wp-json\/wp\/v2\/media\/11994"}],"wp:attachment":[{"href":"https:\/\/tyditiao.com\/hr\/wp-json\/wp\/v2\/media?parent=13980"}],"wp:term":[{"taxonomy":"product_brand","embeddable":true,"href":"https:\/\/tyditiao.com\/hr\/wp-json\/wp\/v2\/product_brand?post=13980"},{"taxonomy":"product_cat","embeddable":true,"href":"https:\/\/tyditiao.com\/hr\/wp-json\/wp\/v2\/product_cat?post=13980"},{"taxonomy":"product_tag","embeddable":true,"href":"https:\/\/tyditiao.com\/hr\/wp-json\/wp\/v2\/product_tag?post=13980"},{"taxonomy":"woo-feed-brand","embeddable":true,"href":"https:\/\/tyditiao.com\/hr\/wp-json\/wp\/v2\/woo-feed-brand?post=13980"}],"curies":[{"name":"wp","href":"https:\/\/api.w.org\/{rel}","templated":true}]}}