{"id":14029,"date":"2022-10-21T05:15:35","date_gmt":"2022-10-21T03:15:35","guid":{"rendered":"http:\/\/tyditiao.com\/product\/aluminijpe-nij-iv-23mm-29kg-neprobojni-oklop-250x300mm\/"},"modified":"2025-03-17T11:58:06","modified_gmt":"2025-03-17T09:58:06","slug":"aluminij-nij-razina-iv-23mm-2-9kgnustro-neprobojan-250x300mm","status":"publish","type":"product","link":"https:\/\/tyditiao.com\/hr\/proizvod\/aluminij-nij-razina-iv-23mm-2-9kgnustro-neprobojan-250x300mm\/","title":{"rendered":"Aluminij+PE, NIJ IV, 23MM, 2,9KG, neprobojni oklop, 250X300MM"},"content":{"rendered":"<p>Te\u017eina: 2,9 kg<br \/>\nMaterijal: Aluminij+PE<br \/>\nDebljina: 23mm<br \/>\nKlasa za\u0161tite: NIJ III klasa (GA6)<\/p>\n<p>Vanjski sloj: crna vodootporna poliesterska tkanina;<br \/>\nDimenzije: 250&#215;300 mm \/ 9,8&#8217;x11,8&#8242;<br \/>\nOblik: Trapezoid (trapezoidna plo\u010da sa zako\u0161enim kutovima)<\/p>\n<p>Popis pakiranja:<br \/>\n1 x Trapezoidna neprobojna plo\u010da.<\/p>\n<p>Obavijest:<br \/>\nReflektiraju\u0107i prsluk nije uklju\u010den<\/p>\n<p>Ciljani korisnici: oru\u017eane snage, SWAT, domovinska sigurnost, carina i grani\u010dna za\u0161tita, imigracijska kontrola i drugi koji se suo\u010davaju s prijetnjama oru\u017ejem mogu biti opremljeni na\u0161im proizvodima. Ljudi dobivaju bolje rezultate i manje \u017ertava. Proizvod je tako\u0111er prikladniji za situacije kao \u0161to su misije na velikim udaljenostima ili misije na velikim udaljenostima. Tako\u0111er je dobar izbor za za\u0161titu vlastite obitelji<\/p>\n<p>Kerami\u010dki neprobojni umeci obi\u010dno se izra\u0111uju od materijala kao \u0161to su keramika i polietilen PE. Pravilo je: kada metak pogodi patronu otpornu na metke, metak prvo poga\u0111a vrh kerami\u010dkog sloja. Ogromna udarna sila projektila prenosi se na okolinu, apsorbiraju\u0107i ogromnu kineti\u010dku energiju projektila. Kada projektil pro\u0111e kroz kerami\u010dki sloj, gubi najve\u0107i dio svoje kineti\u010dke energije. Kada projektil dosegne sloj polietilena, polietilen raspr\u0161uje kineti\u010dku energiju projektila istezanjem i omotavanjem projektila i fragmenata, uz mali u\u010dinak na tijelo, pru\u017eaju\u0107i izvrsnu za\u0161titu.<\/p>\n","protected":false},"excerpt":{"rendered":"<p>Uz istu balisti\u010dku ocjenu, lak\u0161i je od \u010delika i jeftiniji od silicijevog karbida, tako da je aluminijeva kerami\u010dka balistika dobra ravnote\u017ea.<\/p>\n<p>Gornji sloj izra\u0111en je od vodootporne poliesterske tkanine, a plo\u010da je vodootporna i otporna na mrlje.<\/p>\n<p>Odbojni sloj: Svaka neprobojna plo\u010da pri\u010dvr\u0161\u0107ena je na unutarnji sloj EVA jastu\u010di\u0107a otpornog na udarce, koji mo\u017ee u\u010dinkovito smanjiti utjecaj na ljudsko tijelo nakon eksplozije<\/p>\n<p>Materijal plo\u010de: gornji sloj je aluminijska kerami\u010dka plo\u010da, a donji sloj PE neprobojna plo\u010da;<\/p>\n","protected":false},"featured_media":11956,"comment_status":"open","ping_status":"closed","template":"","meta":[],"product_brand":[],"product_cat":[868],"product_tag":[],"woo-feed-brand":[50],"class_list":{"0":"post-14029","1":"product","2":"type-product","3":"status-publish","4":"has-post-thumbnail","6":"product_cat-prsna-ploca-otporna-na-metke","7":"woo-feed-brand-tyditiao","9":"first","10":"instock","11":"sale","12":"shipping-taxable","13":"purchasable","14":"product-type-simple"},"_links":{"self":[{"href":"https:\/\/tyditiao.com\/hr\/wp-json\/wp\/v2\/product\/14029","targetHints":{"allow":["GET"]}}],"collection":[{"href":"https:\/\/tyditiao.com\/hr\/wp-json\/wp\/v2\/product"}],"about":[{"href":"https:\/\/tyditiao.com\/hr\/wp-json\/wp\/v2\/types\/product"}],"replies":[{"embeddable":true,"href":"https:\/\/tyditiao.com\/hr\/wp-json\/wp\/v2\/comments?post=14029"}],"wp:featuredmedia":[{"embeddable":true,"href":"https:\/\/tyditiao.com\/hr\/wp-json\/wp\/v2\/media\/11956"}],"wp:attachment":[{"href":"https:\/\/tyditiao.com\/hr\/wp-json\/wp\/v2\/media?parent=14029"}],"wp:term":[{"taxonomy":"product_brand","embeddable":true,"href":"https:\/\/tyditiao.com\/hr\/wp-json\/wp\/v2\/product_brand?post=14029"},{"taxonomy":"product_cat","embeddable":true,"href":"https:\/\/tyditiao.com\/hr\/wp-json\/wp\/v2\/product_cat?post=14029"},{"taxonomy":"product_tag","embeddable":true,"href":"https:\/\/tyditiao.com\/hr\/wp-json\/wp\/v2\/product_tag?post=14029"},{"taxonomy":"woo-feed-brand","embeddable":true,"href":"https:\/\/tyditiao.com\/hr\/wp-json\/wp\/v2\/woo-feed-brand?post=14029"}],"curies":[{"name":"wp","href":"https:\/\/api.w.org\/{rel}","templated":true}]}}