{"id":14048,"date":"2022-10-21T05:13:02","date_gmt":"2023-05-23T00:53:53","guid":{"rendered":"http:\/\/tyditiao.com\/product\/sic-pe-nij-iii-20mm-1-8kg-pancirni-oklop-balisticki-umetak-250x300mm\/"},"modified":"2023-05-23T02:53:53","modified_gmt":"2023-05-23T00:53:53","slug":"sicpe-nij-level-iii-20mm-1-8kgn-cuirass-otporan-na-metke-250x300mm","status":"publish","type":"product","link":"https:\/\/tyditiao.com\/hr\/proizvod\/sicpe-nij-level-iii-20mm-1-8kgn-cuirass-otporan-na-metke-250x300mm\/","title":{"rendered":"SIC + PE, NIJ III, 20MM, 1.8KG, pancirni oklop, balisti\u010dki umetak, 250X300MM"},"content":{"rendered":"<p>Te\u017eina: 1,8KG<br \/>\nMaterijal: Skija+PE<br \/>\nDebljina: 20MM<br \/>\nKlasa za\u0161tite: NIJ III klasa (GA5)<\/p>\n<p>Vanjski sloj: crna vodootporna poliesterska tkanina;<br \/>\nDimenzije: 250&#215;300 mm \/ 9,8&#8217;x11,8&#8242;<br \/>\nOblik: Trapezoid (Trapezoidna plo\u010da sa zako\u0161enim kutovima)<\/p>\n<p>Popis pakiranja:<br \/>\n1 x Trapezoidna neprobojna plo\u010da.<\/p>\n<p>Obavijest:<br \/>\nReflektiraju\u0107i prsluk nije uklju\u010den<\/p>\n<p>Ciljani korisnici: oru\u017eane snage, SWAT, domovinska sigurnost, carina i grani\u010dna za\u0161tita, imigracijska kontrola i drugi koji se suo\u010davaju s prijetnjama oru\u017ejem mogu biti opremljeni na\u0161im proizvodima. Ljudi dobivaju bolje rezultate i manje \u017ertava. Proizvod je tako\u0111er prikladniji za situacije kao \u0161to su misije na velikim udaljenostima ili misije na velikim udaljenostima. Tako\u0111er je dobar izbor za za\u0161titu vlastite obitelji<\/p>\n<p>Balisti\u010dki umetci \u010desto se koriste u pancirima ili takti\u010dkim prslucima. Postoje dvije vrste patrona otpornih na metke: prednji i bo\u010dni. Prednja plo\u010da \u0161titi prsa i le\u0111a, a bo\u010dne stranice \u0161tite bo\u010dne strane tijela. Isko\u0161eni rubovi obi\u010dno \u0161tite prednju stranu prsa, a kvadrati stra\u017enju stranu.<\/p>\n<p>Postoje \u010detiri vrste neprobojnih plo\u010dastih materijala: \u010delik otporan na metke, PE polietilen, PE+aluminij, PE+silicijev karbid. Dostupna u raznim modelima od materijala, ova baterija je \u010disti PE + silicij.<\/p>\n<p>Kerami\u010dki neprobojni umeci obi\u010dno se izra\u0111uju od materijala kao \u0161to su keramika i polietilen PE. Pravilo je: kada metak pogodi patronu otpornu na metke, metak prvo poga\u0111a vrh kerami\u010dkog sloja. Ogromna udarna sila projektila prenosi se na okolinu, apsorbiraju\u0107i ogromnu kineti\u010dku energiju projektila. Kada projektil pro\u0111e kroz kerami\u010dki sloj, gubi najve\u0107i dio svoje kineti\u010dke energije. Kada projektil dosegne sloj polietilena, polietilen raspr\u0161uje kineti\u010dku energiju projektila istezanjem i omotavanjem projektila i fragmenata, uz mali u\u010dinak na tijelo, pru\u017eaju\u0107i izvrsnu za\u0161titu.<\/p>\n","protected":false},"excerpt":{"rendered":"<p>NIJ 0101.06 Ultra-laka neprobojna plo\u010da od silicij-karbida razreda III, mo\u017ee se dostaviti odgovaraju\u0107e izvje\u0161\u0107e o ispitivanju.<\/p>\n<p>Zreli proces: pokazat \u0107e stabilnu i izvrsnu za\u0161titnu u\u010dinkovitost.<\/p>\n<p>Lak\u0161i i prakti\u010dniji od aluminijevih kerami\u010dkih plo\u010da.<\/p>\n<p>Gornji sloj izra\u0111en je od vodootporne poliesterske tkanine, a plo\u010da je vodootporna i otporna na mrlje.<\/p>\n","protected":false},"featured_media":12013,"comment_status":"open","ping_status":"closed","template":"","meta":[],"product_brand":[],"product_cat":[868],"product_tag":[],"woo-feed-brand":[50],"class_list":{"0":"post-14048","1":"product","2":"type-product","3":"status-publish","4":"has-post-thumbnail","6":"product_cat-prsna-ploca-otporna-na-metke","7":"woo-feed-brand-tyditiao","9":"first","10":"instock","11":"sale","12":"shipping-taxable","13":"purchasable","14":"product-type-simple"},"_links":{"self":[{"href":"https:\/\/tyditiao.com\/hr\/wp-json\/wp\/v2\/product\/14048","targetHints":{"allow":["GET"]}}],"collection":[{"href":"https:\/\/tyditiao.com\/hr\/wp-json\/wp\/v2\/product"}],"about":[{"href":"https:\/\/tyditiao.com\/hr\/wp-json\/wp\/v2\/types\/product"}],"replies":[{"embeddable":true,"href":"https:\/\/tyditiao.com\/hr\/wp-json\/wp\/v2\/comments?post=14048"}],"wp:featuredmedia":[{"embeddable":true,"href":"https:\/\/tyditiao.com\/hr\/wp-json\/wp\/v2\/media\/12013"}],"wp:attachment":[{"href":"https:\/\/tyditiao.com\/hr\/wp-json\/wp\/v2\/media?parent=14048"}],"wp:term":[{"taxonomy":"product_brand","embeddable":true,"href":"https:\/\/tyditiao.com\/hr\/wp-json\/wp\/v2\/product_brand?post=14048"},{"taxonomy":"product_cat","embeddable":true,"href":"https:\/\/tyditiao.com\/hr\/wp-json\/wp\/v2\/product_cat?post=14048"},{"taxonomy":"product_tag","embeddable":true,"href":"https:\/\/tyditiao.com\/hr\/wp-json\/wp\/v2\/product_tag?post=14048"},{"taxonomy":"woo-feed-brand","embeddable":true,"href":"https:\/\/tyditiao.com\/hr\/wp-json\/wp\/v2\/woo-feed-brand?post=14048"}],"curies":[{"name":"wp","href":"https:\/\/api.w.org\/{rel}","templated":true}]}}