{"id":14067,"date":"2022-10-21T05:10:23","date_gmt":"2022-10-21T03:10:23","guid":{"rendered":"http:\/\/tyditiao.com\/product\/sicpe-nij-razina-iv-23mm-25kg-balisticki-umetak-za-prsni-oklop-otporan-na-metke-250x300mm\/"},"modified":"2025-03-17T11:57:51","modified_gmt":"2025-03-17T09:57:51","slug":"sicpe-nij-level-iv-23mm-2-5kgn-prsni-oklop-otporan-250x300mm","status":"publish","type":"product","link":"https:\/\/tyditiao.com\/hr\/proizvod\/sicpe-nij-level-iv-23mm-2-5kgn-prsni-oklop-otporan-250x300mm\/","title":{"rendered":"SIC+PE, NIJ razina IV, 23MM, 2,5KG, balisti\u010dki umetak za prsni oklop otporan na metke, 250X300MM"},"content":{"rendered":"<p>Naziv: Ultra-laka neprobojna plo\u010da od silicij-karbida NIJ razreda IV<\/p>\n<p>Standard: NIJ 0101.06 Klasa IV, mo\u017eemo osigurati odgovaraju\u0107e izvje\u0161\u0107e o ispitivanju.<\/p>\n<p>Materijal: SiC + UHMW-PE<\/p>\n<p>Te\u017eina: 2,5 KG + 0,05 KG \/ 2,20 + 0,11 LB<\/p>\n<p>Debljina: 23mm<\/p>\n<p>Vanjski sloj: crna vodootporna poliesterska tkanina;<br \/>\nDimenzije: 250&#215;300 mm \/ 9,8&#8217;x11,8&#8242;<br \/>\nOblik: Trapezoid (Trapezoidna plo\u010da sa zako\u0161enim kutovima)<\/p>\n<p>Popis pakiranja:<br \/>\n1 x Trapezoidna neprobojna plo\u010da.<\/p>\n<p>Obavijest:<br \/>\nReflektiraju\u0107i prsluk nije uklju\u010den<\/p>\n<p>Ciljani korisnici: NIJ klasa IV Superlight Sic neprobojne plo\u010de za upotrebu protiv prijetnji povezanih s oru\u017ejem. Oru\u017eane snage, SWAT agencije, agencije za unutarnju sigurnost, agencije za carinu i za\u0161titu granica, agencije za imigracijsku kontrolu i druge agencije koje su izlo\u017eene riziku od vatrenog oru\u017eja mogu biti opremljene na\u0161im proizvodima. Ljudi posti\u017eu bolje rezultate i manje \u017ertava. Proizvod je tako\u0111er prikladniji za situacije kao \u0161to su misije na velikim udaljenostima ili misije na velikim udaljenostima. Tako\u0111er je dobar izbor za za\u0161titu vlastite obitelji<\/p>\n<p><!--vi\u0161e--><\/p>\n<p>Parametri projektila od kojih se NIJ IV mo\u017ee obraniti:<\/p>\n<p>Potpuno metalno ku\u0107i\u0161te 7,62 x 51 mm M80 (FMJ) \/ NATO kugla;<\/p>\n<p>7,62 x 39 mm AK47 olovna jezgra (LC) \/ jezgra od mekog \u010delika (MSC);<\/p>\n<p>5,56 x 45 mm M193 olovo (LC) \/ NATO SS109 kugla;<\/p>\n<p>Balisti\u010dki umetci \u010desto se koriste u pancirima ili takti\u010dkim prslucima. Postoje dvije vrste patrona otpornih na metke: prednji i bo\u010dni. Prednja plo\u010da \u0161titi prsa i le\u0111a, a bo\u010dne stranice \u0161tite bo\u010dne strane tijela. Isko\u0161eni rubovi obi\u010dno \u0161tite prednju stranu prsa, a kvadrati stra\u017enju stranu.<\/p>\n<p>Postoje \u010detiri vrste neprobojnih plo\u010dastih materijala: \u010delik otporan na metke, PE polietilen, PE+aluminij, PE+silicijev karbid. Dostupna u raznim modelima od materijala, ova baterija je \u010disti PE + silicij.<\/p>\n<p>Kerami\u010dki neprobojni umeci obi\u010dno se izra\u0111uju od materijala kao \u0161to su keramika i polietilen PE. Pravilo je: kada metak pogodi patronu otpornu na metke, metak prvo poga\u0111a vrh kerami\u010dkog sloja. Ogromna udarna sila projektila prenosi se na okolinu, apsorbiraju\u0107i ogromnu kineti\u010dku energiju projektila. Kada projektil pro\u0111e kroz kerami\u010dki sloj, gubi najve\u0107i dio svoje kineti\u010dke energije. Kada projektil dosegne sloj polietilena, polietilen raspr\u0161uje kineti\u010dku energiju projektila istezanjem i omotavanjem projektila i fragmenata, uz mali u\u010dinak na tijelo, pru\u017eaju\u0107i izvrsnu za\u0161titu.<\/p>\n","protected":false},"excerpt":{"rendered":"<p>Iznimno lagana balisti\u010dka plo\u010da izra\u0111ena od silicijevog karbida NIJ razreda IV koja mo\u017ee izdr\u017eati prijetnju konvencionalnih pu\u0161\u010danih metaka.<\/p>\n<p>Zreli proces: pokazat \u0107e stabilnu i izvrsnu za\u0161titnu u\u010dinkovitost.<\/p>\n<p>Lak\u0161i i prakti\u010dniji od aluminijevih kerami\u010dkih plo\u010da.<\/p>\n<p>Gornji sloj izra\u0111en je od vodootporne poliesterske tkanine, a plo\u010da je vodootporna i otporna na mrlje.<\/p>\n","protected":false},"featured_media":12032,"comment_status":"open","ping_status":"closed","template":"","meta":[],"product_brand":[],"product_cat":[868],"product_tag":[],"woo-feed-brand":[50],"class_list":{"0":"post-14067","1":"product","2":"type-product","3":"status-publish","4":"has-post-thumbnail","6":"product_cat-prsna-ploca-otporna-na-metke","7":"woo-feed-brand-tyditiao","9":"first","10":"instock","11":"sale","12":"shipping-taxable","13":"purchasable","14":"product-type-simple"},"_links":{"self":[{"href":"https:\/\/tyditiao.com\/hr\/wp-json\/wp\/v2\/product\/14067","targetHints":{"allow":["GET"]}}],"collection":[{"href":"https:\/\/tyditiao.com\/hr\/wp-json\/wp\/v2\/product"}],"about":[{"href":"https:\/\/tyditiao.com\/hr\/wp-json\/wp\/v2\/types\/product"}],"replies":[{"embeddable":true,"href":"https:\/\/tyditiao.com\/hr\/wp-json\/wp\/v2\/comments?post=14067"}],"wp:featuredmedia":[{"embeddable":true,"href":"https:\/\/tyditiao.com\/hr\/wp-json\/wp\/v2\/media\/12032"}],"wp:attachment":[{"href":"https:\/\/tyditiao.com\/hr\/wp-json\/wp\/v2\/media?parent=14067"}],"wp:term":[{"taxonomy":"product_brand","embeddable":true,"href":"https:\/\/tyditiao.com\/hr\/wp-json\/wp\/v2\/product_brand?post=14067"},{"taxonomy":"product_cat","embeddable":true,"href":"https:\/\/tyditiao.com\/hr\/wp-json\/wp\/v2\/product_cat?post=14067"},{"taxonomy":"product_tag","embeddable":true,"href":"https:\/\/tyditiao.com\/hr\/wp-json\/wp\/v2\/product_tag?post=14067"},{"taxonomy":"woo-feed-brand","embeddable":true,"href":"https:\/\/tyditiao.com\/hr\/wp-json\/wp\/v2\/woo-feed-brand?post=14067"}],"curies":[{"name":"wp","href":"https:\/\/api.w.org\/{rel}","templated":true}]}}