{"id":14086,"date":"2022-10-18T08:54:02","date_gmt":"2022-10-18T06:54:02","guid":{"rendered":"http:\/\/tyditiao.com\/product\/cs-oprema-za-obuku-neprobojni-prsluk-vanjski-takticki-prsluk-s-brzim-otpustanjem-ukljucujuci-2xpe-iiia-10x12-neprobojne-ploce\/"},"modified":"2025-03-17T11:56:07","modified_gmt":"2025-03-17T09:56:07","slug":"cs-oprema-za-obuku-na-otvorenom-balisticki-prsluk-brzootpustajuci-takticki-prsluk-u-kompletu-neprobojna-ploca-2xpe-iiia-10x12","status":"publish","type":"product","link":"https:\/\/tyditiao.com\/hr\/proizvod\/cs-oprema-za-obuku-na-otvorenom-balisticki-prsluk-brzootpustajuci-takticki-prsluk-u-kompletu-neprobojna-ploca-2xpe-iiia-10x12\/","title":{"rendered":"CS oprema za obuku, neprobojni prsluk, vanjski takti\u010dki prsluk s brzim otpu\u0161tanjem uklju\u010duju\u0107i 2XPE IIIA 10&#215;12 neprobojne plo\u010de"},"content":{"rendered":"<p>Bo\u010dne strane i ramena ovog proizvoda podesivi su pomo\u0107u \u010di\u010dak trake, tako da ga mogu nositi korisnici bilo koje veli\u010dine.<br \/>\nUnutarnji sloj: materijal visoke \u010dvrsto\u0107e<br \/>\nVanjski sloj: oksfordska tkanina otporna na abraziju, pamuk ili najlon, otporna na mrlje i izdr\u017eljiva.<\/p>\n<p>&nbsp;<\/p>\n<p>Razina obrane: Zadana PE neprobojna plo\u010da, NIJIIIA,<br \/>\nZa\u0161titni umetak: UHMW-PE<br \/>\nDebljina:\uff5e8mm\/\uff5e0.3&#8242;<br \/>\nRok valjanosti: 5 godina<br \/>\nVrste projektila od kojih se mo\u017ee obraniti:<br \/>\n9 mm puni metalni omota\u010d (FMJ) \/ okrugla glava (RN)<br \/>\n.44 univerzalna \u0161uplja jakna (JHP)<\/p>\n<p>Ciljani korisnici:<br \/>\nSkriveni NIJ pancirni prsluci klase IIIA \u0161tite od opasnosti povezanih s oru\u017ejem. I ima vi\u0161e dodataka i zauzima ve\u0107u povr\u0161inu. Veli\u010dina se mo\u017ee prilagoditi pomo\u0107u \u010di\u010dak traka sa strane i ramena. Na\u0161im proizvodima mogu se opremiti oru\u017eane snage, SWAT agencije, agencije za unutarnju sigurnost, agencije za carinu i za\u0161titu granica, agencije za imigracijsku kontrolu i druge agencije u opasnosti od vatrenog oru\u017eja. Ljudi dobivaju bolje rezultate i manje \u017ertava.<\/p>\n","protected":false},"excerpt":{"rendered":"<p>PODESIVA VELI\u010cINA: Prilagodljiva veli\u010dina s \u010di\u010dak trakom na bokovima i ramenima, jedna veli\u010dina odgovara svima.<\/p>\n<p>Ostvarite brzo otpu\u0161tanje: kop\u010dom za brzo otpu\u0161tanje oko struka jednostavno je rukovati.<\/p>\n<p>Dovoljno prostora za pohranu: Ugra\u0111eni d\u017eep za skrovi\u0161te, a d\u017eep za pomo\u0107ne stvari mo\u017ee se postaviti ili ukloniti prema va\u0161im potrebama.<\/p>\n<p>Opremljen prednjim i stra\u017enjim NIJ IIIA neprobojnim plo\u010dama: mo\u017ee se nositi s prijetnjom od pi\u0161toljskih metaka.<\/p>\n<p>Slobodno pove\u0107ajte svoju obranu: jakna se mo\u017ee opremiti neprobojnim umetcima razli\u010ditih razina.<\/p>\n","protected":false},"featured_media":11880,"comment_status":"open","ping_status":"closed","template":"","meta":[],"product_brand":[],"product_cat":[849],"product_tag":[],"woo-feed-brand":[50],"class_list":{"0":"post-14086","1":"product","2":"type-product","3":"status-publish","4":"has-post-thumbnail","6":"product_cat-takticki-prsluk","7":"product_shipping_class-0-3-kg-hr","8":"woo-feed-brand-tyditiao","10":"first","11":"instock","12":"sale","13":"shipping-taxable","14":"purchasable","15":"product-type-simple"},"_links":{"self":[{"href":"https:\/\/tyditiao.com\/hr\/wp-json\/wp\/v2\/product\/14086","targetHints":{"allow":["GET"]}}],"collection":[{"href":"https:\/\/tyditiao.com\/hr\/wp-json\/wp\/v2\/product"}],"about":[{"href":"https:\/\/tyditiao.com\/hr\/wp-json\/wp\/v2\/types\/product"}],"replies":[{"embeddable":true,"href":"https:\/\/tyditiao.com\/hr\/wp-json\/wp\/v2\/comments?post=14086"}],"wp:featuredmedia":[{"embeddable":true,"href":"https:\/\/tyditiao.com\/hr\/wp-json\/wp\/v2\/media\/11880"}],"wp:attachment":[{"href":"https:\/\/tyditiao.com\/hr\/wp-json\/wp\/v2\/media?parent=14086"}],"wp:term":[{"taxonomy":"product_brand","embeddable":true,"href":"https:\/\/tyditiao.com\/hr\/wp-json\/wp\/v2\/product_brand?post=14086"},{"taxonomy":"product_cat","embeddable":true,"href":"https:\/\/tyditiao.com\/hr\/wp-json\/wp\/v2\/product_cat?post=14086"},{"taxonomy":"product_tag","embeddable":true,"href":"https:\/\/tyditiao.com\/hr\/wp-json\/wp\/v2\/product_tag?post=14086"},{"taxonomy":"woo-feed-brand","embeddable":true,"href":"https:\/\/tyditiao.com\/hr\/wp-json\/wp\/v2\/woo-feed-brand?post=14086"}],"curies":[{"name":"wp","href":"https:\/\/api.w.org\/{rel}","templated":true}]}}