{"id":14145,"date":"2022-06-13T04:38:14","date_gmt":"2023-05-23T01:31:13","guid":{"rendered":"http:\/\/tyditiao.com\/product\/vojna-zastitna-kaciga-kevlar-kaciga-klase-iiia-vojna-balisticka-wendy-takticka-kaciga-crna\/"},"modified":"2023-05-23T03:31:13","modified_gmt":"2023-05-23T01:31:13","slug":"wendy-neprobojna-kaciga-kevlar-kaciga-takticka-crna","status":"publish","type":"product","link":"https:\/\/tyditiao.com\/hr\/proizvod\/wendy-neprobojna-kaciga-kevlar-kaciga-takticka-crna\/","title":{"rendered":"Vojna za\u0161titna kaciga, kevlar kaciga klase IIIA, vojna balisti\u010dka wendy takti\u010dka kaciga, crna"},"content":{"rendered":"<p>Wendy takti\u010dka vojna za\u0161titna kaciga NIJ IIIA je dizajnirana da bude super lagana i vrlo udobna za no\u0161enje. Brzo i jednostavno pode\u0161avanje jednom rukom osigurava precizno pristajanje. Tako\u0111er je opremljena visokokvalitetnim jastu\u010di\u0107ima za upijanje energije, koji mogu u\u010dinkovito apsorbirati silu udarca, smanjiti deformaciju tijela kacige nakon pogotka metka i smanjiti stopu ozljeda i te\u017einu korisnika. Vojna takti\u010dka kaciga Wendy opremljena je univerzalnim nosa\u010dima za monta\u017eu i naslonom za glavu, \u0161to Wendy daje ve\u0107e mogu\u0107nosti. U usporedbi s MICH neprobojnom kacigom, manja te\u017eina zna\u010di da ne treba dodatno optere\u0107ivati glavu, ve\u0107 se mo\u017ee koristiti za no\u0161enje modernije opreme, koja je prikladnija za razmjenu informacija izme\u0111u timova.<\/p>\n<hr>\n<p><strong>Klasa obrane:<\/strong><\/p>\n<p>Ova neprobojna kaciga je NIJ Level IIIA neprobojna kaciga prema standardu NIJ 0101.06, a mogu\u0107e je dostaviti odgovaraju\u0107e izvje\u0161\u0107e o ispitivanju.<\/p>\n<hr>\n<p><strong>Parametri obrambenog projektila:<\/strong><\/p>\n<p>.44 Mag SJHP<br \/>\n.357 SIG FMJ FN<br \/>\n9 mm FMJ RN<br \/>\n.357 Mag JSP<br \/>\n.40 S&amp;W FMJ<\/p>\n<p>Tako\u0111er pru\u017ea za\u0161titu od ve\u0107ine prijetnji pi\u0161toljem kao i prijetnji klase IIA i II<\/p>\n<hr>\n<p><strong>Parametri kacige otporne na metke:<\/strong><br \/>\nNaziv: Wendy&#8217;s takti\u010dka vojna za\u0161titna kaciga NIJ IIIA<\/p>\n<p>Materijal: Kevlar-DuPont aramidna vlakna visoke \u010dvrsto\u0107e<\/p>\n<p>Opseg glave: 52-60 cm<\/p>\n<p>Podstava: udarni jastu\u010di\u0107i od zorbijeve pjene odr\u017eavaju vas hladnim i suhim s vodootpornom, udobnom podstavom i antibakterijskim premazom koji odvaja znoj. Pru\u017ea manje od polovice sile potrebne za ponavljaju\u0107e udarce u svim uvjetima okoline. Kaciga standardno dolazi s tri dodatna udarna jastu\u010di\u0107a i osam podesivih jastu\u010di\u0107a koji se mogu fleksibilno postaviti prema zahtjevima korisnika za optimalno pristajanje i udobnost.<\/p>\n<p>Dodatna oprema: maske za kisik na napuhavanje, \u0161titnici za lice, bo\u010dni \u0161titovi, oklopni bo\u010dni \u0161titovi, za\u0161titni \u0161titovi, \u0161titnici za kacige, maske otporne na metke itd.<\/p>\n<p>Boja kacige: crna<br \/>\nMICH je kaciga koja zaustavlja metke iz pi\u0161tolja i pru\u017ea pouzdanu za\u0161titu od krhotina i krhotina koje padaju.<br \/>\n\u0107e smanjiti za\u0161titu.<\/p>\n<hr>\n<p><strong>&#8220;Za ljude:<\/strong><br \/>\nBalisti\u010dka kaciga NIJ lllA Kevlar WENDY podnosi prijetnje pi\u0161toljem i \u0161rapnelima, ima ve\u0107u mogu\u0107nost povezivanja, lak\u0161a je i udobnija za no\u0161enje. Ova kaciga je prikladna za sve tipove korisnika. Osoblje agencija kao \u0161to su vojska, policija, SWAT, unutarnja sigurnost, carina i grani\u010dna stra\u017ea mogu biti opremljeni pobolj\u0161anim borbenim sposobnostima. Tako\u0111er je dobar izbor za ku\u0107nu za\u0161titu i cosplay.<\/p>\n<hr>\n<p>Ovdje je na\u0161a trgovina takti\u010dkih za\u0161titnih kaciga za 15% popusta na Allegro platformu.<\/p>\n<p>Ako \u017eelite kupiti na\u0161e proizvode ili imate bilo kakva pitanja o na\u0161im proizvodima, (<a href=\"http:\/\/tyditiao.com\/en\/contact\/\">kontaktirajte nas<\/a>) odmah, odgovorit \u0107emo vam u roku 1 radni dan. Ako \u017eelite naru\u010diti vi\u0161e od 5 pancirnih kaciga u isto vrijeme, dobit \u0107ete dodatni popust;<\/p>\n<p>&nbsp;<\/p>\n","protected":false},"excerpt":{"rendered":"<p>Dobra otpornost na metke: NIJ razina IIIA, savr\u0161ena za\u0161tita glave.<\/p>\n<p>Udobno za no\u0161enje: sjedalo Zorbium Foam Impact ima vodootpornu podstavu i antibakterijski premaz koji odvodi vlagu kako biste bili hladni i suhi dok ga nosite.<\/p>\n<p>LAGANO PRILAGO\u0110AVANJE: Lagani vojni sustav za pri\u010dvr\u0161\u0107ivanje kacige CAM FIT s BOA sustavom zatvaranja omogu\u0107uje brzo i jednostavno pode\u0161avanje jednom rukom i precizno pristajanje.<\/p>\n<p>DOBRA KVALITETA: Wendy&#8217;s Tactical Military Protective Helmet NIJ IIIA izra\u0111ena je od vrlo izdr\u017eljivog DuPont Kevlar Aramidnog vlakna, otpornog na toplinu i ne\u0107e se deformirati<\/p>\n<p>Dobra rastezljivost: Sustav za pri\u010dvr\u0161\u0107ivanje tra\u010dnica 2.0 kompatibilan je sa svim pri\u010dvr\u0161\u0107iva\u010dima EXFIL Rail 2.0. Dvostrane \u0161ine za montiranje gimbala i \u010deoni gimbal se lako postavljaju i konfiguriraju, slu\u0161alice, svjetla za oru\u017eje, kamere, stroboskopska svjetla, ure\u0111aji za no\u0107no gledanje, GoPro kamere i NVG nao\u010dale.<\/p>\n","protected":false},"featured_media":10531,"comment_status":"closed","ping_status":"closed","template":"","meta":[],"product_brand":[],"product_cat":[638,637],"product_tag":[],"woo-feed-brand":[50],"class_list":{"0":"post-14145","1":"product","2":"type-product","3":"status-publish","4":"has-post-thumbnail","6":"product_cat-kaciga-otporna-na-metke","7":"product_cat-wendy-hr","8":"woo-feed-brand-tyditiao","10":"first","11":"instock","12":"sale","13":"shipping-taxable","14":"purchasable","15":"product-type-simple"},"_links":{"self":[{"href":"https:\/\/tyditiao.com\/hr\/wp-json\/wp\/v2\/product\/14145","targetHints":{"allow":["GET"]}}],"collection":[{"href":"https:\/\/tyditiao.com\/hr\/wp-json\/wp\/v2\/product"}],"about":[{"href":"https:\/\/tyditiao.com\/hr\/wp-json\/wp\/v2\/types\/product"}],"replies":[{"embeddable":true,"href":"https:\/\/tyditiao.com\/hr\/wp-json\/wp\/v2\/comments?post=14145"}],"wp:featuredmedia":[{"embeddable":true,"href":"https:\/\/tyditiao.com\/hr\/wp-json\/wp\/v2\/media\/10531"}],"wp:attachment":[{"href":"https:\/\/tyditiao.com\/hr\/wp-json\/wp\/v2\/media?parent=14145"}],"wp:term":[{"taxonomy":"product_brand","embeddable":true,"href":"https:\/\/tyditiao.com\/hr\/wp-json\/wp\/v2\/product_brand?post=14145"},{"taxonomy":"product_cat","embeddable":true,"href":"https:\/\/tyditiao.com\/hr\/wp-json\/wp\/v2\/product_cat?post=14145"},{"taxonomy":"product_tag","embeddable":true,"href":"https:\/\/tyditiao.com\/hr\/wp-json\/wp\/v2\/product_tag?post=14145"},{"taxonomy":"woo-feed-brand","embeddable":true,"href":"https:\/\/tyditiao.com\/hr\/wp-json\/wp\/v2\/woo-feed-brand?post=14145"}],"curies":[{"name":"wp","href":"https:\/\/api.w.org\/{rel}","templated":true}]}}