{"id":14164,"date":"2022-06-13T04:36:04","date_gmt":"2022-06-13T02:36:04","guid":{"rendered":"http:\/\/tyditiao.com\/product\/vojna-kaciga-pancir-klase-iiia-wendyna-vojna-takticka-kaciga-svijetlosmeda\/"},"modified":"2025-03-17T11:54:29","modified_gmt":"2025-03-17T09:54:29","slug":"wendys-neprobojna-kaciga-kevlar-kaciga-takticka-svijetlo-smeda","status":"publish","type":"product","link":"https:\/\/tyditiao.com\/hr\/proizvod\/wendys-neprobojna-kaciga-kevlar-kaciga-takticka-svijetlo-smeda\/","title":{"rendered":"Vojna kaciga, pancir klase IIIA, Wendyna vojna takti\u010dka kaciga, svijetlosme\u0111a"},"content":{"rendered":"<p>Wendy vojna takti\u010dka IIIA balisti\u010dka kaciga je dizajnirana da bude super lagana i vrlo udobna za no\u0161enje. Brzo i jednostavno pode\u0161avanje jednom rukom osigurava precizno pristajanje. Tako\u0111er je opremljena visokokvalitetnim jastu\u010di\u0107ima za upijanje energije, koji mogu u\u010dinkovito apsorbirati silu udarca, smanjiti deformaciju tijela kacige nakon pogotka metka i smanjiti stopu ozljeda i te\u017einu korisnika. Vojna takti\u010dka kaciga Wendy opremljena je univerzalnim nosa\u010dima za monta\u017eu i naslonom za glavu, \u0161to Wendy daje ve\u0107e mogu\u0107nosti. U usporedbi s MICH neprobojnom kacigom, manja te\u017eina zna\u010di da ne treba dodatno optere\u0107ivati glavu, ve\u0107 se mo\u017ee koristiti za no\u0161enje modernije opreme, koja je prikladnija za razmjenu informacija izme\u0111u timova.<\/p>\n<hr \/>\n<p><strong>Klasa obrane:<\/strong><\/p>\n<p>Ova neprobojna kaciga je NIJ Level IIIA neprobojna kaciga prema standardu NIJ 0101.06, a mogu\u0107e je dostaviti odgovaraju\u0107e izvje\u0161\u0107e o ispitivanju.<\/p>\n<hr \/>\n<p><strong>Parametri obrambenog projektila:<\/strong><\/p>\n<p>.44 Mag SJHP<br \/>\n.357 SIG FMJ FN<br \/>\n9 mm FMJ RN<br \/>\n.357 Mag JSP<br \/>\n.40 S&amp;W FMJ<\/p>\n<p>Tako\u0111er pru\u017ea za\u0161titu od ve\u0107ine prijetnji pi\u0161toljem kao i prijetnji klase IIA i II<\/p>\n<hr \/>\n<p><strong>Parametri kacige otporne na metke:<\/strong><br \/>\nNaziv: NIJ lllA WENDY kaciga otporna na metke<\/p>\n<p>Materijal: Kevlar-DuPont aramidna vlakna visoke \u010dvrsto\u0107e<\/p>\n<p>Opseg glave: 52-60 cm<\/p>\n<p>Podstava: udarni jastu\u010di\u0107i od zorbijeve pjene odr\u017eavaju vas hladnim i suhim s vodootpornom, udobnom podstavom i antibakterijskim premazom koji odvaja znoj. Pru\u017ea manje od polovice sile potrebne za ponavljaju\u0107e udarce u svim uvjetima okoline. Kaciga standardno dolazi s tri dodatna udarna jastu\u010di\u0107a i osam podesivih jastu\u010di\u0107a koji se mogu fleksibilno postaviti prema zahtjevima korisnika za optimalno pristajanje i udobnost.<\/p>\n<p>Dodatna oprema: maske za kisik na napuhavanje, \u0161titnici za lice, bo\u010dni \u0161titovi, oklopni bo\u010dni \u0161titovi, za\u0161titni \u0161titovi, \u0161titnici za kacige, maske otporne na metke itd.<\/p>\n<p>Boja kacige: Svijetlo sme\u0111a<br \/>\nMICH je kaciga koja zaustavlja metke iz pi\u0161tolja i pru\u017ea pouzdanu za\u0161titu od krhotina i krhotina koje padaju.<br \/>\n\u0107e smanjiti za\u0161titu.<\/p>\n<hr \/>\n<p><strong>&#8220;Za ljude:<\/strong><br \/>\nBalisti\u010dka kaciga NIJ lllA Kevlar WENDY nosi s prijetnjama pi\u0161toljem i \u0161rapnelima s ja\u010dim priklju\u010dcima koji su lak\u0161i i udobniji za no\u0161enje. Ova kaciga je prikladna za sve tipove korisnika. Osoblje agencija poput vojske, policije, SWAT-a, unutarnje sigurnosti, carine i grani\u010dne stra\u017ee mo\u017ee biti opremljeno pobolj\u0161anim borbenim sposobnostima. Tako\u0111er je dobar izbor za ku\u0107nu za\u0161titu i cosplay.<\/p>\n<hr \/>\n<p>Ako imate bilo kakvih pitanja o na\u0161im proizvodima prije nego \u0161to budete spremni kupiti na\u0161e proizvode,<\/p>\n<p>Molimo (<a href=\"http:\/\/tyditiao.com\/en\/contact\/\">kontaktirajte nas<\/a>) odmah i mi \u0107emo vam odgovoriti u roku od 1 radnog dana. Ako \u017eelite naru\u010diti vi\u0161e od 5 pancirnih kaciga u isto vrijeme, dobit \u0107ete dodatni popust;<\/p>\n","protected":false},"excerpt":{"rendered":"<p>Dobra otpornost na metke: NIJ razina IIIA, savr\u0161ena za\u0161tita glave.<\/p>\n<p>Dobra kvaliteta: Vojna takti\u010dka kaciga Wendy izra\u0111ena je od izdr\u017eljivog Dupont Kevlar aramidnog vlakna, koje je otporno na toplinu i nije ga lako deformirati.<\/p>\n<p>LAGANO PRILAGO\u0110AVANJE: Lagani vojni sustav za pri\u010dvr\u0161\u0107ivanje kacige CAM FIT s BOA sustavom zatvaranja omogu\u0107uje brzo i jednostavno pode\u0161avanje jednom rukom i precizno pristajanje.<\/p>\n<p>Udobno za no\u0161enje: sjedalo Zorbium Foam Impact ima vodootpornu podstavu i antibakterijski premaz koji odvodi vlagu kako biste bili hladni i suhi dok ga nosite.<\/p>\n<p>Pro\u0161irenje: Rail 2.0 Fastening System je kompatibilan sa svim EXFIL Rail 2.0 Fasteners. Dvostrane \u0161ine za montiranje gimbala i \u010deoni gimbal se lako postavljaju i konfiguriraju, slu\u0161alice, svjetla za oru\u017eje, kamere, stroboskopska svjetla, ure\u0111aji za no\u0107no gledanje, GoPro kamere i NVG nao\u010dale.<\/p>\n","protected":false},"featured_media":10759,"comment_status":"closed","ping_status":"closed","template":"","meta":[],"product_brand":[],"product_cat":[638,637],"product_tag":[],"woo-feed-brand":[50],"class_list":{"0":"post-14164","1":"product","2":"type-product","3":"status-publish","4":"has-post-thumbnail","6":"product_cat-kaciga-otporna-na-metke","7":"product_cat-wendy-hr","8":"woo-feed-brand-tyditiao","10":"first","11":"instock","12":"sale","13":"shipping-taxable","14":"purchasable","15":"product-type-simple"},"_links":{"self":[{"href":"https:\/\/tyditiao.com\/hr\/wp-json\/wp\/v2\/product\/14164","targetHints":{"allow":["GET"]}}],"collection":[{"href":"https:\/\/tyditiao.com\/hr\/wp-json\/wp\/v2\/product"}],"about":[{"href":"https:\/\/tyditiao.com\/hr\/wp-json\/wp\/v2\/types\/product"}],"replies":[{"embeddable":true,"href":"https:\/\/tyditiao.com\/hr\/wp-json\/wp\/v2\/comments?post=14164"}],"wp:featuredmedia":[{"embeddable":true,"href":"https:\/\/tyditiao.com\/hr\/wp-json\/wp\/v2\/media\/10759"}],"wp:attachment":[{"href":"https:\/\/tyditiao.com\/hr\/wp-json\/wp\/v2\/media?parent=14164"}],"wp:term":[{"taxonomy":"product_brand","embeddable":true,"href":"https:\/\/tyditiao.com\/hr\/wp-json\/wp\/v2\/product_brand?post=14164"},{"taxonomy":"product_cat","embeddable":true,"href":"https:\/\/tyditiao.com\/hr\/wp-json\/wp\/v2\/product_cat?post=14164"},{"taxonomy":"product_tag","embeddable":true,"href":"https:\/\/tyditiao.com\/hr\/wp-json\/wp\/v2\/product_tag?post=14164"},{"taxonomy":"woo-feed-brand","embeddable":true,"href":"https:\/\/tyditiao.com\/hr\/wp-json\/wp\/v2\/woo-feed-brand?post=14164"}],"curies":[{"name":"wp","href":"https:\/\/api.w.org\/{rel}","templated":true}]}}