{"id":14183,"date":"2022-06-13T04:32:01","date_gmt":"2022-06-13T02:32:01","guid":{"rendered":"http:\/\/tyditiao.com\/product\/nova-kevlar-kaciga-vojna-kaciga-klase-iiia-vojna-borbena-kaciga-team-wendy-zelena\/"},"modified":"2025-03-17T11:54:17","modified_gmt":"2025-03-17T09:54:17","slug":"wendys-neprobojna-kaciga-kevlar-kaciga-takticko-zelena","status":"publish","type":"product","link":"https:\/\/tyditiao.com\/hr\/proizvod\/wendys-neprobojna-kaciga-kevlar-kaciga-takticko-zelena\/","title":{"rendered":"Nova kevlar kaciga, vojna kaciga klase IIIA, vojna borbena kaciga Team Wendy, zelena"},"content":{"rendered":"<p>Laka vojni\u010dka kaciga Wendyna kaciga dizajnirana je da bude super lagana i vrlo udobna za no\u0161enje. Tako\u0111er je opremljena visokokvalitetnim umetcima koji apsorbiraju energiju, koji mogu u\u010dinkovito apsorbirati silu udarca, smanjiti deformaciju tijela kacige kada metak pogodi kacigu i smanjiti stopu i stupanj ozljeda korisnika. Dvostrani s univerzalnim nosa\u010dima za monta\u017eu ure\u0111aja i kardanskim nosa\u010dem na \u010delu, \u0161to Wendy omogu\u0107uje stvaranje vi\u0161e mogu\u0107nosti.<\/p>\n<hr \/>\n<p><strong>Klasa obrane:<\/strong><\/p>\n<p>Ova neprobojna kaciga je NIJ Level IIIA neprobojna kaciga prema standardu NIJ 0101.06, a mogu\u0107e je dostaviti odgovaraju\u0107e izvje\u0161\u0107e o ispitivanju.<\/p>\n<hr \/>\n<p><strong>Parametri obrambenog projektila:<\/strong><\/p>\n<p>.44 Mag SJHP<br \/>\n.357 SIG FMJ FN<br \/>\n9 mm FMJ RN<br \/>\n.357 Mag JSP<br \/>\n.40 S&amp;W FMJ<\/p>\n<p>Tako\u0111er pru\u017ea za\u0161titu od ve\u0107ine prijetnji pi\u0161toljem kao i prijetnji klase IIA i II<\/p>\n<hr \/>\n<p><strong>Parametri kacige otporne na metke:<\/strong><br \/>\nNaziv: NIJ lllA WENDY kaciga otporna na metke<\/p>\n<p>Materijal: Kevlar-DuPont aramidna vlakna visoke \u010dvrsto\u0107e<br \/>\nOpseg glave: 52-60 cm<\/p>\n<p>Podstava: jastu\u010di\u0107i od zorbijeve pjene odr\u017eavaju vas hladnim i suhim s vodootpornom, udobnom podstavom i antibakterijskom navlakom koja odvaja znoj. Pru\u017ea manje od polovice sile potrebne za ponavljaju\u0107e udarce u svim uvjetima okoline. Podloga za mi\u0161 standardno dolazi s tri podloge otporne na udarce i osam podesivih podloga za optimalno pristajanje i udobnost.<\/p>\n<p>Dodatna oprema: maske za kisik na napuhavanje, \u0161titnici za lice, bo\u010dni \u0161titovi, oklopni bo\u010dni \u0161titovi, \u0161titovi, \u0161titnici za kacige, maske otporne na metke itd.<br \/>\nBoja kacige: zelena<br \/>\nMICH je kaciga koja zaustavlja metke iz pi\u0161tolja i pru\u017ea pouzdanu za\u0161titu od krhotina i krhotina koje padaju.<br \/>\n\u0107e smanjiti za\u0161titu.<\/p>\n<hr \/>\n<p><strong>&#8220;Za ljude:<\/strong><br \/>\nNIJ lllA Kevlar WENDY balisti\u010dka kaciga nosi s prijetnjama pi\u0161toljem i \u0161rapnelima s ja\u010dim priklju\u010dcima koji su lak\u0161i i udobniji za no\u0161enje. Ova kaciga je prikladna za sve tipove korisnika. Osoblje agencija kao \u0161to su vojska, policija, SWAT, unutarnja sigurnost, carina i grani\u010dna stra\u017ea mogu biti opremljeni pobolj\u0161anim borbenim sposobnostima. Tako\u0111er je dobar izbor za ku\u0107nu za\u0161titu i cosplay.<\/p>\n<hr \/>\n<p>Ako \u017eelite kupiti na\u0161e proizvode ili imate pitanja o na\u0161im proizvodima;<br \/>\nAko imate bilo kakve potrebe za prilagodbom;<br \/>\nMolimo (<a href=\"http:\/\/tyditiao.com\/en\/contact\/\">kontaktirajte nas<\/a>) odmah, odgovorit \u0107emo vam u roku od 1 radnog dana<\/p>\n","protected":false},"excerpt":{"rendered":"<p>Dobra kvaliteta: tehni\u010dka vojna kaciga izra\u0111ena je od DuPont Kevlar Aramid vlakana visoke \u010dvrsto\u0107e, koja su otporna na toplinu i nije ih lako deformirati<\/p>\n<p>Dobre balisti\u010dke performanse: NIJ razina IIIA<\/p>\n<p>Udoban za no\u0161enje: Jastuk Zorbium Foam Impact ima vodootpornu podstavu i antimikrobni premaz koji odvodi vlagu kako biste bili hladni i suhi.<\/p>\n<p>LAGANO PRILAGO\u0110AVANJE: Lagana vojna kaciga CAM FIT sustav za montiranje s BOA sustavom zatvaranja za sigurno pode\u0161avanje jednom rukom za precizno pristajanje.<\/p>\n<p>PRO\u0160IRIV: Rail 2.0 Fastening System je kompatibilan sa svim EXFIL Rail 2.0 spojnicama. Dvostrana monta\u017ena tra\u010dnica kardana i nosa\u010d kardana na \u010delu omogu\u0107uju Wendy stvaranje vi\u0161e mogu\u0107nosti.<\/p>\n","protected":false},"featured_media":10626,"comment_status":"open","ping_status":"closed","template":"","meta":[],"product_brand":[],"product_cat":[638,637],"product_tag":[],"woo-feed-brand":[50],"class_list":{"0":"post-14183","1":"product","2":"type-product","3":"status-publish","4":"has-post-thumbnail","6":"product_cat-kaciga-otporna-na-metke","7":"product_cat-wendy-hr","8":"woo-feed-brand-tyditiao","10":"first","11":"instock","12":"sale","13":"shipping-taxable","14":"purchasable","15":"product-type-simple"},"_links":{"self":[{"href":"https:\/\/tyditiao.com\/hr\/wp-json\/wp\/v2\/product\/14183","targetHints":{"allow":["GET"]}}],"collection":[{"href":"https:\/\/tyditiao.com\/hr\/wp-json\/wp\/v2\/product"}],"about":[{"href":"https:\/\/tyditiao.com\/hr\/wp-json\/wp\/v2\/types\/product"}],"replies":[{"embeddable":true,"href":"https:\/\/tyditiao.com\/hr\/wp-json\/wp\/v2\/comments?post=14183"}],"wp:featuredmedia":[{"embeddable":true,"href":"https:\/\/tyditiao.com\/hr\/wp-json\/wp\/v2\/media\/10626"}],"wp:attachment":[{"href":"https:\/\/tyditiao.com\/hr\/wp-json\/wp\/v2\/media?parent=14183"}],"wp:term":[{"taxonomy":"product_brand","embeddable":true,"href":"https:\/\/tyditiao.com\/hr\/wp-json\/wp\/v2\/product_brand?post=14183"},{"taxonomy":"product_cat","embeddable":true,"href":"https:\/\/tyditiao.com\/hr\/wp-json\/wp\/v2\/product_cat?post=14183"},{"taxonomy":"product_tag","embeddable":true,"href":"https:\/\/tyditiao.com\/hr\/wp-json\/wp\/v2\/product_tag?post=14183"},{"taxonomy":"woo-feed-brand","embeddable":true,"href":"https:\/\/tyditiao.com\/hr\/wp-json\/wp\/v2\/woo-feed-brand?post=14183"}],"curies":[{"name":"wp","href":"https:\/\/api.w.org\/{rel}","templated":true}]}}