{"id":14202,"date":"2022-06-13T04:11:33","date_gmt":"2023-05-23T01:52:18","guid":{"rendered":"http:\/\/tyditiao.com\/product\/poljska-vojna-kaciga-takticka-kevlarska-kaciga-klase-iiia-energetska-kaciga-s-brzom-maskom-crna\/"},"modified":"2023-05-23T03:52:18","modified_gmt":"2023-05-23T01:52:18","slug":"brza-neprobojna-kacila-takticka-kevlar-nijiiia-crna","status":"publish","type":"product","link":"https:\/\/tyditiao.com\/hr\/proizvod\/brza-neprobojna-kacila-takticka-kevlar-nijiiia-crna\/","title":{"rendered":"Poljska vojna kaciga, takti\u010dka kevlarska kaciga klase IIIA, energetska kaciga s brzom maskom, crna"},"content":{"rendered":"<p><strong>Klasa obrane:<\/strong><\/p>\n<p>Ova neprobojna kaciga je NIJ Level IIIA neprobojna kaciga prema standardu NIJ 0101.06, a mogu\u0107e je dostaviti odgovaraju\u0107e izvje\u0161\u0107e o ispitivanju.<\/p>\n<hr>\n<p><strong>Parametri obrambenog projektila:<\/strong><\/p>\n<p>.44 Mag SJHP<br \/>\n.357 SIG FMJ FN<br \/>\n9 mm FMJ RN<br \/>\n.357 Mag JSP<br \/>\n.40 S&amp;W FMJ<\/p>\n<p>Tako\u0111er pru\u017ea za\u0161titu od ve\u0107ine prijetnji pi\u0161toljem kao i prijetnji klase IIA i II<\/p>\n<hr>\n<p><strong>Parametri kacige otporne na metke:<\/strong><br \/>\nNaziv: NIJ lllA FAST neprobojna kaciga<\/p>\n<p>Materijal: Kevlar-DuPont aramidna vlakna visoke \u010dvrsto\u0107e<br \/>\nOpseg glave: 52-64 cm<br \/>\nDodatna oprema: maska otporna na metke, itd.<br \/>\nBoja kacige: crna<br \/>\nMICH je kaciga koja zaustavlja metke iz pi\u0161tolja i pru\u017ea pouzdanu za\u0161titu od krhotina i krhotina koje padaju.<br \/>\n\u0107e smanjiti za\u0161titu.<\/p>\n<hr>\n<p><strong>&#8220;Za ljude:<\/strong><br \/>\nNIJ lllA Kevlar FAST balisti\u010dka kaciga dizajnirana je da se nosi s prijetnjom oru\u017eja i \u0161rapnela, s ja\u010dim dodacima za lak\u0161e i udobnije pristajanje. Ova kaciga je prikladna za sve tipove korisnika. Osoblje agencija poput vojske, policije, SWAT-a, unutarnje sigurnosti, carine i grani\u010dne stra\u017ee mo\u017ee biti opremljeno pobolj\u0161anim borbenim sposobnostima. Tako\u0111er je dobar izbor za ku\u0107nu za\u0161titu i cosplay.<\/p>\n<hr>\n<p><strong>\u0160to je FAST balisti\u010dka kaciga?<\/strong><\/p>\n<p>FAST kaciga otporna na metke (engleski: Future Assault Shell Technology Helmet, dalje u tekstu: FAST) Future Assault Shell Technology Helmet je borbena kaciga koju su razvili Istra\u017eiva\u010dki institut ameri\u010dke vojske i Centar za istra\u017eivanje, razvoj i in\u017eenjering ameri\u010dke vojske Natick. Kaciga je dizajnirana za pru\u017eanje udobnosti za operatere specijalnih operacija dok pru\u017ea osnovnu balisti\u010dku za\u0161titu. Kaciga FAST prvi je put prikazana javnosti na SHOT SHOW-u 2009. godine, a ubrzo su je usvojile ameri\u010dke specijalne snage koje djeluju u Afganistanu. FAST takti\u010dke balisti\u010dke kacige sada se na\u0161iroko koriste u specijalnim snagama i specijalnim policijskim snagama u raznim zemljama. Osim toga, takti\u010dka kaciga FAST sada je standardna borbena kaciga za norve\u0161ke oru\u017eane snage.<\/p>\n<hr>\n<p><strong>Zna\u010dajke FAST kacige od kevlara:<\/strong><\/p>\n<p>U usporedbi s normalnim vojnim kacigama, FAST kaciga je 25% lak\u0161a. Sa sustavom ovjesa kacige, korisnici mogu jednostavno prilagoditi pristajanje ili \u010dvrsto\u0107u kacige za optimalnu udobnost. FAST kacige opremljene su ARC tra\u010dnicama s lijeve i desne strane za monta\u017eu opreme kao \u0161to su svjetiljke, slu\u0161alice za suzbijanje buke i komunikacijska oprema, kao i oprema za no\u0107no gledanje ili video oprema koja se mo\u017ee montirati na sredi\u0161te kacige putem adaptera za monta\u017eu, \u0161to je posebna borba, koja mo\u017ee dodati ve\u0107u takti\u010dku prednost. Vrag filc pri\u010dvr\u0161\u0107en na kacigu omogu\u0107uje korisnicima da pri\u010dvrste zastavu svoje zemlje, vojsku ili instituciju, kao i odgovaraju\u0107e identifikacijske pe\u010date poput pozivnih znakova i krvnih grupa. Osim toga, zbog modularnog dizajna, civilnu verziju kacige FAST bez funkcije otpornosti na metke ne koriste samo vojska i policija, ve\u0107 je rado prihva\u0107aju i sporta\u0161i na otvorenom, novinari, spasioci i drugi radnici na terenu.<\/p>\n<hr>\n<p><strong>Je li takti\u010dka balisti\u010dka kaciga FAST odli\u010dna za\u0161tita i za\u0161to je toliko popularna?<\/strong><\/p>\n<p>Dva su razloga: prvo, napredak tehnologije doveo je do sve vi\u0161e tehni\u010dke opreme za pojedine vojnike, \u0161to zahtijeva platformu za punjenje tehni\u010dkih dodataka, koja se mora \u017ertvovati nau\u0161trb za\u0161tite;<br \/>\nDrugo, korisnici FAST-a uglavnom su specijalne postrojbe, a na borbenoj udaljenosti specijalne postrojbe jednostavno odustaju od neke za\u0161tite, prenosivost i tehni\u010dka oprema na platformi pretvaraju se u stope pre\u017eivljavanja, pa \u010dak iu prakti\u010dnim primjenama, obi\u010dno samo u slu\u010daju brzih kaciga, postoje Nema elemenata na mnogim jedinicama, samo radi prenosivosti.<\/p>\n<p>FAST se ne temelji na strogoj za\u0161titi Bez dvostranih \u0161titnika za u\u0161i nisu dovoljni Uglavnom za udobnost osoblja koje nosi slu\u0161alice i dodatnu opremu Lagane takti\u010dke kacige djelomi\u010dno odustaju od za\u0161tite donose ve\u0107e prednosti u borbi.<\/p>\n<p>FAST kacige na\u0161iroko se koriste u mnogim zemljama, a mnoge zemlje imaju dizajn kaciga vrlo sli\u010dan ameri\u010dkim FAST kacigama, poput Rusije, Francuske i Ujedinjenog Kraljevstva, kacige su dizajnirane da budu u skladu s FAST kacigama, iako \u0107e se vremenom razvijati. Broj ovih kaciga se tako\u0111er mijenja, ali jo\u0161 uvijek izgleda sli\u010dno FAST kacigi, iz o\u010diglednih razloga, ova kaciga mo\u017ee u\u010dinkovito za\u0161tititi glavu i maksimizirati \u017eivot vojnika.<\/p>\n<hr>\n<p><strong>BRZA cijena kacige od kevlara?<\/strong><\/p>\n<p>Kupujte izravno s na\u0161e web stranice i u\u0161tedite 15% na redovnoj cijeni<\/p>\n<hr>\n<p>Ako \u017eelite kupiti na\u0161e proizvode ili imate pitanja o na\u0161im proizvodima;<br \/>\nAko imate bilo kakve potrebe za prilagodbom;<br \/>\nMolimo (<a href=\"http:\/\/tyditiao.com\/en\/contact\/\">kontaktirajte nas<\/a>) odmah, mi \u0107emo vam odgovoriti u roku od 1 radnog dana<\/p>\n<p>&nbsp;<\/p>\n<p>&nbsp;<\/p>\n","protected":false},"excerpt":{"rendered":"<p>Izra\u0111eno od DuPont Kevlar Aramid vlakana visoke \u010dvrsto\u0107e, otporno na toplinu i nije ga lako deformirati<\/p>\n<p>NIJ Razina IIIA<\/p>\n<p>Sustav za pode\u0161avanje opsega glave omogu\u0107uje vam pode\u0161avanje opsega glave pritiskom na tipku kako biste postigli idealno pristajanje kacige<\/p>\n<p>\u010celo je oja\u010dano elasti\u010dnim trakama sa strane hobotnice (donji dio stalka za no\u0107no gledanje) za pri\u010dvr\u0161\u0107ivanje ogledala, kamera, nao\u010dala za no\u0107no gledanje i drugih ure\u0111aja<\/p>\n<p>Opremljen tra\u010dnicama, mo\u0107nijom monta\u017eom dodataka, mo\u017ee biti opremljen jakim svjetlosnim sustavom i identifikacijskim svjetlima, tako\u0111er mo\u017ee biti opremljen za\u0161titom za sluh<\/p>\n","protected":false},"featured_media":10322,"comment_status":"closed","ping_status":"closed","template":"","meta":[],"product_brand":[],"product_cat":[811,638],"product_tag":[],"woo-feed-brand":[50],"class_list":{"0":"post-14202","1":"product","2":"type-product","3":"status-publish","4":"has-post-thumbnail","6":"product_cat-brzo","7":"product_cat-kaciga-otporna-na-metke","8":"woo-feed-brand-tyditiao","10":"first","11":"instock","12":"sale","13":"shipping-taxable","14":"purchasable","15":"product-type-simple"},"_links":{"self":[{"href":"https:\/\/tyditiao.com\/hr\/wp-json\/wp\/v2\/product\/14202","targetHints":{"allow":["GET"]}}],"collection":[{"href":"https:\/\/tyditiao.com\/hr\/wp-json\/wp\/v2\/product"}],"about":[{"href":"https:\/\/tyditiao.com\/hr\/wp-json\/wp\/v2\/types\/product"}],"replies":[{"embeddable":true,"href":"https:\/\/tyditiao.com\/hr\/wp-json\/wp\/v2\/comments?post=14202"}],"wp:featuredmedia":[{"embeddable":true,"href":"https:\/\/tyditiao.com\/hr\/wp-json\/wp\/v2\/media\/10322"}],"wp:attachment":[{"href":"https:\/\/tyditiao.com\/hr\/wp-json\/wp\/v2\/media?parent=14202"}],"wp:term":[{"taxonomy":"product_brand","embeddable":true,"href":"https:\/\/tyditiao.com\/hr\/wp-json\/wp\/v2\/product_brand?post=14202"},{"taxonomy":"product_cat","embeddable":true,"href":"https:\/\/tyditiao.com\/hr\/wp-json\/wp\/v2\/product_cat?post=14202"},{"taxonomy":"product_tag","embeddable":true,"href":"https:\/\/tyditiao.com\/hr\/wp-json\/wp\/v2\/product_tag?post=14202"},{"taxonomy":"woo-feed-brand","embeddable":true,"href":"https:\/\/tyditiao.com\/hr\/wp-json\/wp\/v2\/woo-feed-brand?post=14202"}],"curies":[{"name":"wp","href":"https:\/\/api.w.org\/{rel}","templated":true}]}}