{"id":14221,"date":"2022-06-13T04:08:57","date_gmt":"2022-06-13T02:08:57","guid":{"rendered":"http:\/\/tyditiao.com\/product\/vojnicka-kaciga-takticka-kaciga-od-aramidnih-vlakana-klase-iiia-brza-kaciga-od-kevlara-svijetlosmeda\/"},"modified":"2025-03-17T11:57:36","modified_gmt":"2025-03-17T09:57:36","slug":"brza-neprobojna-kaciga-takticka-kevlar-nijiiia-svijetlo-smeda","status":"publish","type":"product","link":"https:\/\/tyditiao.com\/hr\/proizvod\/brza-neprobojna-kaciga-takticka-kevlar-nijiiia-svijetlo-smeda\/","title":{"rendered":"Vojni\u010dka kaciga, takti\u010dka kaciga od aramidnih vlakana klase IIIA, brza kaciga od kevlara, svijetlosme\u0111a"},"content":{"rendered":"<p><strong>Klasa obrane:<\/strong><\/p>\n<p>Ova neprobojna kaciga je NIJ Level IIIA neprobojna kaciga prema standardu NIJ 0101.06, a mogu\u0107e je dostaviti odgovaraju\u0107e izvje\u0161\u0107e o ispitivanju.<\/p>\n<hr \/>\n<p><strong>Parametri obrambenog projektila:<\/strong><\/p>\n<p>.44 Mag SJHP<br \/>\n.357 SIG FMJ FN<br \/>\n9 mm FMJ RN<br \/>\n.357 Mag JSP<br \/>\n.40 S&amp;W FMJ<\/p>\n<p>Tako\u0111er pru\u017ea za\u0161titu od ve\u0107ine prijetnji pi\u0161toljem kao i prijetnji klase IIA i II<\/p>\n<hr \/>\n<p><strong>Parametri kacige otporne na metke:<\/strong><\/p>\n<p>Naziv: NIJ lllA FAST neprobojna kaciga<\/p>\n<p>Materijal: Kevlar-DuPont aramidna vlakna visoke \u010dvrsto\u0107e<br \/>\nOpseg glave: 52-64 cm<br \/>\nDodatna oprema: maska otporna na metke, itd.<br \/>\nBoja kacige: Svijetlo sme\u0111a<\/p>\n<p>Kaciga otporna na metke sastoji se od \u0161koljke kacige (uklju\u010duju\u0107i za\u0161titu od zrna) i sustava odbojnika (uklju\u010duju\u0107i traku za glavu, odbojni sloj, remen za bradu, karike lanca itd.). Udoban i stabilan za no\u0161enje;<\/p>\n<p>Vanjska povr\u0161ina \u0161koljke kacige je ujedna\u010dena i glatka, bez kontaminacije stranim tvarima, mjehuri\u0107a, lju\u0161tenja i drugih nedostataka.<\/p>\n<p>Zapaljivost \u0161koljke kacige: kontinuirano vrijeme gorenja na povr\u0161ini od 5S;<\/p>\n<p>Sila ure\u0111aja za remen za bradu: brzina bijega u slu\u010daju nu\u017ede od 500N, otpu\u0161tanje kada je vanjska sila 1000N;<\/p>\n<p>Vodootporan: kaciga otporna na metke ne\u0107e puknuti, nastati mjehuri ili se raslojiti na povr\u0161ini \u0161koljke kacige kada je uronjena u vodu 24 sata na sobnoj temperaturi. Nijedan dio jastuka ovjesa nije se odvojio nakon dva uspje\u0161na hica<\/p>\n<p>MICH je kaciga koja zaustavlja metke iz pi\u0161tolja i pru\u017ea pouzdanu za\u0161titu od krhotina i krhotina koje padaju.<br \/>\n\u0107e smanjiti za\u0161titu.<\/p>\n<hr \/>\n<p><strong>&#8220;Za ljude:<\/strong><\/p>\n<p>NIJ lllA Kevlar FAST balisti\u010dka kaciga dizajnirana je da se nosi s prijetnjom oru\u017eja i \u0161rapnela, s ja\u010dim dodacima za lak\u0161e i udobnije pristajanje. Ova kaciga je prikladna za sve tipove korisnika. Osoblje agencija poput vojske, policije, SWAT-a, unutarnje sigurnosti, carine i grani\u010dne stra\u017ee mo\u017ee biti opremljeno pobolj\u0161anim borbenim sposobnostima. Tako\u0111er je dobar izbor za ku\u0107nu za\u0161titu i cosplay.<\/p>\n<hr \/>\n<p><strong>\u0160to je FAST balisti\u010dka kaciga?<\/strong><\/p>\n<p>FAST kaciga otporna na metke (engleski: Future Assault Shell Technology Helmet, dalje u tekstu: FAST) Future Assault Shell Technology Helmet je borbena kaciga koju su razvili Istra\u017eiva\u010dki institut ameri\u010dke vojske i Centar za istra\u017eivanje, razvoj i in\u017eenjering ameri\u010dke vojske Natick. Kaciga je dizajnirana za pru\u017eanje udobnosti za operatere specijalnih operacija dok pru\u017ea osnovnu balisti\u010dku za\u0161titu. Kaciga FAST prvi je put prikazana javnosti na SHOT SHOW-u 2009. godine, a ubrzo su je usvojile ameri\u010dke specijalne snage koje djeluju u Afganistanu. FAST takti\u010dke balisti\u010dke kacige sada se na\u0161iroko koriste u specijalnim snagama i specijalnim policijskim snagama u raznim zemljama. Osim toga, takti\u010dka kaciga FAST sada je standardna borbena kaciga za norve\u0161ke oru\u017eane snage.<\/p>\n<hr \/>\n<p><strong>Zna\u010dajke FAST fiber aramidne takti\u010dke vojni\u010dke kacige:<\/strong><\/p>\n<p>U usporedbi s normalnim vojnim kacigama, FAST kaciga je 25% lak\u0161a. Zahvaljuju\u0107i sustavu ovjesa kacige, korisnici mogu jednostavno prilagoditi pristajanje ili \u010dvrsto\u0107u kacige za optimalnu udobnost. Kaciga FAST opremljena je ARC tra\u010dnicama s lijeve i desne strane za monta\u017eu dodataka kao \u0161to su svjetiljke, slu\u0161alice za suzbijanje buke i komunikacijska oprema, kao i oprema za no\u0107no gledanje ili video snimanje. Adapter se mo\u017ee montirati u sredi\u0161te kacige putem adaptera. Ovo je posebna borba koja mo\u017ee dodati ve\u0107u takti\u010dku prednost. Osim toga, zbog modularnog dizajna, civilnu verziju neotporne kacige FAST ne koriste samo vojska i policija, ve\u0107 je rado prihva\u0107aju i sporta\u0161i na otvorenom i radnici na terenu poput novinara i spasilaca. Osim toga, zbog modularnog dizajna, civilnu verziju neotporne kacige FAST ne koriste samo vojska i policija, ve\u0107 je rado prihva\u0107aju i sporta\u0161i na otvorenom i radnici na terenu poput novinara i spasilaca.<\/p>\n<hr \/>\n<p><strong>Je li FAST fiber aramidna takti\u010dka vojni\u010dka kaciga dobra za\u0161tita, za\u0161to je popularna?<\/strong><\/p>\n<p>Postoje dva razloga: prvo, napredak tehnologije je u\u010dinio da pojedini vojnici imaju sve vi\u0161e i vi\u0161e tehni\u010dke opreme, zahtijevaju\u0107i platformu za utovar tehni\u010dkih dodataka i morali su \u017ertvovati za\u0161titu da bi odabrali;<br \/>\nDrugo, korisnici FAST-a uglavnom su specijalne postrojbe, a specijalne postrojbe jednostavno odustaju od neke za\u0161tite na borbenoj udaljenosti, prenosivost i tehni\u010dka oprema na platformi postaju stopa pre\u017eivljavanja, \u010dak i u prakti\u010dnim primjenama, obi\u010dno samo za brze kacige, nisu elementi vi\u0161e jedinica na njemu, samo za prenosivost.<\/p>\n<p>FAST se ne oslanja na striktnu za\u0161titu Bez u\u0161nih \u010da\u0161ica s obje strane su dovoljni Uglavnom za udobnost osoblja koje nosi slu\u0161alice i dodatnu opremu Lagane takti\u010dke kacige djelomi\u010dno se odri\u010du za\u0161tite donose ve\u0107e prednosti u borbi.<\/p>\n<p>FAST kacige na\u0161iroko se koriste u mnogim zemljama, a mnoge zemlje imaju dizajn kaciga vrlo sli\u010dan ameri\u010dkim FAST kacigama, kao \u0161to su ruske, francuske i britanske kacige dizajnirane prema FAST kacigama, iako \u0107e se vremenom razvijati. Ove se kacige tako\u0111er stalno mijenjaju, ali jo\u0161 uvijek izgledaju vrlo sli\u010dno FAST kacigama, iz o\u010ditih razloga, koje u\u010dinkovito \u0161tite glavu i maksimiziraju \u017eivot vojnika.<\/p>\n<hr \/>\n<p><strong>Cijena takti\u010dke vojni\u010dke kacige od BRZIH vlakana od aramida?<\/strong><\/p>\n<p>Kupujte izravno s na\u0161e web stranice i u\u0161tedite 15% na redovnoj cijeni<\/p>\n<p>Ako \u017eelite kupiti na\u0161e proizvode ili imate bilo kakva pitanja o na\u0161im proizvodima, (<a href=\"http:\/\/tyditiao.com\/en\/contact\/\">kontaktirajte nas<\/a>) odmah, odgovorit \u0107emo vam u roku 1 radni dan. <span style=\"color: #ff0000;\">Ako \u017eelite naru\u010diti vi\u0161e od 5 neprobojnih kaciga u isto vrijeme, dobit \u0107ete dodatni popust;<\/span><\/p>\n","protected":false},"excerpt":{"rendered":"<p>Izra\u0111eno od DuPont Kevlar Aramid vlakana visoke \u010dvrsto\u0107e, otporno na toplinu i nije ga lako deformirati<\/p>\n<p>NIJ Razina IIIA<\/p>\n<p>Sustav za pode\u0161avanje opsega glave omogu\u0107uje vam pode\u0161avanje opsega glave pritiskom na tipku kako biste postigli idealno pristajanje kacige<\/p>\n<p>\u010celo je oja\u010dano elasti\u010dnim trakama sa strane hobotnice (donji dio stalka za no\u0107no gledanje) za pri\u010dvr\u0161\u0107ivanje ogledala, kamera, nao\u010dala za no\u0107no gledanje i drugih ure\u0111aja<\/p>\n<p>Opremljen tra\u010dnicama, mo\u0107nijom monta\u017eom dodataka, mo\u017ee biti opremljen jakim svjetlosnim sustavom i identifikacijskim svjetlima, tako\u0111er mo\u017ee biti opremljen za\u0161titom za sluh<\/p>\n","protected":false},"featured_media":10246,"comment_status":"open","ping_status":"closed","template":"","meta":[],"product_brand":[],"product_cat":[811,638],"product_tag":[],"woo-feed-brand":[50],"class_list":{"0":"post-14221","1":"product","2":"type-product","3":"status-publish","4":"has-post-thumbnail","6":"product_cat-brzo","7":"product_cat-kaciga-otporna-na-metke","8":"woo-feed-brand-tyditiao","10":"first","11":"instock","12":"sale","13":"shipping-taxable","14":"purchasable","15":"product-type-simple"},"_links":{"self":[{"href":"https:\/\/tyditiao.com\/hr\/wp-json\/wp\/v2\/product\/14221","targetHints":{"allow":["GET"]}}],"collection":[{"href":"https:\/\/tyditiao.com\/hr\/wp-json\/wp\/v2\/product"}],"about":[{"href":"https:\/\/tyditiao.com\/hr\/wp-json\/wp\/v2\/types\/product"}],"replies":[{"embeddable":true,"href":"https:\/\/tyditiao.com\/hr\/wp-json\/wp\/v2\/comments?post=14221"}],"wp:featuredmedia":[{"embeddable":true,"href":"https:\/\/tyditiao.com\/hr\/wp-json\/wp\/v2\/media\/10246"}],"wp:attachment":[{"href":"https:\/\/tyditiao.com\/hr\/wp-json\/wp\/v2\/media?parent=14221"}],"wp:term":[{"taxonomy":"product_brand","embeddable":true,"href":"https:\/\/tyditiao.com\/hr\/wp-json\/wp\/v2\/product_brand?post=14221"},{"taxonomy":"product_cat","embeddable":true,"href":"https:\/\/tyditiao.com\/hr\/wp-json\/wp\/v2\/product_cat?post=14221"},{"taxonomy":"product_tag","embeddable":true,"href":"https:\/\/tyditiao.com\/hr\/wp-json\/wp\/v2\/product_tag?post=14221"},{"taxonomy":"woo-feed-brand","embeddable":true,"href":"https:\/\/tyditiao.com\/hr\/wp-json\/wp\/v2\/woo-feed-brand?post=14221"}],"curies":[{"name":"wp","href":"https:\/\/api.w.org\/{rel}","templated":true}]}}