{"id":14259,"date":"2022-06-13T03:55:46","date_gmt":"2023-05-23T03:26:27","guid":{"rendered":"http:\/\/tyditiao.com\/product\/vojna-kaciga-iiia-takticka-balisticka-kaciga-poljska-kaciga-od-kevlara-zelena\/"},"modified":"2026-03-14T23:16:56","modified_gmt":"2026-03-14T21:16:56","slug":"mich2000-neprobojna-kaciga-kevlar-razina-3-zelena","status":"publish","type":"product","link":"https:\/\/tyditiao.com\/hr\/proizvod\/mich2000-neprobojna-kaciga-kevlar-razina-3-zelena\/","title":{"rendered":"Vojna kaciga, IIIA takti\u010dka balisti\u010dka kaciga, poljska kaciga od kevlara, zelena"},"content":{"rendered":"<p><strong>Klasa obrane:<\/strong><\/p>\n<p>Ova neprobojna kaciga je NIJ Level IIIA neprobojna kaciga prema standardu NIJ 0101.06, a mogu\u0107e je dostaviti odgovaraju\u0107e izvje\u0161\u0107e o ispitivanju.<\/p>\n<p>Ovaj proizvod tako\u0111er se kvalificira kao pobolj\u0161ana borbena kaciga (ECH) kada se koristi s gornjom oklopnom plo\u010dom za pravu za\u0161titu od pu\u0161ke<\/p>\n<hr>\n<p><strong>Parametri obrambenog projektila:<\/strong><\/p>\n<p>.44 Mag SJHP<br \/>\n.357 SIG FMJ FN<br \/>\n9 mm FMJ RN<br \/>\n.357 Mag JSP<br \/>\n.40 S&amp;W FMJ<\/p>\n<p>Tako\u0111er pru\u017ea za\u0161titu od ve\u0107ine prijetnji pi\u0161toljem kao i prijetnji klase IIA i II<\/p>\n<hr>\n<p><strong>Parametri kacige otporne na metke:<\/strong><br \/>\nNaziv: NIJ lllA MICH2000 kaciga otporna na metke<\/p>\n<p>Materijal: Kevlar-DuPont aramidna vlakna visoke \u010dvrsto\u0107e<br \/>\nSag nakon lansiranja projektila: &lt;20 mm<br \/>\nOpseg glave: 52-60 cm<br \/>\nPodstava: podstava od pjene koja se mo\u017ee namjestiti i sporo odska\u010de \u010dini kacigu udobnom i sprje\u010dava umor i pregrijavanje.<br \/>\nDodatna oprema: maska otporna na metke, itd.<br \/>\nBoja kacige: zelena<br \/>\nMICH je kaciga koja zaustavlja metke iz pi\u0161tolja i pru\u017ea pouzdanu za\u0161titu od krhotina i krhotina koje padaju.<br \/>\n\u0107e smanjiti za\u0161titu.<\/p>\n<hr>\n<p><strong>&#8220;Za ljude:<\/strong><br \/>\nBalisti\u010dka kaciga NIJ lllA Kevlar MICH2000 nosi se s prijetnjama pi\u0161toljem i \u0161rapnelima s ve\u0107im kapacitetom pri\u010dvr\u0161\u0107ivanja za lak\u0161e i udobnije pristajanje. Ova kaciga je prikladna za sve tipove korisnika. Osoblje agencija poput vojske, policije, SWAT-a, unutarnje sigurnosti, carine i grani\u010dne stra\u017ee mo\u017ee biti opremljeno pobolj\u0161anim borbenim sposobnostima. Tako\u0111er je dobar izbor za ku\u0107nu za\u0161titu i cosplay.<\/p>\n<p>MICH je kaciga koja zaustavlja metke iz pi\u0161tolja i pru\u017ea pouzdanu za\u0161titu od krhotina i krhotina koje padaju. Mich balisti\u010dka kaciga ne samo da pru\u017ea potrebnu sveobuhvatnu za\u0161titu od tupog oru\u017eja, balisti\u010dkih i drugih prijetnji, ve\u0107 je i visoko modularna i udobna. Ovaj proizvod tako\u0111er se kvalificira kao pobolj\u0161ana borbena kaciga (ECH) kada se koristi zajedno s gornjom oklopnom plo\u010dom za pru\u017eanje prave za\u0161tite pu\u0161ci. Niski izrez pru\u017ea bolju pokrivenost s obje strane glave nego nau\u0161ne kacige. Ove kacige tako\u0111er dolaze s u\u0161nim \u010da\u0161icama za smje\u0161taj slu\u0161alica i druge komunikacijske opreme.<\/p>\n<hr>\n<p><strong>\u0160to je popularnije, takti\u010dka balisti\u010dka kaciga MICH2000 ili FAST?<\/strong><br \/>\nMICH2000 ima ve\u0107u za\u0161titnu povr\u0161inu, \u0161to je korisnije ako ne planirate instalirati vi\u0161e dodataka. Ako planirate odabrati puno opreme, na primjer (no\u0161enje svjetiljke, slu\u0161alica za suzbijanje buke i komunikacijske opreme, nao\u010dala za no\u0107no gledanje ili opreme za video snimanje itd.), preporu\u010da se koristiti FAST jer ne\u0107e biti previ\u0161e te\u017eak da izazove pritisak na va\u0161 vrat, neizravno utje\u010du\u0107i na sposobnost aktivnosti.<\/p>\n<hr>\n<p><strong>Cijena vojne kacige MICH2000<\/strong><br \/>\nKupujte na na\u0161oj web stranici i u\u0161tedite 15% na cijeni<\/p>\n<hr>\n<p>Ako \u017eelite kupiti na\u0161e proizvode ili imate pitanja o na\u0161im proizvodima;<br \/>\nAko imate bilo kakve potrebe za prilagodbom;<br \/>\nMolimo (<a href=\"http:\/\/tyditiao.com\/en\/contact\/\">kontaktirajte nas<\/a>) odmah, mi \u0107emo vam odgovoriti u roku od 1 radnog dana<\/p>\n","protected":false},"excerpt":{"rendered":"<p>Dobra kvaliteta: Izra\u0111eno od visokokvalitetnih DuPont Kevlar Aramid vlakana, otpornih na toplinu i nije ih lako deformirati<\/p>\n<p>Dobre balisti\u010dke performanse: NIJ razina IIIA<\/p>\n<p>Spora memorijska pjena oblika: tkanina koja upija vlagu za jednostavno \u010di\u0161\u0107enje, modularni jastu\u010di\u0107i koje krajnji korisnik mo\u017ee prilagoditi<\/p>\n<p>Sustav su\u0161ene sipe: poznat i kao baza za no\u0107no gledanje, mo\u017ee se kombinirati s reflektorima, kamerama, ure\u0111ajima za no\u0107no gledanje i drugom opremom<\/p>\n<p>Na lijevoj i desnoj strani nalaze se \u017eeljezni\u010dke grupe: mo\u017ee se instalirati s jakim sustavom osvjetljenja, signalnim ID svjetlom, za\u0161titnom plo\u010dom za slu\u0161alice<\/p>\n","protected":false},"featured_media":11405,"comment_status":"open","ping_status":"closed","template":"","meta":[],"product_brand":[],"product_cat":[638,793],"product_tag":[],"woo-feed-brand":[50],"class_list":{"0":"post-14259","1":"product","2":"type-product","3":"status-publish","4":"has-post-thumbnail","6":"product_cat-kaciga-otporna-na-metke","7":"product_cat-mich2000-hr","8":"woo-feed-brand-tyditiao","10":"first","11":"instock","12":"sale","13":"shipping-taxable","14":"purchasable","15":"product-type-simple"},"_links":{"self":[{"href":"https:\/\/tyditiao.com\/hr\/wp-json\/wp\/v2\/product\/14259","targetHints":{"allow":["GET"]}}],"collection":[{"href":"https:\/\/tyditiao.com\/hr\/wp-json\/wp\/v2\/product"}],"about":[{"href":"https:\/\/tyditiao.com\/hr\/wp-json\/wp\/v2\/types\/product"}],"replies":[{"embeddable":true,"href":"https:\/\/tyditiao.com\/hr\/wp-json\/wp\/v2\/comments?post=14259"}],"wp:featuredmedia":[{"embeddable":true,"href":"https:\/\/tyditiao.com\/hr\/wp-json\/wp\/v2\/media\/11405"}],"wp:attachment":[{"href":"https:\/\/tyditiao.com\/hr\/wp-json\/wp\/v2\/media?parent=14259"}],"wp:term":[{"taxonomy":"product_brand","embeddable":true,"href":"https:\/\/tyditiao.com\/hr\/wp-json\/wp\/v2\/product_brand?post=14259"},{"taxonomy":"product_cat","embeddable":true,"href":"https:\/\/tyditiao.com\/hr\/wp-json\/wp\/v2\/product_cat?post=14259"},{"taxonomy":"product_tag","embeddable":true,"href":"https:\/\/tyditiao.com\/hr\/wp-json\/wp\/v2\/product_tag?post=14259"},{"taxonomy":"woo-feed-brand","embeddable":true,"href":"https:\/\/tyditiao.com\/hr\/wp-json\/wp\/v2\/woo-feed-brand?post=14259"}],"curies":[{"name":"wp","href":"https:\/\/api.w.org\/{rel}","templated":true}]}}