{"id":14284,"date":"2022-06-13T03:53:55","date_gmt":"2022-06-13T01:53:55","guid":{"rendered":"http:\/\/tyditiao.com\/product\/oklop-otporan-na-metke-takticka-kaciga-klase-iiia-kaciga-specijalnih-snaga-mich2000-svijetlosmeda\/"},"modified":"2025-07-20T13:11:54","modified_gmt":"2025-07-20T11:11:54","slug":"mich2000-neprobojna-kaciga-kevlar-razina-3-svijetlo-smeda","status":"publish","type":"product","link":"https:\/\/tyditiao.com\/hr\/proizvod\/mich2000-neprobojna-kaciga-kevlar-razina-3-svijetlo-smeda\/","title":{"rendered":"Oklop otporan na metke, takti\u010dka kaciga klase IIIA, kaciga specijalnih snaga mich2000, svijetlosme\u0111a"},"content":{"rendered":"<p>MICH je kaciga koja zaustavlja metke iz pi\u0161tolja i pru\u017ea pouzdanu za\u0161titu od krhotina i krhotina koje padaju. Niski izrez pru\u017ea bolju pokrivenost s obje strane glave nego nau\u0161ne kacige. Ove kacige tako\u0111er dolaze s u\u0161nim \u010da\u0161icama za smje\u0161taj slu\u0161alica i druge komunikacijske opreme.<\/p>\n<hr \/>\n<p><strong>Klasa obrane:<\/strong><\/p>\n<p>Ova neprobojna kaciga je NIJ Level IIIA neprobojna kaciga prema standardu NIJ 0101.06, a mogu\u0107e je dostaviti odgovaraju\u0107e izvje\u0161\u0107e o ispitivanju.<\/p>\n<p>Ovaj proizvod tako\u0111er se kvalificira kao pobolj\u0161ana borbena kaciga (ECH) kada se koristi s gornjom oklopnom plo\u010dom za pravu za\u0161titu od pu\u0161ke<\/p>\n<hr \/>\n<p><strong>Parametri obrambenog projektila:<\/strong><\/p>\n<p>.44 Mag SJHP<br \/>\n.357 SIG FMJ FN<br \/>\n9 mm FMJ RN<br \/>\n.357 Mag JSP<br \/>\n.40 S&amp;W FMJ<\/p>\n<p>Tako\u0111er pru\u017ea za\u0161titu od ve\u0107ine prijetnji pi\u0161toljem kao i prijetnji klase IIA i II<\/p>\n<hr \/>\n<p><strong>Parametri kacige otporne na metke:<\/strong><br \/>\nNaziv: NIJ lllA MICH2000 kaciga otporna na metke<\/p>\n<p>Materijal: Kevlar-DuPont aramidna vlakna visoke \u010dvrsto\u0107e<br \/>\nOpseg glave: 52-60 cm (dvostupanjsko pode\u0161avanje naslona i podesivi remen za bradu)<br \/>\nPodstava: podstava od pjene koja se mo\u017ee namjestiti i sporo odska\u010de \u010dini kacigu udobnom i sprje\u010dava umor i pregrijavanje.<br \/>\nDodatna oprema: maska otporna na metke, itd.<br \/>\nBoja kacige: Svijetlo sme\u0111a<br \/>\nMICH je kaciga koja zaustavlja metke iz pi\u0161tolja i pru\u017ea pouzdanu za\u0161titu od krhotina i krhotina koje padaju.<br \/>\n\u0107e smanjiti za\u0161titu.<\/p>\n<hr \/>\n<p><strong>&#8220;Za ljude:<\/strong><br \/>\nBalisti\u010dka kaciga NIJ lllA Kevlar MICH2000 nosi s prijetnjama pi\u0161toljem i \u0161rapnelima s ve\u0107im kapacitetom pri\u010dvr\u0161\u0107ivanja za lak\u0161e i udobnije pristajanje. Ova kaciga je prikladna za sve tipove korisnika. Osoblje agencija kao \u0161to su vojska, policija, SWAT, unutarnja sigurnost, carina i grani\u010dna stra\u017ea mogu biti opremljeni pobolj\u0161anim borbenim sposobnostima. Tako\u0111er je dobar izbor za ku\u0107nu za\u0161titu i cosplay.<\/p>\n<hr \/>\n<p>Ako \u017eelite kupiti na\u0161e proizvode ili imate pitanja o na\u0161im proizvodima;<br \/>\nAko imate bilo kakve potrebe za prilagodbom;<br \/>\nMolimo (<a href=\"http:\/\/tyditiao.com\/en\/contact\/\">kontaktirajte nas<\/a>) odmah, odgovorit \u0107emo vam u roku od 1 radnog dana<\/p>\n","protected":false},"excerpt":{"rendered":"<p>Veliko za\u0161titno podru\u010dje: Za\u0161titno podru\u010dje je ve\u0107e od onoga kod tradicionalnih neprobojnih kaciga, pru\u017eaju\u0107i dobru za\u0161titu za u\u0161ni dio<\/p>\n<p>Dobra kvaliteta: Izra\u0111eno od visokokvalitetnih DuPont Kevlar Aramid vlakana, otpornih na toplinu i nije ih lako deformirati<\/p>\n<p>Dobre balisti\u010dke performanse: NIJ razina IIIA<\/p>\n<p>Sustav za su\u0161enje sipa te lijeva i desna tra\u010dnica omogu\u0107uju postavljanje slu\u0161alica za set, svjetlo za pi\u0161tolj, kameru, bljeskalicu, no\u0107no gledanje, GoPro kameru, NVG nao\u010dale<\/p>\n<p>Dobre performanse nadogradnje: nadogradiva maska za kisik, kaciga, bo\u010dni \u0161tit, oklopni bo\u010dni \u0161tit, za\u0161titni \u0161tit, navlaka za kacigu<\/p>\n","protected":false},"featured_media":10189,"comment_status":"open","ping_status":"closed","template":"","meta":[],"product_brand":[],"product_cat":[638,793],"product_tag":[],"woo-feed-brand":[50],"class_list":{"0":"post-14284","1":"product","2":"type-product","3":"status-publish","4":"has-post-thumbnail","6":"product_cat-kaciga-otporna-na-metke","7":"product_cat-mich2000-hr","8":"woo-feed-brand-tyditiao","10":"first","11":"instock","12":"sale","13":"shipping-taxable","14":"purchasable","15":"product-type-simple"},"_links":{"self":[{"href":"https:\/\/tyditiao.com\/hr\/wp-json\/wp\/v2\/product\/14284","targetHints":{"allow":["GET"]}}],"collection":[{"href":"https:\/\/tyditiao.com\/hr\/wp-json\/wp\/v2\/product"}],"about":[{"href":"https:\/\/tyditiao.com\/hr\/wp-json\/wp\/v2\/types\/product"}],"replies":[{"embeddable":true,"href":"https:\/\/tyditiao.com\/hr\/wp-json\/wp\/v2\/comments?post=14284"}],"wp:featuredmedia":[{"embeddable":true,"href":"https:\/\/tyditiao.com\/hr\/wp-json\/wp\/v2\/media\/10189"}],"wp:attachment":[{"href":"https:\/\/tyditiao.com\/hr\/wp-json\/wp\/v2\/media?parent=14284"}],"wp:term":[{"taxonomy":"product_brand","embeddable":true,"href":"https:\/\/tyditiao.com\/hr\/wp-json\/wp\/v2\/product_brand?post=14284"},{"taxonomy":"product_cat","embeddable":true,"href":"https:\/\/tyditiao.com\/hr\/wp-json\/wp\/v2\/product_cat?post=14284"},{"taxonomy":"product_tag","embeddable":true,"href":"https:\/\/tyditiao.com\/hr\/wp-json\/wp\/v2\/product_tag?post=14284"},{"taxonomy":"woo-feed-brand","embeddable":true,"href":"https:\/\/tyditiao.com\/hr\/wp-json\/wp\/v2\/woo-feed-brand?post=14284"}],"curies":[{"name":"wp","href":"https:\/\/api.w.org\/{rel}","templated":true}]}}