{"id":14300,"date":"2022-06-13T03:50:24","date_gmt":"2022-06-13T01:50:24","guid":{"rendered":"http:\/\/tyditiao.com\/product\/takticka-oprema-klase-iiia-vojna-pancirna-kaciga-crna\/"},"modified":"2026-03-17T13:18:07","modified_gmt":"2026-03-17T11:18:07","slug":"mich2000-neprobojna-kaciga-kevlar-razina-3-crna","status":"publish","type":"product","link":"https:\/\/tyditiao.com\/hr\/proizvod\/mich2000-neprobojna-kaciga-kevlar-razina-3-crna\/","title":{"rendered":"Takti\u010dka oprema klase IIIA, vojna pancirna kaciga, crna"},"content":{"rendered":"<p><strong>Klasa obrane:<\/strong><br \/>\nOva neprobojna kaciga je NIJ Level IIIA neprobojna kaciga prema standardu NIJ 0101.06, a mogu\u0107e je dostaviti odgovaraju\u0107e izvje\u0161\u0107e o ispitivanju.<\/p>\n<hr \/>\n<p><strong>Parametri obrambenog projektila:<\/strong><br \/>\n.44 Mag SJHP<br \/>\n.357 SIG FMJ FN<br \/>\n9 mm FMJ RN<br \/>\n.357 Mag JSP<br \/>\n.40 S&amp;W FMJ<\/p>\n<p>Tako\u0111er pru\u017ea za\u0161titu od ve\u0107ine prijetnji pi\u0161toljem kao i prijetnji klase IIA i II<\/p>\n<hr \/>\n<p><strong>Parametri kacige otporne na metke:<\/strong><br \/>\nNaziv: NIJ lllA MICH2000 kaciga otporna na metke<\/p>\n<p>Materijal: Kevlar-DuPont aramidna vlakna visoke \u010dvrsto\u0107e<br \/>\nOpseg glave: 52-60 cm<br \/>\nPodstava: podstava od pjene koja se mo\u017ee namjestiti i sporo odska\u010de \u010dini kacigu udobnom i sprje\u010dava umor i pregrijavanje.<br \/>\nDodatna oprema: maska za kisik, \u0161titnik za lice, bo\u010dni \u0161tit, bo\u010dni \u0161tit oklopa, \u0161tit, poklopac za kacigu, maska otporna na metke itd.<br \/>\nBoja kacige: crna<br \/>\nMICH je kaciga koja zaustavlja metke iz pi\u0161tolja i pru\u017ea pouzdanu za\u0161titu od krhotina i krhotina koje padaju.<br \/>\n\u0107e smanjiti za\u0161titu.<\/p>\n<hr \/>\n<p><strong>&#8220;Za ljude:<\/strong><br \/>\nBalisti\u010dka kaciga NIJ lllA Kevlar MICH2000 nosi se s prijetnjama pi\u0161toljem i \u0161rapnelima s ve\u0107im kapacitetom pri\u010dvr\u0161\u0107ivanja za lak\u0161e i udobnije pristajanje. Ova kaciga je prikladna za sve tipove korisnika. Osoblje agencija poput vojske, policije, SWAT-a, unutarnje sigurnosti, carine i grani\u010dne stra\u017ee mo\u017ee biti opremljeno pobolj\u0161anim borbenim sposobnostima. Tako\u0111er je dobar izbor za ku\u0107nu za\u0161titu i cosplay.<\/p>\n<hr \/>\n<p><strong>\u0160to je vojna kaciga MICH2000 Kevlar?<\/strong><br \/>\nModular Integrated Communications Helmet (MICH) je ameri\u010dka borbena kaciga i jedna od nekoliko kaciga koje koristi ameri\u010dka vojska. Razvio ju je Centar za sustave vojnih sustava ameri\u010dke vojske kao za\u0161titnu borbenu kacigu sljede\u0107e generacije koju koristi ameri\u010dka vojska. Glavni razlog za razvoj MICH-a bila je zamjena za\u0161titnih, ali te\u0161kih PASGT-ova, jer su bili lak\u0161i, udobniji, bolje su pristajali i na njih se lak\u0161e postavljala dodatna oprema, posebno oprema za no\u0107no gledanje i komunikacijske slu\u0161alice. Ne stvara nepotreban stres na vratu. U po\u010detku ga je koristio gotovo isklju\u010divo SOCOM i neki blisko povezani subjekti. Do danas su MICH i njegove izvedenice, napredna borbena kaciga i modificirana borbena kaciga, potpuno zamijenile PASGT u aktivnoj slu\u017ebi ameri\u010dke vojske i koriste se, barem donekle, u svim divizijama ameri\u010dke vojske.<\/p>\n<hr \/>\n<p><strong>Zna\u010dajke MICH2000 kacige od kevlara:<\/strong><br \/>\nTe\u017eina MICH-a je otprilike 1,6 kg. MICH je tako\u0111er ne\u0161to manji od PASGT-a, ima 8% manji domet, koristi nova, naprednija kevlar vlakna i nudi bolju za\u0161titu od pi\u0161tolja i projektila. Sustav jastuka i sustav pri\u010dvr\u0161\u0107ivanja u \u010detiri to\u010dke, sli\u010dan \u0161titnicima i trakama na skateboardu, biciklisti\u010dkim kacigama i kacigama za vodu, zamjenjuje sustav ovjesa od najlonske u\u017eeta, znojnicu i remen za bradu koji se nalaze na PASGT kacigama. Ova promjena pru\u017ea nositelju ve\u0107u za\u0161titu od udaraca i udobnost. Ima prednji nosa\u010d za pri\u010dvr\u0161\u0107ivanje nao\u010dala za no\u0107no gledanje (kao \u0161to su AN\/PVS-14 ili AN\/PVS-15), sli\u010dan onom na kacigi PASGT. Tako\u0111er ima par traka na stra\u017enjoj strani za pri\u010dvr\u0161\u0107ivanje za\u0161titnih nao\u010dala, kao i platnenu navlaku za kacigu u raznim kamufla\u017enim uzorcima. Za razliku od &#8220;zakrivljene&#8221; konture, PASGT se prvenstveno odnosi na uklanjanje obrva i podizanje bo\u010dnih strana do &#8220;ravne&#8221; to\u010dke na donjem rubu iza sljepoo\u010dnica. Time se donekle smanjuje te\u017eina i omogu\u0107uje bolja svijest o situaciji i manje prepreka u vidnom polju korisnika, posebno u kombinaciji s presreta\u010dima pancirnim prslucima. Vojnici su se ranije \u017ealili da visoki ovratnik za presretanje i remen za bradu u dvije to\u010dke guraju stra\u017enji dio kacige PASGT prema naprijed, a kada poku\u0161avaju pucati iz le\u017ee\u0107eg polo\u017eaja, rub kacige klizi im pokraj o\u010diju, \u0161to je u MICH-u su\u017eeni konturirani remen za bradu s \u010detiri to\u010dke.<\/p>\n<hr \/>\n<p><strong>\u0160to je popularnije, takti\u010dka balisti\u010dka kaciga MICH2000 ili FAST?<\/strong><br \/>\nMICH2000 ima ve\u0107u za\u0161titnu povr\u0161inu, \u0161to je korisnije ako ne planirate instalirati mnogo dodataka. Ako planirate odabrati puno opreme, kao \u0161to je (no\u0161enje svjetiljke, slu\u0161alice za uklanjanje buke i komunikacijska oprema, nao\u010dale za no\u0107no gledanje ili video oprema itd.), preporu\u010dljivo je odabrati FAST, jer ne\u0107e biti prete\u017eak , vr\u0161it \u0107e pritisak na vrat, \u0161to \u0107e neizravno utjecati na sposobnost aktivnosti.<\/p>\n<hr \/>\n<p><strong>Cijena vojne kacige MICH2000<\/strong><br \/>\nOvo je na\u0161a trgovina takti\u010dkih sigurnosnih kaciga, kupujte izravno na na\u0161oj web stranici, mo\u017eete dobiti 15% popusta na originalnu cijenu<\/p>\n<hr \/>\n<p>Ako \u017eelite kupiti na\u0161e proizvode ili imate pitanja o na\u0161im proizvodima;<br \/>\nAko imate bilo kakve potrebe za prilagodbom;<br \/>\nMolimo (<a href=\"http:\/\/tyditiao.com\/en\/contact\/\">kontaktirajte nas<\/a>) odmah, mi \u0107emo vam odgovoriti u roku od 1 radnog dana<\/p>\n","protected":false},"excerpt":{"rendered":"<p>Izra\u0111eno od DuPont Kevlar Aramid vlakana visoke \u010dvrsto\u0107e, otporno na toplinu i nije ga lako deformirati<\/p>\n<p>NIJ Razina IIIA<\/p>\n<p>Sustav za pode\u0161avanje opsega glave, mo\u017ee u\u010diniti kacigu za postizanje idealnog u\u010dinka no\u0161enja<\/p>\n<p>\u010celo je oja\u010dano elasti\u010dnim trakama sa strane hobotnice (donji dio stalka za no\u0107no gledanje) za pri\u010dvr\u0161\u0107ivanje ogledala, kamera, nao\u010dala za no\u0107no gledanje i drugih ure\u0111aja<\/p>\n<p>Opremljen tra\u010dnicama, mo\u0107nijom monta\u017eom dodataka, mo\u017ee biti opremljen jakim svjetlosnim sustavom i identifikacijskim svjetlima, tako\u0111er mo\u017ee biti opremljen za\u0161titom za sluh<\/p>\n","protected":false},"featured_media":11386,"comment_status":"open","ping_status":"closed","template":"","meta":[],"product_brand":[],"product_cat":[638,793],"product_tag":[],"woo-feed-brand":[50],"class_list":{"0":"post-14300","1":"product","2":"type-product","3":"status-publish","4":"has-post-thumbnail","6":"product_cat-kaciga-otporna-na-metke","7":"product_cat-mich2000-hr","8":"woo-feed-brand-tyditiao","10":"first","11":"instock","12":"sale","13":"shipping-taxable","14":"purchasable","15":"product-type-simple"},"_links":{"self":[{"href":"https:\/\/tyditiao.com\/hr\/wp-json\/wp\/v2\/product\/14300","targetHints":{"allow":["GET"]}}],"collection":[{"href":"https:\/\/tyditiao.com\/hr\/wp-json\/wp\/v2\/product"}],"about":[{"href":"https:\/\/tyditiao.com\/hr\/wp-json\/wp\/v2\/types\/product"}],"replies":[{"embeddable":true,"href":"https:\/\/tyditiao.com\/hr\/wp-json\/wp\/v2\/comments?post=14300"}],"wp:featuredmedia":[{"embeddable":true,"href":"https:\/\/tyditiao.com\/hr\/wp-json\/wp\/v2\/media\/11386"}],"wp:attachment":[{"href":"https:\/\/tyditiao.com\/hr\/wp-json\/wp\/v2\/media?parent=14300"}],"wp:term":[{"taxonomy":"product_brand","embeddable":true,"href":"https:\/\/tyditiao.com\/hr\/wp-json\/wp\/v2\/product_brand?post=14300"},{"taxonomy":"product_cat","embeddable":true,"href":"https:\/\/tyditiao.com\/hr\/wp-json\/wp\/v2\/product_cat?post=14300"},{"taxonomy":"product_tag","embeddable":true,"href":"https:\/\/tyditiao.com\/hr\/wp-json\/wp\/v2\/product_tag?post=14300"},{"taxonomy":"woo-feed-brand","embeddable":true,"href":"https:\/\/tyditiao.com\/hr\/wp-json\/wp\/v2\/woo-feed-brand?post=14300"}],"curies":[{"name":"wp","href":"https:\/\/api.w.org\/{rel}","templated":true}]}}