{"id":16820,"date":"2025-04-17T11:28:35","date_gmt":"2025-04-17T09:28:35","guid":{"rendered":"https:\/\/tyditiao.com\/product\/balisticka-kaciga-sa-stitnikom-za-lice-i-bradom-tdtm-3-puna-nij-iiia-zastita-idealna-za-ekstremne-takticke-uvjete\/"},"modified":"2025-04-21T07:17:06","modified_gmt":"2025-04-21T05:17:06","slug":"balisticka-kaciga-sa-stitnikom-za-lice-i-bradom-tdtm-3-puna-nij-iiia-zastita-idealna-za-ekstremne-takticke-uvjete","status":"publish","type":"product","link":"https:\/\/tyditiao.com\/hr\/proizvod\/balisticka-kaciga-sa-stitnikom-za-lice-i-bradom-tdtm-3-puna-nij-iiia-zastita-idealna-za-ekstremne-takticke-uvjete\/","title":{"rendered":"balisti\u010dka kaciga sa \u0161titnikom za lice i bradom, TDTM-3, puna NIJ IIIA za\u0161tita, idealna za ekstremne takti\u010dke uvjete"},"content":{"rendered":"<p>Staklo otporno na metke visoke \u010dvrsto\u0107e: Visokokvalitetno staklo otporno na metke pru\u017ea u\u010dinkovitu za\u0161titu za va\u0161e lice u slu\u010daju eksplozije ili udara, a istovremeno osigurava izvrsnu vidljivost.<\/p>\n<p>Jaw Guard Module: Modul dizajniran posebno za za\u0161titu podru\u010dja \u010deljusti, pru\u017eaju\u0107i dodatnu za\u0161titu bradi, \u0161tite\u0107i od ozljeda tijekom takti\u010dkih operacija.<\/p>\n<p>Udoban sustav prilagodbe: Opremljen podesivim sustavom ovjesa i podstavom od memorijske pjene visoke gusto\u0107e koja pru\u017ea amortizaciju, upija vlagu i znoj te smanjuje umor tijekom dugotrajnog kori\u0161tenja. Dostupnost razli\u010ditih veli\u010dina (S, M, L, XL) jam\u010di udobno pristajanje uz oblik glave. <\/p>\n<p>Monta\u017ea takti\u010dkog pribora: kaciga ima vi\u0161e to\u010daka za montiranje koje omogu\u0107uju brzu monta\u017eu no\u0107nog vida, komunikacijske opreme i drugih takti\u010dkih dodataka, udovoljavaju\u0107i zahtjevima specijaliziranih borbenih operacija.<\/p>\n<p><strong>Posebne napomene:<\/strong><\/p>\n<p>Ova balisti\u010dka kaciga klase NIJ IIIA pru\u017ea sveobuhvatnu za\u0161titu glave tijekom takti\u010dkih operacija. Posebno je dizajniran kako bi osigurao sigurnost vojnika u ekstremnim uvjetima. Bilo da se radi o staklu otpornom na metke na licu ili modulima otpornim na metke na \u010deljusti, oni pru\u017eaju neusporedivu za\u0161titu od \u0161rapnela, fragmenata i o\u0161te\u0107enja od udarca. Dobro promi\u0161ljen dizajn i sustav prilago\u0111avanja udobnosti jam\u010de maksimalnu udobnost tijekom dugotrajne borbe. Bilo da se radi o bojnom polju, operaciji provo\u0111enja zakona ili okru\u017eenju za obuku, mo\u017eemo vam pru\u017eiti solidnu podr\u0161ku.    <\/p>\n<p>Ako nema posebne napomene, zadana konfiguracija je: veli\u010dina L, boja zelena. Osim toga, nudimo \u0161irok raspon boja (pje\u0161\u010dana\/crna\/zelena\/MC kamufla\u017ena\/vu\u010dja sme\u0111a) i veli\u010dina (S, M, L, XL) na izbor. <\/p>\n<p>Bez obzira gdje se nalazite, mo\u017eete naru\u010diti izravno putem ove poveznice i obaviti kupnju bez ikakvih problema. Samo navedite veli\u010dinu i boju koja vam je potrebna u napomenama narud\u017ebe (na primjer: XL-crna) i dobit \u0107ete opremu iz snova. Ne\u0107emo naplatiti nikakve dodatne naknade za odabir drugih boja i veli\u010dina.  <\/p>\n<hr>\n<p><strong>\u0160to se ti\u010de scenarija:<\/strong><\/p>\n<p>Snage za specijalne operacije<br \/>\nProvedba u visokorizi\u010dnim okru\u017eenjima<br \/>\nObuka takti\u010dkih sportova i strelja\u0161tva na otvorenom<br \/>\nMisije spa\u0161avanja i kontrole nereda<\/p>\n<hr>\n<p><strong>Parametri obrambenog projektila:<\/strong><\/p>\n<p>.44 Mag SJHP<br \/>\n.357 SIG FMJ FN<br \/>\n9mm FMJ RN<br \/>\n.357 Mag JSP<br \/>\n.40 S&amp;W FMJ<\/p>\n<p>Tako\u0111er pru\u017ea za\u0161titu od ve\u0107ine prijetnji vatrenim oru\u017ejem, kao i prijetnji klase IIA i II.<\/p>\n<hr>\n<p><strong>parametar:<\/strong><\/p>\n<p>Model kacige: TDTM-3<br \/>\nMaterijal: Kaciga i \u0161titnik za usta izra\u0111eni su od UHMWPE<br \/>\nTe\u017eina: oko 2,8 kg (neprobojna kaciga + neprobojna maska \u200b\u200b+ \u0161titnik za usta)<br \/>\nVeli\u010dina: S (53-59cm), M (53-59cm), L (56-59cm), L (58-62cm)<br \/>\nBoja: Crna\/Zelena\/MC Camo\/Wolf Brown<br \/>\nStruktura: Tijelo kacige i komponente za za\u0161titu lica (odvojive)<br \/>\nZa\u0161titno podru\u010dje: tijelo kacige \u2265 0,125 mm, nao\u010dale \u2265 0,025 m, \u010delo \u2265 0,04 m<\/p>\n<p>&nbsp;<\/p>\n","protected":false},"excerpt":{"rendered":"<p>Sveobuhvatna za\u0161tita: Kombinira \u0161titnik za lice otporan na metke i modul za za\u0161titu \u010deljusti kako bi pru\u017eio za\u0161titu od 360 stupnjeva za cijelu glavu, osiguravaju\u0107i potpunu sigurnost u okru\u017eenjima visokog rizika.<\/p>\n<p>Optimizirano te\u017ei\u0161te, stabilno pristajanje: Precizno dizajnirana struktura kacige osigurava racionalnu raspodjelu te\u017ei\u0161ta, eliminiraju\u0107i udarce pri tr\u010danju ili skakanju. To vam omogu\u0107uje da zadr\u017eite fleksibilnost i slobodu prilikom ciljanja u stoje\u0107em polo\u017eaju, ga\u0111anja, izvo\u0111enja takti\u010dkih manevara i drugih aktivnosti. Ukupna te\u017eina je smanjena na maksimalnu mogu\u0107u razinu uz zadr\u017eavanje pune za\u0161tite.  <\/p>\n<p>Standard za\u0161tite NIJ IIIA: Zadovoljava standarde NIJ IIIA, u\u010dinkovito \u0161tite\u0107i od napada niske do srednje opasnosti kao \u0161to su meci iz pi\u0161tolja i \u0161rapneli, pove\u0107avaju\u0107i takti\u010dku sigurnost.<\/p>\n","protected":false},"featured_media":16747,"comment_status":"open","ping_status":"closed","template":"","meta":[],"product_brand":[],"product_cat":[611,638],"product_tag":[],"woo-feed-brand":[50],"class_list":{"0":"post-16820","1":"product","2":"type-product","3":"status-publish","4":"has-post-thumbnail","6":"product_cat-balisticka-maska","7":"product_cat-kaciga-otporna-na-metke","8":"woo-feed-brand-tyditiao","10":"first","11":"instock","12":"sale","13":"shipping-taxable","14":"purchasable","15":"product-type-simple"},"_links":{"self":[{"href":"https:\/\/tyditiao.com\/hr\/wp-json\/wp\/v2\/product\/16820","targetHints":{"allow":["GET"]}}],"collection":[{"href":"https:\/\/tyditiao.com\/hr\/wp-json\/wp\/v2\/product"}],"about":[{"href":"https:\/\/tyditiao.com\/hr\/wp-json\/wp\/v2\/types\/product"}],"replies":[{"embeddable":true,"href":"https:\/\/tyditiao.com\/hr\/wp-json\/wp\/v2\/comments?post=16820"}],"wp:featuredmedia":[{"embeddable":true,"href":"https:\/\/tyditiao.com\/hr\/wp-json\/wp\/v2\/media\/16747"}],"wp:attachment":[{"href":"https:\/\/tyditiao.com\/hr\/wp-json\/wp\/v2\/media?parent=16820"}],"wp:term":[{"taxonomy":"product_brand","embeddable":true,"href":"https:\/\/tyditiao.com\/hr\/wp-json\/wp\/v2\/product_brand?post=16820"},{"taxonomy":"product_cat","embeddable":true,"href":"https:\/\/tyditiao.com\/hr\/wp-json\/wp\/v2\/product_cat?post=16820"},{"taxonomy":"product_tag","embeddable":true,"href":"https:\/\/tyditiao.com\/hr\/wp-json\/wp\/v2\/product_tag?post=16820"},{"taxonomy":"woo-feed-brand","embeddable":true,"href":"https:\/\/tyditiao.com\/hr\/wp-json\/wp\/v2\/woo-feed-brand?post=16820"}],"curies":[{"name":"wp","href":"https:\/\/api.w.org\/{rel}","templated":true}]}}