{"id":4656,"date":"2022-10-08T11:11:08","date_gmt":"2022-10-08T09:11:08","guid":{"rendered":"http:\/\/tyditiao.com\/csalad\/"},"modified":"2025-01-04T16:01:30","modified_gmt":"2025-01-04T14:01:30","slug":"csalad","status":"publish","type":"page","link":"https:\/\/tyditiao.com\/hu\/","title":{"rendered":"Csal\u00e1d"},"content":{"rendered":"\n<div class=\"wp-block-cover is-light\" style=\"min-height:240px;aspect-ratio:unset;\"><span aria-hidden=\"true\" class=\"wp-block-cover__background has-background-dim-20 has-background-dim\" style=\"background-color:#b7ad73\"><\/span><img loading=\"lazy\" decoding=\"async\" width=\"1401\" height=\"539\" class=\"wp-block-cover__image-background wp-image-1576\" alt=\"\" src=\"http:\/\/tyditiao.com\/wp-content\/uploads\/2022\/06\/2022-06-13_182159.png\" data-object-fit=\"cover\" srcset=\"https:\/\/tyditiao.com\/wp-content\/uploads\/2022\/06\/2022-06-13_182159.png 1401w, https:\/\/tyditiao.com\/wp-content\/uploads\/2022\/06\/2022-06-13_182159-600x231.png 600w, https:\/\/tyditiao.com\/wp-content\/uploads\/2022\/06\/2022-06-13_182159-300x115.png 300w, https:\/\/tyditiao.com\/wp-content\/uploads\/2022\/06\/2022-06-13_182159-1024x394.png 1024w, https:\/\/tyditiao.com\/wp-content\/uploads\/2022\/06\/2022-06-13_182159-768x295.png 768w, https:\/\/tyditiao.com\/wp-content\/uploads\/2022\/06\/2022-06-13_182159-1320x508.png 1320w\" sizes=\"auto, (max-width: 1401px) 100vw, 1401px\" \/><div class=\"wp-block-cover__inner-container is-layout-constrained wp-block-cover-is-layout-constrained\">\n<div class=\"wp-block-columns is-layout-flex wp-container-core-columns-is-layout-9d6595d7 wp-block-columns-is-layout-flex\">\n<div class=\"wp-block-column is-layout-flow wp-block-column-is-layout-flow\" style=\"flex-basis:25%\"><\/div>\n\n\n\n<div class=\"wp-block-column is-layout-flow wp-block-column-is-layout-flow\" style=\"flex-basis:50%\">\n<div style=\"height:20px\" aria-hidden=\"true\" class=\"wp-block-spacer\"><\/div>\n\n\n\n<p class=\"has-text-align-center custom-style has-text-color has-link-color has-large-font-size wp-elements-322b4b3fe58c86095333977a3848974a\" style=\"color:#ffffff\">K\u00fcl\u00f6nb\u00f6z\u0151 st\u00edlus\u00fa harc\u00e1szati \u200b\u200bballisztikus sisakok gy\u00e1rt\u00e1s\u00e1ra \u00e9s \u00e9rt\u00e9kes\u00edt\u00e9s\u00e9re specializ\u00e1l\u00f3dtunk<\/p>\n<\/div>\n\n\n\n<div class=\"wp-block-column is-layout-flow wp-block-column-is-layout-flow\" style=\"flex-basis:25%\"><\/div>\n<\/div>\n<\/div><\/div>\n\n<div style=\"height:50px\" aria-hidden=\"true\" class=\"wp-block-spacer\"><\/div>\n\n<div class=\"wp-block-columns is-layout-flex wp-container-core-columns-is-layout-9d6595d7 wp-block-columns-is-layout-flex\">\n<div class=\"wp-block-column is-layout-flow wp-block-column-is-layout-flow\" style=\"flex-basis:10%\"><\/div>\n\n\n\n<div class=\"wp-block-column is-layout-flow wp-block-column-is-layout-flow\">\n<h2 class=\"wp-block-heading has-text-align-center\">Ballisztikai sisakok elad\u00f3k<\/h2>\n\n\n\n<figure class=\"wp-block-gallery has-nested-images columns-4 is-cropped wp-block-gallery-1 is-layout-flex wp-block-gallery-is-layout-flex\">\n<figure class=\"wp-block-image size-medium\"><img decoding=\"async\" data-id=\"5154\" src=\"https:\/\/tyditiao.com\/wp-content\/uploads\/2022\/10\/&#x672A;&#x6807;&#x9898;-51-300x300.png\" alt=\"K&#xFC;lt&#xE9;ri taktikai goly&#xF3;&#xE1;ll&#xF3; mell&#xE9;ny goly&#xF3;&#xE1;ll&#xF3; paneles kijelz&#x151;vel\" class=\"wp-image-5154\"\/><\/figure>\n\n\n<figure class=\"wp-block-image size-medium\"><img loading=\"lazy\" decoding=\"async\" width=\"300\" height=\"300\" data-id=\"1343\" src=\"http:\/\/tyditiao.com\/wp-content\/uploads\/2022\/06\/7-300x300.jpg\" alt=\"\" class=\"wp-image-1343\" srcset=\"https:\/\/tyditiao.com\/wp-content\/uploads\/2022\/06\/7-300x300.jpg 300w, https:\/\/tyditiao.com\/wp-content\/uploads\/2022\/06\/7-100x100.jpg 100w, https:\/\/tyditiao.com\/wp-content\/uploads\/2022\/06\/7-600x600.jpg 600w, https:\/\/tyditiao.com\/wp-content\/uploads\/2022\/06\/7-1024x1024.jpg 1024w, https:\/\/tyditiao.com\/wp-content\/uploads\/2022\/06\/7-150x150.jpg 150w, https:\/\/tyditiao.com\/wp-content\/uploads\/2022\/06\/7-768x768.jpg 768w, https:\/\/tyditiao.com\/wp-content\/uploads\/2022\/06\/7.jpg 1200w\" sizes=\"auto, (max-width: 300px) 100vw, 300px\" \/><\/figure>\n\n\n<figure class=\"wp-block-image size-medium\"><img decoding=\"async\" data-id=\"4955\" src=\"https:\/\/tyditiao.com\/wp-content\/uploads\/2022\/10\/&#x672A;&#x6807;&#x9898;-3-300x300.png\" alt=\"NIJ IIIA teljes arc&#xFA; taktikai ballisztikus maszk-v&#xE1;zlat\" class=\"wp-image-4955\"\/><\/figure>\n\n\n<figure class=\"wp-block-image size-medium\"><img decoding=\"async\" data-id=\"5396\" src=\"https:\/\/tyditiao.com\/wp-content\/uploads\/2022\/10\/SICPE&#xFF0C;NIJ-Level-IV&#xFF0C;23MM&#xFF0C;2.5KG-300x300.png\" alt=\"SIC+PE, NIJ Level IV, 23MM, 2,5KG, goly&#xF3;&#xE1;ll&#xF3; mellv&#xE9;d ballisztikus bet&#xE9;t, 250X300MM\" class=\"wp-image-5396\"\/><\/figure><\/figure>\n\n\n\n<div style=\"height:50px\" aria-hidden=\"true\" class=\"wp-block-spacer\"><\/div>\n\n\n\n<h2 class=\"wp-block-heading has-text-align-center\">GYIK<\/h2>\n\n\n\n<div style=\"height:30px\" aria-hidden=\"true\" class=\"wp-block-spacer\"><\/div>\n\n\n\n<div class=\"wp-block-columns is-layout-flex wp-container-core-columns-is-layout-9d6595d7 wp-block-columns-is-layout-flex\">\n<div class=\"wp-block-column is-layout-flow wp-block-column-is-layout-flow\">\n<h6 class=\"wp-block-heading\">Van fizikai gy\u00e1ra?<\/h6>\n\n\n\n<p>Igen!\nVan egy fizikai gy\u00e1runk, \u00e9s 6 \u00e9ve ny\u00fajtunk nagykereskedelmet eur\u00f3pai \u00e9s amerikai sisak\u00e1rusoknak.\nNaponta nagy mennyis\u00e9g\u0171 sisakot sz\u00e1ll\u00edtunk a vil\u00e1g minden t\u00e1j\u00e1ra, \u00e9s ez a gy\u00e1ri \u00fczlet\u00fcnk.  <\/p>\n<\/div>\n\n\n\n<div class=\"wp-block-column is-layout-flow wp-block-column-is-layout-flow\">\n<h6 class=\"wp-block-heading\">Van-e kedvezm\u00e9ny a k\u00f6zvetlen gy\u00e1ri v\u00e1s\u00e1rl\u00e1s eset\u00e9n?<\/h6>\n\n\n\n<p>Term\u00e9szetesen, ha k\u00f6zvetlen\u00fcl a gy\u00e1ri weboldalunkr\u00f3l ad le rendel\u00e9st, t\u00f6bb mint 20%-ot takar\u00edthat meg a keresked\u0151 elad\u00e1si \u00e1r\u00e1hoz k\u00e9pest, mert k\u00f6zvetlen\u00fcl megtakar\u00edtja a k\u00f6zvetett k\u00f6lts\u00e9geket.\nUgyanakkor a kiskereskedelmi \u00fczlet\u00e1gunk b\u0151v\u00edt\u00e9se \u00e9rdek\u00e9ben nyeres\u00e9get k\u00edv\u00e1nunk hozni a v\u00e9gfogyaszt\u00f3knak. <\/p>\n<\/div>\n<\/div>\n\n\n\n<div class=\"wp-block-columns is-layout-flex wp-container-core-columns-is-layout-9d6595d7 wp-block-columns-is-layout-flex\">\n<div class=\"wp-block-column is-layout-flow wp-block-column-is-layout-flow\">\n<h6 class=\"wp-block-heading\">Mennyi a sz\u00e1ll\u00edt\u00e1si k\u00f6lts\u00e9g egy t\u00e9teln\u00e9l? Mennyi id\u0151n bel\u00fcl kaphatom meg?<\/h6>\n\n\n\n<p>A FedEx d\u00edjait minden sisak \u00e1r tartalmazza, \u00edgy nem kell k\u00fcl\u00f6n fizetni a sz\u00e1ll\u00edt\u00e1s\u00e9rt.\nA FEDEX Express 6-14 munkanapon bel\u00fcl eljuttatja \u00d6nh\u00f6z a sisakot, a helyi Fedex sz\u00e1ll\u00edt\u00f3ja pedig azonnal felh\u00edvja \u00d6nt, amint a csomag meg\u00e9rkezik a v\u00e1ros\u00e1ba, \u00e9s k\u00f6zvetlen\u00fcl \u00d6nnek sz\u00e1ll\u00edtja. <\/p>\n<\/div>\n\n\n\n<div class=\"wp-block-column is-layout-flow wp-block-column-is-layout-flow\">\n<h6 class=\"wp-block-heading\">Honnan sz\u00e1ll\u00edtj\u00e1k a rendel\u00e9st, \u00e9s biztos vagyok benne, hogy megkapom?<\/h6>\n\n\n\n<p>Sz\u00e1ll\u00edt\u00e1s a k\u00ednai gy\u00e1ri rakt\u00e1runkb\u00f3l, nagysz\u00e1m\u00fa goly\u00f3\u00e1ll\u00f3 sisakot adtunk el az Egyes\u00fclt \u00c1llamokba, Lengyelorsz\u00e1gba, N\u00e9metorsz\u00e1gba, Jap\u00e1nba \u00e9s sok m\u00e1s orsz\u00e1gba, a sz\u00e1ll\u00edt\u00e1s ut\u00e1n postai \u00faton k\u00fcld\u00fcnk egy nyomk\u00f6vet\u00e9si sz\u00e1mot, a sz\u00e1ll\u00edt\u00e1st ellen\u0151rizheti a k\u00f6vetkez\u0151 c\u00edmen: b\u00e1rmikor.Az \u00e1ru \u00e1llapota.<\/p>\n<\/div>\n<\/div>\n\n\n\n<div class=\"wp-block-columns is-layout-flex wp-container-core-columns-is-layout-9d6595d7 wp-block-columns-is-layout-flex\">\n<div class=\"wp-block-column is-layout-flow wp-block-column-is-layout-flow\">\n<h6 class=\"wp-block-heading\">A rendel\u00e9s lead\u00e1sa \u00e9s a fizet\u00e9s m\u00f3dja<\/h6>\n\n\n\n<p>Kiz\u00e1r\u00f3lag Paypalon \u00e9s Western Unionon kereszt\u00fcl t\u00f6rt\u00e9n\u0151 megrendel\u00e9s eset\u00e9n fogadunk el fizet\u00e9st. Ha m\u00e9g nem rendelkezik Paypallal, regisztr\u00e1ljon itt a www.paypal.com oldalon, hogy biztons\u00e1gosan v\u00e1s\u00e1roljon \u00e9s fizessen Paypalon kereszt\u00fcl. Ha a Western Union fizet\u00e9s\u00e9t v\u00e1lasztja, k\u00e9rj\u00fck, l\u00e9pjen kapcsolatba vel\u00fcnk a fizet\u00e9si adatok meger\u0151s\u00edt\u00e9se \u00e9rdek\u00e9ben.<\/p>\n<\/div>\n\n\n\n<div class=\"wp-block-column is-layout-flow wp-block-column-is-layout-flow\">\n<h6 class=\"wp-block-heading\">Egyszerre t\u00f6bb sisakot kell v\u00e1s\u00e1rolnom, adhatok-e extra kedvezm\u00e9nyt?<\/h6>\n\n\n\n<p>Term\u00e9szetesen, ha 5-n\u00e9l t\u00f6bb sisakra van sz\u00fcks\u00e9ge saj\u00e1t haszn\u00e1latra vagy egy helyi nagykeresked\u0151h\u00f6z, k\u00e9rj\u00fck, forduljon hozz\u00e1nk k\u00f6zvetlen\u00fcl.\nA jelenlegi web\u00e1ruh\u00e1zunkn\u00e1l kedvez\u0151bb \u00e1rakat kaphat.\nNe hagyja ki, mert sok p\u00e9nzt takar\u00edt meg.  <\/p>\n<\/div>\n<\/div>\n\n\n\n<div style=\"height:50px\" aria-hidden=\"true\" class=\"wp-block-spacer\"><\/div>\n\n\n\n<h2 class=\"wp-block-heading has-text-align-center\">Ingyenes kisz\u00e1ll\u00edt\u00e1s minden ter\u00fcletre<\/h2>\n\n\n\n<h4 class=\"wp-block-heading has-text-align-center\">sz\u00e1ll\u00edt\u00e1si ter\u00fclet<\/h4>\n\n\n\n<p class=\"has-text-align-center\"><strong>Eur\u00f3pa:<\/strong> Lengyelorsz\u00e1g, Litv\u00e1nia, N\u00e9metorsz\u00e1g, Hollandia, Magyarorsz\u00e1g, Egyes\u00fclt Kir\u00e1lys\u00e1g, Franciaorsz\u00e1g, Olaszorsz\u00e1g, Spanyolorsz\u00e1g, Ausztria, Belgium, Luxemburg, \u00cdrorsz\u00e1g, Bulg\u00e1ria, Horv\u00e1torsz\u00e1g, Cseh K\u00f6zt\u00e1rsas\u00e1g, \u00c9sztorsz\u00e1g, Finnorsz\u00e1g, Lettorsz\u00e1g, M\u00e1lta, Portug\u00e1lia, Rom\u00e1nia, Szlov\u00e1kia, Szlov\u00e9nia , Sv\u00e9dorsz\u00e1g, D\u00e1nia, G\u00f6r\u00f6gorsz\u00e1g, Sv\u00e1jc, Norv\u00e9gia, Ciprus<\/p>\n\n\n\n<p class=\"has-text-align-center\"><strong>\u00c1zsia:<\/strong> Tajvan, Maka\u00f3, Hongkong, Szingap\u00far, Malajzia, Thaif\u00f6ld, Vietnam, F\u00fcl\u00f6p-szigetek, Izrael, T\u00f6r\u00f6korsz\u00e1g, Korea, Jap\u00e1n, Bahrein, Sza\u00fad-Ar\u00e1bia, Libanon, Egyes\u00fclt Arab Em\u00edrs\u00e9gek<\/p>\n\n\n\n<p class=\"has-text-align-center\"><strong>\u00c9szak-Amerika:<\/strong> Egyes\u00fclt \u00c1llamok, Kanada, Mexik\u00f3<\/p>\n\n\n\n<p class=\"has-text-align-center\"><strong>D\u00e9l-Amerika:<\/strong> Braz\u00edlia, Chile, Kolumbia<\/p>\n\n\n\n<p class=\"has-text-align-center\"><strong>\u00d3ce\u00e1nia:<\/strong> Ausztr\u00e1lia, \u00daj-Z\u00e9land<\/p>\n\n\n\n<p class=\"has-text-align-center\"><strong>Afrika:<\/strong> D\u00e9l-Afrika<\/p>\n\n\n\n<p class=\"has-text-align-center\"><strong>\u00daj r\u00e9gi\u00f3:<\/strong> Ukrajna (a vitatott ter\u00fcleten nincs h\u00e1zhozsz\u00e1ll\u00edt\u00e1s, a rendel\u00e9s t\u00f6rl\u00e9sre ker\u00fcl)<\/p>\n\n\n\n<h4 class=\"wp-block-heading has-text-align-center\">ingyenes sz\u00e1ll\u00edt\u00e1s<\/h4>\n\n\n\n<p class=\"has-text-align-center\">A kiskereskedelmi piac l\u00e9pt\u00e9k\u00e9nek b\u0151v\u00edt\u00e9se \u00e9rdek\u00e9ben a fenti sz\u00e1ll\u00edt\u00e1si ter\u00fcletekre ingyenes sz\u00e1ll\u00edt\u00e1si politik\u00e1t vezet\u00fcnk be, ami azt jelenti, hogy mag\u00e1nak a term\u00e9knek az \u00e1r\u00e1n t\u00fal nem kell kisz\u00e1ll\u00edt\u00e1si d\u00edjat fizetnie.<\/p>\n\n\n\n<h4 class=\"wp-block-heading has-text-align-center\">megrendel\u00e9s \u00e1tfut\u00e1si ideje<\/h4>\n\n\n\n<p class=\"has-text-align-center\"><strong>Megrendel\u00e9s elk\u00e9sz\u00edt\u00e9si ideje:<\/strong> a fizet\u00e9s be\u00e9rkez\u00e9s\u00e9t k\u00f6vet\u0151 1-6 munkanapon bel\u00fcl (a fuvarlev\u00e9l sz\u00e1m\u00e1t a csomag fut\u00e1rc\u00e9gnek t\u00f6rt\u00e9n\u0151 \u00e1tad\u00e1sa ut\u00e1n k\u00fcldj\u00fck meg)<\/p>\n\n\n\n<p class=\"has-text-align-center\"><strong>Expressz sz\u00e1ll\u00edt\u00e1si id\u0151:<\/strong> 6-14 munkanap<\/p>\n\n\n\n<div style=\"height:50px\" aria-hidden=\"true\" class=\"wp-block-spacer\"><\/div>\n\n\n\n<h2 class=\"wp-block-heading has-text-align-center\">fizetni<\/h2>\n\n\n\n<h4 class=\"wp-block-heading has-text-align-center\">Fizet\u00e9si m\u00f3dok<\/h4>\n\n\n\n<p class=\"has-text-align-center\">L\u00e9pjen be a p\u00e9nzt\u00e1ri oldalra, ha el\u0151re szeretne fizetni PAYPAL-lal, vagy fizesse ki a megrendel\u00e9st a Western Union seg\u00edts\u00e9g\u00e9vel.<\/p>\n\n\n\n<p class=\"has-text-align-center\"><strong>A. Nyissa meg a fizet\u00e9si oldalt, \u00e9s fizessen el\u0151re PAYPAL-on kereszt\u00fcl<\/strong><br\/>1. Tegye kosar\u00e1ba a k\u00edv\u00e1nt term\u00e9ket<br\/>2. Kattintson a kos\u00e1r gombra a jobb fels\u0151 sarokban a term\u00e9k mennyis\u00e9g\u00e9nek megtekint\u00e9s\u00e9hez \u00e9s meger\u0151s\u00edt\u00e9s\u00e9hez<br\/>3. Kattintson a rendel\u00e9s gombra, hogy bel\u00e9pjen a p\u00e9nzt\u00e1ri oldalra, adja meg sz\u00e1ll\u00edt\u00e1si c\u00edm\u00e9t, e-mail c\u00edm\u00e9t \u00e9s egy\u00e9b inform\u00e1ci\u00f3kat<br\/>4. Fizesse ki a rendel\u00e9s \u00f6sszeg\u00e9t PayPal-on kereszt\u00fcl<br\/>5. Bev\u00e1s\u00e1rl\u00e1s befejez\u0151d\u00f6tt, v\u00e1rva az \u00e1ru \u00e1tv\u00e9tel\u00e9re<\/p>\n\n\n\n<p class=\"has-text-align-center\"><strong>B. Western Union fizet\u00e9s a rendel\u00e9s\u00e9rt<\/strong><br\/>1. Az e-mailben t\u00f6rt\u00e9n\u0151 kommunik\u00e1ci\u00f3hoz olyan inform\u00e1ci\u00f3kra van sz\u00fcks\u00e9g, mint a term\u00e9k \u00e9s a mennyis\u00e9g, valamint az \u00e1tv\u00e9teli c\u00edm<br\/>2. \u00c1tutal\u00e1s a rendel\u00e9s \u00f6sszeg\u00e9nek kifizet\u00e9s\u00e9hez<br\/>3. Bev\u00e1s\u00e1rl\u00e1s befejez\u0151d\u00f6tt, v\u00e1rva az \u00e1ru \u00e1tv\u00e9tel\u00e9re<\/p>\n\n\n\n<h4 class=\"wp-block-heading has-text-align-center\">T\u00e1mogat\u00e1si valuta<\/h4>\n\n\n\n<p class=\"has-text-align-center\">Az al\u00e1bbi p\u00e9nznemek b\u00e1rmelyik\u00e9t el tudjuk fogadni, \u00edgy fizet\u00e9skor kiv\u00e1laszthatja az \u00d6nnek legmegfelel\u0151bb p\u00e9nznemet<\/p>\n\n\n\n<p class=\"has-text-align-center\">\u00daj tajvani doll\u00e1r (NT$) \u2013 TWD<br\/>Lengyel zloty (PLN) &#8211; PLN<br\/>Egyes\u00fclt \u00c1llamok doll\u00e1r (USA) ($) \u2013 USD<br\/>font sterling (\u00a3) &#8211; GBP<br\/>Euro (\u20ac) &#8211; EUR<br\/>Jap\u00e1n jen (\u00a5) \u2013 JPY<br\/>Kanadai doll\u00e1r ($) &#8211; CAD<br\/>cseh korona (K\u010d) \u2013 CZK<br\/>mexik\u00f3i peso ($) \u2013 MXN<\/p>\n\n\n\n<div style=\"height:50px\" aria-hidden=\"true\" class=\"wp-block-spacer\"><\/div>\n\n\n\n<h2 class=\"wp-block-heading has-text-align-center\">30 napos visszak\u00fcld\u00e9si politika<\/h2>\n\n\n\n<h4 class=\"wp-block-heading has-text-align-center\">visszak\u00fcld\u00e9si politika<\/h4>\n\n\n\n<p class=\"has-text-align-center\">30 napos visszak\u00fcld\u00e9si szab\u00e1lyzatunk van, ami azt jelenti, hogy a term\u00e9k k\u00e9zhezv\u00e9tel\u00e9t\u0151l sz\u00e1m\u00edtott 30 napon bel\u00fcl k\u00e9rhet visszak\u00fcld\u00e9st.<\/p>\n\n\n\n<p class=\"has-text-align-center\">Ahhoz, hogy a term\u00e9k visszak\u00fcldhet\u0151 legyen, ugyanolyan \u00e1llapotban kell lennie, mint ahogy \u00e1tvette, nem haszn\u00e1lt vagy nem haszn\u00e1lt, \u00e9s az eredeti csomagol\u00e1sban.\nSz\u00fcks\u00e9ge lesz a v\u00e1s\u00e1rl\u00e1st igazol\u00f3 nyugt\u00e1ra vagy bizonylatra is. <\/p>\n\n\n\n<p class=\"has-text-align-center\">Visszak\u00fcld\u00e9s kezdem\u00e9nyez\u00e9s\u00e9hez vegye fel vel\u00fcnk a kapcsolatot a <strong>tyditiao@gmail.com<\/strong> c\u00edmen.\nHa visszak\u00fcld\u00e9s\u00e9t j\u00f3v\u00e1hagyj\u00e1k, k\u00fcld\u00fcnk \u00d6nnek egy visszak\u00fcld\u00e9si c\u00edmk\u00e9t, amely tartalmazza a csomag felad\u00e1s\u00e1nak m\u00f3dj\u00e1t \u00e9s hova k\u00fcld\u00e9s\u00e9t.\nEl\u0151zetes visszak\u00fcld\u00e9s n\u00e9lk\u00fcl visszak\u00fcld\u00f6tt term\u00e9keket nem fogadunk el.  <\/p>\n\n\n\n<p class=\"has-text-align-center\">Ha cser\u00e9be b\u00e1rmilyen probl\u00e9ma ad\u00f3dna, b\u00e1rmikor felveheti vel\u00fcnk a kapcsolatot a <strong>tyditiao@gmail.com<\/strong> c\u00edmen.<\/p>\n\n\n\n<h4 class=\"wp-block-heading has-text-align-center\">k\u00e1rokat \u00e9s probl\u00e9m\u00e1kat<\/h4>\n\n\n\n<p class=\"has-text-align-center\">K\u00e9rj\u00fck, hogy megrendel\u00e9s\u00e9t annak k\u00e9zhezv\u00e9tele ut\u00e1n ellen\u0151rizze, ha az \u00e1ru elromlott, s\u00e9r\u00fclt, vagy nem megfelel\u0151 term\u00e9ket kapott, halad\u00e9ktalanul (<a href=\"https:\/\/tyditiao.com\/hu\/kapcsolatba-lepni\/\">vegye fel vel\u00fcnk a kapcsolatot<\/a>), hogy azonnal megtal\u00e1ljuk a hib\u00e1t, \u00e9s azonnal kijav\u00edtjuk.<\/p>\n\n\n\n<h4 class=\"wp-block-heading has-text-align-center\">csere<\/h4>\n\n\n\n<p class=\"has-text-align-center\">A leggyorsabb m\u00f3dja annak, hogy megbizonyosodjon arr\u00f3l, hogy azt kapja, amit keres, ha visszak\u00fcldi a megl\u00e9v\u0151 term\u00e9ket, \u00e9s a visszak\u00fcld\u00e9s elfogad\u00e1sa ut\u00e1n k\u00fcl\u00f6n v\u00e1s\u00e1rol egy \u00faj term\u00e9ket.<\/p>\n\n\n\n<h4 class=\"wp-block-heading has-text-align-center\">Visszat\u00e9r\u00e9s<\/h4>\n\n\n\n<p class=\"has-text-align-center\">A visszak\u00fcld\u00e9s k\u00e9zhezv\u00e9tele \u00e9s ellen\u0151rz\u00e9se ut\u00e1n \u00e9rtes\u00edtj\u00fck, \u00e9s a visszat\u00e9r\u00edt\u00e9st automatikusan visszat\u00e9r\u00edtj\u00fck az eredeti fizet\u00e9si m\u00f3dra.\nAzonban eltarthat egy ideig, am\u00edg a bank vagy a hitelk\u00e1rtya-t\u00e1rsas\u00e1g feldolgozza \u00e9s ki\u00e1ll\u00edtja a fizet\u00e9st. <\/p>\n<\/div>\n\n\n\n<div class=\"wp-block-column is-layout-flow wp-block-column-is-layout-flow\" style=\"flex-basis:10%\"><\/div>\n<\/div>\n\n<p><\/p>\n","protected":false},"excerpt":{"rendered":"<p>Ballisztikai sisakok elad\u00f3k GYIK Van fizikai gy\u00e1ra? Igen! Van egy fizikai gy\u00e1runk, \u00e9s 6 \u00e9ve ny\u00fajtunk nagykereskedelmet eur\u00f3pai \u00e9s amerikai&#8230;<\/p>\n","protected":false},"author":1,"featured_media":0,"parent":0,"menu_order":0,"comment_status":"closed","ping_status":"closed","template":"","meta":{"footnotes":""},"class_list":["post-4656","page","type-page","status-publish","hentry"],"_links":{"self":[{"href":"https:\/\/tyditiao.com\/hu\/wp-json\/wp\/v2\/pages\/4656","targetHints":{"allow":["GET"]}}],"collection":[{"href":"https:\/\/tyditiao.com\/hu\/wp-json\/wp\/v2\/pages"}],"about":[{"href":"https:\/\/tyditiao.com\/hu\/wp-json\/wp\/v2\/types\/page"}],"author":[{"embeddable":true,"href":"https:\/\/tyditiao.com\/hu\/wp-json\/wp\/v2\/users\/1"}],"replies":[{"embeddable":true,"href":"https:\/\/tyditiao.com\/hu\/wp-json\/wp\/v2\/comments?post=4656"}],"version-history":[{"count":15,"href":"https:\/\/tyditiao.com\/hu\/wp-json\/wp\/v2\/pages\/4656\/revisions"}],"predecessor-version":[{"id":16390,"href":"https:\/\/tyditiao.com\/hu\/wp-json\/wp\/v2\/pages\/4656\/revisions\/16390"}],"wp:attachment":[{"href":"https:\/\/tyditiao.com\/hu\/wp-json\/wp\/v2\/media?parent=4656"}],"curies":[{"name":"wp","href":"https:\/\/api.w.org\/{rel}","templated":true}]}}