{"id":16781,"date":"2025-04-17T09:25:14","date_gmt":"2025-04-17T07:25:14","guid":{"rendered":"https:\/\/tyditiao.com\/product\/fast-ballisztikus-sisak-wendys-zorbium-betettel-es-cam-fit-felfuggesztesi-rendszerrel-nij-iiia-vedelmi-szint\/"},"modified":"2026-03-04T11:11:53","modified_gmt":"2026-03-04T09:11:53","slug":"fast-ballisztikus-sisak-wendys-zorbium-betettel-es-cam-fit-felfuggesztesi-rendszerrel-nij-iiia-vedelmi-szint","status":"publish","type":"product","link":"https:\/\/tyditiao.com\/hu\/termek\/fast-ballisztikus-sisak-wendys-zorbium-betettel-es-cam-fit-felfuggesztesi-rendszerrel-nij-iiia-vedelmi-szint\/","title":{"rendered":"FAST ballisztikus sisak, Wendy&#8217;s Zorbium bet\u00e9ttel \u00e9s CAM FIT felf\u00fcggeszt\u00e9si rendszerrel, NIJ IIIA v\u00e9delmi szint"},"content":{"rendered":"<p><strong>K\u00fcl\u00f6nleges megjegyz\u00e9sek:<\/strong><\/p>\n<p>Ez az \u00faj z\u00e1szl\u00f3shaj\u00f3 modell\u00fcnk, amely a kiv\u00e1l\u00f3 min\u0151s\u00e9g\u0171 kidolgoz\u00e1st a legmagasabb k\u00e9nyelemmel \u00f6tv\u00f6zi. Ha nincs m\u00e1sk\u00e9pp jelezve, az alap\u00e9rtelmezett konfigur\u00e1ci\u00f3 a k\u00f6vetkez\u0151: L m\u00e9ret\u0171, z\u00f6ld, FAST goly\u00f3\u00e1ll\u00f3 sisak, Zorbium hab b\u00e9l\u00e9ssel \u00e9s CAM FIT felf\u00fcggeszt\u00e9si rendszerrel, NIJ IIIA v\u00e9delmi szint. Ezen k\u00edv\u00fcl sz\u00e9les sz\u00ednv\u00e1laszt\u00e9kot (z\u00f6ld, homok, fekete) \u00e9s m\u00e9reteket (S, M, L, XL) k\u00edn\u00e1lunk.<\/p>\n<p>Nem sz\u00e1m\u00edt, hol tart\u00f3zkodik, ezen a linken kereszt\u00fcl k\u00f6zvetlen\u00fcl leadhatja rendel\u00e9s\u00e9t, \u00e9s minden probl\u00e9ma n\u00e9lk\u00fcl megteheti a v\u00e1s\u00e1rl\u00e1st. Csak adja meg a rendel\u00e9si megjegyz\u00e9sekben a k\u00edv\u00e1nt m\u00e9retet \u00e9s sz\u00ednt (p\u00e9ld\u00e1ul: XL-fekete), \u00e9s m\u00e1ris megkapja \u00e1lmai felszerel\u00e9s\u00e9t. M\u00e1s sz\u00ednek \u00e9s m\u00e9retek v\u00e1laszt\u00e1s\u00e1\u00e9rt nem sz\u00e1m\u00edtunk fel tov\u00e1bbi d\u00edjat.<\/p>\n<hr \/>\n<p><strong>V\u00e9delmi oszt\u00e1ly:<\/strong><\/p>\n<p>Ez a goly\u00f3\u00e1ll\u00f3 sisak egy NIJ Level IIIA goly\u00f3\u00e1ll\u00f3 sisak a NIJ 0101.06 szabv\u00e1nynak megfelel\u0151en, \u00e9s a megfelel\u0151 vizsg\u00e1lati jelent\u00e9s is rendelkez\u00e9sre \u00e1ll.<\/p>\n<hr \/>\n<p><strong>A v\u00e9delmi l\u00f6ved\u00e9k param\u00e9terei:<\/strong><\/p>\n<p>.44 Mag SJHP<br \/>\n.357 SIG FMJ FN<br \/>\n9mm FMJ RN<br \/>\n.357 Mag JSP<br \/>\n.40 S&amp;W FMJ<\/p>\n<p>Ezenk\u00edv\u00fcl v\u00e9delmet ny\u00fajt a legt\u00f6bb k\u00e9zifegyverrel, valamint a IIA \u00e9s II oszt\u00e1ly\u00fa fenyeget\u00e9sekkel szemben<\/p>\n<hr \/>\n<p><strong>A goly\u00f3\u00e1ll\u00f3 sisak param\u00e9terei:<\/strong><\/p>\n<p>N\u00e9v: NIJ lllA FAST katonai goly\u00f3\u00e1ll\u00f3 taktikai kevlar sisak Wendy Zorbium hab b\u00e9l\u00e9ssel + CAM FIT felf\u00fcggeszt\u00e9si rendszerrel<\/p>\n<p>Anyaga: nagy szil\u00e1rds\u00e1g\u00fa DuPont Kevlar-aramid sz\u00e1l<br \/>\nM\u00e9retek: S, M, L, XL<br \/>\nSz\u00edn: z\u00f6ld, homok, fekete<br \/>\nOpcion\u00e1lis kieg\u00e9sz\u00edt\u0151k: goly\u00f3\u00e1ll\u00f3 maszk stb.<br \/>\nJ\u00f3t\u00e1ll\u00e1si id\u0151: 5 \u00e9v j\u00f3t\u00e1ll\u00e1si id\u0151 megfelel\u0151 v\u00e9delmi k\u00e9pess\u00e9ggel rendelkezhet, de ha meghaladja a j\u00f3t\u00e1ll\u00e1si id\u0151t<br \/>\nAz \u00e9letmin\u0151s\u00e9g cs\u00f6kkenti a v\u00e9dekez\u00e9si k\u00e9pess\u00e9get.<\/p>\n<p>&nbsp;<\/p>\n<hr \/>\n<p><strong>A goly\u00f3\u00e1ll\u00f3 sisakok r\u00e9szletei \u00e9s m\u00e9ret-\u00f6sszehasonl\u00edt\u00e1sa:<\/strong><\/p>\n<p>&nbsp;<\/p>\n<table style=\"border-collapse: collapse;\" border=\"1\" cellspacing=\"0\" cellpadding=\"5\">\n<thead>\n<tr>\n<th>Ballisztikus sisak Sisak m\u00e9rete<\/th>\n<th>S<\/th>\n<th>M<\/th>\n<th>L<\/th>\n<th>XL<\/th>\n<\/tr>\n<\/thead>\n<tbody>\n<tr>\n<td>Bevonat vastags\u00e1ga<\/td>\n<td>9.5<\/td>\n<td>9.5<\/td>\n<td>10 (9.5)<\/td>\n<td>10 (9.5)<\/td>\n<\/tr>\n<tr>\n<td>V\u00e9delmi szint<\/td>\n<td>3A.44<\/td>\n<td>3A.44<\/td>\n<td>3A.44<\/td>\n<td>3A.44<\/td>\n<\/tr>\n<tr>\n<td>Hossz\u00fa tengely (hossz\u00fa tengely\/mm)<\/td>\n<td>235<\/td>\n<td>240<\/td>\n<td>247<\/td>\n<td>263<\/td>\n<\/tr>\n<tr>\n<td>R\u00f6vid tengely (kistengely\/mm)<\/td>\n<td>182<\/td>\n<td>185<\/td>\n<td>193<\/td>\n<td>205<\/td>\n<\/tr>\n<tr>\n<td>Bels\u0151 magass\u00e1g\/mm<\/td>\n<td>146<\/td>\n<td>153<\/td>\n<td>158<\/td>\n<td>161<\/td>\n<\/tr>\n<tr>\n<td>Fej ker\u00fclete (sz\u00f6gekkel)<\/td>\n<td>53-59<\/td>\n<td>53-59<\/td>\n<td>56-59<\/td>\n<td>58-62<\/td>\n<\/tr>\n<tr>\n<td>Norm\u00e1l s\u00faly (s\u00faly\/kg)<\/td>\n<td>1.24<\/td>\n<td>1.29<\/td>\n<td>1.32<\/td>\n<td>1.42<\/td>\n<\/tr>\n<tr>\n<td>S\u00falyelt\u00e9r\u00e9s\/kg<\/td>\n<td>0.05<\/td>\n<td>0.05<\/td>\n<td>0.05<\/td>\n<td>0.05<\/td>\n<\/tr>\n<tr>\n<td>Doboz s\u00falya\/kg<\/td>\n<td>2<\/td>\n<td>2<\/td>\n<td>2<\/td>\n<td>2.1<\/td>\n<\/tr>\n<\/tbody>\n<\/table>\n","protected":false},"excerpt":{"rendered":"<p>A FAST ballisztikus sisak \u00e9s a Wendy sisak el\u0151nyeinek kombin\u00e1ci\u00f3ja kiv\u00e1l\u00f3 k\u00e9nyelmet \u00e9s v\u00e9delmet biztos\u00edt, lehet\u0151v\u00e9 t\u00e9ve a teljes mobilit\u00e1s \u00e9s biztons\u00e1g meg\u0151rz\u00e9s\u00e9t b\u00e1rmilyen feladat sor\u00e1n.<\/p>\n<p>K\u00f6nny\u0171 \u00e9s k\u00e9nyelmes kialak\u00edt\u00e1s: A FAST sisak modern, k\u00f6nny\u0171 kialak\u00edt\u00e1s\u00e1val minim\u00e1lisra cs\u00f6kkenti a s\u00faly\u00e1t, \u00edgy ide\u00e1lis hossz\u00fa t\u00e1v\u00fa viselethez neh\u00e9z k\u00f6r\u00fclm\u00e9nyek k\u00f6z\u00f6tt. Kiv\u00e9teles k\u00e9nyelmet biztos\u00edt m\u00e9g intenz\u00edv tev\u00e9kenys\u00e9g k\u00f6zben is.<\/p>\n<p>Prec\u00edzi\u00f3s felf\u00fcggeszt\u00e9si rendszer: A Zorbium bet\u00e9t \u00e9s a CAM FIT felf\u00fcggeszt\u00e9si rendszer lehet\u0151v\u00e9 teszi a fej form\u00e1j\u00e1hoz val\u00f3 prec\u00edz be\u00e1ll\u00edt\u00e1st, stabil, puha \u00e9s k\u00e9nyelmes illeszked\u00e9st biztos\u00edtva, amely hossz\u00fa t\u00e1v\u00fa viselet eset\u00e9n garant\u00e1lja a k\u00e9nyelmet.<\/p>\n<p>Nincs sz\u00fcks\u00e9g \u00f6n\u00e1ll\u00f3 \u00f6sszeszerel\u00e9sre, amely lehet\u0151v\u00e9 teszi, hogy id\u0151t \u00e9s energi\u00e1t takar\u00edtson meg, \u00e9s azonnal \u00e9lvezze a teljes taktikai felszerel\u00e9st.<\/p>\n","protected":false},"featured_media":16566,"comment_status":"open","ping_status":"closed","template":"","meta":[],"product_brand":[],"product_cat":[197,148,348],"product_tag":[],"woo-feed-brand":[50],"class_list":{"0":"post-16781","1":"product","2":"type-product","3":"status-publish","4":"has-post-thumbnail","6":"product_cat-ballistic-mask-hu","7":"product_cat-fast-hu","8":"product_cat-golyoallo-sisak","9":"woo-feed-brand-tyditiao","11":"first","12":"instock","13":"sale","14":"shipping-taxable","15":"purchasable","16":"product-type-simple"},"_links":{"self":[{"href":"https:\/\/tyditiao.com\/hu\/wp-json\/wp\/v2\/product\/16781","targetHints":{"allow":["GET"]}}],"collection":[{"href":"https:\/\/tyditiao.com\/hu\/wp-json\/wp\/v2\/product"}],"about":[{"href":"https:\/\/tyditiao.com\/hu\/wp-json\/wp\/v2\/types\/product"}],"replies":[{"embeddable":true,"href":"https:\/\/tyditiao.com\/hu\/wp-json\/wp\/v2\/comments?post=16781"}],"wp:featuredmedia":[{"embeddable":true,"href":"https:\/\/tyditiao.com\/hu\/wp-json\/wp\/v2\/media\/16566"}],"wp:attachment":[{"href":"https:\/\/tyditiao.com\/hu\/wp-json\/wp\/v2\/media?parent=16781"}],"wp:term":[{"taxonomy":"product_brand","embeddable":true,"href":"https:\/\/tyditiao.com\/hu\/wp-json\/wp\/v2\/product_brand?post=16781"},{"taxonomy":"product_cat","embeddable":true,"href":"https:\/\/tyditiao.com\/hu\/wp-json\/wp\/v2\/product_cat?post=16781"},{"taxonomy":"product_tag","embeddable":true,"href":"https:\/\/tyditiao.com\/hu\/wp-json\/wp\/v2\/product_tag?post=16781"},{"taxonomy":"woo-feed-brand","embeddable":true,"href":"https:\/\/tyditiao.com\/hu\/wp-json\/wp\/v2\/woo-feed-brand?post=16781"}],"curies":[{"name":"wp","href":"https:\/\/api.w.org\/{rel}","templated":true}]}}