{"id":16782,"date":"2025-04-17T11:28:35","date_gmt":"2025-04-17T09:28:35","guid":{"rendered":"https:\/\/tyditiao.com\/product\/ballisztikus-sisak-arcvedovel-es-allvedovel-tdtm-3-teljes-nij-iiia-vedelem-idealis-extrem-taktikai-korulmenyekhez\/"},"modified":"2025-04-18T14:27:27","modified_gmt":"2025-04-18T12:27:27","slug":"ballisztikus-sisak-arcvedovel-es-allvedovel-tdtm-3-teljes-nij-iiia-vedelem-idealis-extrem-taktikai-korulmenyekhez","status":"publish","type":"product","link":"https:\/\/tyditiao.com\/hu\/termek\/ballisztikus-sisak-arcvedovel-es-allvedovel-tdtm-3-teljes-nij-iiia-vedelem-idealis-extrem-taktikai-korulmenyekhez\/","title":{"rendered":"ballisztikus sisak arcv\u00e9d\u0151vel \u00e9s \u00e1llv\u00e9d\u0151vel, TDTM-3, teljes NIJ IIIA v\u00e9delem, ide\u00e1lis extr\u00e9m taktikai k\u00f6r\u00fclm\u00e9nyekhez"},"content":{"rendered":"<p>Nagy szil\u00e1rds\u00e1g\u00fa goly\u00f3\u00e1ll\u00f3 \u00fcveg: A kiv\u00e1l\u00f3 min\u0151s\u00e9g\u0171 goly\u00f3\u00e1ll\u00f3 \u00fcveg hat\u00e9kony v\u00e9delmet ny\u00fajt az arc\u00e1nak robban\u00e1s vagy \u00fctk\u00f6z\u00e9s eset\u00e9n, mik\u00f6zben kiv\u00e1l\u00f3 l\u00e1that\u00f3s\u00e1got biztos\u00edt.<\/p>\n<p>Jaw Guard Module: Kifejezetten az \u00e1llkapocs ter\u00fclet v\u00e9delm\u00e9re tervezett modul, amely tov\u00e1bbi v\u00e9delmet ny\u00fajt az \u00e1llnak, v\u00e9d a taktikai m\u0171veletek sor\u00e1n bek\u00f6vetkez\u0151 s\u00e9r\u00fcl\u00e9sekt\u0151l.<\/p>\n<p>K\u00e9nyelmes be\u00e1ll\u00edt\u00e1si rendszer: \u00c1ll\u00edthat\u00f3 felf\u00fcggeszt\u00e9si rendszerrel \u00e9s nagy s\u0171r\u0171s\u00e9g\u0171 mem\u00f3riahabos p\u00e1rn\u00e1z\u00e1ssal van felszerelve, amely p\u00e1rn\u00e1z\u00e1st biztos\u00edt, felsz\u00edvja a nedvess\u00e9get \u00e9s az izzads\u00e1got, valamint cs\u00f6kkenti a f\u00e1radts\u00e1got a hosszabb haszn\u00e1lat sor\u00e1n. A k\u00fcl\u00f6nb\u00f6z\u0151 m\u00e9retek (S, M, L, XL) el\u00e9rhet\u0151s\u00e9ge garant\u00e1lja a k\u00e9nyelmes illeszked\u00e9st a fej form\u00e1j\u00e1hoz. <\/p>\n<p>Taktikai kieg\u00e9sz\u00edt\u0151k felszerel\u00e9se: A sisak t\u00f6bb r\u00f6gz\u00edt\u00e9si ponttal rendelkezik, amelyek lehet\u0151v\u00e9 teszik az \u00e9jjell\u00e1t\u00f3, kommunik\u00e1ci\u00f3s berendez\u00e9sek \u00e9s egy\u00e9b taktikai tartoz\u00e9kok gyors felszerel\u00e9s\u00e9t, megfelelve a speci\u00e1lis harci m\u0171veletek k\u00f6vetelm\u00e9nyeinek.<\/p>\n<p><strong>K\u00fcl\u00f6nleges megjegyz\u00e9sek:<\/strong><\/p>\n<p>Ez az NIJ IIIA oszt\u00e1ly\u00fa ballisztikus sisak \u00e1tfog\u00f3 fejv\u00e9delmet ny\u00fajt a taktikai m\u0171veletek sor\u00e1n. Kifejezetten a katon\u00e1k extr\u00e9m k\u00f6r\u00fclm\u00e9nyek k\u00f6z\u00f6tti biztons\u00e1g\u00e1nak biztos\u00edt\u00e1s\u00e1ra tervezt\u00e9k. Legyen sz\u00f3 goly\u00f3\u00e1ll\u00f3 \u00fcvegr\u0151l az arcon, vagy goly\u00f3\u00e1ll\u00f3 modulokr\u00f3l az \u00e1llkapcson, p\u00e1ratlan v\u00e9delmet ny\u00fajtanak repeszek, szil\u00e1nkok \u00e9s \u00fct\u00e9si s\u00e9r\u00fcl\u00e9sek ellen. Az \u00e1tgondolt kialak\u00edt\u00e1s \u00e9s a k\u00e9nyelembe\u00e1ll\u00edt\u00f3 rendszer maxim\u00e1lis k\u00e9nyelmet garant\u00e1l a hossz\u00fa t\u00e1v\u00fa harc sor\u00e1n. Legyen sz\u00f3 csatat\u00e9rr\u0151l, rendfenntart\u00f3 m\u0171veletr\u0151l vagy k\u00e9pz\u00e9si k\u00f6rnyezetr\u0151l, szil\u00e1rd t\u00e1mogat\u00e1st tudunk ny\u00fajtani.    <\/p>\n<p>Ha nincs k\u00fcl\u00f6n megjegyz\u00e9s, az alap\u00e9rtelmezett konfigur\u00e1ci\u00f3: L m\u00e9ret, z\u00f6ld sz\u00edn. Ezen k\u00edv\u00fcl sz\u00e9les sz\u00ednv\u00e1laszt\u00e9kot (homok\/fekete\/z\u00f6ld\/MC terepsz\u00edn\u0171\/farkasbarna) \u00e9s m\u00e9retet (S, M, L, XL) k\u00edn\u00e1lunk. <\/p>\n<p>Nem sz\u00e1m\u00edt, hol tart\u00f3zkodik, ezen a linken kereszt\u00fcl k\u00f6zvetlen\u00fcl leadhatja rendel\u00e9s\u00e9t, \u00e9s minden probl\u00e9ma n\u00e9lk\u00fcl megteheti a v\u00e1s\u00e1rl\u00e1st. Csak adja meg a rendel\u00e9si megjegyz\u00e9sekben a k\u00edv\u00e1nt m\u00e9retet \u00e9s sz\u00ednt (p\u00e9ld\u00e1ul: XL-fekete), \u00e9s m\u00e1ris megkapja \u00e1lmai felszerel\u00e9s\u00e9t. M\u00e1s sz\u00ednek \u00e9s m\u00e9retek v\u00e1laszt\u00e1s\u00e1\u00e9rt nem sz\u00e1m\u00edtunk fel tov\u00e1bbi d\u00edjat.  <\/p>\n<hr>\n<p><strong>A forgat\u00f3k\u00f6nyvekkel kapcsolatban:<\/strong><\/p>\n<p>K\u00fcl\u00f6nleges M\u0171veleti Er\u0151k<br \/>\nV\u00e9grehajt\u00e1s magas kock\u00e1zat\u00fa k\u00f6rnyezetben<br \/>\nSzabadt\u00e9ri taktikai sportok \u00e9s l\u00f6v\u00e9szetedz\u00e9s<br \/>\nMent\u0151- \u00e9s l\u00e1zad\u00e1scs\u00f6kkent\u0151 k\u00fcldet\u00e9sek<\/p>\n<hr>\n<p><strong>A v\u00e9delmi l\u00f6ved\u00e9k param\u00e9terei:<\/strong><\/p>\n<p>.44 Mag SJHP<br \/>\n.357 SIG FMJ FN<br \/>\n9mm FMJ RN<br \/>\n.357 Mag JSP<br \/>\n.40 S&amp;W FMJ<\/p>\n<p>Ezenk\u00edv\u00fcl v\u00e9delmet ny\u00fajt a legt\u00f6bb k\u00e9zifegyverrel, valamint a IIA \u00e9s II oszt\u00e1ly\u00fa fenyeget\u00e9sekkel szemben<\/p>\n<hr>\n<p><strong>param\u00e9ter:<\/strong><\/p>\n<p>Sisak modell: TDTM-3<br \/>\nAnyaga: A sisak \u00e9s a sz\u00e1jv\u00e9d\u0151 UHMWPE anyagb\u00f3l k\u00e9sz\u00fcl<br \/>\nS\u00faly: k\u00f6r\u00fclbel\u00fcl 2,8 kg (goly\u00f3\u00e1ll\u00f3 sisak + goly\u00f3\u00e1ll\u00f3 maszk + sz\u00e1jv\u00e9d\u0151)<br \/>\nM\u00e9ret: S (53-59cm), M (53-59cm), L (56-59cm), L (58-62cm)<br \/>\nSz\u00edn: fekete\/z\u00f6ld\/MC Camo\/Wolf Brown<br \/>\nFel\u00e9p\u00edt\u00e9s: Sisak test- \u00e9s arcv\u00e9d\u0151 alkatr\u00e9szek (levehet\u0151)<br \/>\nV\u00e9d\u0151ter\u00fclet: sisaktest \u2265 0,125 mm, v\u00e9d\u0151szem\u00fcveg \u2265 0,025 m, homlok \u2265 0,04 m<\/p>\n<p>&nbsp;<\/p>\n","protected":false},"excerpt":{"rendered":"<p>\u00c1tfog\u00f3 v\u00e9delem: A goly\u00f3\u00e1ll\u00f3 arcv\u00e9d\u0151t \u00e9s az \u00e1llkapocsv\u00e9d\u0151 modult egyes\u00edti, hogy 360 fokos v\u00e9delmet biztos\u00edtson a teljes fej sz\u00e1m\u00e1ra, teljes biztons\u00e1got biztos\u00edtva a magas kock\u00e1zat\u00fa k\u00f6rnyezetben.<\/p>\n<p>Optimaliz\u00e1lt s\u00falypont, stabil illeszked\u00e9s: A prec\u00edzen megtervezett sisakszerkezet biztos\u00edtja a s\u00falypont racion\u00e1lis eloszl\u00e1s\u00e1t, kik\u00fcsz\u00f6b\u00f6lve az \u00fct\u00e9seket fut\u00e1s vagy ugr\u00e1s k\u00f6zben. Ez lehet\u0151v\u00e9 teszi a rugalmass\u00e1g \u00e9s a szabads\u00e1g meg\u0151rz\u00e9s\u00e9t \u00e1ll\u00f3 helyzetben t\u00f6rt\u00e9n\u0151 c\u00e9lz\u00e1s, l\u00f6v\u00e9s, taktikai man\u0151verek \u00e9s egy\u00e9b tev\u00e9kenys\u00e9gek v\u00e9grehajt\u00e1sa sor\u00e1n. A teljes t\u00f6meget a lehet\u0151 legnagyobb szintre cs\u00f6kkentett\u00e9k, mik\u00f6zben a teljes v\u00e9delmet meg\u0151rizt\u00e9k.  <\/p>\n<p>NIJ IIIA v\u00e9delmi szabv\u00e1ny: Megfelel az NIJ IIIA szabv\u00e1nyoknak, hat\u00e9konyan v\u00e9d az alacsony \u00e9s k\u00f6zepes fenyegetetts\u00e9g\u0171 t\u00e1mad\u00e1sok ellen, mint p\u00e9ld\u00e1ul a pisztolygoly\u00f3k \u00e9s repeszek, n\u00f6velve a taktikai biztons\u00e1got.<\/p>\n","protected":false},"featured_media":16759,"comment_status":"open","ping_status":"closed","template":"","meta":[],"product_brand":[],"product_cat":[197,348],"product_tag":[],"woo-feed-brand":[50],"class_list":{"0":"post-16782","1":"product","2":"type-product","3":"status-publish","4":"has-post-thumbnail","6":"product_cat-ballistic-mask-hu","7":"product_cat-golyoallo-sisak","8":"woo-feed-brand-tyditiao","10":"first","11":"instock","12":"sale","13":"shipping-taxable","14":"purchasable","15":"product-type-simple"},"_links":{"self":[{"href":"https:\/\/tyditiao.com\/hu\/wp-json\/wp\/v2\/product\/16782","targetHints":{"allow":["GET"]}}],"collection":[{"href":"https:\/\/tyditiao.com\/hu\/wp-json\/wp\/v2\/product"}],"about":[{"href":"https:\/\/tyditiao.com\/hu\/wp-json\/wp\/v2\/types\/product"}],"replies":[{"embeddable":true,"href":"https:\/\/tyditiao.com\/hu\/wp-json\/wp\/v2\/comments?post=16782"}],"wp:featuredmedia":[{"embeddable":true,"href":"https:\/\/tyditiao.com\/hu\/wp-json\/wp\/v2\/media\/16759"}],"wp:attachment":[{"href":"https:\/\/tyditiao.com\/hu\/wp-json\/wp\/v2\/media?parent=16782"}],"wp:term":[{"taxonomy":"product_brand","embeddable":true,"href":"https:\/\/tyditiao.com\/hu\/wp-json\/wp\/v2\/product_brand?post=16782"},{"taxonomy":"product_cat","embeddable":true,"href":"https:\/\/tyditiao.com\/hu\/wp-json\/wp\/v2\/product_cat?post=16782"},{"taxonomy":"product_tag","embeddable":true,"href":"https:\/\/tyditiao.com\/hu\/wp-json\/wp\/v2\/product_tag?post=16782"},{"taxonomy":"woo-feed-brand","embeddable":true,"href":"https:\/\/tyditiao.com\/hu\/wp-json\/wp\/v2\/woo-feed-brand?post=16782"}],"curies":[{"name":"wp","href":"https:\/\/api.w.org\/{rel}","templated":true}]}}