{"id":4677,"date":"2022-06-13T03:50:24","date_gmt":"2022-06-13T01:50:24","guid":{"rendered":"http:\/\/tyditiao.com\/product\/helmet-troop-iiia-osztalyu-taktikai-felszereles-kevlar-sisak-fekete\/"},"modified":"2026-03-17T13:18:07","modified_gmt":"2026-03-17T11:18:07","slug":"mich2000-golyoallo-helm-kevlar-level-3-black","status":"publish","type":"product","link":"https:\/\/tyditiao.com\/hu\/termek\/mich2000-golyoallo-helm-kevlar-level-3-black\/","title":{"rendered":"Helmet Troop, IIIA oszt\u00e1ly\u00fa taktikai felszerel\u00e9s, Kevlar sisak, fekete"},"content":{"rendered":"<p><strong>V\u00e9delmi oszt\u00e1ly:<\/strong><br \/>\nEz a goly\u00f3\u00e1ll\u00f3 sisak egy NIJ Level IIIA goly\u00f3\u00e1ll\u00f3 sisak a NIJ 0101.06 szabv\u00e1nynak megfelel\u0151en, \u00e9s a megfelel\u0151 vizsg\u00e1lati jelent\u00e9s is rendelkez\u00e9sre \u00e1ll.<\/p>\n<hr \/>\n<p><strong>A v\u00e9delmi l\u00f6ved\u00e9k param\u00e9terei:<\/strong><br \/>\n.44 Mag SJHP<br \/>\n.357 SIG FMJ FN<br \/>\n9mm FMJ RN<br \/>\n.357 Mag JSP<br \/>\n.40 S&amp;W FMJ<\/p>\n<p>Ezenk\u00edv\u00fcl v\u00e9delmet ny\u00fajt a legt\u00f6bb k\u00e9zifegyverrel, valamint a IIA \u00e9s II oszt\u00e1ly\u00fa fenyeget\u00e9sekkel szemben<\/p>\n<hr \/>\n<p><strong>A goly\u00f3\u00e1ll\u00f3 sisak param\u00e9terei:<\/strong><br \/>\nN\u00e9v: NIJ lllA MICH2000 goly\u00f3\u00e1ll\u00f3 sisak<\/p>\n<p>Anyaga: nagy szak\u00edt\u00f3szil\u00e1rds\u00e1g\u00fa Kevlar-DuPont aramid sz\u00e1l<br \/>\nFej ker\u00fclete: 52-60 cm<br \/>\nB\u00e9l\u00e9s: Az \u00e1thelyezhet\u0151, lassan visszapattan\u00f3 hab b\u00e9l\u00e9s k\u00e9nyelmesen tartja a sisakot, \u00e9s megakad\u00e1lyozza a f\u00e1radts\u00e1got \u00e9s a t\u00falmeleged\u00e9st.<br \/>\nV\u00e1laszthat\u00f3 tartoz\u00e9kok: oxig\u00e9nmaszk, arcv\u00e9d\u0151, oldalv\u00e9d\u0151, p\u00e1nc\u00e9l oldalv\u00e9d\u0151, pajzs, sisakhuzat, goly\u00f3\u00e1ll\u00f3 maszk stb.<br \/>\nSisak sz\u00edne: fekete<br \/>\nJ\u00f3t\u00e1ll\u00e1si id\u0151: Az 5 \u00e9ves j\u00f3t\u00e1ll\u00e1si id\u0151szak elegend\u0151 v\u00e9delmet biztos\u00edthat, de a j\u00f3t\u00e1ll\u00e1si id\u0151 t\u00fall\u00e9p\u00e9se eset\u00e9n<br \/>\ncs\u00f6kkenti a v\u00e9delmet.<\/p>\n<hr \/>\n<p><strong>Embereknek:<\/strong><br \/>\nA NIJ lllA Kevlar MICH2000 ballisztikus sisak nagyobb r\u00f6gz\u00edt\u00e9si kapacit\u00e1ssal kezeli a pisztoly- \u00e9s repeszfenyeget\u00e9seket a k\u00f6nnyebb \u00e9s k\u00e9nyelmesebb viselet \u00e9rdek\u00e9ben. Ez a sisak minden t\u00edpus\u00fa felhaszn\u00e1l\u00f3 sz\u00e1m\u00e1ra alkalmas. Az olyan \u00fcgyn\u00f6ks\u00e9gek szem\u00e9lyzete, mint a katonas\u00e1g, a rend\u0151rs\u00e9g, a SWAT, a bels\u0151 biztons\u00e1g, a v\u00e1m- \u00e9s a hat\u00e1r\u0151rs\u00e9g, felszerelhet\u0151k fokozott harci k\u00e9pess\u00e9gekkel. Otthoni v\u00e9delemre \u00e9s cosplayre is j\u00f3 v\u00e1laszt\u00e1s.<\/p>\n<hr \/>\n<p><strong>Mi az a MICH2000 Kevlar katonai sisak?<\/strong><br \/>\nA Modular Integrated Communications Helmet (MICH) egy amerikai harci sisak, \u00e9s egyike az amerikai hadsereg \u00e1ltal haszn\u00e1lt sz\u00e1mos sisak k\u00f6z\u00fcl. Az US Army Soldier Systems Systems Center fejlesztette ki, mint az amerikai hadsereg \u00e1ltal haszn\u00e1lt k\u00f6vetkez\u0151 gener\u00e1ci\u00f3s harci v\u00e9d\u0151sisakot. A MICH kifejleszt\u00e9s\u00e9nek f\u0151 oka a v\u00e9d\u0151, de neh\u00e9z PASGT-k cser\u00e9je volt, mivel ezek k\u00f6nnyebbek, k\u00e9nyelmesebbek, jobban illeszkedtek, \u00e9s k\u00f6nnyebben szerelhet\u0151ek voltak a kieg\u00e9sz\u00edt\u0151k, k\u00fcl\u00f6n\u00f6sen az \u00e9jjell\u00e1t\u00f3 berendez\u00e9sek \u00e9s a kommunik\u00e1ci\u00f3s fejhallgat\u00f3k. Nem okoz felesleges stresszt a nyakon. Kezdetben szinte kiz\u00e1r\u00f3lag a SOCOM \u00e9s n\u00e9h\u00e1ny szorosan kapcsol\u00f3d\u00f3 entit\u00e1s haszn\u00e1lta. A mai napig a MICH \u00e9s sz\u00e1rmaz\u00e9kai, az Advanced Combat Helmet \u00e9s a Modified Combat Helmet teljesen felv\u00e1ltott\u00e1k a PASGT-t az amerikai hadsereg akt\u00edv szolg\u00e1lat\u00e1ban, \u00e9s legal\u00e1bb bizonyos m\u00e9rt\u00e9kig az Egyes\u00fclt \u00c1llamok hadsereg\u00e9nek \u00f6sszes hadoszt\u00e1ly\u00e1ban haszn\u00e1lj\u00e1k.<\/p>\n<hr \/>\n<p><strong>A MICH2000 Kevlar sisak jellemz\u0151i:<\/strong><br \/>\nA MICH t\u00f6mege k\u00f6r\u00fclbel\u00fcl 1,6 kg. A MICH is valamivel kisebb, mint a PASGT, 8%-kal kisebb a hat\u00f3t\u00e1vols\u00e1ga, \u00faj, fejlettebb Kevlar sz\u00e1lakat haszn\u00e1l, \u00e9s jobb pisztoly- \u00e9s l\u00f6ved\u00e9kv\u00e9delmet k\u00edn\u00e1l. A g\u00f6rdeszk\u00e1k, ker\u00e9kp\u00e1ros sisakok \u00e9s v\u00edzi sisakok v\u00e9d\u0151elemeihez \u00e9s hevedereihez hasonl\u00f3 p\u00e1rn\u00e1z\u00e1si rendszer \u00e9s n\u00e9gypontos r\u00f6gz\u00edt\u00e9si rendszer v\u00e1ltja fel a PASGT sisakokon tal\u00e1lhat\u00f3 nylon zsin\u00f3ros felf\u00fcggeszt\u00e9si rendszert, izzaszt\u00f3szalagot \u00e9s \u00e1llsz\u00edjat. Ez a v\u00e1ltoz\u00e1s nagyobb \u00fct\u00e9sv\u00e9delmet \u00e9s k\u00e9nyelmet biztos\u00edt visel\u0151j\u00e9nek. Az \u00e9jjell\u00e1t\u00f3 szem\u00fcveghez (p\u00e9ld\u00e1ul AN\/PVS-14 vagy AN\/PVS-15) tartozik egy el\u00fcls\u0151 r\u00f6gz\u00edt\u0151keret, hasonl\u00f3an a PASGT sisakhoz. A h\u00e1tulj\u00e1n egy p\u00e1r p\u00e1nt is tal\u00e1lhat\u00f3 a v\u00e9d\u0151szem\u00fcveg r\u00f6gz\u00edt\u00e9s\u00e9hez, valamint egy sz\u00f6vet sisakhuzat k\u00fcl\u00f6nf\u00e9le terepsz\u00edn\u0171 mint\u00e1kkal. Az \u201e\u00edvelt\u201d kont\u00farral szemben a PASGT els\u0151sorban a szem\u00f6ld\u00f6k elt\u00e1vol\u00edt\u00e1s\u00e1t \u00e9s az oldalak \u201elapos\u201d pontig t\u00f6rt\u00e9n\u0151 megemel\u00e9s\u00e9t jelenti az als\u00f3 sz\u00e9len a hal\u00e1nt\u00e9k m\u00f6g\u00f6tt. Ez n\u00e9mileg cs\u00f6kkenti a s\u00falyt, jobb helyzetfelismer\u00e9st \u00e9s kevesebb akad\u00e1lyt tesz lehet\u0151v\u00e9 a felhaszn\u00e1l\u00f3 l\u00e1t\u00f3ter\u00e9ben, k\u00fcl\u00f6n\u00f6sen, ha elfog\u00f3 goly\u00f3\u00e1ll\u00f3 mell\u00e9nyekkel kombin\u00e1lj\u00e1k. A katon\u00e1k kor\u00e1bban kifog\u00e1solt\u00e1k, hogy a magas elfog\u00f3gall\u00e9r \u00e9s a k\u00e9tpontos \u00e1llsz\u00edj el\u0151renyomja a PASGT sisak h\u00e1tulj\u00e1t, \u00e9s amikor hason fekv\u0151 helyzetb\u0151l pr\u00f3b\u00e1lnak l\u0151ni, a sisak sz\u00e9le elcs\u00faszik a szem\u00fck mellett, ami a MICH-ban sz\u0171k\u00edtett Kont\u00farozott \u00e9s n\u00e9gypontos \u00e1llsz\u00edj.<\/p>\n<hr \/>\n<p><strong>Melyik a n\u00e9pszer\u0171bb, a MICH2000 vagy a FAST taktikai ballisztikus sisak?<\/strong><br \/>\nA MICH2000 nagyobb v\u00e9d\u0151fel\u00fclettel rendelkezik, ami el\u0151ny\u00f6sebb, ha nem tervez sok kieg\u00e9sz\u00edt\u0151t be\u00e9p\u00edteni. Ha sok felszerel\u00e9st szeretne v\u00e1lasztani, mint p\u00e9ld\u00e1ul (zsebl\u00e1mpa visel\u00e9se, zajsz\u0171r\u0151s fejhallgat\u00f3 \u00e9s kommunik\u00e1ci\u00f3s eszk\u00f6z\u00f6k, \u00e9jjell\u00e1t\u00f3 szem\u00fcveg vagy vide\u00f3 berendez\u00e9s stb.), akkor aj\u00e1nlatos a GYORSAT v\u00e1lasztani, mert a s\u00faly nem lesz t\u00fal nagy. neh\u00e9z, nyom\u00e1st gyakorol a nyakra, ami k\u00f6zvetve befoly\u00e1solja az aktivit\u00e1si k\u00e9pess\u00e9get.<\/p>\n<hr \/>\n<p><strong>MICH2000 katonai sisak \u00e1ra<\/strong><br \/>\nEz a taktikai v\u00e9d\u0151sisak \u00fczlet\u00fcnk, k\u00e9rj\u00fck, v\u00e1s\u00e1roljon k\u00f6zvetlen\u00fcl a weboldalunkr\u00f3l, 15% kedvezm\u00e9nyt kaphat az eredeti \u00e1rb\u00f3l<\/p>\n<hr \/>\n<p>Ha meg szeretn\u00e9 v\u00e1s\u00e1rolni term\u00e9keinket, vagy k\u00e9rd\u00e9se van term\u00e9keinkkel kapcsolatban;<br \/>\nHa b\u00e1rmilyen testreszab\u00e1si ig\u00e9nye van;<br \/>\nK\u00e9rem (<a href=\"http:\/\/tyditiao.com\/contact\/\">vegye fel vel\u00fcnk a kapcsolatot<\/a>) azonnal, 1 munkanapon bel\u00fcl v\u00e1laszolunk<\/p>\n","protected":false},"excerpt":{"rendered":"<p>Nagy szil\u00e1rds\u00e1g\u00fa DuPont Kevlar Aramid sz\u00e1lb\u00f3l k\u00e9sz\u00fclt, h\u0151\u00e1ll\u00f3 \u00e9s nem k\u00f6nnyen deform\u00e1lhat\u00f3<\/p>\n<p>NIJ IIIA szint<\/p>\n<p>Fejk\u00f6rfogat-be\u00e1ll\u00edt\u00f3 rendszer, a sisakot az ide\u00e1lis visel\u00e9si hat\u00e1s el\u00e9r\u00e9se \u00e9rdek\u00e9ben teszi<\/p>\n<p>A homlok rugalmas p\u00e1ntokkal van meger\u0151s\u00edtve a polip oldal\u00e1n (az \u00e9jjell\u00e1t\u00f3 \u00e1llv\u00e1ny alj\u00e1n), hogy t\u00fckr\u00f6ket, kamer\u00e1kat, \u00e9jjell\u00e1t\u00f3 szem\u00fcveget \u00e9s egy\u00e9b eszk\u00f6z\u00f6ket r\u00f6gz\u00edthessen<\/p>\n<p>S\u00ednekkel felszerelve, er\u0151sebb tartoz\u00e9k r\u00f6gz\u00edt\u00e9s, er\u0151s f\u00e9nyrendszerrel \u00e9s jelad\u00f3 azonos\u00edt\u00f3 l\u00e1mp\u00e1kkal szerelhet\u0151, hall\u00e1sv\u00e9d\u0151vel is felszerelhet\u0151<\/p>\n","protected":false},"featured_media":4506,"comment_status":"open","ping_status":"closed","template":"","meta":[],"product_brand":[],"product_cat":[348,157],"product_tag":[],"woo-feed-brand":[50],"class_list":{"0":"post-4677","1":"product","2":"type-product","3":"status-publish","4":"has-post-thumbnail","6":"product_cat-golyoallo-sisak","7":"product_cat-mich2000-hu","8":"woo-feed-brand-tyditiao","10":"first","11":"instock","12":"sale","13":"shipping-taxable","14":"purchasable","15":"product-type-simple"},"_links":{"self":[{"href":"https:\/\/tyditiao.com\/hu\/wp-json\/wp\/v2\/product\/4677","targetHints":{"allow":["GET"]}}],"collection":[{"href":"https:\/\/tyditiao.com\/hu\/wp-json\/wp\/v2\/product"}],"about":[{"href":"https:\/\/tyditiao.com\/hu\/wp-json\/wp\/v2\/types\/product"}],"replies":[{"embeddable":true,"href":"https:\/\/tyditiao.com\/hu\/wp-json\/wp\/v2\/comments?post=4677"}],"wp:featuredmedia":[{"embeddable":true,"href":"https:\/\/tyditiao.com\/hu\/wp-json\/wp\/v2\/media\/4506"}],"wp:attachment":[{"href":"https:\/\/tyditiao.com\/hu\/wp-json\/wp\/v2\/media?parent=4677"}],"wp:term":[{"taxonomy":"product_brand","embeddable":true,"href":"https:\/\/tyditiao.com\/hu\/wp-json\/wp\/v2\/product_brand?post=4677"},{"taxonomy":"product_cat","embeddable":true,"href":"https:\/\/tyditiao.com\/hu\/wp-json\/wp\/v2\/product_cat?post=4677"},{"taxonomy":"product_tag","embeddable":true,"href":"https:\/\/tyditiao.com\/hu\/wp-json\/wp\/v2\/product_tag?post=4677"},{"taxonomy":"woo-feed-brand","embeddable":true,"href":"https:\/\/tyditiao.com\/hu\/wp-json\/wp\/v2\/woo-feed-brand?post=4677"}],"curies":[{"name":"wp","href":"https:\/\/api.w.org\/{rel}","templated":true}]}}