{"id":4678,"date":"2022-06-13T04:08:57","date_gmt":"2022-06-13T02:08:57","guid":{"rendered":"http:\/\/tyditiao.com\/product\/katona-sisak-aramid-fiber-tactical-iiia-osztalyu-sisak-fast-kevlar-sisak-vilagosbarna\/"},"modified":"2025-03-17T11:48:17","modified_gmt":"2025-03-17T09:48:17","slug":"fast-bulletproof-helm-tactical-kevlar-nijiiia-vilagosbarna","status":"publish","type":"product","link":"https:\/\/tyditiao.com\/hu\/termek\/fast-bulletproof-helm-tactical-kevlar-nijiiia-vilagosbarna\/","title":{"rendered":"Katona sisak, Aramid Fiber Tactical IIIA oszt\u00e1ly\u00fa sisak, Fast Kevlar sisak, vil\u00e1gosbarna"},"content":{"rendered":"<p><strong>V\u00e9delmi oszt\u00e1ly:<\/strong><\/p>\n<p>Ez a goly\u00f3\u00e1ll\u00f3 sisak egy NIJ Level IIIA goly\u00f3\u00e1ll\u00f3 sisak a NIJ 0101.06 szabv\u00e1nynak megfelel\u0151en, \u00e9s a megfelel\u0151 vizsg\u00e1lati jelent\u00e9s is rendelkez\u00e9sre \u00e1ll.<\/p>\n<hr \/>\n<p><strong>A v\u00e9delmi l\u00f6ved\u00e9k param\u00e9terei:<\/strong><\/p>\n<p>.44 Mag SJHP<br \/>\n.357 SIG FMJ FN<br \/>\n9mm FMJ RN<br \/>\n.357 Mag JSP<br \/>\n.40 S&amp;W FMJ<\/p>\n<p>Ezenk\u00edv\u00fcl v\u00e9delmet ny\u00fajt a legt\u00f6bb k\u00e9zifegyverrel, valamint a IIA \u00e9s II oszt\u00e1ly\u00fa fenyeget\u00e9sekkel szemben<\/p>\n<hr \/>\n<p><strong>A goly\u00f3\u00e1ll\u00f3 sisak param\u00e9terei:<\/strong><\/p>\n<p>N\u00e9v: NIJ lllA FAST goly\u00f3\u00e1ll\u00f3 sisak<\/p>\n<p>Anyaga: nagy szak\u00edt\u00f3szil\u00e1rds\u00e1g\u00fa Kevlar-DuPont aramid sz\u00e1l<br \/>\nFej ker\u00fclete: 52-64 cm<br \/>\nOpcion\u00e1lis kieg\u00e9sz\u00edt\u0151k: goly\u00f3\u00e1ll\u00f3 maszk stb.<br \/>\nSisak sz\u00edne: vil\u00e1gosbarna<\/p>\n<p>A goly\u00f3\u00e1ll\u00f3 sisak egy sisakh\u00e9jb\u00f3l (bele\u00e9rtve a gy\u00f6ngyv\u00e9delmet) \u00e9s egy felf\u00fcggeszt\u0151 \u00fctk\u00f6z\u0151rendszerb\u0151l (bele\u00e9rtve a fejp\u00e1ntot, a pufferr\u00e9teget, az \u00e1llsz\u00edjat, a l\u00e1ncszemeket stb.) \u00e1ll. K\u00e9nyelmes \u00e9s stabil viselet;<\/p>\n<p>A sisakh\u00e9j k\u00fcls\u0151 fel\u00fclete egyenletes \u00e9s sima, idegen anyag szennyez\u0151d\u00e9s, h\u00f3lyagosod\u00e1s, h\u00e1ml\u00e1s \u00e9s egy\u00e9b hib\u00e1k n\u00e9lk\u00fcl.<\/p>\n<p>A sisakh\u00e9j \u00e9g\u00e9sg\u00e1tl\u00f3 teljes\u00edtm\u00e9nye: folyamatos \u00e9g\u00e9si id\u0151 az 5S fel\u00fclet\u00e9n;<\/p>\n<p>Az \u00e1llsz\u00edj eszk\u00f6z ereje: v\u00e9szmenek\u00fcl\u00e9si sebess\u00e9g 500 N, elenged\u00e9s, ha a k\u00fcls\u0151 er\u0151 1000 N;<\/p>\n<p>V\u00edz\u00e1ll\u00f3: A goly\u00f3\u00e1ll\u00f3 sisak nem reped, h\u00f3lyagosodik vagy nem r\u00e9tegesedik el a sisakh\u00e9j fel\u00fclet\u00e9n, ha szobah\u0151m\u00e9rs\u00e9kleten 24 \u00f3r\u00e1ra v\u00edzbe mer\u00fcl. K\u00e9t sikeres l\u00f6v\u00e9s ut\u00e1n a felf\u00fcggeszt\u00e9s egyik r\u00e9sze sem v\u00e1lt le<\/p>\n<p>J\u00f3t\u00e1ll\u00e1si id\u0151: Az 5 \u00e9ves j\u00f3t\u00e1ll\u00e1si id\u0151szak elegend\u0151 v\u00e9delmet biztos\u00edthat, de a j\u00f3t\u00e1ll\u00e1si id\u0151 t\u00fall\u00e9p\u00e9se eset\u00e9n<br \/>\ncs\u00f6kkenti a v\u00e9delmet.<\/p>\n<hr \/>\n<p><strong>Embereknek:<\/strong><\/p>\n<p>A NIJ lllA Kevlar FAST ballisztikus sisakot \u00fagy tervezt\u00e9k, hogy megbirk\u00f3zzon a fegyverek \u00e9s repeszek fenyeget\u00e9s\u00e9vel, er\u0151sebb r\u00f6gz\u00edt\u00e9sekkel a k\u00f6nnyebb \u00e9s k\u00e9nyelmesebb viselet \u00e9rdek\u00e9ben. Ez a sisak minden t\u00edpus\u00fa felhaszn\u00e1l\u00f3 sz\u00e1m\u00e1ra alkalmas. Az olyan \u00fcgyn\u00f6ks\u00e9gek szem\u00e9lyzete, mint a katonas\u00e1g, a rend\u0151rs\u00e9g, a SWAT, a bels\u0151 biztons\u00e1g, a v\u00e1m- \u00e9s a hat\u00e1r\u0151rs\u00e9g, felszerelhet\u0151k fokozott harci k\u00e9pess\u00e9gekkel. Otthoni v\u00e9delemre \u00e9s cosplayre is j\u00f3 v\u00e1laszt\u00e1s.<\/p>\n<hr \/>\n<p><strong>Mi az a FAST ballisztikus sisak?<\/strong><\/p>\n<p>FAST goly\u00f3\u00e1ll\u00f3 sisak (angolul: Future Assault Shell Technology Helmet, a tov\u00e1bbiakban: FAST) A Future Assault Shell Technology sisak egy harci sisak, amelyet az US Army Research Institute \u00e9s az US Army Research, Development and Engineering Center Natick fejlesztett ki. A sisakot \u00fagy tervezt\u00e9k, hogy k\u00e9nyelmet biztos\u00edtson a speci\u00e1lis m\u0171veleteket v\u00e9gz\u0151k sz\u00e1m\u00e1ra, mik\u00f6zben alapvet\u0151 ballisztikai v\u00e9delmet ny\u00fajt. A FAST sisakot el\u0151sz\u00f6r a 2009-es SHOT SHOW ki\u00e1ll\u00edt\u00e1son mutatt\u00e1k be a nagyk\u00f6z\u00f6ns\u00e9gnek, \u00e9s hamarosan az Afganiszt\u00e1nban m\u0171k\u00f6d\u0151 amerikai k\u00fcl\u00f6nleges er\u0151k is elfogadt\u00e1k. A FAST taktikai ballisztikus sisakokat ma m\u00e1r sz\u00e9les k\u00f6rben haszn\u00e1lj\u00e1k a k\u00fcl\u00f6nleges er\u0151kn\u00e9l \u00e9s a k\u00fcl\u00f6nleges rend\u0151ri er\u0151kn\u00e9l k\u00fcl\u00f6nb\u00f6z\u0151 orsz\u00e1gokban. Ezenk\u00edv\u00fcl a FAST taktikai sisak ma m\u00e1r a Norv\u00e9g Fegyveres Er\u0151k szabv\u00e1nyos harci sisakja.<\/p>\n<hr \/>\n<p><strong>A FAST Fibre Aramid taktikai katonasisak jellemz\u0151i:<\/strong><\/p>\n<p>A norm\u00e1l katonai sisakokhoz k\u00e9pest a FAST sisak 25%-kal k\u00f6nnyebb. A sisak felf\u00fcggeszt\u00e9si rendszer\u00e9nek k\u00f6sz\u00f6nhet\u0151en a felhaszn\u00e1l\u00f3k k\u00f6nnyed\u00e9n be\u00e1ll\u00edthatj\u00e1k a sisak illeszked\u00e9s\u00e9t vagy feszess\u00e9g\u00e9t az optim\u00e1lis k\u00e9nyelem \u00e9rdek\u00e9ben. A FAST sisak bal \u00e9s jobb oldal\u00e1n ARC s\u00ednekkel van felszerelve olyan tartoz\u00e9kok felszerel\u00e9s\u00e9hez, mint p\u00e9ld\u00e1ul zsebl\u00e1mp\u00e1k, zajsz\u0171r\u0151s fejhallgat\u00f3k \u00e9s kommunik\u00e1ci\u00f3s berendez\u00e9sek, valamint \u00e9jjell\u00e1t\u00f3 vagy vide\u00f3r\u00f6gz\u00edt\u0151 berendez\u00e9sek. Az adapter az adapteren kereszt\u00fcl a sisak k\u00f6zep\u00e9re szerelhet\u0151. Ez egy speci\u00e1lis harc, amely nagyobb taktikai el\u0151nyt jelenthet. A sisakra r\u00f6gz\u00edtett \u00f6rd\u00f6gfilc lehet\u0151v\u00e9 teszi egy orsz\u00e1g, hadsereg vagy int\u00e9zm\u00e9ny z\u00e1szlaj\u00e1nak felhelyez\u00e9s\u00e9t, valamint megfelel\u0151 azonos\u00edt\u00f3 b\u00e9lyegz\u0151ket, p\u00e9ld\u00e1ul h\u00edv\u00f3jelet, v\u00e9rcsoportot stb. R\u00e1ad\u00e1sul a modul\u00e1ris fel\u00e9p\u00edt\u00e9snek k\u00f6sz\u00f6nhet\u0151en a nem goly\u00f3\u00e1ll\u00f3 FAST sisak polg\u00e1ri v\u00e1ltozat\u00e1t nem csak a katonas\u00e1g \u00e9s a rend\u0151rs\u00e9g haszn\u00e1lja, hanem a szabadt\u00e9ri sportol\u00f3k \u00e9s a p\u00e1ly\u00e1n dolgoz\u00f3k, p\u00e9ld\u00e1ul \u00fajs\u00e1g\u00edr\u00f3k \u00e9s ment\u0151k is sz\u00edvesen fogadj\u00e1k.<\/p>\n<hr \/>\n<p><strong>A FAST sz\u00e1las aramid taktikai katonasisak j\u00f3 v\u00e9delem, mi\u00e9rt n\u00e9pszer\u0171?<\/strong><\/p>\n<p>Ennek k\u00e9t oka van: El\u0151sz\u00f6r is, a technol\u00f3gia fejl\u0151d\u00e9se miatt az egyes katon\u00e1k egyre t\u00f6bb technikai felszerel\u00e9st tettek sz\u00fcks\u00e9gess\u00e9, \u00e9s platformra van sz\u00fcks\u00e9g\u00fck a technikai kieg\u00e9sz\u00edt\u0151k bet\u00f6lt\u00e9s\u00e9hez, \u00e9s fel kellett \u00e1ldozniuk a v\u00e9delmet a v\u00e1laszt\u00e1shoz;<br \/>\nM\u00e1sodszor, a FAST felhaszn\u00e1l\u00f3k f\u0151leg speci\u00e1lis er\u0151k, \u00e9s a k\u00fcl\u00f6nleges er\u0151k egyszer\u0171en feladnak bizonyos v\u00e9delmet a harci t\u00e1vols\u00e1gban, a hordozhat\u00f3s\u00e1g \u00e9s a platformon l\u00e9v\u0151 technikai felszerel\u00e9s v\u00e1lik a t\u00fal\u00e9l\u00e9si ar\u00e1nyt\u00e1, m\u00e9g gyakorlati alkalmaz\u00e1sokban is, \u00e1ltal\u00e1ban csak gyorssisakokn\u00e1l, nem. t\u00f6bb egys\u00e9gnyi elem van rajta, csak a hordozhat\u00f3s\u00e1g kedv\u00e9\u00e9rt.<\/p>\n<p>A FAST nem t\u00e1maszkodik a szigor\u00fa v\u00e9delemre. A f\u00fclkagyl\u00f3k mindk\u00e9t oldalon nem elegend\u0151ek. F\u0151leg a fejhallgat\u00f3t \u00e9s kieg\u00e9sz\u00edt\u0151 tartoz\u00e9kokat visel\u0151 szem\u00e9lyzet k\u00e9nyelm\u00e9t szolg\u00e1lja. A k\u00f6nny\u0171 taktikai sisakok r\u00e9szben feladj\u00e1k a v\u00e9delmet, nagyobb el\u0151ny\u00f6kkel j\u00e1rnak a harcban.<\/p>\n<p>A FAST sisakokat sok orsz\u00e1gban sz\u00e9les k\u00f6rben haszn\u00e1lj\u00e1k, \u00e9s sok orsz\u00e1gban a sisak kialak\u00edt\u00e1sa nagyon hasonl\u00edt az amerikai FAST sisakokhoz, p\u00e9ld\u00e1ul az orosz, a francia \u00e9s a brit sisakokat a FAST sisakok szerint tervezt\u00e9k, b\u00e1r ezek id\u0151vel fejl\u0151dni fognak. Ezek a sisakok is folyamatosan v\u00e1ltoznak, de m\u00e9g mindig nagyon hasonl\u00edtanak a FAST sisakokhoz, nyilv\u00e1nval\u00f3 okokb\u00f3l, amelyek hat\u00e9konyan v\u00e9dik a fejet \u00e9s maximaliz\u00e1lj\u00e1k a katona \u00e9lettartam\u00e1t.<\/p>\n<hr \/>\n<p><strong>FAST sz\u00e1las aramid taktikai katona sisak \u00e1ra?<\/strong><\/p>\n<p>V\u00e1s\u00e1roljon k\u00f6zvetlen\u00fcl weboldalunkr\u00f3l, \u00e9s takar\u00edtson meg 15%-ot a norm\u00e1l \u00e1rb\u00f3l<\/p>\n<p>Ha meg szeretn\u00e9 v\u00e1s\u00e1rolni term\u00e9keinket, vagy k\u00e9rd\u00e9se van term\u00e9keinkkel kapcsolatban, k\u00e9rj\u00fck (<a href=\"http:\/\/tyditiao.com\/contact\/\">keressen meg minket<\/a>) azonnal, 1 munkanapon bel\u00fcl v\u00e1laszolunk. <span style=\"color: #ff0000;\">Ha 5-n\u00e9l t\u00f6bb goly\u00f3\u00e1ll\u00f3 sisakot szeretne egyszerre rendelni, tov\u00e1bbi kedvezm\u00e9nyt kap;<\/span><\/p>\n","protected":false},"excerpt":{"rendered":"<p>Nagy szil\u00e1rds\u00e1g\u00fa DuPont Kevlar Aramid sz\u00e1lb\u00f3l k\u00e9sz\u00fclt, h\u0151\u00e1ll\u00f3 \u00e9s nem k\u00f6nnyen deform\u00e1lhat\u00f3<\/p>\n<p>NIJ IIIA szint<\/p>\n<p>A fejk\u00f6rfogat-be\u00e1ll\u00edt\u00f3 rendszer lehet\u0151v\u00e9 teszi a fej ker\u00fclet\u00e9nek egy gombnyom\u00e1ssal t\u00f6rt\u00e9n\u0151 be\u00e1ll\u00edt\u00e1s\u00e1t, hogy el\u00e9rje a sisak ide\u00e1lis illeszked\u00e9s\u00e9t<\/p>\n<p>A homlok rugalmas p\u00e1ntokkal van meger\u0151s\u00edtve a polip oldal\u00e1n (az \u00e9jjell\u00e1t\u00f3 \u00e1llv\u00e1ny alj\u00e1n), hogy t\u00fckr\u00f6ket, kamer\u00e1kat, \u00e9jjell\u00e1t\u00f3 szem\u00fcveget \u00e9s egy\u00e9b eszk\u00f6z\u00f6ket r\u00f6gz\u00edthessen<\/p>\n<p>S\u00ednekkel felszerelve, er\u0151sebb tartoz\u00e9k r\u00f6gz\u00edt\u00e9s, er\u0151s f\u00e9nyrendszerrel \u00e9s jelad\u00f3 azonos\u00edt\u00f3 l\u00e1mp\u00e1kkal szerelhet\u0151, hall\u00e1sv\u00e9d\u0151vel is felszerelhet\u0151<\/p>\n","protected":false},"featured_media":4386,"comment_status":"open","ping_status":"closed","template":"","meta":[],"product_brand":[],"product_cat":[148,348],"product_tag":[],"woo-feed-brand":[50],"class_list":{"0":"post-4678","1":"product","2":"type-product","3":"status-publish","4":"has-post-thumbnail","6":"product_cat-fast-hu","7":"product_cat-golyoallo-sisak","8":"woo-feed-brand-tyditiao","10":"first","11":"instock","12":"sale","13":"shipping-taxable","14":"purchasable","15":"product-type-simple"},"_links":{"self":[{"href":"https:\/\/tyditiao.com\/hu\/wp-json\/wp\/v2\/product\/4678","targetHints":{"allow":["GET"]}}],"collection":[{"href":"https:\/\/tyditiao.com\/hu\/wp-json\/wp\/v2\/product"}],"about":[{"href":"https:\/\/tyditiao.com\/hu\/wp-json\/wp\/v2\/types\/product"}],"replies":[{"embeddable":true,"href":"https:\/\/tyditiao.com\/hu\/wp-json\/wp\/v2\/comments?post=4678"}],"wp:featuredmedia":[{"embeddable":true,"href":"https:\/\/tyditiao.com\/hu\/wp-json\/wp\/v2\/media\/4386"}],"wp:attachment":[{"href":"https:\/\/tyditiao.com\/hu\/wp-json\/wp\/v2\/media?parent=4678"}],"wp:term":[{"taxonomy":"product_brand","embeddable":true,"href":"https:\/\/tyditiao.com\/hu\/wp-json\/wp\/v2\/product_brand?post=4678"},{"taxonomy":"product_cat","embeddable":true,"href":"https:\/\/tyditiao.com\/hu\/wp-json\/wp\/v2\/product_cat?post=4678"},{"taxonomy":"product_tag","embeddable":true,"href":"https:\/\/tyditiao.com\/hu\/wp-json\/wp\/v2\/product_tag?post=4678"},{"taxonomy":"woo-feed-brand","embeddable":true,"href":"https:\/\/tyditiao.com\/hu\/wp-json\/wp\/v2\/woo-feed-brand?post=4678"}],"curies":[{"name":"wp","href":"https:\/\/api.w.org\/{rel}","templated":true}]}}