{"id":4681,"date":"2022-06-13T03:55:46","date_gmt":"2022-10-08T11:00:26","guid":{"rendered":"http:\/\/tyditiao.com\/product\/katonai-sisak-iiia-taktikai-ballisztikus-sisak-lengyel-kevlar-sisak-zold\/"},"modified":"2026-03-14T23:16:57","modified_gmt":"2026-03-14T21:16:57","slug":"mich2000-golyoallo-helm-kevlar-level-3-zold","status":"publish","type":"product","link":"https:\/\/tyditiao.com\/hu\/termek\/mich2000-golyoallo-helm-kevlar-level-3-zold\/","title":{"rendered":"Katonai sisak, IIIA taktikai ballisztikus sisak, lengyel kevl\u00e1r sisak, z\u00f6ld"},"content":{"rendered":"<p><strong>V\u00e9delmi oszt\u00e1ly:<\/strong><\/p>\n<p>Ez a goly\u00f3\u00e1ll\u00f3 sisak egy NIJ Level IIIA goly\u00f3\u00e1ll\u00f3 sisak a NIJ 0101.06 szabv\u00e1nynak megfelel\u0151en, \u00e9s a megfelel\u0151 vizsg\u00e1lati jelent\u00e9s is rendelkez\u00e9sre \u00e1ll.<\/p>\n<p>Ez a term\u00e9k tov\u00e1bbfejlesztett harci sisaknak (ECH) is min\u0151s\u00fcl, ha fels\u0151 p\u00e1nc\u00e9llemezzel haszn\u00e1lj\u00e1k a val\u00f3di puskav\u00e9delem \u00e9rdek\u00e9ben<\/p>\n<hr>\n<p><strong>A v\u00e9delmi l\u00f6ved\u00e9k param\u00e9terei:<\/strong><\/p>\n<p>.44 Mag SJHP<br \/>\n.357 SIG FMJ FN<br \/>\n9mm FMJ RN<br \/>\n.357 Mag JSP<br \/>\n.40 S&amp;W FMJ<\/p>\n<p>Ezenk\u00edv\u00fcl v\u00e9delmet ny\u00fajt a legt\u00f6bb k\u00e9zifegyverrel, valamint a IIA \u00e9s II oszt\u00e1ly\u00fa fenyeget\u00e9sekkel szemben<\/p>\n<hr>\n<p><strong>A goly\u00f3\u00e1ll\u00f3 sisak param\u00e9terei:<\/strong><br \/>\nN\u00e9v: NIJ lllA MICH2000 goly\u00f3\u00e1ll\u00f3 sisak<\/p>\n<p>Anyaga: nagy szak\u00edt\u00f3szil\u00e1rds\u00e1g\u00fa Kevlar-DuPont aramid sz\u00e1l<br \/>\nMegereszked\u00e9s a l\u00f6ved\u00e9k kil\u00f6v\u00e9se ut\u00e1n:&lt;20mm<br \/>\nFej ker\u00fclete: 52-60 cm<br \/>\nB\u00e9l\u00e9s: Az \u00e1thelyezhet\u0151, lassan visszapattan\u00f3 hab b\u00e9l\u00e9s k\u00e9nyelmesen tartja a sisakot, \u00e9s megakad\u00e1lyozza a f\u00e1radts\u00e1got \u00e9s a t\u00falmeleged\u00e9st.<br \/>\nOpcion\u00e1lis kieg\u00e9sz\u00edt\u0151k: goly\u00f3\u00e1ll\u00f3 maszk stb.<br \/>\nSisak sz\u00edne: z\u00f6ld<br \/>\nJ\u00f3t\u00e1ll\u00e1si id\u0151: Az 5 \u00e9ves j\u00f3t\u00e1ll\u00e1si id\u0151szak elegend\u0151 v\u00e9delmet biztos\u00edthat, de a j\u00f3t\u00e1ll\u00e1si id\u0151 t\u00fall\u00e9p\u00e9se eset\u00e9n<br \/>\ncs\u00f6kkenti a v\u00e9delmet.<\/p>\n<hr>\n<p><strong>Embereknek:<\/strong><br \/>\nA NIJ lllA Kevlar MICH2000 ballisztikus sisak nagyobb r\u00f6gz\u00edt\u00e9si kapacit\u00e1ssal kezeli a pisztoly- \u00e9s repeszfenyeget\u00e9seket a k\u00f6nnyebb \u00e9s k\u00e9nyelmesebb viselet \u00e9rdek\u00e9ben. Ez a sisak minden t\u00edpus\u00fa felhaszn\u00e1l\u00f3 sz\u00e1m\u00e1ra alkalmas. Az olyan \u00fcgyn\u00f6ks\u00e9gek szem\u00e9lyzete, mint a katonas\u00e1g, a rend\u0151rs\u00e9g, a SWAT, a bels\u0151 biztons\u00e1g, a v\u00e1m- \u00e9s a hat\u00e1r\u0151rs\u00e9g, felszerelhet\u0151k fokozott harci k\u00e9pess\u00e9gekkel. Otthoni v\u00e9delemre \u00e9s cosplayre is j\u00f3 v\u00e1laszt\u00e1s.<\/p>\n<p>A MICH egy sisak, amely meg\u00e1ll\u00edtja a pisztolyl\u00f6v\u00e9st, \u00e9s megb\u00edzhat\u00f3 v\u00e9delmet ny\u00fajt a t\u00f6rmel\u00e9k \u00e9s a lehull\u00f3 t\u00f6rmel\u00e9k ellen. A mich ballisztikus sisak nemcsak a sz\u00fcks\u00e9ges \u00e1tfog\u00f3 v\u00e9delmet ny\u00fajtja a tompa fegyverek, ballisztikus \u00e9s egy\u00e9b fenyeget\u00e9sek ellen, hanem rendk\u00edv\u00fcl modul\u00e1ris \u00e9s k\u00e9nyelmes is. Ez a term\u00e9k tov\u00e1bbfejlesztett harci sisaknak (ECH) is min\u0151s\u00fcl, ha a fels\u0151 p\u00e1nc\u00e9llemezzel egy\u00fctt haszn\u00e1lj\u00e1k, hogy val\u00f3di v\u00e9delmet ny\u00fajtson a pusk\u00e1nak. Az alacsony v\u00e1g\u00e1s jobb fed\u00e9st biztos\u00edt a fej mindk\u00e9t oldal\u00e1n, mint a f\u00fcl feletti sisakok. Ezek a sisakok f\u00fclhallgat\u00f3val \u00e9s egy\u00e9b kommunik\u00e1ci\u00f3s eszk\u00f6z\u00f6kkel is rendelkeznek.<\/p>\n<hr>\n<p><strong>Melyik a n\u00e9pszer\u0171bb, a MICH2000 vagy a FAST taktikai ballisztikus sisak?<\/strong><br \/>\nA MICH2000 nagyobb v\u00e9d\u0151fel\u00fclettel rendelkezik, ami el\u0151ny\u00f6sebb, ha nem tervez t\u00f6bb kieg\u00e9sz\u00edt\u0151 felszerel\u00e9s\u00e9t. Ha p\u00e9ld\u00e1ul sok felszerel\u00e9st szeretne v\u00e1lasztani (zsebl\u00e1mpa visel\u00e9se, zajsz\u0171r\u0151s fejhallgat\u00f3 \u00e9s kommunik\u00e1ci\u00f3s eszk\u00f6z\u00f6k, \u00e9jjell\u00e1t\u00f3 szem\u00fcveg vagy vide\u00f3r\u00f6gz\u00edt\u0151 berendez\u00e9s stb.), akkor a FAST haszn\u00e1lata javasolt, mert nem lesz t\u00fal sok er\u0151s, hogy nyom\u00e1st gyakoroljon a nyak\u00e1ra, k\u00f6zvetve befoly\u00e1solva a tev\u00e9kenys\u00e9gi k\u00e9pess\u00e9geket.<\/p>\n<hr>\n<p><strong>MICH2000 katonai sisak \u00e1ra<\/strong><br \/>\nV\u00e1s\u00e1roljon weboldalunkon \u00e9s takar\u00edtson meg 15%-ot az \u00e1rb\u00f3l<\/p>\n<hr>\n<p>Ha meg szeretn\u00e9 v\u00e1s\u00e1rolni term\u00e9keinket, vagy k\u00e9rd\u00e9se van term\u00e9keinkkel kapcsolatban;<br \/>\nHa b\u00e1rmilyen testreszab\u00e1si ig\u00e9nye van;<br \/>\nK\u00e9rem (<a href=\"http:\/\/tyditiao.com\/contact\/\">vegye fel vel\u00fcnk a kapcsolatot<\/a>) azonnal, 1 munkanapon bel\u00fcl v\u00e1laszolunk<\/p>\n","protected":false},"excerpt":{"rendered":"<p>J\u00f3 min\u0151s\u00e9g: Kiv\u00e1l\u00f3 min\u0151s\u00e9g\u0171 DuPont Kevlar Aramid sz\u00e1lb\u00f3l k\u00e9sz\u00fclt, h\u0151\u00e1ll\u00f3 \u00e9s nem deform\u00e1l\u00f3dik k\u00f6nnyen<\/p>\n<p>J\u00f3 ballisztikai teljes\u00edtm\u00e9ny: NIJ IIIA szint<\/p>\n<p>Lass\u00fa form\u00e1j\u00fa mem\u00f3riahab: Nedvess\u00e9gelvezet\u0151 anyag az egyszer\u0171 tiszt\u00edt\u00e1s\u00e9rt, modul\u00e1ris p\u00e1rn\u00e1k, amelyeket a v\u00e9gfelhaszn\u00e1l\u00f3 \u00e1ll\u00edthat be<\/p>\n<p>Sz\u00e1r\u00edtott tintahal rendszer: m\u00e1s n\u00e9ven \u00e9jjell\u00e1t\u00f3 alap, kombin\u00e1lhat\u00f3 reflektorokkal, kamer\u00e1kkal, \u00e9jjell\u00e1t\u00f3 eszk\u00f6z\u00f6kkel \u00e9s egy\u00e9b berendez\u00e9sekkel<\/p>\n<p>Bal \u00e9s jobb oldalon vas\u00fati csoportok tal\u00e1lhat\u00f3k: er\u0151s vil\u00e1g\u00edt\u00e1si rendszerrel, jelz\u0151l\u00e1mp\u00e1val, f\u00fclhallgat\u00f3 v\u00e9d\u0151burkolattal szerelhet\u0151<\/p>\n","protected":false},"featured_media":4508,"comment_status":"open","ping_status":"closed","template":"","meta":[],"product_brand":[],"product_cat":[348,157],"product_tag":[],"woo-feed-brand":[50],"class_list":{"0":"post-4681","1":"product","2":"type-product","3":"status-publish","4":"has-post-thumbnail","6":"product_cat-golyoallo-sisak","7":"product_cat-mich2000-hu","8":"woo-feed-brand-tyditiao","10":"first","11":"instock","12":"sale","13":"shipping-taxable","14":"purchasable","15":"product-type-simple"},"_links":{"self":[{"href":"https:\/\/tyditiao.com\/hu\/wp-json\/wp\/v2\/product\/4681","targetHints":{"allow":["GET"]}}],"collection":[{"href":"https:\/\/tyditiao.com\/hu\/wp-json\/wp\/v2\/product"}],"about":[{"href":"https:\/\/tyditiao.com\/hu\/wp-json\/wp\/v2\/types\/product"}],"replies":[{"embeddable":true,"href":"https:\/\/tyditiao.com\/hu\/wp-json\/wp\/v2\/comments?post=4681"}],"wp:featuredmedia":[{"embeddable":true,"href":"https:\/\/tyditiao.com\/hu\/wp-json\/wp\/v2\/media\/4508"}],"wp:attachment":[{"href":"https:\/\/tyditiao.com\/hu\/wp-json\/wp\/v2\/media?parent=4681"}],"wp:term":[{"taxonomy":"product_brand","embeddable":true,"href":"https:\/\/tyditiao.com\/hu\/wp-json\/wp\/v2\/product_brand?post=4681"},{"taxonomy":"product_cat","embeddable":true,"href":"https:\/\/tyditiao.com\/hu\/wp-json\/wp\/v2\/product_cat?post=4681"},{"taxonomy":"product_tag","embeddable":true,"href":"https:\/\/tyditiao.com\/hu\/wp-json\/wp\/v2\/product_tag?post=4681"},{"taxonomy":"woo-feed-brand","embeddable":true,"href":"https:\/\/tyditiao.com\/hu\/wp-json\/wp\/v2\/woo-feed-brand?post=4681"}],"curies":[{"name":"wp","href":"https:\/\/api.w.org\/{rel}","templated":true}]}}