{"id":4685,"date":"2022-06-13T04:32:01","date_gmt":"2022-06-13T02:32:01","guid":{"rendered":"http:\/\/tyditiao.com\/product\/uj-kevlar-sisak-iiia-osztalyu-katonai-sisak-wendy-katonai-harci-sisak-zold\/"},"modified":"2025-03-17T11:45:10","modified_gmt":"2025-03-17T09:45:10","slug":"wendy-golyoallo-sisak-kevlar-sisak-taktikai-zold","status":"publish","type":"product","link":"https:\/\/tyditiao.com\/hu\/termek\/wendy-golyoallo-sisak-kevlar-sisak-taktikai-zold\/","title":{"rendered":"\u00daj Kevlar sisak, IIIA oszt\u00e1ly\u00fa katonai sisak, Wendy katonai harci sisak, z\u00f6ld"},"content":{"rendered":"<p>K\u00f6nny\u0171 katonasisak A Wendy sisakj\u00e1t \u00fagy tervezt\u00e9k, hogy szuper k\u00f6nny\u0171 legyen \u00e9s nagyon k\u00e9nyelmes viselet. Kiv\u00e1l\u00f3 min\u0151s\u00e9g\u0171 energiaelnyel\u0151 bet\u00e9tekkel is fel van szerelve, amelyek hat\u00e9konyan k\u00e9pesek elnyelni az \u00fctk\u00f6z\u0151er\u0151t, cs\u00f6kkentik a sisak test\u00e9nek deform\u00e1ci\u00f3j\u00e1t, amikor a goly\u00f3 eltal\u00e1lja a sisakot, \u00e9s cs\u00f6kkenti a felhaszn\u00e1l\u00f3 s\u00e9r\u00fcl\u00e9si ar\u00e1ny\u00e1t \u00e9s m\u00e9rt\u00e9k\u00e9t. K\u00e9toldalas univerz\u00e1lis eszk\u00f6zr\u00f6gz\u00edt\u0151 s\u00ednekkel \u00e9s kard\u00e1ntart\u00f3val a homlokon, \u00edgy Wendy t\u00f6bb lehet\u0151s\u00e9get teremt.<\/p>\n<hr \/>\n<p><strong>V\u00e9delmi oszt\u00e1ly:<\/strong><\/p>\n<p>Ez a goly\u00f3\u00e1ll\u00f3 sisak egy NIJ Level IIIA goly\u00f3\u00e1ll\u00f3 sisak a NIJ 0101.06 szabv\u00e1nynak megfelel\u0151en, \u00e9s a megfelel\u0151 vizsg\u00e1lati jelent\u00e9s is rendelkez\u00e9sre \u00e1ll.<\/p>\n<hr \/>\n<p><strong>A v\u00e9delmi l\u00f6ved\u00e9k param\u00e9terei:<\/strong><\/p>\n<p>.44 Mag SJHP<br \/>\n.357 SIG FMJ FN<br \/>\n9mm FMJ RN<br \/>\n.357 Mag JSP<br \/>\n.40 S&amp;W FMJ<\/p>\n<p>Ezenk\u00edv\u00fcl v\u00e9delmet ny\u00fajt a legt\u00f6bb k\u00e9zifegyverrel, valamint a IIA \u00e9s II oszt\u00e1ly\u00fa fenyeget\u00e9sekkel szemben<\/p>\n<hr \/>\n<p><strong>A goly\u00f3\u00e1ll\u00f3 sisak param\u00e9terei:<\/strong><br \/>\nN\u00e9v: NIJ lllA WENDY goly\u00f3\u00e1ll\u00f3 sisak<\/p>\n<p>Anyaga: nagy szak\u00edt\u00f3szil\u00e1rds\u00e1g\u00fa Kevlar-DuPont aramid sz\u00e1l<br \/>\nFej ker\u00fclete: 52-60 cm<\/p>\n<p>B\u00e9l\u00e9s: A Zorbium Foam Impact Pads h\u0171v\u00f6sen \u00e9s sz\u00e1razon tart, v\u00edz\u00e1ll\u00f3, k\u00e9nyelmes p\u00e1rn\u00e1zattal \u00e9s antibakteri\u00e1lis bor\u00edt\u00e1ssal, amely elvezeti az izzads\u00e1got. Az ism\u00e9tl\u0151d\u0151 sokkokhoz sz\u00fcks\u00e9ges er\u0151 fel\u00e9n\u00e9l kevesebbet biztos\u00edt minden k\u00f6rnyezeti k\u00f6r\u00fclm\u00e9ny k\u00f6z\u00f6tt. B\u00e9l\u00e9s: A Zorbium Foam Impact Pads h\u0171v\u00f6sen \u00e9s sz\u00e1razon tart, v\u00edz\u00e1ll\u00f3, k\u00e9nyelmes p\u00e1rn\u00e1zattal \u00e9s antibakteri\u00e1lis bor\u00edt\u00e1ssal, amely elvezeti az izzads\u00e1got.<\/p>\n<p>Opcion\u00e1lis kieg\u00e9sz\u00edt\u0151k: felf\u00fajhat\u00f3 oxig\u00e9nmaszkok, arcv\u00e9d\u0151k, oldalv\u00e9d\u0151k, p\u00e1nc\u00e9lozott oldalv\u00e9d\u0151k, pajzsok, sisakpajzsok, goly\u00f3\u00e1ll\u00f3 maszkok, stb.<br \/>\nSisak sz\u00edne: z\u00f6ld<br \/>\nJ\u00f3t\u00e1ll\u00e1si id\u0151: Az 5 \u00e9ves j\u00f3t\u00e1ll\u00e1si id\u0151szak elegend\u0151 v\u00e9delmet biztos\u00edthat, de a j\u00f3t\u00e1ll\u00e1si id\u0151 t\u00fall\u00e9p\u00e9se eset\u00e9n<br \/>\ncs\u00f6kkenti a v\u00e9delmet.<\/p>\n<hr \/>\n<p><strong>Embereknek:<\/strong><br \/>\nA NIJ lllA Kevlar WENDY ballisztikus sisak megbirk\u00f3zik a pisztoly- \u00e9s repeszfenyeget\u00e9sekkel, er\u0151sebb r\u00f6gz\u00edt\u0151elemekkel rendelkezik, k\u00f6nnyebb \u00e9s k\u00e9nyelmesebb viselet. Ez a sisak minden t\u00edpus\u00fa felhaszn\u00e1l\u00f3 sz\u00e1m\u00e1ra alkalmas. Az olyan \u00fcgyn\u00f6ks\u00e9gek szem\u00e9lyzete, mint a katonas\u00e1g, a rend\u0151rs\u00e9g, a SWAT, a bels\u0151 biztons\u00e1g, a v\u00e1m- \u00e9s a hat\u00e1r\u0151rs\u00e9g, felszerelhet\u0151k fokozott harci k\u00e9pess\u00e9gekkel. Otthoni v\u00e9delemre \u00e9s cosplayre is j\u00f3 v\u00e1laszt\u00e1s.<\/p>\n<hr \/>\n<p>Ha meg szeretn\u00e9 v\u00e1s\u00e1rolni term\u00e9keinket, vagy k\u00e9rd\u00e9se van term\u00e9keinkkel kapcsolatban;<br \/>\nHa b\u00e1rmilyen testreszab\u00e1si ig\u00e9nye van;<br \/>\nK\u00e9rem (<a href=\"http:\/\/tyditiao.com\/contact\/\">vegye fel vel\u00fcnk a kapcsolatot<\/a>) azonnal, 1 munkanapon bel\u00fcl v\u00e1laszolunk<\/p>\n","protected":false},"excerpt":{"rendered":"<p>J\u00f3 min\u0151s\u00e9g: A m\u0171szaki min\u0151s\u00e9g\u0171 katonai sisak nagy szil\u00e1rds\u00e1g\u00fa DuPont Kevlar Aramid sz\u00e1lb\u00f3l k\u00e9sz\u00fcl, amely h\u0151\u00e1ll\u00f3 \u00e9s nem k\u00f6nnyen deform\u00e1l\u00f3dik<\/p>\n<p>J\u00f3 ballisztikai teljes\u00edtm\u00e9ny: NIJ IIIA szint<\/p>\n<p>K\u00e9nyelmes viselet: A Zorbium Foam Impact Pillow v\u00edz\u00e1ll\u00f3 b\u00e9l\u00e9ssel \u00e9s antimikrobi\u00e1lis bevonattal rendelkezik, amely elvezeti a nedvess\u00e9get, \u00edgy h\u0171v\u00f6s \u00e9s sz\u00e1raz marad.<\/p>\n<p>K\u00d6NNY\u0170 BE\u00c1LL\u00cdT\u00c1S: K\u00f6nny\u0171 katonai sisak CAM FIT r\u00f6gz\u00edt\u00e9si rendszer BOA z\u00e1r\u00f3rendszerrel a biztons\u00e1gos egykezes be\u00e1ll\u00edt\u00e1shoz a pontos illeszked\u00e9s \u00e9rdek\u00e9ben.<\/p>\n<p>B\u0150V\u00cdTHET\u0150: A Rail 2.0 r\u00f6gz\u00edt\u0151rendszer kompatibilis az \u00f6sszes EXFIL Rail 2.0 r\u00f6gz\u00edt\u0151vel. A k\u00e9toldalas gimbal-r\u00f6gz\u00edt\u0151s\u00edn \u00e9s a homlokon tal\u00e1lhat\u00f3 gimbal-tart\u00f3 lehet\u0151v\u00e9 teszi Wendy sz\u00e1m\u00e1ra, hogy t\u00f6bb lehet\u0151s\u00e9get teremtsen.<\/p>\n","protected":false},"featured_media":4426,"comment_status":"open","ping_status":"closed","template":"","meta":[],"product_brand":[],"product_cat":[348,170],"product_tag":[],"woo-feed-brand":[50],"class_list":{"0":"post-4685","1":"product","2":"type-product","3":"status-publish","4":"has-post-thumbnail","6":"product_cat-golyoallo-sisak","7":"product_cat-wendy-hu","8":"woo-feed-brand-tyditiao","10":"first","11":"instock","12":"sale","13":"shipping-taxable","14":"purchasable","15":"product-type-simple"},"_links":{"self":[{"href":"https:\/\/tyditiao.com\/hu\/wp-json\/wp\/v2\/product\/4685","targetHints":{"allow":["GET"]}}],"collection":[{"href":"https:\/\/tyditiao.com\/hu\/wp-json\/wp\/v2\/product"}],"about":[{"href":"https:\/\/tyditiao.com\/hu\/wp-json\/wp\/v2\/types\/product"}],"replies":[{"embeddable":true,"href":"https:\/\/tyditiao.com\/hu\/wp-json\/wp\/v2\/comments?post=4685"}],"wp:featuredmedia":[{"embeddable":true,"href":"https:\/\/tyditiao.com\/hu\/wp-json\/wp\/v2\/media\/4426"}],"wp:attachment":[{"href":"https:\/\/tyditiao.com\/hu\/wp-json\/wp\/v2\/media?parent=4685"}],"wp:term":[{"taxonomy":"product_brand","embeddable":true,"href":"https:\/\/tyditiao.com\/hu\/wp-json\/wp\/v2\/product_brand?post=4685"},{"taxonomy":"product_cat","embeddable":true,"href":"https:\/\/tyditiao.com\/hu\/wp-json\/wp\/v2\/product_cat?post=4685"},{"taxonomy":"product_tag","embeddable":true,"href":"https:\/\/tyditiao.com\/hu\/wp-json\/wp\/v2\/product_tag?post=4685"},{"taxonomy":"woo-feed-brand","embeddable":true,"href":"https:\/\/tyditiao.com\/hu\/wp-json\/wp\/v2\/woo-feed-brand?post=4685"}],"curies":[{"name":"wp","href":"https:\/\/api.w.org\/{rel}","templated":true}]}}