{"id":5741,"date":"2022-10-18T08:54:02","date_gmt":"2022-10-18T06:54:02","guid":{"rendered":"http:\/\/tyditiao.com\/product\/cs-edzofelszereles-golyoallo-melleny-gyorskioldo-kulso-taktikai-melleny-beleertve-2xpe-iiia-10x12-golyoallo-lemezt\/"},"modified":"2025-03-17T11:46:36","modified_gmt":"2025-03-17T09:46:36","slug":"cs-edzo-felszereles-szabadteri-ballisztikus-melleny-gyorskioldo-taktikai-melleny-a-keszletben-golyoallo-tanyer-2xpe-iiia-10x12","status":"publish","type":"product","link":"https:\/\/tyditiao.com\/hu\/termek\/cs-edzo-felszereles-szabadteri-ballisztikus-melleny-gyorskioldo-taktikai-melleny-a-keszletben-golyoallo-tanyer-2xpe-iiia-10x12\/","title":{"rendered":"CS edz\u0151felszerel\u00e9s goly\u00f3\u00e1ll\u00f3 mell\u00e9ny, gyorskiold\u00f3 k\u00fcls\u0151 taktikai mell\u00e9ny, bele\u00e9rtve 2XPE IIIA 10&#215;12 goly\u00f3\u00e1ll\u00f3 lemezt"},"content":{"rendered":"<p>A term\u00e9k oldalai \u00e9s v\u00e1llai t\u00e9p\u0151z\u00e1rral \u00e1ll\u00edthat\u00f3k, \u00edgy b\u00e1rmilyen m\u00e9ret\u0171 felhaszn\u00e1l\u00f3 viselheti.<br \/>\nBels\u0151 r\u00e9teg: nagy szil\u00e1rds\u00e1g\u00fa anyag<br \/>\nK\u00fcls\u0151 r\u00e9teg: kop\u00e1s\u00e1ll\u00f3 oxford sz\u00f6vet, pamut vagy nylon, folt\u00e1ll\u00f3 \u00e9s tart\u00f3s.<\/p>\n<p>&nbsp;<\/p>\n<p>V\u00e9delmi szint: Alap\u00e9rtelmezett PE goly\u00f3\u00e1ll\u00f3 lemez, NIJIIIA,<br \/>\nV\u00e9d\u0151bet\u00e9t: UHMW-PE<br \/>\nVastags\u00e1g: \uff5e8mm\/\uff5e0,3&#8242;<br \/>\n\u00c9rv\u00e9nyess\u00e9g: 5 \u00e9v<br \/>\nA l\u00f6ved\u00e9kek t\u00edpusai, amelyek ellen v\u00e9dekezhet\u00fcnk:<br \/>\n9 mm-es teljes f\u00e9m kab\u00e1t (FMJ) \/ kerek fej (RN)<br \/>\n.44 Univerz\u00e1lis kab\u00e1t \u00fcreges pont (JHP)<\/p>\n<p>C\u00e9l felhaszn\u00e1l\u00f3k:<br \/>\nA rejtett NIJ IIIA oszt\u00e1ly\u00fa goly\u00f3\u00e1ll\u00f3 mell\u00e9nyek v\u00e9delmet ny\u00fajtanak a fegyverekkel kapcsolatos vesz\u00e9lyek ellen. \u00c9s t\u00f6bb tartoz\u00e9ka van, \u00e9s nagyobb ter\u00fcletet foglal el. A m\u00e9rete t\u00e9p\u0151z\u00e1rral \u00e1ll\u00edthat\u00f3 az oldal\u00e1n \u00e9s a v\u00e1llakon. Term\u00e9keink felszerelhet\u0151k fegyveres er\u0151kkel, SWAT-\u00fcgyn\u00f6ks\u00e9gekkel, bels\u0151 biztons\u00e1gi \u00fcgyn\u00f6ks\u00e9gekkel, v\u00e1m- \u00e9s hat\u00e1rv\u00e9delmi \u00fcgyn\u00f6ks\u00e9gekkel, bev\u00e1ndorl\u00e1s-ellen\u0151rz\u0151 \u00fcgyn\u00f6ks\u00e9gekkel \u00e9s egy\u00e9b l\u0151fegyvervesz\u00e9lyes \u00fcgyn\u00f6ks\u00e9gekkel. Az emberek jobb eredm\u00e9nyeket \u00e9s kevesebb \u00e1ldozatot kapnak.<\/p>\n","protected":false},"excerpt":{"rendered":"<p>\u00c1LL\u00cdTHAT\u00d3 M\u00c9RET: \u00c1ll\u00edthat\u00f3 m\u00e9ret t\u00e9p\u0151z\u00e1rral az oldal\u00e1n \u00e9s a v\u00e1llakon, egy m\u00e9ret mindenkinek.<\/p>\n<p>Ismerje meg a gyorskiold\u00e1st: A der\u00e9k gyorskiold\u00f3 csat k\u00f6nnyen kezelhet\u0151.<\/p>\n<p>B\u0151s\u00e9ges t\u00e1rhely: Be\u00e9p\u00edtett rekesz, \u00e9s a haszn\u00e1lati zseb az \u00d6n ig\u00e9nyei szerint telep\u00edthet\u0151 vagy elt\u00e1vol\u00edthat\u00f3.<\/p>\n<p>Els\u0151 \u00e9s h\u00e1ts\u00f3 NIJ IIIA goly\u00f3\u00e1ll\u00f3 lemezekkel felszerelve: k\u00e9pes megbirk\u00f3zni a pisztolygoly\u00f3k fenyeget\u00e9s\u00e9vel.<\/p>\n<p>N\u00f6velje szabadon v\u00e9dekez\u00e9s\u00e9t: a kab\u00e1t k\u00fcl\u00f6nb\u00f6z\u0151 szint\u0171 goly\u00f3\u00e1ll\u00f3 bet\u00e9tekkel szerelhet\u0151 fel.<\/p>\n","protected":false},"featured_media":5254,"comment_status":"open","ping_status":"closed","template":"","meta":[],"product_brand":[],"product_cat":[235],"product_tag":[],"woo-feed-brand":[50],"class_list":{"0":"post-5741","1":"product","2":"type-product","3":"status-publish","4":"has-post-thumbnail","6":"product_cat-tactical-vest-hu","7":"product_shipping_class-0-3-kg-hu","8":"woo-feed-brand-tyditiao","10":"first","11":"instock","12":"sale","13":"shipping-taxable","14":"purchasable","15":"product-type-simple"},"_links":{"self":[{"href":"https:\/\/tyditiao.com\/hu\/wp-json\/wp\/v2\/product\/5741","targetHints":{"allow":["GET"]}}],"collection":[{"href":"https:\/\/tyditiao.com\/hu\/wp-json\/wp\/v2\/product"}],"about":[{"href":"https:\/\/tyditiao.com\/hu\/wp-json\/wp\/v2\/types\/product"}],"replies":[{"embeddable":true,"href":"https:\/\/tyditiao.com\/hu\/wp-json\/wp\/v2\/comments?post=5741"}],"wp:featuredmedia":[{"embeddable":true,"href":"https:\/\/tyditiao.com\/hu\/wp-json\/wp\/v2\/media\/5254"}],"wp:attachment":[{"href":"https:\/\/tyditiao.com\/hu\/wp-json\/wp\/v2\/media?parent=5741"}],"wp:term":[{"taxonomy":"product_brand","embeddable":true,"href":"https:\/\/tyditiao.com\/hu\/wp-json\/wp\/v2\/product_brand?post=5741"},{"taxonomy":"product_cat","embeddable":true,"href":"https:\/\/tyditiao.com\/hu\/wp-json\/wp\/v2\/product_cat?post=5741"},{"taxonomy":"product_tag","embeddable":true,"href":"https:\/\/tyditiao.com\/hu\/wp-json\/wp\/v2\/product_tag?post=5741"},{"taxonomy":"woo-feed-brand","embeddable":true,"href":"https:\/\/tyditiao.com\/hu\/wp-json\/wp\/v2\/woo-feed-brand?post=5741"}],"curies":[{"name":"wp","href":"https:\/\/api.w.org\/{rel}","templated":true}]}}