{"id":5742,"date":"2022-10-21T05:10:23","date_gmt":"2022-10-21T03:10:23","guid":{"rendered":"http:\/\/tyditiao.com\/product\/sicpe-nij-level-iv-23mm-25kg-golyoallo-mellved-ballisztikus-betet-250x300mm\/"},"modified":"2025-03-17T11:48:41","modified_gmt":"2025-03-17T09:48:41","slug":"sicpe-nij-level-iv-23mm-2-5kgn-mellved-golyoallo-250x300mm","status":"publish","type":"product","link":"https:\/\/tyditiao.com\/hu\/termek\/sicpe-nij-level-iv-23mm-2-5kgn-mellved-golyoallo-250x300mm\/","title":{"rendered":"SIC+PE, NIJ Level IV, 23MM, 2,5KG, goly\u00f3\u00e1ll\u00f3 mellv\u00e9d ballisztikus bet\u00e9t, 250X300MM"},"content":{"rendered":"<p>N\u00e9v: NIJ IV. oszt\u00e1ly\u00fa ultrak\u00f6nny\u0171 szil\u00edcium-karbid goly\u00f3\u00e1ll\u00f3 lemez<\/p>\n<p>Szabv\u00e1ny: NIJ 0101.06 IV. oszt\u00e1ly, a megfelel\u0151 vizsg\u00e1lati jelent\u00e9st tudjuk biztos\u00edtani.<\/p>\n<p>Anyaga: SiC + UHMW-PE<\/p>\n<p>S\u00faly: 2,5 kg + 0,05 kg \/ 2,20 + 0,11 font<\/p>\n<p>Vastags\u00e1g: 23 mm<\/p>\n<p>K\u00fcls\u0151 r\u00e9teg: fekete v\u00edz\u00e1ll\u00f3 poli\u00e9szter sz\u00f6vet;<br \/>\nM\u00e9retek: 250x300mm \/ 9,8&#8243;x11,8&#8243;<br \/>\nForma: Trap\u00e9z (Trap\u00e9z t\u00e1bla let\u00f6rt sarkokkal)<\/p>\n<p>Csomagol\u00e1si lista:<br \/>\n1 x trap\u00e9z alak\u00fa goly\u00f3\u00e1ll\u00f3 lemez.<\/p>\n<p>\u00c9rtes\u00edt\u00e9s:<br \/>\nF\u00e9nyvisszaver\u0151 mell\u00e9ny nem tartoz\u00e9k<\/p>\n<p>C\u00e9lfelhaszn\u00e1l\u00f3k: NIJ Class IV Superlight Sic goly\u00f3\u00e1ll\u00f3 lemezek fegyverrel kapcsolatos fenyeget\u00e9sek elleni haszn\u00e1latra. Fegyveres er\u0151k, SWAT-\u00fcgyn\u00f6ks\u00e9gek, bels\u0151 biztons\u00e1gi \u00fcgyn\u00f6ks\u00e9gek, v\u00e1m- \u00e9s hat\u00e1rv\u00e9delmi \u00fcgyn\u00f6ks\u00e9gek, bev\u00e1ndorl\u00e1s-ellen\u0151rz\u0151 \u00fcgyn\u00f6ks\u00e9gek \u00e9s m\u00e1s, l\u0151fegyverek vesz\u00e9ly\u00e9nek kitett \u00fcgyn\u00f6ks\u00e9gek lehetnek felszerelve term\u00e9keinkkel. Az emberek jobb eredm\u00e9nyeket \u00e9s kevesebb \u00e1ldozatot \u00e9rnek el. A term\u00e9k alkalmasabb olyan helyzetekre is, mint a t\u00e1vols\u00e1gi k\u00fcldet\u00e9sek vagy a hossz\u00fa t\u00e1v\u00fa k\u00fcldet\u00e9sek. Saj\u00e1t csal\u00e1d v\u00e9delm\u00e9re is j\u00f3 v\u00e1laszt\u00e1s<\/p>\n<p><!--more--><\/p>\n<p>A l\u00f6ved\u00e9kek param\u00e9terei, amelyek ellen az NIJ IV k\u00e9pes v\u00e9dekezni:<\/p>\n<p>Teljes f\u00e9m h\u00e1z 7,62 x 51 mm M80 (FMJ) \/ NATO labda;<\/p>\n<p>7,62 x 39 mm AK47 \u00f3lommag (LC) \/ l\u00e1gyac\u00e9l mag (MSC);<\/p>\n<p>5,56 x 45 mm M193 \u00f3lom (LC) \/ NATO SS109 goly\u00f3;<\/p>\n<p>A ballisztikus bet\u00e9teket gyakran haszn\u00e1lj\u00e1k testp\u00e1nc\u00e9lokban vagy taktikai mell\u00e9nyekben. K\u00e9tf\u00e9le goly\u00f3\u00e1ll\u00f3 t\u00f6lt\u00e9ny l\u00e9tezik: el\u00fcls\u0151 \u00e9s oldals\u00f3. Az el\u0151lap v\u00e9di a mellkast \u00e9s a h\u00e1tat, az oldals\u00f3 panelek pedig a test oldalait. A let\u00f6r\u00e9sek \u00e1ltal\u00e1ban a mellkas el\u00fcls\u0151 oldal\u00e1t, a n\u00e9gyzetek pedig a h\u00e1tat v\u00e9dik.<\/p>\n<p>N\u00e9gyf\u00e9le goly\u00f3\u00e1ll\u00f3 lemezanyag l\u00e9tezik: goly\u00f3\u00e1ll\u00f3 ac\u00e9l, PE polietil\u00e9n, PE+alum\u00ednium-oxid, PE+szil\u00edcium-karbid. K\u00fcl\u00f6nf\u00e9le anyagmodellekben kaphat\u00f3, ez az akkumul\u00e1tor tiszta PE + szil\u00edcium.<\/p>\n<p>A ker\u00e1mia goly\u00f3\u00e1ll\u00f3 bet\u00e9tek \u00e1ltal\u00e1ban olyan anyagokb\u00f3l k\u00e9sz\u00fclnek, mint a ker\u00e1mia \u00e9s a polietil\u00e9n PE. A szab\u00e1ly a k\u00f6vetkez\u0151: amikor a goly\u00f3 eltal\u00e1lja a goly\u00f3\u00e1ll\u00f3 t\u00f6lt\u00e9nyt, a goly\u00f3 el\u0151sz\u00f6r a ker\u00e1miar\u00e9teg tetej\u00e9t tal\u00e1lja el. A l\u00f6ved\u00e9k hatalmas becsap\u00f3d\u00e1si ereje \u00e1tad\u00f3dik a k\u00f6rnyezetnek, elnyeli a l\u00f6ved\u00e9k hatalmas mozg\u00e1si energi\u00e1j\u00e1t. Amikor a l\u00f6ved\u00e9k \u00e1thalad a ker\u00e1miar\u00e9tegen, elveszti mozg\u00e1si energi\u00e1ja nagy r\u00e9sz\u00e9t. Amikor a l\u00f6ved\u00e9k el\u00e9ri a polietil\u00e9n r\u00e9teget, a polietil\u00e9n a l\u00f6ved\u00e9k kinetikai energi\u00e1j\u00e1t a l\u00f6ved\u00e9k \u00e9s a t\u00f6red\u00e9kek ny\u00fajt\u00e1s\u00e1val \u00e9s becsomagol\u00e1s\u00e1val disszip\u00e1lja, csek\u00e9ly hat\u00e1ssal a testre, kiv\u00e1l\u00f3 v\u00e9delmet biztos\u00edtva.<\/p>\n","protected":false},"excerpt":{"rendered":"<p>Ultrak\u00f6nny\u0171 ballisztikus lemez NIJ IV fokozat\u00fa szil\u00edcium-karbidb\u00f3l, amely k\u00e9pes ellen\u00e1llni a hagyom\u00e1nyos puska t\u00f6lt\u00e9nyeinek.<\/p>\n<p>\u00c9rett folyamat: stabil \u00e9s kiv\u00e1l\u00f3 v\u00e9delmi teljes\u00edtm\u00e9nyt mutat.<\/p>\n<p>K\u00f6nnyebb \u00e9s k\u00e9nyelmesebb, mint az alum\u00ednium-oxid ker\u00e1mia panelek.<\/p>\n<p>A fels\u0151 r\u00e9teg v\u00edz\u00e1ll\u00f3 poli\u00e9szter anyagb\u00f3l k\u00e9sz\u00fclt, a panel pedig v\u00edz\u00e1ll\u00f3 \u00e9s folt\u00e1ll\u00f3.<\/p>\n","protected":false},"featured_media":5404,"comment_status":"open","ping_status":"closed","template":"","meta":[],"product_brand":[],"product_cat":[236],"product_tag":[],"woo-feed-brand":[50],"class_list":{"0":"post-5742","1":"product","2":"type-product","3":"status-publish","4":"has-post-thumbnail","6":"product_cat-bulletproof-chest-plate-hu","7":"woo-feed-brand-tyditiao","9":"first","10":"instock","11":"sale","12":"shipping-taxable","13":"purchasable","14":"product-type-simple"},"_links":{"self":[{"href":"https:\/\/tyditiao.com\/hu\/wp-json\/wp\/v2\/product\/5742","targetHints":{"allow":["GET"]}}],"collection":[{"href":"https:\/\/tyditiao.com\/hu\/wp-json\/wp\/v2\/product"}],"about":[{"href":"https:\/\/tyditiao.com\/hu\/wp-json\/wp\/v2\/types\/product"}],"replies":[{"embeddable":true,"href":"https:\/\/tyditiao.com\/hu\/wp-json\/wp\/v2\/comments?post=5742"}],"wp:featuredmedia":[{"embeddable":true,"href":"https:\/\/tyditiao.com\/hu\/wp-json\/wp\/v2\/media\/5404"}],"wp:attachment":[{"href":"https:\/\/tyditiao.com\/hu\/wp-json\/wp\/v2\/media?parent=5742"}],"wp:term":[{"taxonomy":"product_brand","embeddable":true,"href":"https:\/\/tyditiao.com\/hu\/wp-json\/wp\/v2\/product_brand?post=5742"},{"taxonomy":"product_cat","embeddable":true,"href":"https:\/\/tyditiao.com\/hu\/wp-json\/wp\/v2\/product_cat?post=5742"},{"taxonomy":"product_tag","embeddable":true,"href":"https:\/\/tyditiao.com\/hu\/wp-json\/wp\/v2\/product_tag?post=5742"},{"taxonomy":"woo-feed-brand","embeddable":true,"href":"https:\/\/tyditiao.com\/hu\/wp-json\/wp\/v2\/woo-feed-brand?post=5742"}],"curies":[{"name":"wp","href":"https:\/\/api.w.org\/{rel}","templated":true}]}}