{"id":5743,"date":"2022-10-21T05:13:02","date_gmt":"2022-10-21T03:13:02","guid":{"rendered":"http:\/\/tyditiao.com\/product\/sic-pe-nij-iii-20mm-18kg-golyoallo-mellvert-ballisztikus-betet-250x300mm\/"},"modified":"2022-10-23T04:45:42","modified_gmt":"2022-10-23T02:45:42","slug":"sicpe-nij-level-iii-20-mm-1-8-kgn-golyoallo-250x300-mm","status":"publish","type":"product","link":"https:\/\/tyditiao.com\/hu\/termek\/sicpe-nij-level-iii-20-mm-1-8-kgn-golyoallo-250x300-mm\/","title":{"rendered":"SIC + PE, NIJ III, 20MM, 1,8KG, goly\u00f3\u00e1ll\u00f3 mellv\u00e9rt, ballisztikus bet\u00e9t, 250X300MM"},"content":{"rendered":"<p>S\u00faly: 1,8 kg<br \/>\nAnyaga: S\u00ed+PE<br \/>\nVastags\u00e1g: 20 mm<br \/>\nV\u00e9delmi oszt\u00e1ly: NIJ III oszt\u00e1ly (GA5)<\/p>\n<p>K\u00fcls\u0151 r\u00e9teg: fekete v\u00edz\u00e1ll\u00f3 poli\u00e9szter sz\u00f6vet;<br \/>\nM\u00e9retek: 250x300mm \/ 9,8&#8243;x11,8&#8243;<br \/>\nForma: Trap\u00e9z (Trap\u00e9z t\u00e1bla let\u00f6rt sarkokkal)<\/p>\n<p>Csomagol\u00e1si lista:<br \/>\n1 x trap\u00e9z alak\u00fa goly\u00f3\u00e1ll\u00f3 lemez.<\/p>\n<p>\u00c9rtes\u00edt\u00e9s:<br \/>\nF\u00e9nyvisszaver\u0151 mell\u00e9ny nem tartoz\u00e9k<\/p>\n<p>C\u00e9lzott felhaszn\u00e1l\u00f3k: fegyveres er\u0151k, SWAT, belbiztons\u00e1g, v\u00e1m- \u00e9s hat\u00e1rv\u00e9delem, bev\u00e1ndorl\u00e1s-ellen\u0151rz\u00e9s \u00e9s m\u00e1sok, akik fegyveres fenyeget\u00e9snek vannak kit\u00e9ve, felszerelhet\u0151k term\u00e9keinkkel. Az emberek jobb eredm\u00e9nyeket \u00e9s kevesebb \u00e1ldozatot \u00e9rnek el. A term\u00e9k alkalmasabb olyan helyzetekre is, mint a t\u00e1vols\u00e1gi k\u00fcldet\u00e9sek vagy a hossz\u00fa t\u00e1v\u00fa k\u00fcldet\u00e9sek. Saj\u00e1t csal\u00e1d v\u00e9delm\u00e9re is j\u00f3 v\u00e1laszt\u00e1s<\/p>\n<p>A ballisztikus bet\u00e9teket gyakran haszn\u00e1lj\u00e1k testp\u00e1nc\u00e9lokban vagy taktikai mell\u00e9nyekben. K\u00e9tf\u00e9le goly\u00f3\u00e1ll\u00f3 t\u00f6lt\u00e9ny l\u00e9tezik: el\u00fcls\u0151 \u00e9s oldals\u00f3. Az el\u0151lap v\u00e9di a mellkast \u00e9s a h\u00e1tat, az oldals\u00f3 panelek pedig a test oldalait. A let\u00f6r\u00e9sek \u00e1ltal\u00e1ban a mellkas el\u00fcls\u0151 oldal\u00e1t, a n\u00e9gyzetek pedig a h\u00e1tat v\u00e9dik.<\/p>\n<p>N\u00e9gyf\u00e9le goly\u00f3\u00e1ll\u00f3 lemezanyag l\u00e9tezik: goly\u00f3\u00e1ll\u00f3 ac\u00e9l, PE polietil\u00e9n, PE+alum\u00ednium-oxid, PE+szil\u00edcium-karbid. K\u00fcl\u00f6nf\u00e9le anyagmodellekben kaphat\u00f3, ez az akkumul\u00e1tor tiszta PE + szil\u00edcium.<\/p>\n<p>A ker\u00e1mia goly\u00f3\u00e1ll\u00f3 bet\u00e9tek \u00e1ltal\u00e1ban olyan anyagokb\u00f3l k\u00e9sz\u00fclnek, mint a ker\u00e1mia \u00e9s a polietil\u00e9n PE. A szab\u00e1ly a k\u00f6vetkez\u0151: amikor a goly\u00f3 eltal\u00e1lja a goly\u00f3\u00e1ll\u00f3 t\u00f6lt\u00e9nyt, a goly\u00f3 el\u0151sz\u00f6r a ker\u00e1miar\u00e9teg tetej\u00e9t tal\u00e1lja el. A l\u00f6ved\u00e9k hatalmas becsap\u00f3d\u00e1si ereje \u00e1tad\u00f3dik a k\u00f6rnyezetnek, elnyeli a l\u00f6ved\u00e9k hatalmas mozg\u00e1si energi\u00e1j\u00e1t. Amikor a l\u00f6ved\u00e9k \u00e1thalad a ker\u00e1miar\u00e9tegen, elveszti mozg\u00e1si energi\u00e1ja nagy r\u00e9sz\u00e9t. Amikor a l\u00f6ved\u00e9k el\u00e9ri a polietil\u00e9n r\u00e9teget, a polietil\u00e9n a l\u00f6ved\u00e9k kinetikai energi\u00e1j\u00e1t a l\u00f6ved\u00e9k \u00e9s a t\u00f6red\u00e9kek ny\u00fajt\u00e1s\u00e1val \u00e9s becsomagol\u00e1s\u00e1val disszip\u00e1lja, csek\u00e9ly hat\u00e1ssal a testre, kiv\u00e1l\u00f3 v\u00e9delmet biztos\u00edtva.<\/p>\n","protected":false},"excerpt":{"rendered":"<p>NIJ 0101.06 III. fokozat\u00fa ultrak\u00f6nny\u0171 szil\u00edcium-karbid goly\u00f3\u00e1ll\u00f3 lemez, a megfelel\u0151 vizsg\u00e1lati jelent\u00e9s beszerezhet\u0151.<\/p>\n<p>\u00c9rett folyamat: stabil \u00e9s kiv\u00e1l\u00f3 v\u00e9delmi teljes\u00edtm\u00e9nyt mutat.<\/p>\n<p>K\u00f6nnyebb \u00e9s k\u00e9nyelmesebb, mint az alum\u00ednium-oxid ker\u00e1mia panelek.<\/p>\n<p>A fels\u0151 r\u00e9teg v\u00edz\u00e1ll\u00f3 poli\u00e9szter anyagb\u00f3l k\u00e9sz\u00fclt, a panel pedig v\u00edz\u00e1ll\u00f3 \u00e9s folt\u00e1ll\u00f3.<\/p>\n","protected":false},"featured_media":5386,"comment_status":"open","ping_status":"closed","template":"","meta":[],"product_brand":[],"product_cat":[236],"product_tag":[],"woo-feed-brand":[50],"class_list":{"0":"post-5743","1":"product","2":"type-product","3":"status-publish","4":"has-post-thumbnail","6":"product_cat-bulletproof-chest-plate-hu","7":"woo-feed-brand-tyditiao","9":"first","10":"instock","11":"sale","12":"shipping-taxable","13":"purchasable","14":"product-type-simple"},"_links":{"self":[{"href":"https:\/\/tyditiao.com\/hu\/wp-json\/wp\/v2\/product\/5743","targetHints":{"allow":["GET"]}}],"collection":[{"href":"https:\/\/tyditiao.com\/hu\/wp-json\/wp\/v2\/product"}],"about":[{"href":"https:\/\/tyditiao.com\/hu\/wp-json\/wp\/v2\/types\/product"}],"replies":[{"embeddable":true,"href":"https:\/\/tyditiao.com\/hu\/wp-json\/wp\/v2\/comments?post=5743"}],"wp:featuredmedia":[{"embeddable":true,"href":"https:\/\/tyditiao.com\/hu\/wp-json\/wp\/v2\/media\/5386"}],"wp:attachment":[{"href":"https:\/\/tyditiao.com\/hu\/wp-json\/wp\/v2\/media?parent=5743"}],"wp:term":[{"taxonomy":"product_brand","embeddable":true,"href":"https:\/\/tyditiao.com\/hu\/wp-json\/wp\/v2\/product_brand?post=5743"},{"taxonomy":"product_cat","embeddable":true,"href":"https:\/\/tyditiao.com\/hu\/wp-json\/wp\/v2\/product_cat?post=5743"},{"taxonomy":"product_tag","embeddable":true,"href":"https:\/\/tyditiao.com\/hu\/wp-json\/wp\/v2\/product_tag?post=5743"},{"taxonomy":"woo-feed-brand","embeddable":true,"href":"https:\/\/tyditiao.com\/hu\/wp-json\/wp\/v2\/woo-feed-brand?post=5743"}],"curies":[{"name":"wp","href":"https:\/\/api.w.org\/{rel}","templated":true}]}}