{"id":5744,"date":"2022-10-21T05:15:35","date_gmt":"2022-10-21T03:15:35","guid":{"rendered":"http:\/\/tyditiao.com\/product\/aluminiumpe-nij-iv-23mm-29kg-golyoallo-mellved-250x300mm\/"},"modified":"2025-03-17T11:48:58","modified_gmt":"2025-03-17T09:48:58","slug":"aluminium-oxid-nij-level-iv-23mm-2-9kgnusztro-golyoallo-250x300mm","status":"publish","type":"product","link":"https:\/\/tyditiao.com\/hu\/termek\/aluminium-oxid-nij-level-iv-23mm-2-9kgnusztro-golyoallo-250x300mm\/","title":{"rendered":"Alum\u00ednium+PE, NIJ IV, 23mm, 2,9KG, goly\u00f3\u00e1ll\u00f3 mellv\u00e9d, 250X300MM"},"content":{"rendered":"<p>S\u00faly: 2,9 kg<br \/>\nAnyaga: alum\u00ednium + PE<br \/>\nVastags\u00e1g: 23mm<br \/>\nV\u00e9delmi oszt\u00e1ly: NIJ IV oszt\u00e1ly (GA6)<\/p>\n<p>K\u00fcls\u0151 r\u00e9teg: fekete v\u00edz\u00e1ll\u00f3 poli\u00e9szter sz\u00f6vet;<br \/>\nM\u00e9retek: 250x300mm \/ 9,8&#8243;x11,8&#8243;<br \/>\nForma: Trap\u00e9z (Trap\u00e9z t\u00e1bla let\u00f6rt sarkokkal)<\/p>\n<p>Csomagol\u00e1si lista:<br \/>\n1 x trap\u00e9z alak\u00fa goly\u00f3\u00e1ll\u00f3 lemez.<\/p>\n<p>\u00c9rtes\u00edt\u00e9s:<br \/>\nF\u00e9nyvisszaver\u0151 mell\u00e9ny nem tartoz\u00e9k<\/p>\n<p>C\u00e9lzott felhaszn\u00e1l\u00f3k: fegyveres er\u0151k, SWAT, belbiztons\u00e1g, v\u00e1m- \u00e9s hat\u00e1rv\u00e9delem, bev\u00e1ndorl\u00e1s-ellen\u0151rz\u00e9s \u00e9s m\u00e1sok, akik fegyveres fenyeget\u00e9snek vannak kit\u00e9ve, felszerelhet\u0151k term\u00e9keinkkel. Az emberek jobb eredm\u00e9nyeket \u00e9s kevesebb \u00e1ldozatot \u00e9rnek el. A term\u00e9k alkalmasabb olyan helyzetekre is, mint a t\u00e1vols\u00e1gi k\u00fcldet\u00e9sek vagy a hossz\u00fa t\u00e1v\u00fa k\u00fcldet\u00e9sek. Saj\u00e1t csal\u00e1d v\u00e9delm\u00e9re is j\u00f3 v\u00e1laszt\u00e1s<\/p>\n<p>A ker\u00e1mia goly\u00f3\u00e1ll\u00f3 bet\u00e9tek \u00e1ltal\u00e1ban olyan anyagokb\u00f3l k\u00e9sz\u00fclnek, mint a ker\u00e1mia \u00e9s a polietil\u00e9n PE. A szab\u00e1ly a k\u00f6vetkez\u0151: amikor a goly\u00f3 eltal\u00e1lja a goly\u00f3\u00e1ll\u00f3 t\u00f6lt\u00e9nyt, a goly\u00f3 el\u0151sz\u00f6r a ker\u00e1miar\u00e9teg tetej\u00e9t tal\u00e1lja el. A l\u00f6ved\u00e9k hatalmas becsap\u00f3d\u00e1si ereje \u00e1tad\u00f3dik a k\u00f6rnyezetnek, elnyeli a l\u00f6ved\u00e9k hatalmas mozg\u00e1si energi\u00e1j\u00e1t. Amikor a l\u00f6ved\u00e9k \u00e1thalad a ker\u00e1miar\u00e9tegen, elveszti mozg\u00e1si energi\u00e1ja nagy r\u00e9sz\u00e9t. Amikor a l\u00f6ved\u00e9k el\u00e9ri a polietil\u00e9n r\u00e9teget, a polietil\u00e9n a l\u00f6ved\u00e9k kinetikai energi\u00e1j\u00e1t a l\u00f6ved\u00e9k \u00e9s a t\u00f6red\u00e9kek ny\u00fajt\u00e1s\u00e1val \u00e9s becsomagol\u00e1s\u00e1val disszip\u00e1lja, csek\u00e9ly hat\u00e1ssal a testre, kiv\u00e1l\u00f3 v\u00e9delmet biztos\u00edtva.<\/p>\n","protected":false},"excerpt":{"rendered":"<p>Ugyanezen ballisztikus besorol\u00e1s mellett k\u00f6nnyebb, mint az ac\u00e9l, \u00e9s olcs\u00f3bb, mint a szil\u00edcium-karbid, \u00edgy az alum\u00ednium-oxid ker\u00e1mia ballisztika j\u00f3 egyens\u00falyt jelent.<\/p>\n<p>A fels\u0151 r\u00e9teg v\u00edz\u00e1ll\u00f3 poli\u00e9szter anyagb\u00f3l k\u00e9sz\u00fclt, a panel pedig v\u00edz\u00e1ll\u00f3 \u00e9s folt\u00e1ll\u00f3.<\/p>\n<p>Pufferr\u00e9teg: Minden goly\u00f3\u00e1ll\u00f3 lemez az EVA \u00fct\u00e9s\u00e1ll\u00f3 p\u00e1rna bels\u0151 r\u00e9teg\u00e9hez van r\u00f6gz\u00edtve, amely hat\u00e9konyan cs\u00f6kkentheti az emberi testre gyakorolt \u200b\u200bhat\u00e1st a robban\u00e1s ut\u00e1n<\/p>\n<p>Lemez anyaga: a fels\u0151 r\u00e9teg alum\u00ednium ker\u00e1mia lemez, az als\u00f3 r\u00e9teg pedig PE goly\u00f3\u00e1ll\u00f3 lemez;<\/p>\n","protected":false},"featured_media":5332,"comment_status":"open","ping_status":"closed","template":"","meta":[],"product_brand":[],"product_cat":[236],"product_tag":[],"woo-feed-brand":[50],"class_list":{"0":"post-5744","1":"product","2":"type-product","3":"status-publish","4":"has-post-thumbnail","6":"product_cat-bulletproof-chest-plate-hu","7":"woo-feed-brand-tyditiao","9":"first","10":"instock","11":"sale","12":"shipping-taxable","13":"purchasable","14":"product-type-simple"},"_links":{"self":[{"href":"https:\/\/tyditiao.com\/hu\/wp-json\/wp\/v2\/product\/5744","targetHints":{"allow":["GET"]}}],"collection":[{"href":"https:\/\/tyditiao.com\/hu\/wp-json\/wp\/v2\/product"}],"about":[{"href":"https:\/\/tyditiao.com\/hu\/wp-json\/wp\/v2\/types\/product"}],"replies":[{"embeddable":true,"href":"https:\/\/tyditiao.com\/hu\/wp-json\/wp\/v2\/comments?post=5744"}],"wp:featuredmedia":[{"embeddable":true,"href":"https:\/\/tyditiao.com\/hu\/wp-json\/wp\/v2\/media\/5332"}],"wp:attachment":[{"href":"https:\/\/tyditiao.com\/hu\/wp-json\/wp\/v2\/media?parent=5744"}],"wp:term":[{"taxonomy":"product_brand","embeddable":true,"href":"https:\/\/tyditiao.com\/hu\/wp-json\/wp\/v2\/product_brand?post=5744"},{"taxonomy":"product_cat","embeddable":true,"href":"https:\/\/tyditiao.com\/hu\/wp-json\/wp\/v2\/product_cat?post=5744"},{"taxonomy":"product_tag","embeddable":true,"href":"https:\/\/tyditiao.com\/hu\/wp-json\/wp\/v2\/product_tag?post=5744"},{"taxonomy":"woo-feed-brand","embeddable":true,"href":"https:\/\/tyditiao.com\/hu\/wp-json\/wp\/v2\/woo-feed-brand?post=5744"}],"curies":[{"name":"wp","href":"https:\/\/api.w.org\/{rel}","templated":true}]}}